{"id":30753,"date":"2025-01-06T15:25:07","date_gmt":"2025-01-06T12:25:07","guid":{"rendered":"https:\/\/www.oleaster.com.tr\/urun\/vip-land-xl-access\/"},"modified":"2025-03-21T10:23:16","modified_gmt":"2025-03-21T07:23:16","slug":"vip-land-xl-access","status":"publish","type":"product","link":"https:\/\/www.oleaster.com.tr\/it\/urun\/vip-land-xl-access\/","title":{"rendered":"VIP LAND XL &#8211; Access"},"content":{"rendered":"\t\t<div data-elementor-type=\"wp-post\" data-elementor-id=\"30753\" class=\"elementor elementor-30753 elementor-16162\">\n\t\t\t\t<div class=\"wd-negative-gap elementor-element elementor-element-53eea44 e-flex e-con-boxed e-con e-parent\" data-id=\"53eea44\" data-element_type=\"container\" data-e-type=\"container\">\n\t\t\t\t\t<div class=\"e-con-inner\">\n\t\t<div class=\"elementor-element elementor-element-cc8e042 e-con-full e-flex e-con e-child\" data-id=\"cc8e042\" data-element_type=\"container\" data-e-type=\"container\">\n\t\t\t\t<div class=\"elementor-element elementor-element-4a8a87a elementor-widget elementor-widget-wd_text_block\" data-id=\"4a8a87a\" data-element_type=\"widget\" data-e-type=\"widget\" data-widget_type=\"wd_text_block.default\">\n\t\t\t\t<div class=\"elementor-widget-container\">\n\t\t\t\t\t\t\t<div class=\"wd-text-block reset-last-child text-left\">\n\t\t\t\n\t\t\t<p>Il termine VIP significa \"Very Important Person\", una persona di grande prestigio. Come suggerisce il nome stesso, noi di <span style=\"color: #ff0000;\"><strong>OLEASTER<\/strong> <\/span>attribuiamo la massima importanza alla progettazione di veicoli di alta qualit\u00e0, sicuri, confortevoli e lussuosi, affinch\u00e9 le persone pi\u00f9 esigenti possano sentirsi ancora pi\u00f9 speciali e privilegiate.<\/p><p>Il <span style=\"color: #ff0000;\"><strong><u>VIP LAND XL Access<\/u><\/strong><\/span> \u00e8 progettato e costruito sulla base del Mercedes-Benz Sprinter 5.0t, con trasmissione automatica di serie, 190 CV e carrozzeria L4H2. Questo modello offre configurazioni di sedili da 10 a 19 passeggeri, incluso il conducente e un\u2019hostess, garantendo un\u2019esperienza di viaggio confortevole, sicura e di livello premium. Totalmente personalizzabile, il <span style=\"color: #ff0000;\"><strong><u>VIP LAND XL Access<\/u><\/strong> <\/span>pu\u00f2 essere trasformato in sala riunioni, ufficio mobile, area lounge, zona gaming o spazio abitativo, rendendo ogni viaggio un\u2019esperienza piacevole, sicura e lussuosa. Sappiamo che ogni individuo ha esigenze e aspettative uniche.<\/p><p><span style=\"color: #ff0000;\"><strong>OLEASTER<\/strong> <\/span>tiene in considerazione anche le persone con mobilit\u00e0 ridotta, offrendo configurazioni che consentono il trasporto di da <span style=\"color: #ff0000;\"><strong>1<\/strong><\/span> a <span style=\"color: #ff0000;\"><strong>6<\/strong><\/span> passeggeri su sedia a rotelle, contribuendo cos\u00ec a migliorare la loro qualit\u00e0 di vita e il loro benessere. Alcuni prediligono l\u2019eleganza e il prestigio, mentre altri apprezzano la semplicit\u00e0. Il motivo principale per cui <span style=\"color: #ff0000;\"><strong>OLEASTER<\/strong> <\/span>\u00e8 una scelta preferita risiede nella sua capacit\u00e0 di comprendere con precisione le esigenze dei clienti, integrandole perfettamente con tecnologie avanzate e valorizzando sia la qualit\u00e0 visiva che quella sensoriale, grazie a una solida competenza ingegneristica. Viaggiare con <span style=\"color: #ff0000;\"><strong><u>VIP LAND XL Access<\/u><\/strong><\/span> significa concedersi il lusso di un\u2019esperienza esclusiva, in un ambiente su misura che unisce comfort, sicurezza ed eccellenza.<\/p>\n\t\t\t\t\t<\/div>\n\t\t\t\t\t\t<\/div>\n\t\t\t\t<\/div>\n\t\t\t\t<\/div>\n\t\t<div class=\"elementor-element elementor-element-738f371 e-con-full e-flex e-con e-child\" data-id=\"738f371\" data-element_type=\"container\" data-e-type=\"container\">\n\t\t\t\t<div class=\"elementor-element elementor-element-5586eab elementor-widget elementor-widget-wd_image_or_svg\" data-id=\"5586eab\" data-element_type=\"widget\" data-e-type=\"widget\" data-widget_type=\"wd_image_or_svg.default\">\n\t\t\t\t<div class=\"elementor-widget-container\">\n\t\t\t\t\t\n\t\t<div class=\"wd-image text-left\">\n\t\t\t\t\t\t\t\t<img loading=\"lazy\" decoding=\"async\" width=\"415\" height=\"415\" src=\"https:\/\/www.oleaster.com.tr\/wp-content\/uploads\/2025\/01\/VIP-LAND-XL-Access-e1736166385860.jpg\" class=\"attachment-full size-full\" alt=\"VIP LAND XL Access\" \/>\t\t\t\t\t<\/div>\n\n\t\t\t\t\t\t<\/div>\n\t\t\t\t<\/div>\n\t\t\t\t<\/div>\n\t\t\t\t\t<\/div>\n\t\t\t\t<\/div>\n\t\t\t\t<\/div>\n\t\t","protected":false},"excerpt":{"rendered":"<p>Il termine VIP significa &#8220;Very Important Person&#8221;, una persona di grande prestigio. Come suggerisce il nome stesso, noi di OLEASTER<\/p>\n","protected":false},"featured_media":30754,"template":"","meta":[],"product_brand":[],"product_cat":[374],"product_tag":[378],"class_list":{"0":"post-30753","1":"product","2":"type-product","3":"status-publish","4":"has-post-thumbnail","6":"product_cat-veicoli-vip","7":"product_tag-design-speciale","9":"first","10":"instock","11":"shipping-taxable","12":"purchasable","13":"product-type-simple"},"yoast_head":"<!-- This site is optimized with the Yoast SEO plugin v27.4 - https:\/\/yoast.com\/product\/yoast-seo-wordpress\/ -->\n<title>VIP LAND XL - Access - Oleaster<\/title>\n<meta name=\"robots\" content=\"index, follow, max-snippet:-1, max-image-preview:large, max-video-preview:-1\" \/>\n<link rel=\"canonical\" href=\"https:\/\/www.oleaster.com.tr\/it\/urun\/vip-land-xl-access\/\" \/>\n<meta property=\"og:locale\" content=\"it_IT\" \/>\n<meta property=\"og:type\" content=\"article\" \/>\n<meta property=\"og:title\" content=\"VIP LAND XL - Access - Oleaster\" \/>\n<meta property=\"og:description\" content=\"Il termine VIP significa &#8220;Very Important Person&#8221;, una persona di grande prestigio. Come suggerisce il nome stesso, noi di OLEASTER\" \/>\n<meta property=\"og:url\" content=\"https:\/\/www.oleaster.com.tr\/it\/urun\/vip-land-xl-access\/\" \/>\n<meta property=\"og:site_name\" content=\"Oleaster\" \/>\n<meta property=\"article:modified_time\" content=\"2025-03-21T07:23:16+00:00\" \/>\n<meta property=\"og:image\" content=\"https:\/\/www.oleaster.com.tr\/wp-content\/uploads\/2025\/01\/VIP-LAND-XL-Access-e1736166385860.jpg\" \/>\n\t<meta property=\"og:image:width\" content=\"415\" \/>\n\t<meta property=\"og:image:height\" content=\"415\" \/>\n\t<meta property=\"og:image:type\" content=\"image\/jpeg\" \/>\n<meta name=\"twitter:card\" content=\"summary_large_image\" \/>\n<meta name=\"twitter:label1\" content=\"Tempo di lettura stimato\" \/>\n\t<meta name=\"twitter:data1\" content=\"2 minuti\" \/>\n<script type=\"application\/ld+json\" class=\"yoast-schema-graph\">{\"@context\":\"https:\\\/\\\/schema.org\",\"@graph\":[{\"@type\":\"WebPage\",\"@id\":\"https:\\\/\\\/www.oleaster.com.tr\\\/it\\\/urun\\\/vip-land-xl-access\\\/\",\"url\":\"https:\\\/\\\/www.oleaster.com.tr\\\/it\\\/urun\\\/vip-land-xl-access\\\/\",\"name\":\"VIP LAND XL - Access - Oleaster\",\"isPartOf\":{\"@id\":\"https:\\\/\\\/www.oleaster.com.tr\\\/it\\\/#website\"},\"primaryImageOfPage\":{\"@id\":\"https:\\\/\\\/www.oleaster.com.tr\\\/it\\\/urun\\\/vip-land-xl-access\\\/#primaryimage\"},\"image\":{\"@id\":\"https:\\\/\\\/www.oleaster.com.tr\\\/it\\\/urun\\\/vip-land-xl-access\\\/#primaryimage\"},\"thumbnailUrl\":\"https:\\\/\\\/www.oleaster.com.tr\\\/wp-content\\\/uploads\\\/2025\\\/01\\\/VIP-LAND-XL-Access-e1736166385860.jpg\",\"datePublished\":\"2025-01-06T12:25:07+00:00\",\"dateModified\":\"2025-03-21T07:23:16+00:00\",\"breadcrumb\":{\"@id\":\"https:\\\/\\\/www.oleaster.com.tr\\\/it\\\/urun\\\/vip-land-xl-access\\\/#breadcrumb\"},\"inLanguage\":\"it-IT\",\"potentialAction\":[{\"@type\":\"ReadAction\",\"target\":[\"https:\\\/\\\/www.oleaster.com.tr\\\/it\\\/urun\\\/vip-land-xl-access\\\/\"]}]},{\"@type\":\"ImageObject\",\"inLanguage\":\"it-IT\",\"@id\":\"https:\\\/\\\/www.oleaster.com.tr\\\/it\\\/urun\\\/vip-land-xl-access\\\/#primaryimage\",\"url\":\"https:\\\/\\\/www.oleaster.com.tr\\\/wp-content\\\/uploads\\\/2025\\\/01\\\/VIP-LAND-XL-Access-e1736166385860.jpg\",\"contentUrl\":\"https:\\\/\\\/www.oleaster.com.tr\\\/wp-content\\\/uploads\\\/2025\\\/01\\\/VIP-LAND-XL-Access-e1736166385860.jpg\",\"width\":415,\"height\":415},{\"@type\":\"BreadcrumbList\",\"@id\":\"https:\\\/\\\/www.oleaster.com.tr\\\/it\\\/urun\\\/vip-land-xl-access\\\/#breadcrumb\",\"itemListElement\":[{\"@type\":\"ListItem\",\"position\":1,\"name\":\"Anasayfa\",\"item\":\"https:\\\/\\\/www.oleaster.com.tr\\\/it\\\/oleaster\\\/\"},{\"@type\":\"ListItem\",\"position\":2,\"name\":\"Negozio\",\"item\":\"https:\\\/\\\/www.oleaster.com.tr\\\/it\\\/shop\\\/\"},{\"@type\":\"ListItem\",\"position\":3,\"name\":\"VIP LAND XL &#8211; Access\"}]},{\"@type\":\"WebSite\",\"@id\":\"https:\\\/\\\/www.oleaster.com.tr\\\/it\\\/#website\",\"url\":\"https:\\\/\\\/www.oleaster.com.tr\\\/it\\\/\",\"name\":\"Oleaster\",\"description\":\"Siz Hayal Edin, Biz Yapal\u0131m\",\"publisher\":{\"@id\":\"https:\\\/\\\/www.oleaster.com.tr\\\/it\\\/#organization\"},\"potentialAction\":[{\"@type\":\"SearchAction\",\"target\":{\"@type\":\"EntryPoint\",\"urlTemplate\":\"https:\\\/\\\/www.oleaster.com.tr\\\/it\\\/?s={search_term_string}\"},\"query-input\":{\"@type\":\"PropertyValueSpecification\",\"valueRequired\":true,\"valueName\":\"search_term_string\"}}],\"inLanguage\":\"it-IT\"},{\"@type\":\"Organization\",\"@id\":\"https:\\\/\\\/www.oleaster.com.tr\\\/it\\\/#organization\",\"name\":\"Oleaster\",\"url\":\"https:\\\/\\\/www.oleaster.com.tr\\\/it\\\/\",\"logo\":{\"@type\":\"ImageObject\",\"inLanguage\":\"it-IT\",\"@id\":\"https:\\\/\\\/www.oleaster.com.tr\\\/it\\\/#\\\/schema\\\/logo\\\/image\\\/\",\"url\":\"https:\\\/\\\/www.oleaster.com.tr\\\/wp-content\\\/uploads\\\/2024\\\/12\\\/OLEASTER-scaled-1.webp\",\"contentUrl\":\"https:\\\/\\\/www.oleaster.com.tr\\\/wp-content\\\/uploads\\\/2024\\\/12\\\/OLEASTER-scaled-1.webp\",\"width\":2560,\"height\":1778,\"caption\":\"Oleaster\"},\"image\":{\"@id\":\"https:\\\/\\\/www.oleaster.com.tr\\\/it\\\/#\\\/schema\\\/logo\\\/image\\\/\"}}]}<\/script>\n<!-- \/ Yoast SEO plugin. -->","yoast_head_json":{"title":"VIP LAND XL - Access - Oleaster","robots":{"index":"index","follow":"follow","max-snippet":"max-snippet:-1","max-image-preview":"max-image-preview:large","max-video-preview":"max-video-preview:-1"},"canonical":"https:\/\/www.oleaster.com.tr\/it\/urun\/vip-land-xl-access\/","og_locale":"it_IT","og_type":"article","og_title":"VIP LAND XL - Access - Oleaster","og_description":"Il termine VIP significa &#8220;Very Important Person&#8221;, una persona di grande prestigio. Come suggerisce il nome stesso, noi di OLEASTER","og_url":"https:\/\/www.oleaster.com.tr\/it\/urun\/vip-land-xl-access\/","og_site_name":"Oleaster","article_modified_time":"2025-03-21T07:23:16+00:00","og_image":[{"width":415,"height":415,"url":"https:\/\/www.oleaster.com.tr\/wp-content\/uploads\/2025\/01\/VIP-LAND-XL-Access-e1736166385860.jpg","type":"image\/jpeg"}],"twitter_card":"summary_large_image","twitter_misc":{"Tempo di lettura stimato":"2 minuti"},"schema":{"@context":"https:\/\/schema.org","@graph":[{"@type":"WebPage","@id":"https:\/\/www.oleaster.com.tr\/it\/urun\/vip-land-xl-access\/","url":"https:\/\/www.oleaster.com.tr\/it\/urun\/vip-land-xl-access\/","name":"VIP LAND XL - Access - Oleaster","isPartOf":{"@id":"https:\/\/www.oleaster.com.tr\/it\/#website"},"primaryImageOfPage":{"@id":"https:\/\/www.oleaster.com.tr\/it\/urun\/vip-land-xl-access\/#primaryimage"},"image":{"@id":"https:\/\/www.oleaster.com.tr\/it\/urun\/vip-land-xl-access\/#primaryimage"},"thumbnailUrl":"https:\/\/www.oleaster.com.tr\/wp-content\/uploads\/2025\/01\/VIP-LAND-XL-Access-e1736166385860.jpg","datePublished":"2025-01-06T12:25:07+00:00","dateModified":"2025-03-21T07:23:16+00:00","breadcrumb":{"@id":"https:\/\/www.oleaster.com.tr\/it\/urun\/vip-land-xl-access\/#breadcrumb"},"inLanguage":"it-IT","potentialAction":[{"@type":"ReadAction","target":["https:\/\/www.oleaster.com.tr\/it\/urun\/vip-land-xl-access\/"]}]},{"@type":"ImageObject","inLanguage":"it-IT","@id":"https:\/\/www.oleaster.com.tr\/it\/urun\/vip-land-xl-access\/#primaryimage","url":"https:\/\/www.oleaster.com.tr\/wp-content\/uploads\/2025\/01\/VIP-LAND-XL-Access-e1736166385860.jpg","contentUrl":"https:\/\/www.oleaster.com.tr\/wp-content\/uploads\/2025\/01\/VIP-LAND-XL-Access-e1736166385860.jpg","width":415,"height":415},{"@type":"BreadcrumbList","@id":"https:\/\/www.oleaster.com.tr\/it\/urun\/vip-land-xl-access\/#breadcrumb","itemListElement":[{"@type":"ListItem","position":1,"name":"Anasayfa","item":"https:\/\/www.oleaster.com.tr\/it\/oleaster\/"},{"@type":"ListItem","position":2,"name":"Negozio","item":"https:\/\/www.oleaster.com.tr\/it\/shop\/"},{"@type":"ListItem","position":3,"name":"VIP LAND XL &#8211; Access"}]},{"@type":"WebSite","@id":"https:\/\/www.oleaster.com.tr\/it\/#website","url":"https:\/\/www.oleaster.com.tr\/it\/","name":"Oleaster","description":"Siz Hayal Edin, Biz Yapal\u0131m","publisher":{"@id":"https:\/\/www.oleaster.com.tr\/it\/#organization"},"potentialAction":[{"@type":"SearchAction","target":{"@type":"EntryPoint","urlTemplate":"https:\/\/www.oleaster.com.tr\/it\/?s={search_term_string}"},"query-input":{"@type":"PropertyValueSpecification","valueRequired":true,"valueName":"search_term_string"}}],"inLanguage":"it-IT"},{"@type":"Organization","@id":"https:\/\/www.oleaster.com.tr\/it\/#organization","name":"Oleaster","url":"https:\/\/www.oleaster.com.tr\/it\/","logo":{"@type":"ImageObject","inLanguage":"it-IT","@id":"https:\/\/www.oleaster.com.tr\/it\/#\/schema\/logo\/image\/","url":"https:\/\/www.oleaster.com.tr\/wp-content\/uploads\/2024\/12\/OLEASTER-scaled-1.webp","contentUrl":"https:\/\/www.oleaster.com.tr\/wp-content\/uploads\/2024\/12\/OLEASTER-scaled-1.webp","width":2560,"height":1778,"caption":"Oleaster"},"image":{"@id":"https:\/\/www.oleaster.com.tr\/it\/#\/schema\/logo\/image\/"}}]}},"_links":{"self":[{"href":"https:\/\/www.oleaster.com.tr\/it\/wp-json\/wp\/v2\/product\/30753","targetHints":{"allow":["GET"]}}],"collection":[{"href":"https:\/\/www.oleaster.com.tr\/it\/wp-json\/wp\/v2\/product"}],"about":[{"href":"https:\/\/www.oleaster.com.tr\/it\/wp-json\/wp\/v2\/types\/product"}],"version-history":[{"count":4,"href":"https:\/\/www.oleaster.com.tr\/it\/wp-json\/wp\/v2\/product\/30753\/revisions"}],"predecessor-version":[{"id":30760,"href":"https:\/\/www.oleaster.com.tr\/it\/wp-json\/wp\/v2\/product\/30753\/revisions\/30760"}],"wp:featuredmedia":[{"embeddable":true,"href":"https:\/\/www.oleaster.com.tr\/it\/wp-json\/wp\/v2\/media\/30754"}],"wp:attachment":[{"href":"https:\/\/www.oleaster.com.tr\/it\/wp-json\/wp\/v2\/media?parent=30753"}],"wp:term":[{"taxonomy":"product_brand","embeddable":true,"href":"https:\/\/www.oleaster.com.tr\/it\/wp-json\/wp\/v2\/product_brand?post=30753"},{"taxonomy":"product_cat","embeddable":true,"href":"https:\/\/www.oleaster.com.tr\/it\/wp-json\/wp\/v2\/product_cat?post=30753"},{"taxonomy":"product_tag","embeddable":true,"href":"https:\/\/www.oleaster.com.tr\/it\/wp-json\/wp\/v2\/product_tag?post=30753"}],"curies":[{"name":"wp","href":"https:\/\/api.w.org\/{rel}","templated":true}]}}