{"id":29597,"date":"2025-01-06T15:37:14","date_gmt":"2025-01-06T12:37:14","guid":{"rendered":"https:\/\/www.oleaster.com.tr\/urun\/vip-land-m2-access\/"},"modified":"2025-03-20T12:18:27","modified_gmt":"2025-03-20T09:18:27","slug":"vip-land-m2-access","status":"publish","type":"product","link":"https:\/\/www.oleaster.com.tr\/it\/urun\/vip-land-m2-access\/","title":{"rendered":"VIP LAND M2 &#8211; Access"},"content":{"rendered":"\t\t<div data-elementor-type=\"wp-post\" data-elementor-id=\"29597\" class=\"elementor elementor-29597 elementor-16188\">\n\t\t\t\t<div class=\"wd-negative-gap elementor-element elementor-element-53eea44 e-flex e-con-boxed e-con e-parent\" data-id=\"53eea44\" data-element_type=\"container\" data-e-type=\"container\">\n\t\t\t\t\t<div class=\"e-con-inner\">\n\t\t<div class=\"elementor-element elementor-element-cc8e042 e-con-full e-flex e-con e-child\" data-id=\"cc8e042\" data-element_type=\"container\" data-e-type=\"container\">\n\t\t\t\t<div class=\"elementor-element elementor-element-4a8a87a elementor-widget elementor-widget-wd_text_block\" data-id=\"4a8a87a\" data-element_type=\"widget\" data-e-type=\"widget\" data-widget_type=\"wd_text_block.default\">\n\t\t\t\t<div class=\"elementor-widget-container\">\n\t\t\t\t\t\t\t<div class=\"wd-text-block reset-last-child text-left\">\n\t\t\t\n\t\t\t<p>Il termine VIP significa \"Very Important Person\", una persona di grande prestigio. Come suggerisce il nome stesso, noi di <span style=\"color: #ff0000;\"><strong>OLEASTER<\/strong> <\/span>ci impegniamo a fornire veicoli di alta qualit\u00e0, sicuri, confortevoli e lussuosi, affinch\u00e9 le persone pi\u00f9 esigenti possano sentirsi ancora pi\u00f9 speciali e privilegiate.<\/p><p>Il <span style=\"color: #ff0000;\"><strong><u>VIP LAND M2 Access<\/u><\/strong><\/span> \u00e8 progettato e realizzato sulla base del Mercedes-Benz Sprinter 3.5t, classificato come M1, con trasmissione automatica di serie, 190 CV e carrozzeria L2H2. Questo modello offre una capacit\u00e0 di 8 persone, incluso il conducente e i passeggeri, garantendo un viaggio sicuro, fluido e senza barriere grazie ai suoi sistemi di accesso e soluzioni di montaggio appositamente progettati. Completamente personalizzabile, il <span style=\"color: #ff0000;\"><strong><u>VIP LAND M2 Access<\/u><\/strong><\/span> pu\u00f2 essere configurato in base alle esigenze individuali, trasformandosi in sala riunioni, ufficio mobile, area lounge, spazio per il gaming o ambiente abitativo, elevando ogni viaggio a un\u2019esperienza piacevole, confortevole e lussuosa. Ogni individuo ha aspettative e preferenze diverse. Alcuni apprezzano l\u2019opulenza, mentre altri prediligono la semplicit\u00e0.<\/p><p>Ci\u00f2 che distingue <span style=\"color: #ff0000;\"><strong>OLEASTER<\/strong> <\/span>\u00e8 la sua capacit\u00e0 di comprendere con precisione le esigenze e i desideri dei clienti, integrandoli perfettamente con tecnologie all\u2019avanguardia e migliorando la qualit\u00e0 visiva e sensoriale attraverso una solida base ingegneristica. Viaggiare con <span style=\"color: #ff0000;\"><strong><u>VIP LAND M2 Access<\/u><\/strong><\/span> significa concedersi il lusso di un\u2019esperienza esclusiva, in un ambiente su misura che unisce eleganza, sicurezza e massimo comfort.<\/p>\n\t\t\t\t\t<\/div>\n\t\t\t\t\t\t<\/div>\n\t\t\t\t<\/div>\n\t\t\t\t<\/div>\n\t\t<div class=\"elementor-element elementor-element-738f371 e-con-full e-flex e-con e-child\" data-id=\"738f371\" data-element_type=\"container\" data-e-type=\"container\">\n\t\t\t\t<div class=\"elementor-element elementor-element-5586eab elementor-widget elementor-widget-wd_image_or_svg\" data-id=\"5586eab\" data-element_type=\"widget\" data-e-type=\"widget\" data-widget_type=\"wd_image_or_svg.default\">\n\t\t\t\t<div class=\"elementor-widget-container\">\n\t\t\t\t\t\n\t\t<div class=\"wd-image text-left\">\n\t\t\t\t\t\t\t\t<img loading=\"lazy\" decoding=\"async\" width=\"528\" height=\"529\" src=\"https:\/\/www.oleaster.com.tr\/wp-content\/uploads\/2025\/01\/VIP-LAND-M-Access-e1736167129227.jpg\" class=\"attachment-full size-full\" alt=\"VIP LAND M Access\" srcset=\"https:\/\/www.oleaster.com.tr\/wp-content\/uploads\/2025\/01\/VIP-LAND-M-Access-e1736167129227.jpg 528w, https:\/\/www.oleaster.com.tr\/wp-content\/uploads\/2025\/01\/VIP-LAND-M-Access-e1736167129227-299x300.jpg 299w, https:\/\/www.oleaster.com.tr\/wp-content\/uploads\/2025\/01\/VIP-LAND-M-Access-e1736167129227-150x150.jpg 150w, https:\/\/www.oleaster.com.tr\/wp-content\/uploads\/2025\/01\/VIP-LAND-M-Access-e1736167129227-430x431.jpg 430w\" sizes=\"auto, (max-width: 528px) 100vw, 528px\" \/>\t\t\t\t\t<\/div>\n\n\t\t\t\t\t\t<\/div>\n\t\t\t\t<\/div>\n\t\t\t\t<\/div>\n\t\t\t\t\t<\/div>\n\t\t\t\t<\/div>\n\t\t\t\t<\/div>\n\t\t","protected":false},"excerpt":{"rendered":"<p>Il termine VIP significa &#8220;Very Important Person&#8221;, una persona di grande prestigio. Come suggerisce il nome stesso, noi di OLEASTER<\/p>\n","protected":false},"featured_media":32186,"template":"","meta":[],"product_brand":[],"product_cat":[374],"product_tag":[378],"class_list":{"0":"post-29597","1":"product","2":"type-product","3":"status-publish","4":"has-post-thumbnail","6":"product_cat-veicoli-vip","7":"product_tag-design-speciale","9":"first","10":"instock","11":"shipping-taxable","12":"purchasable","13":"product-type-simple"},"yoast_head":"<!-- This site is optimized with the Yoast SEO plugin v27.4 - https:\/\/yoast.com\/product\/yoast-seo-wordpress\/ -->\n<title>VIP LAND M2 - Access - Oleaster<\/title>\n<meta name=\"robots\" content=\"index, follow, max-snippet:-1, max-image-preview:large, max-video-preview:-1\" \/>\n<link rel=\"canonical\" href=\"https:\/\/www.oleaster.com.tr\/it\/urun\/vip-land-m2-access\/\" \/>\n<meta property=\"og:locale\" content=\"it_IT\" \/>\n<meta property=\"og:type\" content=\"article\" \/>\n<meta property=\"og:title\" content=\"VIP LAND M2 - Access - Oleaster\" \/>\n<meta property=\"og:description\" content=\"Il termine VIP significa &#8220;Very Important Person&#8221;, una persona di grande prestigio. Come suggerisce il nome stesso, noi di OLEASTER\" \/>\n<meta property=\"og:url\" content=\"https:\/\/www.oleaster.com.tr\/it\/urun\/vip-land-m2-access\/\" \/>\n<meta property=\"og:site_name\" content=\"Oleaster\" \/>\n<meta property=\"article:modified_time\" content=\"2025-03-20T09:18:27+00:00\" \/>\n<meta property=\"og:image\" content=\"https:\/\/www.oleaster.com.tr\/wp-content\/uploads\/2025\/01\/VIP-LAND-M-Access-e1736167129227.jpg\" \/>\n\t<meta property=\"og:image:width\" content=\"528\" \/>\n\t<meta property=\"og:image:height\" content=\"529\" \/>\n\t<meta property=\"og:image:type\" content=\"image\/jpeg\" \/>\n<meta name=\"twitter:card\" content=\"summary_large_image\" \/>\n<meta name=\"twitter:label1\" content=\"Tempo di lettura stimato\" \/>\n\t<meta name=\"twitter:data1\" content=\"2 minuti\" \/>\n<script type=\"application\/ld+json\" class=\"yoast-schema-graph\">{\"@context\":\"https:\\\/\\\/schema.org\",\"@graph\":[{\"@type\":\"WebPage\",\"@id\":\"https:\\\/\\\/www.oleaster.com.tr\\\/it\\\/urun\\\/vip-land-m2-access\\\/\",\"url\":\"https:\\\/\\\/www.oleaster.com.tr\\\/it\\\/urun\\\/vip-land-m2-access\\\/\",\"name\":\"VIP LAND M2 - Access - Oleaster\",\"isPartOf\":{\"@id\":\"https:\\\/\\\/www.oleaster.com.tr\\\/it\\\/#website\"},\"primaryImageOfPage\":{\"@id\":\"https:\\\/\\\/www.oleaster.com.tr\\\/it\\\/urun\\\/vip-land-m2-access\\\/#primaryimage\"},\"image\":{\"@id\":\"https:\\\/\\\/www.oleaster.com.tr\\\/it\\\/urun\\\/vip-land-m2-access\\\/#primaryimage\"},\"thumbnailUrl\":\"https:\\\/\\\/www.oleaster.com.tr\\\/wp-content\\\/uploads\\\/2025\\\/01\\\/VIP_Land_XXL_006.webp\",\"datePublished\":\"2025-01-06T12:37:14+00:00\",\"dateModified\":\"2025-03-20T09:18:27+00:00\",\"breadcrumb\":{\"@id\":\"https:\\\/\\\/www.oleaster.com.tr\\\/it\\\/urun\\\/vip-land-m2-access\\\/#breadcrumb\"},\"inLanguage\":\"it-IT\",\"potentialAction\":[{\"@type\":\"ReadAction\",\"target\":[\"https:\\\/\\\/www.oleaster.com.tr\\\/it\\\/urun\\\/vip-land-m2-access\\\/\"]}]},{\"@type\":\"ImageObject\",\"inLanguage\":\"it-IT\",\"@id\":\"https:\\\/\\\/www.oleaster.com.tr\\\/it\\\/urun\\\/vip-land-m2-access\\\/#primaryimage\",\"url\":\"https:\\\/\\\/www.oleaster.com.tr\\\/wp-content\\\/uploads\\\/2025\\\/01\\\/VIP_Land_XXL_006.webp\",\"contentUrl\":\"https:\\\/\\\/www.oleaster.com.tr\\\/wp-content\\\/uploads\\\/2025\\\/01\\\/VIP_Land_XXL_006.webp\",\"width\":2016,\"height\":1344},{\"@type\":\"BreadcrumbList\",\"@id\":\"https:\\\/\\\/www.oleaster.com.tr\\\/it\\\/urun\\\/vip-land-m2-access\\\/#breadcrumb\",\"itemListElement\":[{\"@type\":\"ListItem\",\"position\":1,\"name\":\"Anasayfa\",\"item\":\"https:\\\/\\\/www.oleaster.com.tr\\\/it\\\/oleaster\\\/\"},{\"@type\":\"ListItem\",\"position\":2,\"name\":\"Negozio\",\"item\":\"https:\\\/\\\/www.oleaster.com.tr\\\/it\\\/shop\\\/\"},{\"@type\":\"ListItem\",\"position\":3,\"name\":\"VIP LAND M2 &#8211; Access\"}]},{\"@type\":\"WebSite\",\"@id\":\"https:\\\/\\\/www.oleaster.com.tr\\\/it\\\/#website\",\"url\":\"https:\\\/\\\/www.oleaster.com.tr\\\/it\\\/\",\"name\":\"Oleaster\",\"description\":\"Siz Hayal Edin, Biz Yapal\u0131m\",\"publisher\":{\"@id\":\"https:\\\/\\\/www.oleaster.com.tr\\\/it\\\/#organization\"},\"potentialAction\":[{\"@type\":\"SearchAction\",\"target\":{\"@type\":\"EntryPoint\",\"urlTemplate\":\"https:\\\/\\\/www.oleaster.com.tr\\\/it\\\/?s={search_term_string}\"},\"query-input\":{\"@type\":\"PropertyValueSpecification\",\"valueRequired\":true,\"valueName\":\"search_term_string\"}}],\"inLanguage\":\"it-IT\"},{\"@type\":\"Organization\",\"@id\":\"https:\\\/\\\/www.oleaster.com.tr\\\/it\\\/#organization\",\"name\":\"Oleaster\",\"url\":\"https:\\\/\\\/www.oleaster.com.tr\\\/it\\\/\",\"logo\":{\"@type\":\"ImageObject\",\"inLanguage\":\"it-IT\",\"@id\":\"https:\\\/\\\/www.oleaster.com.tr\\\/it\\\/#\\\/schema\\\/logo\\\/image\\\/\",\"url\":\"https:\\\/\\\/www.oleaster.com.tr\\\/wp-content\\\/uploads\\\/2024\\\/12\\\/OLEASTER-scaled-1.webp\",\"contentUrl\":\"https:\\\/\\\/www.oleaster.com.tr\\\/wp-content\\\/uploads\\\/2024\\\/12\\\/OLEASTER-scaled-1.webp\",\"width\":2560,\"height\":1778,\"caption\":\"Oleaster\"},\"image\":{\"@id\":\"https:\\\/\\\/www.oleaster.com.tr\\\/it\\\/#\\\/schema\\\/logo\\\/image\\\/\"}}]}<\/script>\n<!-- \/ Yoast SEO plugin. -->","yoast_head_json":{"title":"VIP LAND M2 - Access - Oleaster","robots":{"index":"index","follow":"follow","max-snippet":"max-snippet:-1","max-image-preview":"max-image-preview:large","max-video-preview":"max-video-preview:-1"},"canonical":"https:\/\/www.oleaster.com.tr\/it\/urun\/vip-land-m2-access\/","og_locale":"it_IT","og_type":"article","og_title":"VIP LAND M2 - Access - Oleaster","og_description":"Il termine VIP significa &#8220;Very Important Person&#8221;, una persona di grande prestigio. Come suggerisce il nome stesso, noi di OLEASTER","og_url":"https:\/\/www.oleaster.com.tr\/it\/urun\/vip-land-m2-access\/","og_site_name":"Oleaster","article_modified_time":"2025-03-20T09:18:27+00:00","og_image":[{"width":528,"height":529,"url":"https:\/\/www.oleaster.com.tr\/wp-content\/uploads\/2025\/01\/VIP-LAND-M-Access-e1736167129227.jpg","type":"image\/jpeg"}],"twitter_card":"summary_large_image","twitter_misc":{"Tempo di lettura stimato":"2 minuti"},"schema":{"@context":"https:\/\/schema.org","@graph":[{"@type":"WebPage","@id":"https:\/\/www.oleaster.com.tr\/it\/urun\/vip-land-m2-access\/","url":"https:\/\/www.oleaster.com.tr\/it\/urun\/vip-land-m2-access\/","name":"VIP LAND M2 - Access - Oleaster","isPartOf":{"@id":"https:\/\/www.oleaster.com.tr\/it\/#website"},"primaryImageOfPage":{"@id":"https:\/\/www.oleaster.com.tr\/it\/urun\/vip-land-m2-access\/#primaryimage"},"image":{"@id":"https:\/\/www.oleaster.com.tr\/it\/urun\/vip-land-m2-access\/#primaryimage"},"thumbnailUrl":"https:\/\/www.oleaster.com.tr\/wp-content\/uploads\/2025\/01\/VIP_Land_XXL_006.webp","datePublished":"2025-01-06T12:37:14+00:00","dateModified":"2025-03-20T09:18:27+00:00","breadcrumb":{"@id":"https:\/\/www.oleaster.com.tr\/it\/urun\/vip-land-m2-access\/#breadcrumb"},"inLanguage":"it-IT","potentialAction":[{"@type":"ReadAction","target":["https:\/\/www.oleaster.com.tr\/it\/urun\/vip-land-m2-access\/"]}]},{"@type":"ImageObject","inLanguage":"it-IT","@id":"https:\/\/www.oleaster.com.tr\/it\/urun\/vip-land-m2-access\/#primaryimage","url":"https:\/\/www.oleaster.com.tr\/wp-content\/uploads\/2025\/01\/VIP_Land_XXL_006.webp","contentUrl":"https:\/\/www.oleaster.com.tr\/wp-content\/uploads\/2025\/01\/VIP_Land_XXL_006.webp","width":2016,"height":1344},{"@type":"BreadcrumbList","@id":"https:\/\/www.oleaster.com.tr\/it\/urun\/vip-land-m2-access\/#breadcrumb","itemListElement":[{"@type":"ListItem","position":1,"name":"Anasayfa","item":"https:\/\/www.oleaster.com.tr\/it\/oleaster\/"},{"@type":"ListItem","position":2,"name":"Negozio","item":"https:\/\/www.oleaster.com.tr\/it\/shop\/"},{"@type":"ListItem","position":3,"name":"VIP LAND M2 &#8211; Access"}]},{"@type":"WebSite","@id":"https:\/\/www.oleaster.com.tr\/it\/#website","url":"https:\/\/www.oleaster.com.tr\/it\/","name":"Oleaster","description":"Siz Hayal Edin, Biz Yapal\u0131m","publisher":{"@id":"https:\/\/www.oleaster.com.tr\/it\/#organization"},"potentialAction":[{"@type":"SearchAction","target":{"@type":"EntryPoint","urlTemplate":"https:\/\/www.oleaster.com.tr\/it\/?s={search_term_string}"},"query-input":{"@type":"PropertyValueSpecification","valueRequired":true,"valueName":"search_term_string"}}],"inLanguage":"it-IT"},{"@type":"Organization","@id":"https:\/\/www.oleaster.com.tr\/it\/#organization","name":"Oleaster","url":"https:\/\/www.oleaster.com.tr\/it\/","logo":{"@type":"ImageObject","inLanguage":"it-IT","@id":"https:\/\/www.oleaster.com.tr\/it\/#\/schema\/logo\/image\/","url":"https:\/\/www.oleaster.com.tr\/wp-content\/uploads\/2024\/12\/OLEASTER-scaled-1.webp","contentUrl":"https:\/\/www.oleaster.com.tr\/wp-content\/uploads\/2024\/12\/OLEASTER-scaled-1.webp","width":2560,"height":1778,"caption":"Oleaster"},"image":{"@id":"https:\/\/www.oleaster.com.tr\/it\/#\/schema\/logo\/image\/"}}]}},"_links":{"self":[{"href":"https:\/\/www.oleaster.com.tr\/it\/wp-json\/wp\/v2\/product\/29597","targetHints":{"allow":["GET"]}}],"collection":[{"href":"https:\/\/www.oleaster.com.tr\/it\/wp-json\/wp\/v2\/product"}],"about":[{"href":"https:\/\/www.oleaster.com.tr\/it\/wp-json\/wp\/v2\/types\/product"}],"version-history":[{"count":4,"href":"https:\/\/www.oleaster.com.tr\/it\/wp-json\/wp\/v2\/product\/29597\/revisions"}],"predecessor-version":[{"id":29604,"href":"https:\/\/www.oleaster.com.tr\/it\/wp-json\/wp\/v2\/product\/29597\/revisions\/29604"}],"wp:featuredmedia":[{"embeddable":true,"href":"https:\/\/www.oleaster.com.tr\/it\/wp-json\/wp\/v2\/media\/32186"}],"wp:attachment":[{"href":"https:\/\/www.oleaster.com.tr\/it\/wp-json\/wp\/v2\/media?parent=29597"}],"wp:term":[{"taxonomy":"product_brand","embeddable":true,"href":"https:\/\/www.oleaster.com.tr\/it\/wp-json\/wp\/v2\/product_brand?post=29597"},{"taxonomy":"product_cat","embeddable":true,"href":"https:\/\/www.oleaster.com.tr\/it\/wp-json\/wp\/v2\/product_cat?post=29597"},{"taxonomy":"product_tag","embeddable":true,"href":"https:\/\/www.oleaster.com.tr\/it\/wp-json\/wp\/v2\/product_tag?post=29597"}],"curies":[{"name":"wp","href":"https:\/\/api.w.org\/{rel}","templated":true}]}}