{"id":27915,"date":"2025-01-06T14:28:31","date_gmt":"2025-01-06T11:28:31","guid":{"rendered":"https:\/\/www.oleaster.com.tr\/urun\/city-land-xl-me\/"},"modified":"2025-03-19T11:58:17","modified_gmt":"2025-03-19T08:58:17","slug":"city-land-xl-me","status":"publish","type":"product","link":"https:\/\/www.oleaster.com.tr\/it\/urun\/city-land-xl-me\/","title":{"rendered":"CITY LAND XL ME"},"content":{"rendered":"\t\t<div data-elementor-type=\"wp-post\" data-elementor-id=\"27915\" class=\"elementor elementor-27915 elementor-16103\">\n\t\t\t\t<div class=\"wd-negative-gap elementor-element elementor-element-53eea44 e-flex e-con-boxed e-con e-parent\" data-id=\"53eea44\" data-element_type=\"container\" data-e-type=\"container\">\n\t\t\t\t\t<div class=\"e-con-inner\">\n\t\t<div class=\"elementor-element elementor-element-cc8e042 e-con-full e-flex e-con e-child\" data-id=\"cc8e042\" data-element_type=\"container\" data-e-type=\"container\">\n\t\t\t\t<div class=\"elementor-element elementor-element-4a8a87a elementor-widget elementor-widget-wd_text_block\" data-id=\"4a8a87a\" data-element_type=\"widget\" data-e-type=\"widget\" data-widget_type=\"wd_text_block.default\">\n\t\t\t\t<div class=\"elementor-widget-container\">\n\t\t\t\t\t\t\t<div class=\"wd-text-block reset-last-child text-left\">\n\t\t\t\n\t\t\t<p>Il trasporto pubblico si riferisce a tutti i sistemi di trasporto utilizzati per viaggiare senza veicoli personali. Uno dei problemi pi\u00f9 urgenti al mondo oggi \u00e8 il riscaldamento globale, e una delle sue principali cause sono le emissioni di scarico dei veicoli. Sebbene il trasporto pubblico tradizionale si basi su grandi autobus, mantenere questi veicoli sempre utilizzati in modo efficiente \u00e8 quasi impossibile al di fuori delle aree metropolitane. Per questo motivo, l'importanza dei veicoli per il trasporto passeggeri di dimensioni ridotte cresce di giorno in giorno, anche nelle grandi citt\u00e0. Questi veicoli non solo sono pi\u00f9 ecologici, ma contribuiscono anche a ridurre la congestione del traffico. Inoltre, per i professionisti, il tempo \u00e8 un valore inestimabile.<\/p><p>I veicoli progettati e costruiti con la superiore competenza ingegneristica di <span style=\"color: #ff0000;\"><strong>OLEASTER<\/strong> <\/span>garantiscono un viaggio confortevole e piacevole, fornendo alimentazione per le apparecchiature da ufficio, sistemi di comunicazione senza interruzioni e il massimo livello di comfort. In un'epoca in cui il tempo \u00e8 troppo prezioso per essere sprecato, chi d\u00e0 valore all'efficienza sceglie <span style=\"color: #ff0000;\"><strong>OLEASTER<\/strong><\/span>. Il <span style=\"color: #ff0000;\"><strong><u>CITY LAND XL ME<\/u><\/strong><\/span> offre un\u2019accessibilit\u00e0 senza barriere grazie a una piattaforma robotizzata per sedie a rotelle, integrata nel telaio originale senza alcuna modifica strutturale. \u00c8 dotato di un sistema di porte scorrevoli a doppia anta di tipo a cassetta, progettato su misura e dotato di avanzati meccanismi di sicurezza, garantendo un imbarco e uno sbarco fluidi e senza sforzo per tutti i passeggeri.<\/p><p>A seconda delle diverse configurazioni dei sedili, il <span style=\"color: #ff0000;\"><strong><u>CITY LAND XL ME<\/u><\/strong><\/span> pu\u00f2 ospitare tra 16 e 22 passeggeri seduti, compresi l'autista e l'assistente, in piena conformit\u00e0 con le normative sulla circolazione stradale di ciascun paese. Inoltre, fornisce soluzioni per il trasporto di passeggeri in piedi, rispettando le normative nazionali sulla sicurezza stradale e i requisiti del trasporto pubblico. Inoltre, grazie alla piattaforma robotizzata per sedie a rotelle presente in ciascuno dei nostri veicoli, un passeggero con mobilit\u00e0 ridotta pu\u00f2 facilmente salire a bordo e viaggiare in totale sicurezza e comfort, supportato dai nostri sistemi di sicurezza appositamente progettati.<\/p><p>Noi di <span style=\"color: #ff0000;\"><strong>OLEASTER<\/strong> <\/span>consideriamo un nostro dovere dimostrare rispetto e impegno sia nei confronti delle persone che dell\u2019ambiente. Siamo orgogliosi di rendere questo principio il fulcro dei nostri progetti.<\/p>\n\t\t\t\t\t<\/div>\n\t\t\t\t\t\t<\/div>\n\t\t\t\t<\/div>\n\t\t\t\t<\/div>\n\t\t<div class=\"elementor-element elementor-element-738f371 e-con-full e-flex e-con e-child\" data-id=\"738f371\" data-element_type=\"container\" data-e-type=\"container\">\n\t\t\t\t<div class=\"elementor-element elementor-element-5586eab elementor-widget elementor-widget-wd_image_or_svg\" data-id=\"5586eab\" data-element_type=\"widget\" data-e-type=\"widget\" data-widget_type=\"wd_image_or_svg.default\">\n\t\t\t\t<div class=\"elementor-widget-container\">\n\t\t\t\t\t\n\t\t<div class=\"wd-image text-left\">\n\t\t\t\t\t\t\t\t<img loading=\"lazy\" decoding=\"async\" width=\"1080\" height=\"1080\" src=\"https:\/\/www.oleaster.com.tr\/wp-content\/uploads\/2025\/01\/CITY-LAND-XL-ME.jpg\" class=\"attachment-full size-full\" alt=\"\" srcset=\"https:\/\/www.oleaster.com.tr\/wp-content\/uploads\/2025\/01\/CITY-LAND-XL-ME.jpg 1080w, https:\/\/www.oleaster.com.tr\/wp-content\/uploads\/2025\/01\/CITY-LAND-XL-ME-300x300.jpg 300w, https:\/\/www.oleaster.com.tr\/wp-content\/uploads\/2025\/01\/CITY-LAND-XL-ME-800x800.jpg 800w, https:\/\/www.oleaster.com.tr\/wp-content\/uploads\/2025\/01\/CITY-LAND-XL-ME-150x150.jpg 150w, https:\/\/www.oleaster.com.tr\/wp-content\/uploads\/2025\/01\/CITY-LAND-XL-ME-768x768.jpg 768w, https:\/\/www.oleaster.com.tr\/wp-content\/uploads\/2025\/01\/CITY-LAND-XL-ME-430x430.jpg 430w, https:\/\/www.oleaster.com.tr\/wp-content\/uploads\/2025\/01\/CITY-LAND-XL-ME-700x700.jpg 700w\" sizes=\"auto, (max-width: 1080px) 100vw, 1080px\" \/>\t\t\t\t\t<\/div>\n\n\t\t\t\t\t\t<\/div>\n\t\t\t\t<\/div>\n\t\t\t\t<\/div>\n\t\t\t\t\t<\/div>\n\t\t\t\t<\/div>\n\t\t\t\t<\/div>\n\t\t","protected":false},"excerpt":{"rendered":"<div class=\"legal-notice\" data-v-a1c10375=\"\" data-test-id=\"emh-legal-notice__text\">\n<div class=\"tag\">Il trasporto pubblico si riferisce a tutti i sistemi di trasporto utilizzati per viaggiare senza veicoli personali.<\/div>\n<\/div>\n","protected":false},"featured_media":27916,"template":"","meta":[],"product_brand":[],"product_cat":[372],"product_tag":[378],"class_list":{"0":"post-27915","1":"product","2":"type-product","3":"status-publish","4":"has-post-thumbnail","6":"product_cat-veicoli-city","7":"product_tag-design-speciale","9":"first","10":"instock","11":"shipping-taxable","12":"purchasable","13":"product-type-simple"},"yoast_head":"<!-- This site is optimized with the Yoast SEO plugin v27.4 - https:\/\/yoast.com\/product\/yoast-seo-wordpress\/ -->\n<title>CITY LAND XL ME - Oleaster<\/title>\n<meta name=\"robots\" content=\"index, follow, max-snippet:-1, max-image-preview:large, max-video-preview:-1\" \/>\n<link rel=\"canonical\" href=\"https:\/\/www.oleaster.com.tr\/it\/urun\/city-land-xl-me\/\" \/>\n<meta property=\"og:locale\" content=\"it_IT\" \/>\n<meta property=\"og:type\" content=\"article\" \/>\n<meta property=\"og:title\" content=\"CITY LAND XL ME - Oleaster\" \/>\n<meta property=\"og:description\" content=\"Il trasporto pubblico si riferisce a tutti i sistemi di trasporto utilizzati per viaggiare senza veicoli personali.\" \/>\n<meta property=\"og:url\" content=\"https:\/\/www.oleaster.com.tr\/it\/urun\/city-land-xl-me\/\" \/>\n<meta property=\"og:site_name\" content=\"Oleaster\" \/>\n<meta property=\"article:modified_time\" content=\"2025-03-19T08:58:17+00:00\" \/>\n<meta property=\"og:image\" content=\"https:\/\/www.oleaster.com.tr\/wp-content\/uploads\/2025\/01\/CITY-LAND-XL-ME.jpg\" \/>\n\t<meta property=\"og:image:width\" content=\"1080\" \/>\n\t<meta property=\"og:image:height\" content=\"1080\" \/>\n\t<meta property=\"og:image:type\" content=\"image\/jpeg\" \/>\n<meta name=\"twitter:card\" content=\"summary_large_image\" \/>\n<meta name=\"twitter:label1\" content=\"Tempo di lettura stimato\" \/>\n\t<meta name=\"twitter:data1\" content=\"3 minuti\" \/>\n<script type=\"application\/ld+json\" class=\"yoast-schema-graph\">{\"@context\":\"https:\\\/\\\/schema.org\",\"@graph\":[{\"@type\":\"WebPage\",\"@id\":\"https:\\\/\\\/www.oleaster.com.tr\\\/it\\\/urun\\\/city-land-xl-me\\\/\",\"url\":\"https:\\\/\\\/www.oleaster.com.tr\\\/it\\\/urun\\\/city-land-xl-me\\\/\",\"name\":\"CITY LAND XL ME - Oleaster\",\"isPartOf\":{\"@id\":\"https:\\\/\\\/www.oleaster.com.tr\\\/it\\\/#website\"},\"primaryImageOfPage\":{\"@id\":\"https:\\\/\\\/www.oleaster.com.tr\\\/it\\\/urun\\\/city-land-xl-me\\\/#primaryimage\"},\"image\":{\"@id\":\"https:\\\/\\\/www.oleaster.com.tr\\\/it\\\/urun\\\/city-land-xl-me\\\/#primaryimage\"},\"thumbnailUrl\":\"https:\\\/\\\/www.oleaster.com.tr\\\/wp-content\\\/uploads\\\/2025\\\/01\\\/CITY-LAND-XL-ME.jpg\",\"datePublished\":\"2025-01-06T11:28:31+00:00\",\"dateModified\":\"2025-03-19T08:58:17+00:00\",\"breadcrumb\":{\"@id\":\"https:\\\/\\\/www.oleaster.com.tr\\\/it\\\/urun\\\/city-land-xl-me\\\/#breadcrumb\"},\"inLanguage\":\"it-IT\",\"potentialAction\":[{\"@type\":\"ReadAction\",\"target\":[\"https:\\\/\\\/www.oleaster.com.tr\\\/it\\\/urun\\\/city-land-xl-me\\\/\"]}]},{\"@type\":\"ImageObject\",\"inLanguage\":\"it-IT\",\"@id\":\"https:\\\/\\\/www.oleaster.com.tr\\\/it\\\/urun\\\/city-land-xl-me\\\/#primaryimage\",\"url\":\"https:\\\/\\\/www.oleaster.com.tr\\\/wp-content\\\/uploads\\\/2025\\\/01\\\/CITY-LAND-XL-ME.jpg\",\"contentUrl\":\"https:\\\/\\\/www.oleaster.com.tr\\\/wp-content\\\/uploads\\\/2025\\\/01\\\/CITY-LAND-XL-ME.jpg\",\"width\":1080,\"height\":1080},{\"@type\":\"BreadcrumbList\",\"@id\":\"https:\\\/\\\/www.oleaster.com.tr\\\/it\\\/urun\\\/city-land-xl-me\\\/#breadcrumb\",\"itemListElement\":[{\"@type\":\"ListItem\",\"position\":1,\"name\":\"Anasayfa\",\"item\":\"https:\\\/\\\/www.oleaster.com.tr\\\/it\\\/oleaster\\\/\"},{\"@type\":\"ListItem\",\"position\":2,\"name\":\"Negozio\",\"item\":\"https:\\\/\\\/www.oleaster.com.tr\\\/it\\\/shop\\\/\"},{\"@type\":\"ListItem\",\"position\":3,\"name\":\"CITY LAND XL ME\"}]},{\"@type\":\"WebSite\",\"@id\":\"https:\\\/\\\/www.oleaster.com.tr\\\/it\\\/#website\",\"url\":\"https:\\\/\\\/www.oleaster.com.tr\\\/it\\\/\",\"name\":\"Oleaster\",\"description\":\"Siz Hayal Edin, Biz Yapal\u0131m\",\"publisher\":{\"@id\":\"https:\\\/\\\/www.oleaster.com.tr\\\/it\\\/#organization\"},\"potentialAction\":[{\"@type\":\"SearchAction\",\"target\":{\"@type\":\"EntryPoint\",\"urlTemplate\":\"https:\\\/\\\/www.oleaster.com.tr\\\/it\\\/?s={search_term_string}\"},\"query-input\":{\"@type\":\"PropertyValueSpecification\",\"valueRequired\":true,\"valueName\":\"search_term_string\"}}],\"inLanguage\":\"it-IT\"},{\"@type\":\"Organization\",\"@id\":\"https:\\\/\\\/www.oleaster.com.tr\\\/it\\\/#organization\",\"name\":\"Oleaster\",\"url\":\"https:\\\/\\\/www.oleaster.com.tr\\\/it\\\/\",\"logo\":{\"@type\":\"ImageObject\",\"inLanguage\":\"it-IT\",\"@id\":\"https:\\\/\\\/www.oleaster.com.tr\\\/it\\\/#\\\/schema\\\/logo\\\/image\\\/\",\"url\":\"https:\\\/\\\/www.oleaster.com.tr\\\/wp-content\\\/uploads\\\/2024\\\/12\\\/OLEASTER-scaled-1.webp\",\"contentUrl\":\"https:\\\/\\\/www.oleaster.com.tr\\\/wp-content\\\/uploads\\\/2024\\\/12\\\/OLEASTER-scaled-1.webp\",\"width\":2560,\"height\":1778,\"caption\":\"Oleaster\"},\"image\":{\"@id\":\"https:\\\/\\\/www.oleaster.com.tr\\\/it\\\/#\\\/schema\\\/logo\\\/image\\\/\"}}]}<\/script>\n<!-- \/ Yoast SEO plugin. -->","yoast_head_json":{"title":"CITY LAND XL ME - Oleaster","robots":{"index":"index","follow":"follow","max-snippet":"max-snippet:-1","max-image-preview":"max-image-preview:large","max-video-preview":"max-video-preview:-1"},"canonical":"https:\/\/www.oleaster.com.tr\/it\/urun\/city-land-xl-me\/","og_locale":"it_IT","og_type":"article","og_title":"CITY LAND XL ME - Oleaster","og_description":"Il trasporto pubblico si riferisce a tutti i sistemi di trasporto utilizzati per viaggiare senza veicoli personali.","og_url":"https:\/\/www.oleaster.com.tr\/it\/urun\/city-land-xl-me\/","og_site_name":"Oleaster","article_modified_time":"2025-03-19T08:58:17+00:00","og_image":[{"width":1080,"height":1080,"url":"https:\/\/www.oleaster.com.tr\/wp-content\/uploads\/2025\/01\/CITY-LAND-XL-ME.jpg","type":"image\/jpeg"}],"twitter_card":"summary_large_image","twitter_misc":{"Tempo di lettura stimato":"3 minuti"},"schema":{"@context":"https:\/\/schema.org","@graph":[{"@type":"WebPage","@id":"https:\/\/www.oleaster.com.tr\/it\/urun\/city-land-xl-me\/","url":"https:\/\/www.oleaster.com.tr\/it\/urun\/city-land-xl-me\/","name":"CITY LAND XL ME - Oleaster","isPartOf":{"@id":"https:\/\/www.oleaster.com.tr\/it\/#website"},"primaryImageOfPage":{"@id":"https:\/\/www.oleaster.com.tr\/it\/urun\/city-land-xl-me\/#primaryimage"},"image":{"@id":"https:\/\/www.oleaster.com.tr\/it\/urun\/city-land-xl-me\/#primaryimage"},"thumbnailUrl":"https:\/\/www.oleaster.com.tr\/wp-content\/uploads\/2025\/01\/CITY-LAND-XL-ME.jpg","datePublished":"2025-01-06T11:28:31+00:00","dateModified":"2025-03-19T08:58:17+00:00","breadcrumb":{"@id":"https:\/\/www.oleaster.com.tr\/it\/urun\/city-land-xl-me\/#breadcrumb"},"inLanguage":"it-IT","potentialAction":[{"@type":"ReadAction","target":["https:\/\/www.oleaster.com.tr\/it\/urun\/city-land-xl-me\/"]}]},{"@type":"ImageObject","inLanguage":"it-IT","@id":"https:\/\/www.oleaster.com.tr\/it\/urun\/city-land-xl-me\/#primaryimage","url":"https:\/\/www.oleaster.com.tr\/wp-content\/uploads\/2025\/01\/CITY-LAND-XL-ME.jpg","contentUrl":"https:\/\/www.oleaster.com.tr\/wp-content\/uploads\/2025\/01\/CITY-LAND-XL-ME.jpg","width":1080,"height":1080},{"@type":"BreadcrumbList","@id":"https:\/\/www.oleaster.com.tr\/it\/urun\/city-land-xl-me\/#breadcrumb","itemListElement":[{"@type":"ListItem","position":1,"name":"Anasayfa","item":"https:\/\/www.oleaster.com.tr\/it\/oleaster\/"},{"@type":"ListItem","position":2,"name":"Negozio","item":"https:\/\/www.oleaster.com.tr\/it\/shop\/"},{"@type":"ListItem","position":3,"name":"CITY LAND XL ME"}]},{"@type":"WebSite","@id":"https:\/\/www.oleaster.com.tr\/it\/#website","url":"https:\/\/www.oleaster.com.tr\/it\/","name":"Oleaster","description":"Siz Hayal Edin, Biz Yapal\u0131m","publisher":{"@id":"https:\/\/www.oleaster.com.tr\/it\/#organization"},"potentialAction":[{"@type":"SearchAction","target":{"@type":"EntryPoint","urlTemplate":"https:\/\/www.oleaster.com.tr\/it\/?s={search_term_string}"},"query-input":{"@type":"PropertyValueSpecification","valueRequired":true,"valueName":"search_term_string"}}],"inLanguage":"it-IT"},{"@type":"Organization","@id":"https:\/\/www.oleaster.com.tr\/it\/#organization","name":"Oleaster","url":"https:\/\/www.oleaster.com.tr\/it\/","logo":{"@type":"ImageObject","inLanguage":"it-IT","@id":"https:\/\/www.oleaster.com.tr\/it\/#\/schema\/logo\/image\/","url":"https:\/\/www.oleaster.com.tr\/wp-content\/uploads\/2024\/12\/OLEASTER-scaled-1.webp","contentUrl":"https:\/\/www.oleaster.com.tr\/wp-content\/uploads\/2024\/12\/OLEASTER-scaled-1.webp","width":2560,"height":1778,"caption":"Oleaster"},"image":{"@id":"https:\/\/www.oleaster.com.tr\/it\/#\/schema\/logo\/image\/"}}]}},"_links":{"self":[{"href":"https:\/\/www.oleaster.com.tr\/it\/wp-json\/wp\/v2\/product\/27915","targetHints":{"allow":["GET"]}}],"collection":[{"href":"https:\/\/www.oleaster.com.tr\/it\/wp-json\/wp\/v2\/product"}],"about":[{"href":"https:\/\/www.oleaster.com.tr\/it\/wp-json\/wp\/v2\/types\/product"}],"version-history":[{"count":4,"href":"https:\/\/www.oleaster.com.tr\/it\/wp-json\/wp\/v2\/product\/27915\/revisions"}],"predecessor-version":[{"id":27922,"href":"https:\/\/www.oleaster.com.tr\/it\/wp-json\/wp\/v2\/product\/27915\/revisions\/27922"}],"wp:featuredmedia":[{"embeddable":true,"href":"https:\/\/www.oleaster.com.tr\/it\/wp-json\/wp\/v2\/media\/27916"}],"wp:attachment":[{"href":"https:\/\/www.oleaster.com.tr\/it\/wp-json\/wp\/v2\/media?parent=27915"}],"wp:term":[{"taxonomy":"product_brand","embeddable":true,"href":"https:\/\/www.oleaster.com.tr\/it\/wp-json\/wp\/v2\/product_brand?post=27915"},{"taxonomy":"product_cat","embeddable":true,"href":"https:\/\/www.oleaster.com.tr\/it\/wp-json\/wp\/v2\/product_cat?post=27915"},{"taxonomy":"product_tag","embeddable":true,"href":"https:\/\/www.oleaster.com.tr\/it\/wp-json\/wp\/v2\/product_tag?post=27915"}],"curies":[{"name":"wp","href":"https:\/\/api.w.org\/{rel}","templated":true}]}}