{"id":27891,"date":"2025-01-06T14:31:21","date_gmt":"2025-01-06T11:31:21","guid":{"rendered":"https:\/\/www.oleaster.com.tr\/urun\/city-land-xl-flere\/"},"modified":"2025-03-19T11:19:19","modified_gmt":"2025-03-19T08:19:19","slug":"city-land-xl-flere","status":"publish","type":"product","link":"https:\/\/www.oleaster.com.tr\/it\/urun\/city-land-xl-flere\/","title":{"rendered":"CITY LAND XL FLERE"},"content":{"rendered":"\t\t<div data-elementor-type=\"wp-post\" data-elementor-id=\"27891\" class=\"elementor elementor-27891 elementor-16109\">\n\t\t\t\t<div class=\"wd-negative-gap elementor-element elementor-element-53eea44 e-flex e-con-boxed e-con e-parent\" data-id=\"53eea44\" data-element_type=\"container\" data-e-type=\"container\">\n\t\t\t\t\t<div class=\"e-con-inner\">\n\t\t<div class=\"elementor-element elementor-element-cc8e042 e-con-full e-flex e-con e-child\" data-id=\"cc8e042\" data-element_type=\"container\" data-e-type=\"container\">\n\t\t\t\t<div class=\"elementor-element elementor-element-4a8a87a elementor-widget elementor-widget-wd_text_block\" data-id=\"4a8a87a\" data-element_type=\"widget\" data-e-type=\"widget\" data-widget_type=\"wd_text_block.default\">\n\t\t\t\t<div class=\"elementor-widget-container\">\n\t\t\t\t\t\t\t<div class=\"wd-text-block reset-last-child text-left\">\n\t\t\t\n\t\t\t<p>Il trasporto pubblico, o trasporto di massa, si riferisce a tutti i sistemi di trasporto utilizzati per viaggiare senza dipendere da veicoli personali. Uno dei problemi pi\u00f9 urgenti del mondo oggi \u00e8 il riscaldamento globale, e una delle sue principali cause sono le emissioni di scarico dei veicoli. I tradizionali sistemi di trasporto pubblico si basano tipicamente su grandi autobus. Tuttavia, operare questi veicoli in modo efficiente al di fuori delle aree metropolitane \u00e8 quasi impossibile. Per questo motivo, l'importanza dei veicoli per il trasporto passeggeri di dimensioni pi\u00f9 compatte sta crescendo, anche nelle grandi citt\u00e0. Questi veicoli non solo sono pi\u00f9 ecologici, ma contribuiscono anche a ridurre la congestione del traffico. Inoltre, per i professionisti e i lavoratori, il valore del tempo \u00e8 indiscutibile.<\/p><p>I veicoli progettati e costruiti con l\u2019avanzata competenza ingegneristica di <span style=\"color: #ff0000;\"><strong>OLEASTER<\/strong> <\/span>offrono un\u2019esperienza di viaggio piacevole, grazie a sistemi che alimentano dispositivi da ufficio, consentono una comunicazione rapida e garantiscono il massimo comfort. In un\u2019epoca in cui il tempo \u00e8 troppo prezioso per essere sprecato, chi desidera sfruttarlo al meglio sceglie <span style=\"color: #ff0000;\"><strong>OLEASTER<\/strong>.<\/span> Il <span style=\"color: #ff0000;\"><strong><u>CITY LAND XL FLERE<\/u><\/strong><\/span> presenta un telaio certificato con un accesso anteriore ribassato e senza gradini, garantendo un'accessibilit\u00e0 senza barriere. \u00c8 dotato di un sistema di porte scorrevoli appositamente progettato, con porte anteriori a doppia anta e una porta posteriore ad anta singola con meccanismi di sicurezza, per un\u2019esperienza di viaggio pi\u00f9 confortevole e senza ostacoli.<\/p><p>A seconda delle diverse configurazioni dei sedili, il <span style=\"color: #ff0000;\"><strong><u>CITY LAND XL FLERE<\/u><\/strong><\/span> pu\u00f2 ospitare tra 16 e 22 passeggeri seduti, compresi l'autista e l'assistente, in conformit\u00e0 con le normative e gli standard stradali di ciascun paese. Inoltre, offre soluzioni per il trasporto di passeggeri in piedi, rispettando pienamente le normative nazionali sulla sicurezza stradale e sul trasporto pubblico. Inoltre, ciascuno dei nostri veicoli integra diversi tipi e sistemi di accesso senza barriere, consentendo a un passeggero con mobilit\u00e0 ridotta di salire a bordo con facilit\u00e0. Grazie alle nostre caratteristiche di sicurezza appositamente progettate, possono viaggiare in totale sicurezza e comfort.<\/p><p>Noi di <span style=\"color: #ff0000;\"><strong>OLEASTER<\/strong> <\/span>consideriamo un nostro dovere dimostrare il nostro impegno sia verso le persone che verso l\u2019ambiente. Siamo orgogliosi di rendere questo principio il punto focale dei nostri progetti.<\/p>\n\t\t\t\t\t<\/div>\n\t\t\t\t\t\t<\/div>\n\t\t\t\t<\/div>\n\t\t\t\t<\/div>\n\t\t<div class=\"elementor-element elementor-element-738f371 e-con-full e-flex e-con e-child\" data-id=\"738f371\" data-element_type=\"container\" data-e-type=\"container\">\n\t\t\t\t<div class=\"elementor-element elementor-element-5586eab elementor-widget elementor-widget-wd_image_or_svg\" data-id=\"5586eab\" data-element_type=\"widget\" data-e-type=\"widget\" data-widget_type=\"wd_image_or_svg.default\">\n\t\t\t\t<div class=\"elementor-widget-container\">\n\t\t\t\t\t\n\t\t<div class=\"wd-image text-left\">\n\t\t\t\t\t\t\t\t<img loading=\"lazy\" decoding=\"async\" width=\"718\" height=\"718\" src=\"https:\/\/www.oleaster.com.tr\/wp-content\/uploads\/2025\/01\/CITY-LAND-XL-FLFRE-e1736163171971.jpg\" class=\"attachment-full size-full\" alt=\"CITY LAND XL FLERE\" srcset=\"https:\/\/www.oleaster.com.tr\/wp-content\/uploads\/2025\/01\/CITY-LAND-XL-FLFRE-e1736163171971.jpg 718w, https:\/\/www.oleaster.com.tr\/wp-content\/uploads\/2025\/01\/CITY-LAND-XL-FLFRE-e1736163171971-300x300.jpg 300w, https:\/\/www.oleaster.com.tr\/wp-content\/uploads\/2025\/01\/CITY-LAND-XL-FLFRE-e1736163171971-150x150.jpg 150w, https:\/\/www.oleaster.com.tr\/wp-content\/uploads\/2025\/01\/CITY-LAND-XL-FLFRE-e1736163171971-430x430.jpg 430w, https:\/\/www.oleaster.com.tr\/wp-content\/uploads\/2025\/01\/CITY-LAND-XL-FLFRE-e1736163171971-700x700.jpg 700w\" sizes=\"auto, (max-width: 718px) 100vw, 718px\" \/>\t\t\t\t\t<\/div>\n\n\t\t\t\t\t\t<\/div>\n\t\t\t\t<\/div>\n\t\t\t\t<\/div>\n\t\t\t\t\t<\/div>\n\t\t\t\t<\/div>\n\t\t\t\t<\/div>\n\t\t","protected":false},"excerpt":{"rendered":"<div class=\"legal-notice\" data-v-a1c10375=\"\" data-test-id=\"emh-legal-notice__text\">\n<div class=\"tag\">Il trasporto pubblico, o trasporto di massa, si riferisce a tutti i sistemi di trasporto utilizzati per viaggiare senza dipendere da veicoli personali.<\/div>\n<\/div>\n","protected":false},"featured_media":27892,"template":"","meta":[],"product_brand":[],"product_cat":[372],"product_tag":[378],"class_list":{"0":"post-27891","1":"product","2":"type-product","3":"status-publish","4":"has-post-thumbnail","6":"product_cat-veicoli-city","7":"product_tag-design-speciale","9":"first","10":"instock","11":"shipping-taxable","12":"purchasable","13":"product-type-simple"},"yoast_head":"<!-- This site is optimized with the Yoast SEO plugin v27.4 - https:\/\/yoast.com\/product\/yoast-seo-wordpress\/ -->\n<title>CITY LAND XL FLERE - Oleaster<\/title>\n<meta name=\"robots\" content=\"index, follow, max-snippet:-1, max-image-preview:large, max-video-preview:-1\" \/>\n<link rel=\"canonical\" href=\"https:\/\/www.oleaster.com.tr\/it\/urun\/city-land-xl-flere\/\" \/>\n<meta property=\"og:locale\" content=\"it_IT\" \/>\n<meta property=\"og:type\" content=\"article\" \/>\n<meta property=\"og:title\" content=\"CITY LAND XL FLERE - Oleaster\" \/>\n<meta property=\"og:description\" content=\"Il trasporto pubblico, o trasporto di massa, si riferisce a tutti i sistemi di trasporto utilizzati per viaggiare senza dipendere da veicoli personali.\" \/>\n<meta property=\"og:url\" content=\"https:\/\/www.oleaster.com.tr\/it\/urun\/city-land-xl-flere\/\" \/>\n<meta property=\"og:site_name\" content=\"Oleaster\" \/>\n<meta property=\"article:modified_time\" content=\"2025-03-19T08:19:19+00:00\" \/>\n<meta property=\"og:image\" content=\"https:\/\/www.oleaster.com.tr\/wp-content\/uploads\/2025\/01\/CITY-LAND-XL-FLFRE-e1736163171971.jpg\" \/>\n\t<meta property=\"og:image:width\" content=\"718\" \/>\n\t<meta property=\"og:image:height\" content=\"718\" \/>\n\t<meta property=\"og:image:type\" content=\"image\/jpeg\" \/>\n<meta name=\"twitter:card\" content=\"summary_large_image\" \/>\n<meta name=\"twitter:label1\" content=\"Tempo di lettura stimato\" \/>\n\t<meta name=\"twitter:data1\" content=\"3 minuti\" \/>\n<script type=\"application\/ld+json\" class=\"yoast-schema-graph\">{\"@context\":\"https:\\\/\\\/schema.org\",\"@graph\":[{\"@type\":\"WebPage\",\"@id\":\"https:\\\/\\\/www.oleaster.com.tr\\\/it\\\/urun\\\/city-land-xl-flere\\\/\",\"url\":\"https:\\\/\\\/www.oleaster.com.tr\\\/it\\\/urun\\\/city-land-xl-flere\\\/\",\"name\":\"CITY LAND XL FLERE - Oleaster\",\"isPartOf\":{\"@id\":\"https:\\\/\\\/www.oleaster.com.tr\\\/it\\\/#website\"},\"primaryImageOfPage\":{\"@id\":\"https:\\\/\\\/www.oleaster.com.tr\\\/it\\\/urun\\\/city-land-xl-flere\\\/#primaryimage\"},\"image\":{\"@id\":\"https:\\\/\\\/www.oleaster.com.tr\\\/it\\\/urun\\\/city-land-xl-flere\\\/#primaryimage\"},\"thumbnailUrl\":\"https:\\\/\\\/www.oleaster.com.tr\\\/wp-content\\\/uploads\\\/2025\\\/01\\\/CITY-LAND-XL-FLFRE-e1736163171971.jpg\",\"datePublished\":\"2025-01-06T11:31:21+00:00\",\"dateModified\":\"2025-03-19T08:19:19+00:00\",\"breadcrumb\":{\"@id\":\"https:\\\/\\\/www.oleaster.com.tr\\\/it\\\/urun\\\/city-land-xl-flere\\\/#breadcrumb\"},\"inLanguage\":\"it-IT\",\"potentialAction\":[{\"@type\":\"ReadAction\",\"target\":[\"https:\\\/\\\/www.oleaster.com.tr\\\/it\\\/urun\\\/city-land-xl-flere\\\/\"]}]},{\"@type\":\"ImageObject\",\"inLanguage\":\"it-IT\",\"@id\":\"https:\\\/\\\/www.oleaster.com.tr\\\/it\\\/urun\\\/city-land-xl-flere\\\/#primaryimage\",\"url\":\"https:\\\/\\\/www.oleaster.com.tr\\\/wp-content\\\/uploads\\\/2025\\\/01\\\/CITY-LAND-XL-FLFRE-e1736163171971.jpg\",\"contentUrl\":\"https:\\\/\\\/www.oleaster.com.tr\\\/wp-content\\\/uploads\\\/2025\\\/01\\\/CITY-LAND-XL-FLFRE-e1736163171971.jpg\",\"width\":718,\"height\":718},{\"@type\":\"BreadcrumbList\",\"@id\":\"https:\\\/\\\/www.oleaster.com.tr\\\/it\\\/urun\\\/city-land-xl-flere\\\/#breadcrumb\",\"itemListElement\":[{\"@type\":\"ListItem\",\"position\":1,\"name\":\"Anasayfa\",\"item\":\"https:\\\/\\\/www.oleaster.com.tr\\\/it\\\/oleaster\\\/\"},{\"@type\":\"ListItem\",\"position\":2,\"name\":\"Negozio\",\"item\":\"https:\\\/\\\/www.oleaster.com.tr\\\/it\\\/shop\\\/\"},{\"@type\":\"ListItem\",\"position\":3,\"name\":\"CITY LAND XL FLERE\"}]},{\"@type\":\"WebSite\",\"@id\":\"https:\\\/\\\/www.oleaster.com.tr\\\/it\\\/#website\",\"url\":\"https:\\\/\\\/www.oleaster.com.tr\\\/it\\\/\",\"name\":\"Oleaster\",\"description\":\"Siz Hayal Edin, Biz Yapal\u0131m\",\"publisher\":{\"@id\":\"https:\\\/\\\/www.oleaster.com.tr\\\/it\\\/#organization\"},\"potentialAction\":[{\"@type\":\"SearchAction\",\"target\":{\"@type\":\"EntryPoint\",\"urlTemplate\":\"https:\\\/\\\/www.oleaster.com.tr\\\/it\\\/?s={search_term_string}\"},\"query-input\":{\"@type\":\"PropertyValueSpecification\",\"valueRequired\":true,\"valueName\":\"search_term_string\"}}],\"inLanguage\":\"it-IT\"},{\"@type\":\"Organization\",\"@id\":\"https:\\\/\\\/www.oleaster.com.tr\\\/it\\\/#organization\",\"name\":\"Oleaster\",\"url\":\"https:\\\/\\\/www.oleaster.com.tr\\\/it\\\/\",\"logo\":{\"@type\":\"ImageObject\",\"inLanguage\":\"it-IT\",\"@id\":\"https:\\\/\\\/www.oleaster.com.tr\\\/it\\\/#\\\/schema\\\/logo\\\/image\\\/\",\"url\":\"https:\\\/\\\/www.oleaster.com.tr\\\/wp-content\\\/uploads\\\/2024\\\/12\\\/OLEASTER-scaled-1.webp\",\"contentUrl\":\"https:\\\/\\\/www.oleaster.com.tr\\\/wp-content\\\/uploads\\\/2024\\\/12\\\/OLEASTER-scaled-1.webp\",\"width\":2560,\"height\":1778,\"caption\":\"Oleaster\"},\"image\":{\"@id\":\"https:\\\/\\\/www.oleaster.com.tr\\\/it\\\/#\\\/schema\\\/logo\\\/image\\\/\"}}]}<\/script>\n<!-- \/ Yoast SEO plugin. -->","yoast_head_json":{"title":"CITY LAND XL FLERE - Oleaster","robots":{"index":"index","follow":"follow","max-snippet":"max-snippet:-1","max-image-preview":"max-image-preview:large","max-video-preview":"max-video-preview:-1"},"canonical":"https:\/\/www.oleaster.com.tr\/it\/urun\/city-land-xl-flere\/","og_locale":"it_IT","og_type":"article","og_title":"CITY LAND XL FLERE - Oleaster","og_description":"Il trasporto pubblico, o trasporto di massa, si riferisce a tutti i sistemi di trasporto utilizzati per viaggiare senza dipendere da veicoli personali.","og_url":"https:\/\/www.oleaster.com.tr\/it\/urun\/city-land-xl-flere\/","og_site_name":"Oleaster","article_modified_time":"2025-03-19T08:19:19+00:00","og_image":[{"width":718,"height":718,"url":"https:\/\/www.oleaster.com.tr\/wp-content\/uploads\/2025\/01\/CITY-LAND-XL-FLFRE-e1736163171971.jpg","type":"image\/jpeg"}],"twitter_card":"summary_large_image","twitter_misc":{"Tempo di lettura stimato":"3 minuti"},"schema":{"@context":"https:\/\/schema.org","@graph":[{"@type":"WebPage","@id":"https:\/\/www.oleaster.com.tr\/it\/urun\/city-land-xl-flere\/","url":"https:\/\/www.oleaster.com.tr\/it\/urun\/city-land-xl-flere\/","name":"CITY LAND XL FLERE - Oleaster","isPartOf":{"@id":"https:\/\/www.oleaster.com.tr\/it\/#website"},"primaryImageOfPage":{"@id":"https:\/\/www.oleaster.com.tr\/it\/urun\/city-land-xl-flere\/#primaryimage"},"image":{"@id":"https:\/\/www.oleaster.com.tr\/it\/urun\/city-land-xl-flere\/#primaryimage"},"thumbnailUrl":"https:\/\/www.oleaster.com.tr\/wp-content\/uploads\/2025\/01\/CITY-LAND-XL-FLFRE-e1736163171971.jpg","datePublished":"2025-01-06T11:31:21+00:00","dateModified":"2025-03-19T08:19:19+00:00","breadcrumb":{"@id":"https:\/\/www.oleaster.com.tr\/it\/urun\/city-land-xl-flere\/#breadcrumb"},"inLanguage":"it-IT","potentialAction":[{"@type":"ReadAction","target":["https:\/\/www.oleaster.com.tr\/it\/urun\/city-land-xl-flere\/"]}]},{"@type":"ImageObject","inLanguage":"it-IT","@id":"https:\/\/www.oleaster.com.tr\/it\/urun\/city-land-xl-flere\/#primaryimage","url":"https:\/\/www.oleaster.com.tr\/wp-content\/uploads\/2025\/01\/CITY-LAND-XL-FLFRE-e1736163171971.jpg","contentUrl":"https:\/\/www.oleaster.com.tr\/wp-content\/uploads\/2025\/01\/CITY-LAND-XL-FLFRE-e1736163171971.jpg","width":718,"height":718},{"@type":"BreadcrumbList","@id":"https:\/\/www.oleaster.com.tr\/it\/urun\/city-land-xl-flere\/#breadcrumb","itemListElement":[{"@type":"ListItem","position":1,"name":"Anasayfa","item":"https:\/\/www.oleaster.com.tr\/it\/oleaster\/"},{"@type":"ListItem","position":2,"name":"Negozio","item":"https:\/\/www.oleaster.com.tr\/it\/shop\/"},{"@type":"ListItem","position":3,"name":"CITY LAND XL FLERE"}]},{"@type":"WebSite","@id":"https:\/\/www.oleaster.com.tr\/it\/#website","url":"https:\/\/www.oleaster.com.tr\/it\/","name":"Oleaster","description":"Siz Hayal Edin, Biz Yapal\u0131m","publisher":{"@id":"https:\/\/www.oleaster.com.tr\/it\/#organization"},"potentialAction":[{"@type":"SearchAction","target":{"@type":"EntryPoint","urlTemplate":"https:\/\/www.oleaster.com.tr\/it\/?s={search_term_string}"},"query-input":{"@type":"PropertyValueSpecification","valueRequired":true,"valueName":"search_term_string"}}],"inLanguage":"it-IT"},{"@type":"Organization","@id":"https:\/\/www.oleaster.com.tr\/it\/#organization","name":"Oleaster","url":"https:\/\/www.oleaster.com.tr\/it\/","logo":{"@type":"ImageObject","inLanguage":"it-IT","@id":"https:\/\/www.oleaster.com.tr\/it\/#\/schema\/logo\/image\/","url":"https:\/\/www.oleaster.com.tr\/wp-content\/uploads\/2024\/12\/OLEASTER-scaled-1.webp","contentUrl":"https:\/\/www.oleaster.com.tr\/wp-content\/uploads\/2024\/12\/OLEASTER-scaled-1.webp","width":2560,"height":1778,"caption":"Oleaster"},"image":{"@id":"https:\/\/www.oleaster.com.tr\/it\/#\/schema\/logo\/image\/"}}]}},"_links":{"self":[{"href":"https:\/\/www.oleaster.com.tr\/it\/wp-json\/wp\/v2\/product\/27891","targetHints":{"allow":["GET"]}}],"collection":[{"href":"https:\/\/www.oleaster.com.tr\/it\/wp-json\/wp\/v2\/product"}],"about":[{"href":"https:\/\/www.oleaster.com.tr\/it\/wp-json\/wp\/v2\/types\/product"}],"version-history":[{"count":4,"href":"https:\/\/www.oleaster.com.tr\/it\/wp-json\/wp\/v2\/product\/27891\/revisions"}],"predecessor-version":[{"id":27898,"href":"https:\/\/www.oleaster.com.tr\/it\/wp-json\/wp\/v2\/product\/27891\/revisions\/27898"}],"wp:featuredmedia":[{"embeddable":true,"href":"https:\/\/www.oleaster.com.tr\/it\/wp-json\/wp\/v2\/media\/27892"}],"wp:attachment":[{"href":"https:\/\/www.oleaster.com.tr\/it\/wp-json\/wp\/v2\/media?parent=27891"}],"wp:term":[{"taxonomy":"product_brand","embeddable":true,"href":"https:\/\/www.oleaster.com.tr\/it\/wp-json\/wp\/v2\/product_brand?post=27891"},{"taxonomy":"product_cat","embeddable":true,"href":"https:\/\/www.oleaster.com.tr\/it\/wp-json\/wp\/v2\/product_cat?post=27891"},{"taxonomy":"product_tag","embeddable":true,"href":"https:\/\/www.oleaster.com.tr\/it\/wp-json\/wp\/v2\/product_tag?post=27891"}],"curies":[{"name":"wp","href":"https:\/\/api.w.org\/{rel}","templated":true}]}}