{"id":27853,"date":"2024-08-27T11:59:19","date_gmt":"2024-08-27T08:59:19","guid":{"rendered":"https:\/\/www.oleaster.com.tr\/urun\/city-land-xxl-fle\/"},"modified":"2025-09-04T11:58:56","modified_gmt":"2025-09-04T08:58:56","slug":"city-land-xxl-fle","status":"publish","type":"product","link":"https:\/\/www.oleaster.com.tr\/it\/urun\/city-land-xxl-fle\/","title":{"rendered":"CITY LAND XXL FLE"},"content":{"rendered":"\t\t<div data-elementor-type=\"wp-post\" data-elementor-id=\"27853\" class=\"elementor elementor-27853 elementor-372\">\n\t\t\t\t<div class=\"wd-negative-gap elementor-element elementor-element-53eea44 e-flex e-con-boxed e-con e-parent\" data-id=\"53eea44\" data-element_type=\"container\" data-e-type=\"container\">\n\t\t\t\t\t<div class=\"e-con-inner\">\n\t\t<div class=\"elementor-element elementor-element-cc8e042 e-con-full e-flex e-con e-child\" data-id=\"cc8e042\" data-element_type=\"container\" data-e-type=\"container\">\n\t\t\t\t<div class=\"elementor-element elementor-element-4a8a87a elementor-widget elementor-widget-wd_text_block\" data-id=\"4a8a87a\" data-element_type=\"widget\" data-e-type=\"widget\" data-widget_type=\"wd_text_block.default\">\n\t\t\t\t<div class=\"elementor-widget-container\">\n\t\t\t\t\t\t\t<div class=\"wd-text-block reset-last-child text-left\">\n\t\t\t\n\t\t\t<p>Il trasporto pubblico, o trasporto di massa, si riferisce a tutti i sistemi di trasporto utilizzati per viaggiare senza un veicolo personale. Oggi, uno dei problemi pi\u00f9 grandi del mondo \u00e8 il riscaldamento globale, e una delle sue principali cause sono le emissioni di scarico dei veicoli. I sistemi di trasporto pubblico tradizionali si basano su grandi autobus. Tuttavia, garantire l'uso continuo ed efficiente di questi veicoli di grandi dimensioni \u00e8 quasi impossibile al di fuori delle aree metropolitane. Per questo motivo, l'importanza dei veicoli per il trasporto passeggeri di scala pi\u00f9 ridotta sta aumentando di giorno in giorno, anche nelle grandi citt\u00e0. Questi veicoli non solo sono pi\u00f9 ecologici, ma contribuiscono anche a ridurre la congestione del traffico. Inoltre, per i professionisti, il tempo \u00e8 una risorsa preziosa.<\/p><p>Grazie alla superiore competenza ingegneristica di <span style=\"color: #ff0000;\"><strong>OLEASTER<\/strong><\/span>, questi veicoli offrono un'esperienza di viaggio piacevole e confortevole, dotati di sistemi di alimentazione per dispositivi da ufficio, connettivit\u00e0 veloce e massimo comfort. In un'epoca in cui il tempo \u00e8 troppo prezioso per essere sprecato, chi cerca efficienza sceglie <span style=\"color: #ff0000;\"><strong>OLEASTER<\/strong><\/span>. Il <span style=\"color: #ff0000;\"><strong><u>CITY LAND XXL FLE<\/u><\/strong><\/span> offre un accesso senza barriere, grazie a una struttura del telaio omologata con design anteriore ribassato. \u00c8 dotato di una porta scorrevole a doppia anta appositamente progettata, con sistema di sicurezza integrato, che garantisce un imbarco e uno sbarco semplici e confortevoli. Questo modello \u00e8 stato allungato di 60 cm all'interno dei criteri di omologazione Mercedes-Benz, per soddisfare ulteriori esigenze senza compromettere l\u2019impegno per l\u2019ingegneria e la qualit\u00e0.<\/p><p>Con il <span style=\"color: #ff0000;\"><strong><u>CITY LAND XXL FLE<\/u><\/strong>,<\/span> offriamo configurazioni di sedili flessibili per conformarsi alle normative sul traffico stradale di ciascun paese. A seconda delle leggi nazionali, il veicolo pu\u00f2 ospitare tra i 16 e i 25 passeggeri seduti, compresi l'autista e l'assistente. Inoltre, pu\u00f2 essere configurato per il trasporto di passeggeri in piedi, rispettando le normative e i requisiti di sicurezza pertinenti. Inoltre, ciascuno dei nostri veicoli include soluzioni di accessibilit\u00e0 personalizzate per diverse esigenze. Grazie ai nostri sistemi di ingresso senza barriere, un passeggero con mobilit\u00e0 ridotta pu\u00f2 accedere facilmente al veicolo, supportato dai nostri sistemi di sicurezza appositamente progettati, garantendo un viaggio sicuro e confortevole.<\/p><p>Noi di <span style=\"color: #ff0000;\"><strong>OLEASTER<\/strong> <\/span>consideriamo un nostro dovere dare priorit\u00e0 sia alle persone che all'ambiente e siamo orgogliosi di rendere questo principio il fulcro dei nostri progetti.<\/p>\n\t\t\t\t\t<\/div>\n\t\t\t\t\t\t<\/div>\n\t\t\t\t<\/div>\n\t\t\t\t<\/div>\n\t\t<div class=\"elementor-element elementor-element-aa8e1e2 e-con-full e-flex e-con e-child\" data-id=\"aa8e1e2\" data-element_type=\"container\" data-e-type=\"container\">\n\t\t\t\t<div class=\"elementor-element elementor-element-0b25a21 elementor-widget elementor-widget-wd_image_or_svg\" data-id=\"0b25a21\" data-element_type=\"widget\" data-e-type=\"widget\" data-widget_type=\"wd_image_or_svg.default\">\n\t\t\t\t<div class=\"elementor-widget-container\">\n\t\t\t\t\t\n\t\t<div class=\"wd-image text-left\">\n\t\t\t\t\t\t\t\t<img loading=\"lazy\" decoding=\"async\" width=\"768\" height=\"1024\" src=\"https:\/\/www.oleaster.com.tr\/wp-content\/uploads\/2024\/08\/city_land_XXLFLE_dikey_002-min-768x1024.webp\" class=\"attachment-medium_large size-medium_large\" alt=\"\" srcset=\"https:\/\/www.oleaster.com.tr\/wp-content\/uploads\/2024\/08\/city_land_XXLFLE_dikey_002-min-768x1024.webp 768w, https:\/\/www.oleaster.com.tr\/wp-content\/uploads\/2024\/08\/city_land_XXLFLE_dikey_002-min-225x300.webp 225w, https:\/\/www.oleaster.com.tr\/wp-content\/uploads\/2024\/08\/city_land_XXLFLE_dikey_002-min-600x800.webp 600w, https:\/\/www.oleaster.com.tr\/wp-content\/uploads\/2024\/08\/city_land_XXLFLE_dikey_002-min-1152x1536.webp 1152w, https:\/\/www.oleaster.com.tr\/wp-content\/uploads\/2024\/08\/city_land_XXLFLE_dikey_002-min-1536x2048.webp 1536w, https:\/\/www.oleaster.com.tr\/wp-content\/uploads\/2024\/08\/city_land_XXLFLE_dikey_002-min-430x573.webp 430w, https:\/\/www.oleaster.com.tr\/wp-content\/uploads\/2024\/08\/city_land_XXLFLE_dikey_002-min-700x933.webp 700w, https:\/\/www.oleaster.com.tr\/wp-content\/uploads\/2024\/08\/city_land_XXLFLE_dikey_002-min-150x200.webp 150w, https:\/\/www.oleaster.com.tr\/wp-content\/uploads\/2024\/08\/city_land_XXLFLE_dikey_002-min-scaled.webp 1920w\" sizes=\"auto, (max-width: 768px) 100vw, 768px\" \/>\t\t\t\t\t<\/div>\n\n\t\t\t\t\t\t<\/div>\n\t\t\t\t<\/div>\n\t\t\t\t<div class=\"elementor-element elementor-element-385f2b3 elementor-widget elementor-widget-wd_image_or_svg\" data-id=\"385f2b3\" data-element_type=\"widget\" data-e-type=\"widget\" data-widget_type=\"wd_image_or_svg.default\">\n\t\t\t\t<div class=\"elementor-widget-container\">\n\t\t\t\t\t\n\t\t<div class=\"wd-image text-left\">\n\t\t\t\t\t\t\t\t<img loading=\"lazy\" decoding=\"async\" width=\"768\" height=\"1024\" src=\"https:\/\/www.oleaster.com.tr\/wp-content\/uploads\/2024\/08\/city_land_XXLFLE_dikey_003-min-768x1024.webp\" class=\"attachment-medium_large size-medium_large\" alt=\"\" srcset=\"https:\/\/www.oleaster.com.tr\/wp-content\/uploads\/2024\/08\/city_land_XXLFLE_dikey_003-min-768x1024.webp 768w, https:\/\/www.oleaster.com.tr\/wp-content\/uploads\/2024\/08\/city_land_XXLFLE_dikey_003-min-225x300.webp 225w, https:\/\/www.oleaster.com.tr\/wp-content\/uploads\/2024\/08\/city_land_XXLFLE_dikey_003-min-600x800.webp 600w, https:\/\/www.oleaster.com.tr\/wp-content\/uploads\/2024\/08\/city_land_XXLFLE_dikey_003-min-1152x1536.webp 1152w, https:\/\/www.oleaster.com.tr\/wp-content\/uploads\/2024\/08\/city_land_XXLFLE_dikey_003-min-1536x2048.webp 1536w, https:\/\/www.oleaster.com.tr\/wp-content\/uploads\/2024\/08\/city_land_XXLFLE_dikey_003-min-430x573.webp 430w, https:\/\/www.oleaster.com.tr\/wp-content\/uploads\/2024\/08\/city_land_XXLFLE_dikey_003-min-700x933.webp 700w, https:\/\/www.oleaster.com.tr\/wp-content\/uploads\/2024\/08\/city_land_XXLFLE_dikey_003-min-150x200.webp 150w, https:\/\/www.oleaster.com.tr\/wp-content\/uploads\/2024\/08\/city_land_XXLFLE_dikey_003-min-scaled.webp 1920w\" sizes=\"auto, (max-width: 768px) 100vw, 768px\" \/>\t\t\t\t\t<\/div>\n\n\t\t\t\t\t\t<\/div>\n\t\t\t\t<\/div>\n\t\t\t\t<\/div>\n\t\t<div class=\"elementor-element elementor-element-8a7810d e-con-full e-flex e-con e-child\" data-id=\"8a7810d\" data-element_type=\"container\" data-e-type=\"container\">\n\t\t\t\t<div class=\"elementor-element elementor-element-2a814ef elementor-widget elementor-widget-wd_image_or_svg\" data-id=\"2a814ef\" data-element_type=\"widget\" data-e-type=\"widget\" data-widget_type=\"wd_image_or_svg.default\">\n\t\t\t\t<div class=\"elementor-widget-container\">\n\t\t\t\t\t\n\t\t<div class=\"wd-image text-left\">\n\t\t\t\t\t\t\t\t<img loading=\"lazy\" decoding=\"async\" width=\"768\" height=\"1025\" src=\"https:\/\/www.oleaster.com.tr\/wp-content\/uploads\/2024\/08\/city_land_XXLFLE_dikey_010-768x1025.webp\" class=\"attachment-medium_large size-medium_large\" alt=\"\" srcset=\"https:\/\/www.oleaster.com.tr\/wp-content\/uploads\/2024\/08\/city_land_XXLFLE_dikey_010-768x1025.webp 768w, https:\/\/www.oleaster.com.tr\/wp-content\/uploads\/2024\/08\/city_land_XXLFLE_dikey_010-225x300.webp 225w, https:\/\/www.oleaster.com.tr\/wp-content\/uploads\/2024\/08\/city_land_XXLFLE_dikey_010-600x800.webp 600w, https:\/\/www.oleaster.com.tr\/wp-content\/uploads\/2024\/08\/city_land_XXLFLE_dikey_010-430x574.webp 430w, https:\/\/www.oleaster.com.tr\/wp-content\/uploads\/2024\/08\/city_land_XXLFLE_dikey_010-700x934.webp 700w, https:\/\/www.oleaster.com.tr\/wp-content\/uploads\/2024\/08\/city_land_XXLFLE_dikey_010-150x200.webp 150w, https:\/\/www.oleaster.com.tr\/wp-content\/uploads\/2024\/08\/city_land_XXLFLE_dikey_010.webp 906w\" sizes=\"auto, (max-width: 768px) 100vw, 768px\" \/>\t\t\t\t\t<\/div>\n\n\t\t\t\t\t\t<\/div>\n\t\t\t\t<\/div>\n\t\t\t\t<div class=\"elementor-element elementor-element-74554fa elementor-widget elementor-widget-wd_image_or_svg\" data-id=\"74554fa\" data-element_type=\"widget\" data-e-type=\"widget\" data-widget_type=\"wd_image_or_svg.default\">\n\t\t\t\t<div class=\"elementor-widget-container\">\n\t\t\t\t\t\n\t\t<div class=\"wd-image text-left\">\n\t\t\t\t\t\t\t\t<img loading=\"lazy\" decoding=\"async\" width=\"768\" height=\"1027\" src=\"https:\/\/www.oleaster.com.tr\/wp-content\/uploads\/2024\/08\/city_land_XXLFLE_dikey_007-min-768x1027.webp\" class=\"attachment-medium_large size-medium_large\" alt=\"\" srcset=\"https:\/\/www.oleaster.com.tr\/wp-content\/uploads\/2024\/08\/city_land_XXLFLE_dikey_007-min-768x1027.webp 768w, https:\/\/www.oleaster.com.tr\/wp-content\/uploads\/2024\/08\/city_land_XXLFLE_dikey_007-min-224x300.webp 224w, https:\/\/www.oleaster.com.tr\/wp-content\/uploads\/2024\/08\/city_land_XXLFLE_dikey_007-min-598x800.webp 598w, https:\/\/www.oleaster.com.tr\/wp-content\/uploads\/2024\/08\/city_land_XXLFLE_dikey_007-min-1149x1536.webp 1149w, https:\/\/www.oleaster.com.tr\/wp-content\/uploads\/2024\/08\/city_land_XXLFLE_dikey_007-min-1532x2048.webp 1532w, https:\/\/www.oleaster.com.tr\/wp-content\/uploads\/2024\/08\/city_land_XXLFLE_dikey_007-min-430x575.webp 430w, https:\/\/www.oleaster.com.tr\/wp-content\/uploads\/2024\/08\/city_land_XXLFLE_dikey_007-min-700x936.webp 700w, https:\/\/www.oleaster.com.tr\/wp-content\/uploads\/2024\/08\/city_land_XXLFLE_dikey_007-min-150x201.webp 150w, https:\/\/www.oleaster.com.tr\/wp-content\/uploads\/2024\/08\/city_land_XXLFLE_dikey_007-min-scaled.webp 1915w\" sizes=\"auto, (max-width: 768px) 100vw, 768px\" \/>\t\t\t\t\t<\/div>\n\n\t\t\t\t\t\t<\/div>\n\t\t\t\t<\/div>\n\t\t\t\t<\/div>\n\t\t\t\t\t<\/div>\n\t\t\t\t<\/div>\n\t\t\t\t<\/div>\n\t\t","protected":false},"excerpt":{"rendered":"<div class=\"legal-notice\" data-v-a1c10375=\"\" data-test-id=\"emh-legal-notice__text\">\n<div class=\"tag\">Il trasporto pubblico, o trasporto di massa, si riferisce a tutti i sistemi di trasporto utilizzati per viaggiare senza un veicolo personale.<\/div>\n<\/div>\n","protected":false},"featured_media":33731,"template":"","meta":[],"product_brand":[],"product_cat":[372],"product_tag":[378],"class_list":{"0":"post-27853","1":"product","2":"type-product","3":"status-publish","4":"has-post-thumbnail","6":"product_cat-veicoli-city","7":"product_tag-design-speciale","9":"first","10":"instock","11":"shipping-taxable","12":"purchasable","13":"product-type-simple"},"yoast_head":"<!-- This site is optimized with the Yoast SEO plugin v27.4 - https:\/\/yoast.com\/product\/yoast-seo-wordpress\/ -->\n<title>CITY LAND XXL FLE - Oleaster<\/title>\n<meta name=\"robots\" content=\"index, follow, max-snippet:-1, max-image-preview:large, max-video-preview:-1\" \/>\n<link rel=\"canonical\" href=\"https:\/\/www.oleaster.com.tr\/it\/urun\/city-land-xxl-fle\/\" \/>\n<meta property=\"og:locale\" content=\"it_IT\" \/>\n<meta property=\"og:type\" content=\"article\" \/>\n<meta property=\"og:title\" content=\"CITY LAND XXL FLE - Oleaster\" \/>\n<meta property=\"og:description\" content=\"Il trasporto pubblico, o trasporto di massa, si riferisce a tutti i sistemi di trasporto utilizzati per viaggiare senza un veicolo personale.\" \/>\n<meta property=\"og:url\" content=\"https:\/\/www.oleaster.com.tr\/it\/urun\/city-land-xxl-fle\/\" \/>\n<meta property=\"og:site_name\" content=\"Oleaster\" \/>\n<meta property=\"article:modified_time\" content=\"2025-09-04T08:58:56+00:00\" \/>\n<meta property=\"og:image\" content=\"https:\/\/www.oleaster.com.tr\/wp-content\/uploads\/2024\/08\/city_land_XXLFLE_001-min.webp\" \/>\n\t<meta property=\"og:image:width\" content=\"2368\" \/>\n\t<meta property=\"og:image:height\" content=\"1728\" \/>\n\t<meta property=\"og:image:type\" content=\"image\/webp\" \/>\n<meta name=\"twitter:card\" content=\"summary_large_image\" \/>\n<meta name=\"twitter:label1\" content=\"Tempo di lettura stimato\" \/>\n\t<meta name=\"twitter:data1\" content=\"3 minuti\" \/>\n<script type=\"application\/ld+json\" class=\"yoast-schema-graph\">{\"@context\":\"https:\\\/\\\/schema.org\",\"@graph\":[{\"@type\":\"WebPage\",\"@id\":\"https:\\\/\\\/www.oleaster.com.tr\\\/it\\\/urun\\\/city-land-xxl-fle\\\/\",\"url\":\"https:\\\/\\\/www.oleaster.com.tr\\\/it\\\/urun\\\/city-land-xxl-fle\\\/\",\"name\":\"CITY LAND XXL FLE - Oleaster\",\"isPartOf\":{\"@id\":\"https:\\\/\\\/www.oleaster.com.tr\\\/it\\\/#website\"},\"primaryImageOfPage\":{\"@id\":\"https:\\\/\\\/www.oleaster.com.tr\\\/it\\\/urun\\\/city-land-xxl-fle\\\/#primaryimage\"},\"image\":{\"@id\":\"https:\\\/\\\/www.oleaster.com.tr\\\/it\\\/urun\\\/city-land-xxl-fle\\\/#primaryimage\"},\"thumbnailUrl\":\"https:\\\/\\\/www.oleaster.com.tr\\\/wp-content\\\/uploads\\\/2024\\\/08\\\/city_land_XXLFLE_001-min.webp\",\"datePublished\":\"2024-08-27T08:59:19+00:00\",\"dateModified\":\"2025-09-04T08:58:56+00:00\",\"breadcrumb\":{\"@id\":\"https:\\\/\\\/www.oleaster.com.tr\\\/it\\\/urun\\\/city-land-xxl-fle\\\/#breadcrumb\"},\"inLanguage\":\"it-IT\",\"potentialAction\":[{\"@type\":\"ReadAction\",\"target\":[\"https:\\\/\\\/www.oleaster.com.tr\\\/it\\\/urun\\\/city-land-xxl-fle\\\/\"]}]},{\"@type\":\"ImageObject\",\"inLanguage\":\"it-IT\",\"@id\":\"https:\\\/\\\/www.oleaster.com.tr\\\/it\\\/urun\\\/city-land-xxl-fle\\\/#primaryimage\",\"url\":\"https:\\\/\\\/www.oleaster.com.tr\\\/wp-content\\\/uploads\\\/2024\\\/08\\\/city_land_XXLFLE_001-min.webp\",\"contentUrl\":\"https:\\\/\\\/www.oleaster.com.tr\\\/wp-content\\\/uploads\\\/2024\\\/08\\\/city_land_XXLFLE_001-min.webp\",\"width\":2368,\"height\":1728},{\"@type\":\"BreadcrumbList\",\"@id\":\"https:\\\/\\\/www.oleaster.com.tr\\\/it\\\/urun\\\/city-land-xxl-fle\\\/#breadcrumb\",\"itemListElement\":[{\"@type\":\"ListItem\",\"position\":1,\"name\":\"Anasayfa\",\"item\":\"https:\\\/\\\/www.oleaster.com.tr\\\/it\\\/oleaster\\\/\"},{\"@type\":\"ListItem\",\"position\":2,\"name\":\"Negozio\",\"item\":\"https:\\\/\\\/www.oleaster.com.tr\\\/it\\\/shop\\\/\"},{\"@type\":\"ListItem\",\"position\":3,\"name\":\"CITY LAND XXL FLE\"}]},{\"@type\":\"WebSite\",\"@id\":\"https:\\\/\\\/www.oleaster.com.tr\\\/it\\\/#website\",\"url\":\"https:\\\/\\\/www.oleaster.com.tr\\\/it\\\/\",\"name\":\"Oleaster\",\"description\":\"Siz Hayal Edin, Biz Yapal\u0131m\",\"publisher\":{\"@id\":\"https:\\\/\\\/www.oleaster.com.tr\\\/it\\\/#organization\"},\"potentialAction\":[{\"@type\":\"SearchAction\",\"target\":{\"@type\":\"EntryPoint\",\"urlTemplate\":\"https:\\\/\\\/www.oleaster.com.tr\\\/it\\\/?s={search_term_string}\"},\"query-input\":{\"@type\":\"PropertyValueSpecification\",\"valueRequired\":true,\"valueName\":\"search_term_string\"}}],\"inLanguage\":\"it-IT\"},{\"@type\":\"Organization\",\"@id\":\"https:\\\/\\\/www.oleaster.com.tr\\\/it\\\/#organization\",\"name\":\"Oleaster\",\"url\":\"https:\\\/\\\/www.oleaster.com.tr\\\/it\\\/\",\"logo\":{\"@type\":\"ImageObject\",\"inLanguage\":\"it-IT\",\"@id\":\"https:\\\/\\\/www.oleaster.com.tr\\\/it\\\/#\\\/schema\\\/logo\\\/image\\\/\",\"url\":\"https:\\\/\\\/www.oleaster.com.tr\\\/wp-content\\\/uploads\\\/2024\\\/12\\\/OLEASTER-scaled-1.webp\",\"contentUrl\":\"https:\\\/\\\/www.oleaster.com.tr\\\/wp-content\\\/uploads\\\/2024\\\/12\\\/OLEASTER-scaled-1.webp\",\"width\":2560,\"height\":1778,\"caption\":\"Oleaster\"},\"image\":{\"@id\":\"https:\\\/\\\/www.oleaster.com.tr\\\/it\\\/#\\\/schema\\\/logo\\\/image\\\/\"}}]}<\/script>\n<!-- \/ Yoast SEO plugin. -->","yoast_head_json":{"title":"CITY LAND XXL FLE - Oleaster","robots":{"index":"index","follow":"follow","max-snippet":"max-snippet:-1","max-image-preview":"max-image-preview:large","max-video-preview":"max-video-preview:-1"},"canonical":"https:\/\/www.oleaster.com.tr\/it\/urun\/city-land-xxl-fle\/","og_locale":"it_IT","og_type":"article","og_title":"CITY LAND XXL FLE - Oleaster","og_description":"Il trasporto pubblico, o trasporto di massa, si riferisce a tutti i sistemi di trasporto utilizzati per viaggiare senza un veicolo personale.","og_url":"https:\/\/www.oleaster.com.tr\/it\/urun\/city-land-xxl-fle\/","og_site_name":"Oleaster","article_modified_time":"2025-09-04T08:58:56+00:00","og_image":[{"width":2368,"height":1728,"url":"https:\/\/www.oleaster.com.tr\/wp-content\/uploads\/2024\/08\/city_land_XXLFLE_001-min.webp","type":"image\/webp"}],"twitter_card":"summary_large_image","twitter_misc":{"Tempo di lettura stimato":"3 minuti"},"schema":{"@context":"https:\/\/schema.org","@graph":[{"@type":"WebPage","@id":"https:\/\/www.oleaster.com.tr\/it\/urun\/city-land-xxl-fle\/","url":"https:\/\/www.oleaster.com.tr\/it\/urun\/city-land-xxl-fle\/","name":"CITY LAND XXL FLE - Oleaster","isPartOf":{"@id":"https:\/\/www.oleaster.com.tr\/it\/#website"},"primaryImageOfPage":{"@id":"https:\/\/www.oleaster.com.tr\/it\/urun\/city-land-xxl-fle\/#primaryimage"},"image":{"@id":"https:\/\/www.oleaster.com.tr\/it\/urun\/city-land-xxl-fle\/#primaryimage"},"thumbnailUrl":"https:\/\/www.oleaster.com.tr\/wp-content\/uploads\/2024\/08\/city_land_XXLFLE_001-min.webp","datePublished":"2024-08-27T08:59:19+00:00","dateModified":"2025-09-04T08:58:56+00:00","breadcrumb":{"@id":"https:\/\/www.oleaster.com.tr\/it\/urun\/city-land-xxl-fle\/#breadcrumb"},"inLanguage":"it-IT","potentialAction":[{"@type":"ReadAction","target":["https:\/\/www.oleaster.com.tr\/it\/urun\/city-land-xxl-fle\/"]}]},{"@type":"ImageObject","inLanguage":"it-IT","@id":"https:\/\/www.oleaster.com.tr\/it\/urun\/city-land-xxl-fle\/#primaryimage","url":"https:\/\/www.oleaster.com.tr\/wp-content\/uploads\/2024\/08\/city_land_XXLFLE_001-min.webp","contentUrl":"https:\/\/www.oleaster.com.tr\/wp-content\/uploads\/2024\/08\/city_land_XXLFLE_001-min.webp","width":2368,"height":1728},{"@type":"BreadcrumbList","@id":"https:\/\/www.oleaster.com.tr\/it\/urun\/city-land-xxl-fle\/#breadcrumb","itemListElement":[{"@type":"ListItem","position":1,"name":"Anasayfa","item":"https:\/\/www.oleaster.com.tr\/it\/oleaster\/"},{"@type":"ListItem","position":2,"name":"Negozio","item":"https:\/\/www.oleaster.com.tr\/it\/shop\/"},{"@type":"ListItem","position":3,"name":"CITY LAND XXL FLE"}]},{"@type":"WebSite","@id":"https:\/\/www.oleaster.com.tr\/it\/#website","url":"https:\/\/www.oleaster.com.tr\/it\/","name":"Oleaster","description":"Siz Hayal Edin, Biz Yapal\u0131m","publisher":{"@id":"https:\/\/www.oleaster.com.tr\/it\/#organization"},"potentialAction":[{"@type":"SearchAction","target":{"@type":"EntryPoint","urlTemplate":"https:\/\/www.oleaster.com.tr\/it\/?s={search_term_string}"},"query-input":{"@type":"PropertyValueSpecification","valueRequired":true,"valueName":"search_term_string"}}],"inLanguage":"it-IT"},{"@type":"Organization","@id":"https:\/\/www.oleaster.com.tr\/it\/#organization","name":"Oleaster","url":"https:\/\/www.oleaster.com.tr\/it\/","logo":{"@type":"ImageObject","inLanguage":"it-IT","@id":"https:\/\/www.oleaster.com.tr\/it\/#\/schema\/logo\/image\/","url":"https:\/\/www.oleaster.com.tr\/wp-content\/uploads\/2024\/12\/OLEASTER-scaled-1.webp","contentUrl":"https:\/\/www.oleaster.com.tr\/wp-content\/uploads\/2024\/12\/OLEASTER-scaled-1.webp","width":2560,"height":1778,"caption":"Oleaster"},"image":{"@id":"https:\/\/www.oleaster.com.tr\/it\/#\/schema\/logo\/image\/"}}]}},"_links":{"self":[{"href":"https:\/\/www.oleaster.com.tr\/it\/wp-json\/wp\/v2\/product\/27853","targetHints":{"allow":["GET"]}}],"collection":[{"href":"https:\/\/www.oleaster.com.tr\/it\/wp-json\/wp\/v2\/product"}],"about":[{"href":"https:\/\/www.oleaster.com.tr\/it\/wp-json\/wp\/v2\/types\/product"}],"version-history":[{"count":13,"href":"https:\/\/www.oleaster.com.tr\/it\/wp-json\/wp\/v2\/product\/27853\/revisions"}],"predecessor-version":[{"id":33943,"href":"https:\/\/www.oleaster.com.tr\/it\/wp-json\/wp\/v2\/product\/27853\/revisions\/33943"}],"wp:featuredmedia":[{"embeddable":true,"href":"https:\/\/www.oleaster.com.tr\/it\/wp-json\/wp\/v2\/media\/33731"}],"wp:attachment":[{"href":"https:\/\/www.oleaster.com.tr\/it\/wp-json\/wp\/v2\/media?parent=27853"}],"wp:term":[{"taxonomy":"product_brand","embeddable":true,"href":"https:\/\/www.oleaster.com.tr\/it\/wp-json\/wp\/v2\/product_brand?post=27853"},{"taxonomy":"product_cat","embeddable":true,"href":"https:\/\/www.oleaster.com.tr\/it\/wp-json\/wp\/v2\/product_cat?post=27853"},{"taxonomy":"product_tag","embeddable":true,"href":"https:\/\/www.oleaster.com.tr\/it\/wp-json\/wp\/v2\/product_tag?post=27853"}],"curies":[{"name":"wp","href":"https:\/\/api.w.org\/{rel}","templated":true}]}}