{"id":25976,"date":"2024-12-23T07:30:45","date_gmt":"2024-12-23T04:30:45","guid":{"rendered":"https:\/\/www.oleaster.com.tr\/cerez-politikasi\/"},"modified":"2025-03-13T10:29:56","modified_gmt":"2025-03-13T07:29:56","slug":"politica-dei-cookie","status":"publish","type":"page","link":"https:\/\/www.oleaster.com.tr\/it\/politica-dei-cookie\/","title":{"rendered":"POLITICA DEI COOKIE"},"content":{"rendered":"\t\t<div data-elementor-type=\"wp-page\" data-elementor-id=\"25976\" class=\"elementor elementor-25976 elementor-3\">\n\t\t\t\t<div class=\"wd-negative-gap elementor-element elementor-element-48fb42b3 e-flex e-con-boxed e-con e-parent\" data-id=\"48fb42b3\" data-element_type=\"container\" data-e-type=\"container\">\n\t\t\t\t\t<div class=\"e-con-inner\">\n\t\t\t\t<div class=\"elementor-element elementor-element-7b54c2a4 color-scheme-inherit text-left elementor-widget elementor-widget-text-editor\" data-id=\"7b54c2a4\" data-element_type=\"widget\" data-e-type=\"widget\" data-widget_type=\"text-editor.default\">\n\t\t\t\t<div class=\"elementor-widget-container\">\n\t\t\t\t\t\t\t\t\t\n<p>Per i cookie che utilizziamo sul sito web e sul sito mobile di <strong>OLEASTER<\/strong>, viene ottenuto il consenso esplicito degli utenti, ai quali viene data la possibilit\u00e0 di modificare tale consenso in qualsiasi momento. Questo sistema, che chiamiamo gestione aperta del consenso, si trova nel banner presente nella home page del sito. Attraverso questo banner, gli utenti potranno conoscere le tipologie di cookie utilizzati sul sito, i proprietari dei cookie, lo scopo e la natura dei cookie e la loro durata, e potranno determinare le proprie preferenze con l&#8217;opzione &#8220;attivo&#8221; o &#8220;inattivo&#8221; per tutti i cookie diversi dai Cookie Obbligatori. Anche in questo caso, \u00e8 possibile modificare in qualsiasi momento le preferenze indicate tramite questo banner.<\/p>\n<p>Tipi di cookie<\/p>\n<p>Tipologie di cookie in base al periodo di utilizzo: I siti web delle piattaforme di commercio elettronico gestite da <strong>OLEASTER<\/strong> utilizzano cookie di sessione e cookie persistenti in base al periodo di utilizzo. Un cookie di sessione scade quando chiudi il browser. Un cookie persistente rimane sul disco rigido per un lungo periodo di tempo o per un periodo indefinito.<\/p>\n<p>Tipi di cookie in base al proprietario del cookie o alla parte che inserisce il cookie: sul sito web e sul sito mobile gestiti da Oleaster Otomotiv Sanayi ve Ticaret Anonim \u015eirketi vengono utilizzati i &#8220;cookie <strong>OLEASTER<\/strong> (cookie di prima parte)&#8221; e i &#8220;cookie di terze parti&#8221;, a seconda della parte che inserisce i cookie.I cookie <strong>OLEASTER<\/strong> sono creati da <strong>OLEASTER<\/strong>, mentre i cookie di terze parti sono gestiti da societ\u00e0 terze con cui collaboriamo (come Google, Facebook).<\/p>\n<p>Tipologie di cookie in base alla finalit\u00e0 d&#8217;uso: Sul sito web e sul sito mobile di <strong>OLEASTER<\/strong> vengono utilizzati i seguenti cookie in base alla finalit\u00e0 d&#8217;uso:<\/p>\n<p>1 &#8211; Cookie essenziali: questi cookie sono necessari per il funzionamento del sito web e non possono essere disattivati \u200b\u200bnei nostri sistemi. Consente di navigare sul sito web e di utilizzarne le funzionalit\u00e0, ad esempio impostando le preferenze sulla privacy, effettuando l&#8217;accesso o compilando moduli che corrispondono a una richiesta di servizi.<\/p>\n<p>2 &#8211; Cookie di prestazione: questi cookie vengono utilizzati per migliorare il funzionamento del sito web. Non raccoglie informazioni che identificano il visitatore. Contiene informazioni su come i visitatori utilizzano il sito web (ad esempio, se ricevono messaggi di errore sulle pagine web).<\/p>\n<p>3 &#8211; Cookie funzionali: questi cookie consentono al sito web di ricordare le scelte effettuate dall&#8217;utente (ad esempio il nome utente, la lingua o la regione in cui ci si trova) e di fornire funzionalit\u00e0 avanzate e pi\u00f9 personalizzate. Pu\u00f2 essere utilizzato anche per ricordare le modifiche apportate alle dimensioni del testo, ai caratteri e ad altre parti delle pagine web che \u00e8 possibile personalizzare. Le informazioni raccolte da questi cookie potrebbero restare private e non possono tracciare la tua attivit\u00e0 di navigazione su altri siti web. Se non si consentono questi cookie, alcune o tutte queste funzioni potrebbero non funzionare correttamente.<\/p>\n<p>4 &#8211; Cookie di targeting e pubblicitari: questi cookie vengono utilizzati per creare il tuo profilo e fornirti annunci pubblicitari pertinenti ai tuoi interessi. Viene utilizzato anche per limitare il numero di volte in cui viene visualizzato un annuncio pubblicitario e per aiutare a misurare l&#8217;efficacia della campagna pubblicitaria. Di solito viene inserito nelle reti pubblicitarie con il permesso del proprietario del sito web (ad esempio, siti di social media). Le informazioni relative alla tua visita al sito web vengono condivise con inserzionisti e altre organizzazioni. Se questi cookie non vengono consentiti, potresti non essere in grado di visualizzare la nostra pubblicit\u00e0 mirata sui diversi siti web.<\/p>\n<p>In che modo <strong>OLEASTER<\/strong> utilizza i cookie di terze parti per la pubblicit\u00e0 e il retargeting?<\/p>\n<p><strong>OLEASTER<\/strong> utilizza i dati personali rilevanti ottenuti con il tuo esplicito consenso da fonti online e offline allo scopo di fornirti e offrirti vari vantaggi nelle applicazioni pubblicitarie personalizzate e per pubblicit\u00e0, promozione, vendite, marketing, gestione eventi, promozione, notifica di campagne, arricchimento dei dati, targeting cross-device e visualizzazione di annunci pubblicitari tramite motori di ricerca che sono personalmente adatti a te. In questo senso, trae vantaggio anche dalle piattaforme di gestione dei dati, dalle piattaforme dei social media e da piattaforme e tecnologie pubblicitarie digitali simili. Collabora con diverse aziende nell&#8217;ambito di determinati contratti per la gestione di queste piattaforme e riceve supporto da diverse aziende nei processi operativi.<\/p>\n<p><strong>OLEASTER<\/strong> classifica i propri clienti in varie categorie e gruppi su piattaforme o tecnologie pubblicitarie digitali, utilizzando informazioni sui clienti online ottenute tramite metodi quali cookie, informazioni di identificazione dei dispositivi digitali e SDK, e informazioni sui clienti ottenute da fonti offline. Questi dati vengono integrati nelle piattaforme pubblicitarie digitali e conservati in modo sicuro mediante vari algoritmi e metodi di crittografia accettati a livello internazionale.<\/p>\n<p>Per realizzare la pubblicit\u00e0 basata su Internet, utilizza l&#8217;applicazione Data Management Platform (&#8220;DMP&#8221;). DMP crea un profilo anonimo tramite l&#8217;uso di cookie, tecnologie cross-device\/cross-contact (ad esempio ID statici) o altri identificatori univoci forniti a DMP dal cliente (ad esempio ID dispositivo). Queste informazioni vengono utilizzate e conservate al solo scopo di mostrarti contenuti di marketing pi\u00f9 pertinenti per te.<\/p>\t\t\t\t\t\t\t\t<\/div>\n\t\t\t\t<\/div>\n\t\t\t\t\t<\/div>\n\t\t\t\t<\/div>\n\t\t\t\t<\/div>\n\t\t","protected":false},"excerpt":{"rendered":"<p>Per i cookie che utilizziamo sul sito web e sul sito mobile di OLEASTER, viene ottenuto il consenso esplicito degli<\/p>\n","protected":false},"author":1,"featured_media":0,"parent":0,"menu_order":0,"comment_status":"closed","ping_status":"open","template":"","meta":{"footnotes":""},"class_list":["post-25976","page","type-page","status-publish","hentry"],"yoast_head":"<!-- This site is optimized with the Yoast SEO plugin v27.4 - https:\/\/yoast.com\/product\/yoast-seo-wordpress\/ -->\n<title>POLITICA DEI COOKIE - Oleaster<\/title>\n<meta name=\"robots\" content=\"index, follow, max-snippet:-1, max-image-preview:large, max-video-preview:-1\" \/>\n<link rel=\"canonical\" href=\"https:\/\/www.oleaster.com.tr\/it\/politica-dei-cookie\/\" \/>\n<meta property=\"og:locale\" content=\"it_IT\" \/>\n<meta property=\"og:type\" content=\"article\" \/>\n<meta property=\"og:title\" content=\"POLITICA DEI COOKIE - Oleaster\" \/>\n<meta property=\"og:description\" content=\"Per i cookie che utilizziamo sul sito web e sul sito mobile di OLEASTER, viene ottenuto il consenso esplicito degli\" \/>\n<meta property=\"og:url\" content=\"https:\/\/www.oleaster.com.tr\/it\/politica-dei-cookie\/\" \/>\n<meta property=\"og:site_name\" content=\"Oleaster\" \/>\n<meta property=\"article:modified_time\" content=\"2025-03-13T07:29:56+00:00\" \/>\n<meta name=\"twitter:card\" content=\"summary_large_image\" \/>\n<meta name=\"twitter:label1\" content=\"Tempo di lettura stimato\" \/>\n\t<meta name=\"twitter:data1\" content=\"5 minuti\" \/>\n<script type=\"application\/ld+json\" class=\"yoast-schema-graph\">{\"@context\":\"https:\\\/\\\/schema.org\",\"@graph\":[{\"@type\":\"WebPage\",\"@id\":\"https:\\\/\\\/www.oleaster.com.tr\\\/it\\\/politica-dei-cookie\\\/\",\"url\":\"https:\\\/\\\/www.oleaster.com.tr\\\/it\\\/politica-dei-cookie\\\/\",\"name\":\"POLITICA DEI COOKIE - Oleaster\",\"isPartOf\":{\"@id\":\"https:\\\/\\\/www.oleaster.com.tr\\\/it\\\/#website\"},\"datePublished\":\"2024-12-23T04:30:45+00:00\",\"dateModified\":\"2025-03-13T07:29:56+00:00\",\"breadcrumb\":{\"@id\":\"https:\\\/\\\/www.oleaster.com.tr\\\/it\\\/politica-dei-cookie\\\/#breadcrumb\"},\"inLanguage\":\"it-IT\",\"potentialAction\":[{\"@type\":\"ReadAction\",\"target\":[\"https:\\\/\\\/www.oleaster.com.tr\\\/it\\\/politica-dei-cookie\\\/\"]}]},{\"@type\":\"BreadcrumbList\",\"@id\":\"https:\\\/\\\/www.oleaster.com.tr\\\/it\\\/politica-dei-cookie\\\/#breadcrumb\",\"itemListElement\":[{\"@type\":\"ListItem\",\"position\":1,\"name\":\"Anasayfa\",\"item\":\"https:\\\/\\\/www.oleaster.com.tr\\\/it\\\/oleaster\\\/\"},{\"@type\":\"ListItem\",\"position\":2,\"name\":\"POLITICA DEI COOKIE\"}]},{\"@type\":\"WebSite\",\"@id\":\"https:\\\/\\\/www.oleaster.com.tr\\\/it\\\/#website\",\"url\":\"https:\\\/\\\/www.oleaster.com.tr\\\/it\\\/\",\"name\":\"Oleaster\",\"description\":\"Siz Hayal Edin, Biz Yapal\u0131m\",\"publisher\":{\"@id\":\"https:\\\/\\\/www.oleaster.com.tr\\\/it\\\/#organization\"},\"potentialAction\":[{\"@type\":\"SearchAction\",\"target\":{\"@type\":\"EntryPoint\",\"urlTemplate\":\"https:\\\/\\\/www.oleaster.com.tr\\\/it\\\/?s={search_term_string}\"},\"query-input\":{\"@type\":\"PropertyValueSpecification\",\"valueRequired\":true,\"valueName\":\"search_term_string\"}}],\"inLanguage\":\"it-IT\"},{\"@type\":\"Organization\",\"@id\":\"https:\\\/\\\/www.oleaster.com.tr\\\/it\\\/#organization\",\"name\":\"Oleaster\",\"url\":\"https:\\\/\\\/www.oleaster.com.tr\\\/it\\\/\",\"logo\":{\"@type\":\"ImageObject\",\"inLanguage\":\"it-IT\",\"@id\":\"https:\\\/\\\/www.oleaster.com.tr\\\/it\\\/#\\\/schema\\\/logo\\\/image\\\/\",\"url\":\"https:\\\/\\\/www.oleaster.com.tr\\\/wp-content\\\/uploads\\\/2024\\\/12\\\/OLEASTER-scaled-1.webp\",\"contentUrl\":\"https:\\\/\\\/www.oleaster.com.tr\\\/wp-content\\\/uploads\\\/2024\\\/12\\\/OLEASTER-scaled-1.webp\",\"width\":2560,\"height\":1778,\"caption\":\"Oleaster\"},\"image\":{\"@id\":\"https:\\\/\\\/www.oleaster.com.tr\\\/it\\\/#\\\/schema\\\/logo\\\/image\\\/\"}}]}<\/script>\n<!-- \/ Yoast SEO plugin. -->","yoast_head_json":{"title":"POLITICA DEI COOKIE - Oleaster","robots":{"index":"index","follow":"follow","max-snippet":"max-snippet:-1","max-image-preview":"max-image-preview:large","max-video-preview":"max-video-preview:-1"},"canonical":"https:\/\/www.oleaster.com.tr\/it\/politica-dei-cookie\/","og_locale":"it_IT","og_type":"article","og_title":"POLITICA DEI COOKIE - Oleaster","og_description":"Per i cookie che utilizziamo sul sito web e sul sito mobile di OLEASTER, viene ottenuto il consenso esplicito degli","og_url":"https:\/\/www.oleaster.com.tr\/it\/politica-dei-cookie\/","og_site_name":"Oleaster","article_modified_time":"2025-03-13T07:29:56+00:00","twitter_card":"summary_large_image","twitter_misc":{"Tempo di lettura stimato":"5 minuti"},"schema":{"@context":"https:\/\/schema.org","@graph":[{"@type":"WebPage","@id":"https:\/\/www.oleaster.com.tr\/it\/politica-dei-cookie\/","url":"https:\/\/www.oleaster.com.tr\/it\/politica-dei-cookie\/","name":"POLITICA DEI COOKIE - Oleaster","isPartOf":{"@id":"https:\/\/www.oleaster.com.tr\/it\/#website"},"datePublished":"2024-12-23T04:30:45+00:00","dateModified":"2025-03-13T07:29:56+00:00","breadcrumb":{"@id":"https:\/\/www.oleaster.com.tr\/it\/politica-dei-cookie\/#breadcrumb"},"inLanguage":"it-IT","potentialAction":[{"@type":"ReadAction","target":["https:\/\/www.oleaster.com.tr\/it\/politica-dei-cookie\/"]}]},{"@type":"BreadcrumbList","@id":"https:\/\/www.oleaster.com.tr\/it\/politica-dei-cookie\/#breadcrumb","itemListElement":[{"@type":"ListItem","position":1,"name":"Anasayfa","item":"https:\/\/www.oleaster.com.tr\/it\/oleaster\/"},{"@type":"ListItem","position":2,"name":"POLITICA DEI COOKIE"}]},{"@type":"WebSite","@id":"https:\/\/www.oleaster.com.tr\/it\/#website","url":"https:\/\/www.oleaster.com.tr\/it\/","name":"Oleaster","description":"Siz Hayal Edin, Biz Yapal\u0131m","publisher":{"@id":"https:\/\/www.oleaster.com.tr\/it\/#organization"},"potentialAction":[{"@type":"SearchAction","target":{"@type":"EntryPoint","urlTemplate":"https:\/\/www.oleaster.com.tr\/it\/?s={search_term_string}"},"query-input":{"@type":"PropertyValueSpecification","valueRequired":true,"valueName":"search_term_string"}}],"inLanguage":"it-IT"},{"@type":"Organization","@id":"https:\/\/www.oleaster.com.tr\/it\/#organization","name":"Oleaster","url":"https:\/\/www.oleaster.com.tr\/it\/","logo":{"@type":"ImageObject","inLanguage":"it-IT","@id":"https:\/\/www.oleaster.com.tr\/it\/#\/schema\/logo\/image\/","url":"https:\/\/www.oleaster.com.tr\/wp-content\/uploads\/2024\/12\/OLEASTER-scaled-1.webp","contentUrl":"https:\/\/www.oleaster.com.tr\/wp-content\/uploads\/2024\/12\/OLEASTER-scaled-1.webp","width":2560,"height":1778,"caption":"Oleaster"},"image":{"@id":"https:\/\/www.oleaster.com.tr\/it\/#\/schema\/logo\/image\/"}}]}},"_links":{"self":[{"href":"https:\/\/www.oleaster.com.tr\/it\/wp-json\/wp\/v2\/pages\/25976","targetHints":{"allow":["GET"]}}],"collection":[{"href":"https:\/\/www.oleaster.com.tr\/it\/wp-json\/wp\/v2\/pages"}],"about":[{"href":"https:\/\/www.oleaster.com.tr\/it\/wp-json\/wp\/v2\/types\/page"}],"author":[{"embeddable":true,"href":"https:\/\/www.oleaster.com.tr\/it\/wp-json\/wp\/v2\/users\/1"}],"replies":[{"embeddable":true,"href":"https:\/\/www.oleaster.com.tr\/it\/wp-json\/wp\/v2\/comments?post=25976"}],"version-history":[{"count":4,"href":"https:\/\/www.oleaster.com.tr\/it\/wp-json\/wp\/v2\/pages\/25976\/revisions"}],"predecessor-version":[{"id":25985,"href":"https:\/\/www.oleaster.com.tr\/it\/wp-json\/wp\/v2\/pages\/25976\/revisions\/25985"}],"wp:attachment":[{"href":"https:\/\/www.oleaster.com.tr\/it\/wp-json\/wp\/v2\/media?parent=25976"}],"curies":[{"name":"wp","href":"https:\/\/api.w.org\/{rel}","templated":true}]}}