{"id":29610,"date":"2025-02-12T10:42:59","date_gmt":"2025-02-12T07:42:59","guid":{"rendered":"https:\/\/www.oleaster.com.tr\/urun\/vip-land-m2-access-4x4\/"},"modified":"2025-03-20T12:33:39","modified_gmt":"2025-03-20T09:33:39","slug":"vip-land-m2-access-4x4","status":"publish","type":"product","link":"https:\/\/www.oleaster.com.tr\/es\/urun\/vip-land-m2-access-4x4\/","title":{"rendered":"VIP LAND M2 &#8211; Access 4&#215;4"},"content":{"rendered":"\t\t<div data-elementor-type=\"wp-post\" data-elementor-id=\"29610\" class=\"elementor elementor-29610 elementor-18204\">\n\t\t\t\t<div class=\"wd-negative-gap elementor-element elementor-element-53eea44 e-flex e-con-boxed e-con e-parent\" data-id=\"53eea44\" data-element_type=\"container\" data-e-type=\"container\">\n\t\t\t\t\t<div class=\"e-con-inner\">\n\t\t<div class=\"elementor-element elementor-element-cc8e042 e-con-full e-flex e-con e-child\" data-id=\"cc8e042\" data-element_type=\"container\" data-e-type=\"container\">\n\t\t\t\t<div class=\"elementor-element elementor-element-4a8a87a elementor-widget elementor-widget-wd_text_block\" data-id=\"4a8a87a\" data-element_type=\"widget\" data-e-type=\"widget\" data-widget_type=\"wd_text_block.default\">\n\t\t\t\t<div class=\"elementor-widget-container\">\n\t\t\t\t\t\t\t<div class=\"wd-text-block reset-last-child text-left\">\n\t\t\t\n\t\t\t<p>El t\u00e9rmino VIP significa \"Persona Muy Importante\". Como su nombre lo indica, en <span style=\"color: #ff0000;\"><strong>OLEASTER<\/strong> <\/span>damos la m\u00e1xima prioridad a ofrecer veh\u00edculos con ingenier\u00eda avanzada, alta calidad, seguridad, confort y comodidad, garantizando que estas personas especiales se sientan a\u00fan m\u00e1s exclusivas y privilegiadas. Nuestro modelo <span style=\"color: #ff0000;\"><strong><u>VIP LAND M2 Access 4x4<\/u><\/strong><\/span> ha sido dise\u00f1ado y fabricado sobre la base del Mercedes-Benz Sprinter 3.5t, con transmisi\u00f3n autom\u00e1tica de serie, 190 HP, en clase M1 y con una carrocer\u00eda L2H2. Esta versi\u00f3n, que puede adaptarse seg\u00fan el \u00e1rea de habitabilidad, es ideal para quienes disfrutan de la vida en regiones monta\u00f1osas y buscan un modelo que les permita viajar sin dificultades mientras practican sus aficiones.<\/p><p>El <span style=\"color: #ff0000;\"><strong><u>VIP LAND M2 Access 4x4<\/u><\/strong> <\/span>tiene capacidad para 8 personas, incluyendo al conductor y los pasajeros. Gracias a su dise\u00f1o exclusivo, el <span style=\"color: #ff0000;\"><strong><u>VIP LAND M2 Access 4x4<\/u><\/strong><\/span> proporciona un viaje c\u00f3modo, seguro y sin barreras, con sistemas de acceso y conexi\u00f3n especialmente dise\u00f1ados que garantizan un trayecto fluido, seguro y confortable. Este veh\u00edculo es totalmente personalizable, permitiendo configurarlo como sala de reuniones, oficina m\u00f3vil, \u00e1rea de descanso, zona de juegos o incluso un espacio habitable, transformando cada trayecto en una experiencia placentera, c\u00f3moda, segura y exclusiva. Cada persona tiene expectativas y deseos distintos. Algunos prefieren la extravagancia y el lujo, mientras que otros se inclinan por la simplicidad y funcionalidad.<\/p><p>La principal raz\u00f3n por la que los clientes eligen <span style=\"color: #ff0000;\"><strong>OLEASTER<\/strong> <\/span>es nuestra capacidad para comprender con precisi\u00f3n sus necesidades y expectativas, integrarlas con tecnolog\u00eda avanzada y resaltar la calidad visual y sensorial gracias a una s\u00f3lida infraestructura de ingenier\u00eda. Sentirse especial, c\u00f3modo y seguro es un privilegio con el <span style=\"color: #ff0000;\"><strong><u>VIP LAND M2 Access 4x4<\/u><\/strong>.<\/span><\/p>\n\t\t\t\t\t<\/div>\n\t\t\t\t\t\t<\/div>\n\t\t\t\t<\/div>\n\t\t\t\t<\/div>\n\t\t<div class=\"elementor-element elementor-element-738f371 e-con-full e-flex e-con e-child\" data-id=\"738f371\" data-element_type=\"container\" data-e-type=\"container\">\n\t\t\t\t<div class=\"elementor-element elementor-element-5586eab elementor-widget elementor-widget-wd_image_or_svg\" data-id=\"5586eab\" data-element_type=\"widget\" data-e-type=\"widget\" data-widget_type=\"wd_image_or_svg.default\">\n\t\t\t\t<div class=\"elementor-widget-container\">\n\t\t\t\t\t\n\t\t<div class=\"wd-image text-left\">\n\t\t\t\t\t\t\t\t<img loading=\"lazy\" decoding=\"async\" width=\"528\" height=\"529\" src=\"https:\/\/www.oleaster.com.tr\/wp-content\/uploads\/2025\/01\/VIP-LAND-M-Access-e1736167129227.jpg\" class=\"attachment-full size-full\" alt=\"VIP LAND M Access\" srcset=\"https:\/\/www.oleaster.com.tr\/wp-content\/uploads\/2025\/01\/VIP-LAND-M-Access-e1736167129227.jpg 528w, https:\/\/www.oleaster.com.tr\/wp-content\/uploads\/2025\/01\/VIP-LAND-M-Access-e1736167129227-299x300.jpg 299w, https:\/\/www.oleaster.com.tr\/wp-content\/uploads\/2025\/01\/VIP-LAND-M-Access-e1736167129227-150x150.jpg 150w, https:\/\/www.oleaster.com.tr\/wp-content\/uploads\/2025\/01\/VIP-LAND-M-Access-e1736167129227-430x431.jpg 430w\" sizes=\"auto, (max-width: 528px) 100vw, 528px\" \/>\t\t\t\t\t<\/div>\n\n\t\t\t\t\t\t<\/div>\n\t\t\t\t<\/div>\n\t\t\t\t<\/div>\n\t\t\t\t\t<\/div>\n\t\t\t\t<\/div>\n\t\t\t\t<\/div>\n\t\t","protected":false},"excerpt":{"rendered":"<p>El t\u00e9rmino VIP significa \u00abPersona Muy Importante\u00bb. Como su nombre lo indica, en OLEASTER damos la m\u00e1xima prioridad a ofrecer<\/p>\n","protected":false},"featured_media":35490,"template":"","meta":[],"product_brand":[],"product_cat":[377],"product_tag":[379],"class_list":{"0":"post-29610","1":"product","2":"type-product","3":"status-publish","4":"has-post-thumbnail","6":"product_cat-vehiculos-vip","7":"product_tag-diseno-especial","9":"first","10":"instock","11":"shipping-taxable","12":"purchasable","13":"product-type-simple"},"yoast_head":"<!-- This site is optimized with the Yoast SEO plugin v27.4 - https:\/\/yoast.com\/product\/yoast-seo-wordpress\/ -->\n<title>VIP LAND M2 - Access 4x4 - Oleaster<\/title>\n<meta name=\"robots\" content=\"index, follow, max-snippet:-1, max-image-preview:large, max-video-preview:-1\" \/>\n<link rel=\"canonical\" href=\"https:\/\/www.oleaster.com.tr\/es\/urun\/vip-land-m2-access-4x4\/\" \/>\n<meta property=\"og:locale\" content=\"es_ES\" \/>\n<meta property=\"og:type\" content=\"article\" \/>\n<meta property=\"og:title\" content=\"VIP LAND M2 - Access 4x4 - Oleaster\" \/>\n<meta property=\"og:description\" content=\"El t\u00e9rmino VIP significa \u00abPersona Muy Importante\u00bb. Como su nombre lo indica, en OLEASTER damos la m\u00e1xima prioridad a ofrecer\" \/>\n<meta property=\"og:url\" content=\"https:\/\/www.oleaster.com.tr\/es\/urun\/vip-land-m2-access-4x4\/\" \/>\n<meta property=\"og:site_name\" content=\"Oleaster\" \/>\n<meta property=\"article:modified_time\" content=\"2025-03-20T09:33:39+00:00\" \/>\n<meta property=\"og:image\" content=\"https:\/\/www.oleaster.com.tr\/wp-content\/uploads\/2025\/01\/VIP-LAND-M-Access-e1736167129227.jpg\" \/>\n\t<meta property=\"og:image:width\" content=\"528\" \/>\n\t<meta property=\"og:image:height\" content=\"529\" \/>\n\t<meta property=\"og:image:type\" content=\"image\/jpeg\" \/>\n<meta name=\"twitter:card\" content=\"summary_large_image\" \/>\n<meta name=\"twitter:label1\" content=\"Tiempo de lectura\" \/>\n\t<meta name=\"twitter:data1\" content=\"2 minutos\" \/>\n<script type=\"application\/ld+json\" class=\"yoast-schema-graph\">{\"@context\":\"https:\\\/\\\/schema.org\",\"@graph\":[{\"@type\":\"WebPage\",\"@id\":\"https:\\\/\\\/www.oleaster.com.tr\\\/es\\\/urun\\\/vip-land-m2-access-4x4\\\/\",\"url\":\"https:\\\/\\\/www.oleaster.com.tr\\\/es\\\/urun\\\/vip-land-m2-access-4x4\\\/\",\"name\":\"VIP LAND M2 - Access 4x4 - Oleaster\",\"isPartOf\":{\"@id\":\"https:\\\/\\\/www.oleaster.com.tr\\\/es\\\/#website\"},\"primaryImageOfPage\":{\"@id\":\"https:\\\/\\\/www.oleaster.com.tr\\\/es\\\/urun\\\/vip-land-m2-access-4x4\\\/#primaryimage\"},\"image\":{\"@id\":\"https:\\\/\\\/www.oleaster.com.tr\\\/es\\\/urun\\\/vip-land-m2-access-4x4\\\/#primaryimage\"},\"thumbnailUrl\":\"https:\\\/\\\/www.oleaster.com.tr\\\/wp-content\\\/uploads\\\/2025\\\/01\\\/Tour_Land_XXL_022.webp\",\"datePublished\":\"2025-02-12T07:42:59+00:00\",\"dateModified\":\"2025-03-20T09:33:39+00:00\",\"breadcrumb\":{\"@id\":\"https:\\\/\\\/www.oleaster.com.tr\\\/es\\\/urun\\\/vip-land-m2-access-4x4\\\/#breadcrumb\"},\"inLanguage\":\"es\",\"potentialAction\":[{\"@type\":\"ReadAction\",\"target\":[\"https:\\\/\\\/www.oleaster.com.tr\\\/es\\\/urun\\\/vip-land-m2-access-4x4\\\/\"]}]},{\"@type\":\"ImageObject\",\"inLanguage\":\"es\",\"@id\":\"https:\\\/\\\/www.oleaster.com.tr\\\/es\\\/urun\\\/vip-land-m2-access-4x4\\\/#primaryimage\",\"url\":\"https:\\\/\\\/www.oleaster.com.tr\\\/wp-content\\\/uploads\\\/2025\\\/01\\\/Tour_Land_XXL_022.webp\",\"contentUrl\":\"https:\\\/\\\/www.oleaster.com.tr\\\/wp-content\\\/uploads\\\/2025\\\/01\\\/Tour_Land_XXL_022.webp\",\"width\":1280,\"height\":854},{\"@type\":\"BreadcrumbList\",\"@id\":\"https:\\\/\\\/www.oleaster.com.tr\\\/es\\\/urun\\\/vip-land-m2-access-4x4\\\/#breadcrumb\",\"itemListElement\":[{\"@type\":\"ListItem\",\"position\":1,\"name\":\"Anasayfa\",\"item\":\"https:\\\/\\\/www.oleaster.com.tr\\\/es\\\/oleaster\\\/\"},{\"@type\":\"ListItem\",\"position\":2,\"name\":\"Comercio\",\"item\":\"https:\\\/\\\/www.oleaster.com.tr\\\/es\\\/shop\\\/\"},{\"@type\":\"ListItem\",\"position\":3,\"name\":\"VIP LAND M2 &#8211; Access 4&#215;4\"}]},{\"@type\":\"WebSite\",\"@id\":\"https:\\\/\\\/www.oleaster.com.tr\\\/es\\\/#website\",\"url\":\"https:\\\/\\\/www.oleaster.com.tr\\\/es\\\/\",\"name\":\"Oleaster\",\"description\":\"Siz Hayal Edin, Biz Yapal\u0131m\",\"publisher\":{\"@id\":\"https:\\\/\\\/www.oleaster.com.tr\\\/es\\\/#organization\"},\"potentialAction\":[{\"@type\":\"SearchAction\",\"target\":{\"@type\":\"EntryPoint\",\"urlTemplate\":\"https:\\\/\\\/www.oleaster.com.tr\\\/es\\\/?s={search_term_string}\"},\"query-input\":{\"@type\":\"PropertyValueSpecification\",\"valueRequired\":true,\"valueName\":\"search_term_string\"}}],\"inLanguage\":\"es\"},{\"@type\":\"Organization\",\"@id\":\"https:\\\/\\\/www.oleaster.com.tr\\\/es\\\/#organization\",\"name\":\"Oleaster\",\"url\":\"https:\\\/\\\/www.oleaster.com.tr\\\/es\\\/\",\"logo\":{\"@type\":\"ImageObject\",\"inLanguage\":\"es\",\"@id\":\"https:\\\/\\\/www.oleaster.com.tr\\\/es\\\/#\\\/schema\\\/logo\\\/image\\\/\",\"url\":\"https:\\\/\\\/www.oleaster.com.tr\\\/wp-content\\\/uploads\\\/2024\\\/12\\\/OLEASTER-scaled-1.webp\",\"contentUrl\":\"https:\\\/\\\/www.oleaster.com.tr\\\/wp-content\\\/uploads\\\/2024\\\/12\\\/OLEASTER-scaled-1.webp\",\"width\":2560,\"height\":1778,\"caption\":\"Oleaster\"},\"image\":{\"@id\":\"https:\\\/\\\/www.oleaster.com.tr\\\/es\\\/#\\\/schema\\\/logo\\\/image\\\/\"}}]}<\/script>\n<!-- \/ Yoast SEO plugin. -->","yoast_head_json":{"title":"VIP LAND M2 - Access 4x4 - Oleaster","robots":{"index":"index","follow":"follow","max-snippet":"max-snippet:-1","max-image-preview":"max-image-preview:large","max-video-preview":"max-video-preview:-1"},"canonical":"https:\/\/www.oleaster.com.tr\/es\/urun\/vip-land-m2-access-4x4\/","og_locale":"es_ES","og_type":"article","og_title":"VIP LAND M2 - Access 4x4 - Oleaster","og_description":"El t\u00e9rmino VIP significa \u00abPersona Muy Importante\u00bb. Como su nombre lo indica, en OLEASTER damos la m\u00e1xima prioridad a ofrecer","og_url":"https:\/\/www.oleaster.com.tr\/es\/urun\/vip-land-m2-access-4x4\/","og_site_name":"Oleaster","article_modified_time":"2025-03-20T09:33:39+00:00","og_image":[{"width":528,"height":529,"url":"https:\/\/www.oleaster.com.tr\/wp-content\/uploads\/2025\/01\/VIP-LAND-M-Access-e1736167129227.jpg","type":"image\/jpeg"}],"twitter_card":"summary_large_image","twitter_misc":{"Tiempo de lectura":"2 minutos"},"schema":{"@context":"https:\/\/schema.org","@graph":[{"@type":"WebPage","@id":"https:\/\/www.oleaster.com.tr\/es\/urun\/vip-land-m2-access-4x4\/","url":"https:\/\/www.oleaster.com.tr\/es\/urun\/vip-land-m2-access-4x4\/","name":"VIP LAND M2 - Access 4x4 - Oleaster","isPartOf":{"@id":"https:\/\/www.oleaster.com.tr\/es\/#website"},"primaryImageOfPage":{"@id":"https:\/\/www.oleaster.com.tr\/es\/urun\/vip-land-m2-access-4x4\/#primaryimage"},"image":{"@id":"https:\/\/www.oleaster.com.tr\/es\/urun\/vip-land-m2-access-4x4\/#primaryimage"},"thumbnailUrl":"https:\/\/www.oleaster.com.tr\/wp-content\/uploads\/2025\/01\/Tour_Land_XXL_022.webp","datePublished":"2025-02-12T07:42:59+00:00","dateModified":"2025-03-20T09:33:39+00:00","breadcrumb":{"@id":"https:\/\/www.oleaster.com.tr\/es\/urun\/vip-land-m2-access-4x4\/#breadcrumb"},"inLanguage":"es","potentialAction":[{"@type":"ReadAction","target":["https:\/\/www.oleaster.com.tr\/es\/urun\/vip-land-m2-access-4x4\/"]}]},{"@type":"ImageObject","inLanguage":"es","@id":"https:\/\/www.oleaster.com.tr\/es\/urun\/vip-land-m2-access-4x4\/#primaryimage","url":"https:\/\/www.oleaster.com.tr\/wp-content\/uploads\/2025\/01\/Tour_Land_XXL_022.webp","contentUrl":"https:\/\/www.oleaster.com.tr\/wp-content\/uploads\/2025\/01\/Tour_Land_XXL_022.webp","width":1280,"height":854},{"@type":"BreadcrumbList","@id":"https:\/\/www.oleaster.com.tr\/es\/urun\/vip-land-m2-access-4x4\/#breadcrumb","itemListElement":[{"@type":"ListItem","position":1,"name":"Anasayfa","item":"https:\/\/www.oleaster.com.tr\/es\/oleaster\/"},{"@type":"ListItem","position":2,"name":"Comercio","item":"https:\/\/www.oleaster.com.tr\/es\/shop\/"},{"@type":"ListItem","position":3,"name":"VIP LAND M2 &#8211; Access 4&#215;4"}]},{"@type":"WebSite","@id":"https:\/\/www.oleaster.com.tr\/es\/#website","url":"https:\/\/www.oleaster.com.tr\/es\/","name":"Oleaster","description":"Siz Hayal Edin, Biz Yapal\u0131m","publisher":{"@id":"https:\/\/www.oleaster.com.tr\/es\/#organization"},"potentialAction":[{"@type":"SearchAction","target":{"@type":"EntryPoint","urlTemplate":"https:\/\/www.oleaster.com.tr\/es\/?s={search_term_string}"},"query-input":{"@type":"PropertyValueSpecification","valueRequired":true,"valueName":"search_term_string"}}],"inLanguage":"es"},{"@type":"Organization","@id":"https:\/\/www.oleaster.com.tr\/es\/#organization","name":"Oleaster","url":"https:\/\/www.oleaster.com.tr\/es\/","logo":{"@type":"ImageObject","inLanguage":"es","@id":"https:\/\/www.oleaster.com.tr\/es\/#\/schema\/logo\/image\/","url":"https:\/\/www.oleaster.com.tr\/wp-content\/uploads\/2024\/12\/OLEASTER-scaled-1.webp","contentUrl":"https:\/\/www.oleaster.com.tr\/wp-content\/uploads\/2024\/12\/OLEASTER-scaled-1.webp","width":2560,"height":1778,"caption":"Oleaster"},"image":{"@id":"https:\/\/www.oleaster.com.tr\/es\/#\/schema\/logo\/image\/"}}]}},"_links":{"self":[{"href":"https:\/\/www.oleaster.com.tr\/es\/wp-json\/wp\/v2\/product\/29610","targetHints":{"allow":["GET"]}}],"collection":[{"href":"https:\/\/www.oleaster.com.tr\/es\/wp-json\/wp\/v2\/product"}],"about":[{"href":"https:\/\/www.oleaster.com.tr\/es\/wp-json\/wp\/v2\/types\/product"}],"version-history":[{"count":4,"href":"https:\/\/www.oleaster.com.tr\/es\/wp-json\/wp\/v2\/product\/29610\/revisions"}],"predecessor-version":[{"id":29618,"href":"https:\/\/www.oleaster.com.tr\/es\/wp-json\/wp\/v2\/product\/29610\/revisions\/29618"}],"wp:featuredmedia":[{"embeddable":true,"href":"https:\/\/www.oleaster.com.tr\/es\/wp-json\/wp\/v2\/media\/35490"}],"wp:attachment":[{"href":"https:\/\/www.oleaster.com.tr\/es\/wp-json\/wp\/v2\/media?parent=29610"}],"wp:term":[{"taxonomy":"product_brand","embeddable":true,"href":"https:\/\/www.oleaster.com.tr\/es\/wp-json\/wp\/v2\/product_brand?post=29610"},{"taxonomy":"product_cat","embeddable":true,"href":"https:\/\/www.oleaster.com.tr\/es\/wp-json\/wp\/v2\/product_cat?post=29610"},{"taxonomy":"product_tag","embeddable":true,"href":"https:\/\/www.oleaster.com.tr\/es\/wp-json\/wp\/v2\/product_tag?post=29610"}],"curies":[{"name":"wp","href":"https:\/\/api.w.org\/{rel}","templated":true}]}}