{"id":27843,"date":"2025-01-06T14:41:57","date_gmt":"2025-01-06T11:41:57","guid":{"rendered":"https:\/\/www.oleaster.com.tr\/urun\/city-land-xl-fle\/"},"modified":"2025-05-12T14:41:58","modified_gmt":"2025-05-12T11:41:58","slug":"city-land-xl-fle","status":"publish","type":"product","link":"https:\/\/www.oleaster.com.tr\/es\/urun\/city-land-xl-fle\/","title":{"rendered":"CITY LAND XL FLE"},"content":{"rendered":"\t\t<div data-elementor-type=\"wp-post\" data-elementor-id=\"27843\" class=\"elementor elementor-27843 elementor-16115\">\n\t\t\t\t<div class=\"wd-negative-gap elementor-element elementor-element-53eea44 e-flex e-con-boxed e-con e-parent\" data-id=\"53eea44\" data-element_type=\"container\" data-e-type=\"container\">\n\t\t\t\t\t<div class=\"e-con-inner\">\n\t\t<div class=\"elementor-element elementor-element-cc8e042 e-con-full e-flex e-con e-child\" data-id=\"cc8e042\" data-element_type=\"container\" data-e-type=\"container\">\n\t\t\t\t<div class=\"elementor-element elementor-element-4a8a87a elementor-widget elementor-widget-wd_text_block\" data-id=\"4a8a87a\" data-element_type=\"widget\" data-e-type=\"widget\" data-widget_type=\"wd_text_block.default\">\n\t\t\t\t<div class=\"elementor-widget-container\">\n\t\t\t\t\t\t\t<div class=\"wd-text-block reset-last-child text-left\">\n\t\t\t\n\t\t\t<p>El transporte p\u00fablico o masivo es el t\u00e9rmino general que engloba todos los sistemas de movilidad utilizados para desplazamientos sin veh\u00edculos personales. Uno de los mayores desaf\u00edos a los que se enfrenta el mundo hoy en d\u00eda es el calentamiento global, y una de sus principales causas son las emisiones de escape de los veh\u00edculos. Si bien los sistemas tradicionales de transporte p\u00fablico dependen principalmente de autobuses de gran tama\u00f1o, garantizar su uso continuo y eficiente fuera de las \u00e1reas metropolitanas resulta pr\u00e1cticamente imposible. Por esta raz\u00f3n, la importancia de los veh\u00edculos dise\u00f1ados para el transporte de pasajeros con dimensiones m\u00e1s compactas crece cada d\u00eda, no solo en grandes ciudades, sino tambi\u00e9n en entornos urbanos m\u00e1s peque\u00f1os. Estos veh\u00edculos no solo son m\u00e1s ecol\u00f3gicos, sino que tambi\u00e9n contribuyen a reducir la congesti\u00f3n del tr\u00e1fico. Adem\u00e1s, para los profesionales que forman parte activa del mercado laboral, el valor del tiempo es un hecho innegable.<\/p><p>Gracias a la experiencia en ingenier\u00eda de <span style=\"color: #ff0000;\"><strong>OLEASTER<\/strong><\/span>, estos veh\u00edculos han sido dise\u00f1ados y fabricados para ofrecer un viaje placentero, proporcionando alimentaci\u00f3n para dispositivos de oficina, comunicaci\u00f3n r\u00e1pida y m\u00e1ximo confort. En una era en la que el tiempo es demasiado valioso para desperdiciarlo, <span style=\"color: #ff0000;\"><strong>OLEASTER<\/strong> <\/span>se ha convertido en la primera opci\u00f3n para quienes desean aprovechar estas ventajas.<\/p><p>El<span style=\"color: #ff0000;\"> <strong><u>CITY LAND XL FLE<\/u><\/strong><\/span> cuenta con una estructura de chasis homologada, con entrada delantera rebajada para garantizar un acceso sin barreras. Est\u00e1 equipado con un sistema de puertas correderas de doble hoja, dise\u00f1ado para mayor seguridad, ubicado en la parte delantera para facilitar un embarque y desembarque m\u00e1s c\u00f3modo y sencillo. Seg\u00fan las diferentes configuraciones de asientos, el <span style=\"color: #ff0000;\"><strong><u>CITY LAND XL FLE<\/u><\/strong><\/span> ofrece soluciones adaptadas a la normativa vial de cada pa\u00eds, con capacidad para entre 16 y 22 pasajeros sentados, incluyendo el conductor y el asistente de abordo. Asimismo, el transporte de pasajeros de pie tambi\u00e9n puede ser incorporado, de acuerdo con las regulaciones nacionales. Adem\u00e1s, cada uno de nuestros veh\u00edculos est\u00e1 equipado con diferentes sistemas y variantes de accesibilidad. Gracias a nuestras caracter\u00edsticas de seguridad especialmente dise\u00f1adas, permitimos que un usuario de silla de ruedas pueda abordar f\u00e1cilmente y viajar de manera segura y c\u00f3moda.<\/p><p>En <span style=\"color: #ff0000;\"><strong>OLEASTER<\/strong><\/span>, consideramos nuestra responsabilidad priorizar tanto a las personas como al medio ambiente. Nos enorgullecemos de hacer de estos valores el n\u00facleo de nuestro dise\u00f1o, asegurando soluciones de movilidad sostenibles e inclusivas para todos.<\/p>\n\t\t\t\t\t<\/div>\n\t\t\t\t\t\t<\/div>\n\t\t\t\t<\/div>\n\t\t\t\t<\/div>\n\t\t<div class=\"elementor-element elementor-element-ea1c4bc e-con-full e-flex e-con e-child\" data-id=\"ea1c4bc\" data-element_type=\"container\" data-e-type=\"container\">\n\t\t\t\t<div class=\"elementor-element elementor-element-0143b41 elementor-widget elementor-widget-wd_image_or_svg\" data-id=\"0143b41\" data-element_type=\"widget\" data-e-type=\"widget\" data-widget_type=\"wd_image_or_svg.default\">\n\t\t\t\t<div class=\"elementor-widget-container\">\n\t\t\t\t\t\n\t\t<div class=\"wd-image text-left\">\n\t\t\t\t\t\t\t\t<img loading=\"lazy\" decoding=\"async\" width=\"1707\" height=\"2560\" src=\"https:\/\/www.oleaster.com.tr\/wp-content\/uploads\/2025\/05\/City_Land_XL_FLE_022-scaled-1.webp\" class=\"attachment-full size-full\" alt=\"\" srcset=\"https:\/\/www.oleaster.com.tr\/wp-content\/uploads\/2025\/05\/City_Land_XL_FLE_022-scaled-1.webp 1707w, https:\/\/www.oleaster.com.tr\/wp-content\/uploads\/2025\/05\/City_Land_XL_FLE_022-scaled-1-200x300.webp 200w, https:\/\/www.oleaster.com.tr\/wp-content\/uploads\/2025\/05\/City_Land_XL_FLE_022-scaled-1-533x800.webp 533w, https:\/\/www.oleaster.com.tr\/wp-content\/uploads\/2025\/05\/City_Land_XL_FLE_022-scaled-1-768x1152.webp 768w, https:\/\/www.oleaster.com.tr\/wp-content\/uploads\/2025\/05\/City_Land_XL_FLE_022-scaled-1-1024x1536.webp 1024w, https:\/\/www.oleaster.com.tr\/wp-content\/uploads\/2025\/05\/City_Land_XL_FLE_022-scaled-1-1366x2048.webp 1366w, https:\/\/www.oleaster.com.tr\/wp-content\/uploads\/2025\/05\/City_Land_XL_FLE_022-scaled-1-430x645.webp 430w, https:\/\/www.oleaster.com.tr\/wp-content\/uploads\/2025\/05\/City_Land_XL_FLE_022-scaled-1-700x1050.webp 700w, https:\/\/www.oleaster.com.tr\/wp-content\/uploads\/2025\/05\/City_Land_XL_FLE_022-scaled-1-150x225.webp 150w\" sizes=\"auto, (max-width: 1707px) 100vw, 1707px\" \/>\t\t\t\t\t<\/div>\n\n\t\t\t\t\t\t<\/div>\n\t\t\t\t<\/div>\n\t\t\t\t<div class=\"elementor-element elementor-element-0b97ebc elementor-widget elementor-widget-wd_image_or_svg\" data-id=\"0b97ebc\" data-element_type=\"widget\" data-e-type=\"widget\" data-widget_type=\"wd_image_or_svg.default\">\n\t\t\t\t<div class=\"elementor-widget-container\">\n\t\t\t\t\t\n\t\t<div class=\"wd-image text-left\">\n\t\t\t\t\t\t\t\t<img loading=\"lazy\" decoding=\"async\" width=\"2560\" height=\"1707\" src=\"https:\/\/www.oleaster.com.tr\/wp-content\/uploads\/2025\/05\/City_Land_XL_FLE_002-scaled-1.webp\" class=\"attachment-full size-full\" alt=\"\" srcset=\"https:\/\/www.oleaster.com.tr\/wp-content\/uploads\/2025\/05\/City_Land_XL_FLE_002-scaled-1.webp 2560w, https:\/\/www.oleaster.com.tr\/wp-content\/uploads\/2025\/05\/City_Land_XL_FLE_002-scaled-1-400x267.webp 400w, https:\/\/www.oleaster.com.tr\/wp-content\/uploads\/2025\/05\/City_Land_XL_FLE_002-scaled-1-1200x800.webp 1200w, https:\/\/www.oleaster.com.tr\/wp-content\/uploads\/2025\/05\/City_Land_XL_FLE_002-scaled-1-768x512.webp 768w, https:\/\/www.oleaster.com.tr\/wp-content\/uploads\/2025\/05\/City_Land_XL_FLE_002-scaled-1-1536x1024.webp 1536w, https:\/\/www.oleaster.com.tr\/wp-content\/uploads\/2025\/05\/City_Land_XL_FLE_002-scaled-1-2048x1366.webp 2048w, https:\/\/www.oleaster.com.tr\/wp-content\/uploads\/2025\/05\/City_Land_XL_FLE_002-scaled-1-430x287.webp 430w, https:\/\/www.oleaster.com.tr\/wp-content\/uploads\/2025\/05\/City_Land_XL_FLE_002-scaled-1-700x467.webp 700w, https:\/\/www.oleaster.com.tr\/wp-content\/uploads\/2025\/05\/City_Land_XL_FLE_002-scaled-1-150x100.webp 150w\" sizes=\"auto, (max-width: 2560px) 100vw, 2560px\" \/>\t\t\t\t\t<\/div>\n\n\t\t\t\t\t\t<\/div>\n\t\t\t\t<\/div>\n\t\t\t\t<\/div>\n\t\t<div class=\"elementor-element elementor-element-e73dbe6 e-con-full e-flex e-con e-child\" data-id=\"e73dbe6\" data-element_type=\"container\" data-e-type=\"container\">\n\t\t\t\t<div class=\"elementor-element elementor-element-27b8d63 elementor-widget elementor-widget-wd_image_or_svg\" data-id=\"27b8d63\" data-element_type=\"widget\" data-e-type=\"widget\" data-widget_type=\"wd_image_or_svg.default\">\n\t\t\t\t<div class=\"elementor-widget-container\">\n\t\t\t\t\t\n\t\t<div class=\"wd-image text-left\">\n\t\t\t\t\t\t\t\t<img loading=\"lazy\" decoding=\"async\" width=\"2560\" height=\"1707\" src=\"https:\/\/www.oleaster.com.tr\/wp-content\/uploads\/2025\/05\/City_Land_XL_FLE_011-scaled-1.webp\" class=\"attachment-full size-full\" alt=\"\" srcset=\"https:\/\/www.oleaster.com.tr\/wp-content\/uploads\/2025\/05\/City_Land_XL_FLE_011-scaled-1.webp 2560w, https:\/\/www.oleaster.com.tr\/wp-content\/uploads\/2025\/05\/City_Land_XL_FLE_011-scaled-1-400x267.webp 400w, https:\/\/www.oleaster.com.tr\/wp-content\/uploads\/2025\/05\/City_Land_XL_FLE_011-scaled-1-1200x800.webp 1200w, https:\/\/www.oleaster.com.tr\/wp-content\/uploads\/2025\/05\/City_Land_XL_FLE_011-scaled-1-768x512.webp 768w, https:\/\/www.oleaster.com.tr\/wp-content\/uploads\/2025\/05\/City_Land_XL_FLE_011-scaled-1-1536x1024.webp 1536w, https:\/\/www.oleaster.com.tr\/wp-content\/uploads\/2025\/05\/City_Land_XL_FLE_011-scaled-1-2048x1366.webp 2048w, https:\/\/www.oleaster.com.tr\/wp-content\/uploads\/2025\/05\/City_Land_XL_FLE_011-scaled-1-430x287.webp 430w, https:\/\/www.oleaster.com.tr\/wp-content\/uploads\/2025\/05\/City_Land_XL_FLE_011-scaled-1-700x467.webp 700w, https:\/\/www.oleaster.com.tr\/wp-content\/uploads\/2025\/05\/City_Land_XL_FLE_011-scaled-1-150x100.webp 150w\" sizes=\"auto, (max-width: 2560px) 100vw, 2560px\" \/>\t\t\t\t\t<\/div>\n\n\t\t\t\t\t\t<\/div>\n\t\t\t\t<\/div>\n\t\t\t\t<div class=\"elementor-element elementor-element-1ce49db elementor-widget elementor-widget-wd_image_or_svg\" data-id=\"1ce49db\" data-element_type=\"widget\" data-e-type=\"widget\" data-widget_type=\"wd_image_or_svg.default\">\n\t\t\t\t<div class=\"elementor-widget-container\">\n\t\t\t\t\t\n\t\t<div class=\"wd-image text-left\">\n\t\t\t\t\t\t\t\t<img loading=\"lazy\" decoding=\"async\" width=\"1707\" height=\"2560\" src=\"https:\/\/www.oleaster.com.tr\/wp-content\/uploads\/2025\/05\/DSC_3918-min-scaled-1.webp\" class=\"attachment-full size-full\" alt=\"\" srcset=\"https:\/\/www.oleaster.com.tr\/wp-content\/uploads\/2025\/05\/DSC_3918-min-scaled-1.webp 1707w, https:\/\/www.oleaster.com.tr\/wp-content\/uploads\/2025\/05\/DSC_3918-min-scaled-1-200x300.webp 200w, https:\/\/www.oleaster.com.tr\/wp-content\/uploads\/2025\/05\/DSC_3918-min-scaled-1-533x800.webp 533w, https:\/\/www.oleaster.com.tr\/wp-content\/uploads\/2025\/05\/DSC_3918-min-scaled-1-768x1152.webp 768w, https:\/\/www.oleaster.com.tr\/wp-content\/uploads\/2025\/05\/DSC_3918-min-scaled-1-1024x1536.webp 1024w, https:\/\/www.oleaster.com.tr\/wp-content\/uploads\/2025\/05\/DSC_3918-min-scaled-1-1366x2048.webp 1366w, https:\/\/www.oleaster.com.tr\/wp-content\/uploads\/2025\/05\/DSC_3918-min-scaled-1-430x645.webp 430w, https:\/\/www.oleaster.com.tr\/wp-content\/uploads\/2025\/05\/DSC_3918-min-scaled-1-700x1050.webp 700w, https:\/\/www.oleaster.com.tr\/wp-content\/uploads\/2025\/05\/DSC_3918-min-scaled-1-150x225.webp 150w\" sizes=\"auto, (max-width: 1707px) 100vw, 1707px\" \/>\t\t\t\t\t<\/div>\n\n\t\t\t\t\t\t<\/div>\n\t\t\t\t<\/div>\n\t\t\t\t<\/div>\n\t\t\t\t\t<\/div>\n\t\t\t\t<\/div>\n\t\t\t\t<\/div>\n\t\t","protected":false},"excerpt":{"rendered":"<div class=\"legal-notice\" data-v-a1c10375=\"\" data-test-id=\"emh-legal-notice__text\">\n<div class=\"tag\">El transporte p\u00fablico o masivo es el t\u00e9rmino general que engloba todos los sistemas de movilidad utilizados para desplazamientos sin veh\u00edculos personales.<\/div>\n<\/div>\n","protected":false},"featured_media":31507,"template":"","meta":[],"product_brand":[],"product_cat":[376],"product_tag":[379],"class_list":{"0":"post-27843","1":"product","2":"type-product","3":"status-publish","4":"has-post-thumbnail","6":"product_cat-vehiculos-urbanos","7":"product_tag-diseno-especial","9":"first","10":"instock","11":"shipping-taxable","12":"purchasable","13":"product-type-simple"},"yoast_head":"<!-- This site is optimized with the Yoast SEO plugin v27.4 - https:\/\/yoast.com\/product\/yoast-seo-wordpress\/ -->\n<title>CITY LAND XL FLE - Oleaster<\/title>\n<meta name=\"robots\" content=\"index, follow, max-snippet:-1, max-image-preview:large, max-video-preview:-1\" \/>\n<link rel=\"canonical\" href=\"https:\/\/www.oleaster.com.tr\/es\/urun\/city-land-xl-fle\/\" \/>\n<meta property=\"og:locale\" content=\"es_ES\" \/>\n<meta property=\"og:type\" content=\"article\" \/>\n<meta property=\"og:title\" content=\"CITY LAND XL FLE - Oleaster\" \/>\n<meta property=\"og:description\" content=\"El transporte p\u00fablico o masivo es el t\u00e9rmino general que engloba todos los sistemas de movilidad utilizados para desplazamientos sin veh\u00edculos personales.\" \/>\n<meta property=\"og:url\" content=\"https:\/\/www.oleaster.com.tr\/es\/urun\/city-land-xl-fle\/\" \/>\n<meta property=\"og:site_name\" content=\"Oleaster\" \/>\n<meta property=\"article:modified_time\" content=\"2025-05-12T11:41:58+00:00\" \/>\n<meta property=\"og:image\" content=\"https:\/\/www.oleaster.com.tr\/wp-content\/uploads\/2025\/01\/City_Land_XL_FLE_001-scaled.webp\" \/>\n\t<meta property=\"og:image:width\" content=\"2560\" \/>\n\t<meta property=\"og:image:height\" content=\"1707\" \/>\n\t<meta property=\"og:image:type\" content=\"image\/webp\" \/>\n<meta name=\"twitter:card\" content=\"summary_large_image\" \/>\n<meta name=\"twitter:label1\" content=\"Tiempo de lectura\" \/>\n\t<meta name=\"twitter:data1\" content=\"3 minutos\" \/>\n<script type=\"application\/ld+json\" class=\"yoast-schema-graph\">{\"@context\":\"https:\\\/\\\/schema.org\",\"@graph\":[{\"@type\":\"WebPage\",\"@id\":\"https:\\\/\\\/www.oleaster.com.tr\\\/es\\\/urun\\\/city-land-xl-fle\\\/\",\"url\":\"https:\\\/\\\/www.oleaster.com.tr\\\/es\\\/urun\\\/city-land-xl-fle\\\/\",\"name\":\"CITY LAND XL FLE - Oleaster\",\"isPartOf\":{\"@id\":\"https:\\\/\\\/www.oleaster.com.tr\\\/es\\\/#website\"},\"primaryImageOfPage\":{\"@id\":\"https:\\\/\\\/www.oleaster.com.tr\\\/es\\\/urun\\\/city-land-xl-fle\\\/#primaryimage\"},\"image\":{\"@id\":\"https:\\\/\\\/www.oleaster.com.tr\\\/es\\\/urun\\\/city-land-xl-fle\\\/#primaryimage\"},\"thumbnailUrl\":\"https:\\\/\\\/www.oleaster.com.tr\\\/wp-content\\\/uploads\\\/2025\\\/01\\\/City_Land_XL_FLE_001-scaled.webp\",\"datePublished\":\"2025-01-06T11:41:57+00:00\",\"dateModified\":\"2025-05-12T11:41:58+00:00\",\"breadcrumb\":{\"@id\":\"https:\\\/\\\/www.oleaster.com.tr\\\/es\\\/urun\\\/city-land-xl-fle\\\/#breadcrumb\"},\"inLanguage\":\"es\",\"potentialAction\":[{\"@type\":\"ReadAction\",\"target\":[\"https:\\\/\\\/www.oleaster.com.tr\\\/es\\\/urun\\\/city-land-xl-fle\\\/\"]}]},{\"@type\":\"ImageObject\",\"inLanguage\":\"es\",\"@id\":\"https:\\\/\\\/www.oleaster.com.tr\\\/es\\\/urun\\\/city-land-xl-fle\\\/#primaryimage\",\"url\":\"https:\\\/\\\/www.oleaster.com.tr\\\/wp-content\\\/uploads\\\/2025\\\/01\\\/City_Land_XL_FLE_001-scaled.webp\",\"contentUrl\":\"https:\\\/\\\/www.oleaster.com.tr\\\/wp-content\\\/uploads\\\/2025\\\/01\\\/City_Land_XL_FLE_001-scaled.webp\",\"width\":2560,\"height\":1707},{\"@type\":\"BreadcrumbList\",\"@id\":\"https:\\\/\\\/www.oleaster.com.tr\\\/es\\\/urun\\\/city-land-xl-fle\\\/#breadcrumb\",\"itemListElement\":[{\"@type\":\"ListItem\",\"position\":1,\"name\":\"Anasayfa\",\"item\":\"https:\\\/\\\/www.oleaster.com.tr\\\/es\\\/oleaster\\\/\"},{\"@type\":\"ListItem\",\"position\":2,\"name\":\"Comercio\",\"item\":\"https:\\\/\\\/www.oleaster.com.tr\\\/es\\\/shop\\\/\"},{\"@type\":\"ListItem\",\"position\":3,\"name\":\"CITY LAND XL FLE\"}]},{\"@type\":\"WebSite\",\"@id\":\"https:\\\/\\\/www.oleaster.com.tr\\\/es\\\/#website\",\"url\":\"https:\\\/\\\/www.oleaster.com.tr\\\/es\\\/\",\"name\":\"Oleaster\",\"description\":\"Siz Hayal Edin, Biz Yapal\u0131m\",\"publisher\":{\"@id\":\"https:\\\/\\\/www.oleaster.com.tr\\\/es\\\/#organization\"},\"potentialAction\":[{\"@type\":\"SearchAction\",\"target\":{\"@type\":\"EntryPoint\",\"urlTemplate\":\"https:\\\/\\\/www.oleaster.com.tr\\\/es\\\/?s={search_term_string}\"},\"query-input\":{\"@type\":\"PropertyValueSpecification\",\"valueRequired\":true,\"valueName\":\"search_term_string\"}}],\"inLanguage\":\"es\"},{\"@type\":\"Organization\",\"@id\":\"https:\\\/\\\/www.oleaster.com.tr\\\/es\\\/#organization\",\"name\":\"Oleaster\",\"url\":\"https:\\\/\\\/www.oleaster.com.tr\\\/es\\\/\",\"logo\":{\"@type\":\"ImageObject\",\"inLanguage\":\"es\",\"@id\":\"https:\\\/\\\/www.oleaster.com.tr\\\/es\\\/#\\\/schema\\\/logo\\\/image\\\/\",\"url\":\"https:\\\/\\\/www.oleaster.com.tr\\\/wp-content\\\/uploads\\\/2024\\\/12\\\/OLEASTER-scaled-1.webp\",\"contentUrl\":\"https:\\\/\\\/www.oleaster.com.tr\\\/wp-content\\\/uploads\\\/2024\\\/12\\\/OLEASTER-scaled-1.webp\",\"width\":2560,\"height\":1778,\"caption\":\"Oleaster\"},\"image\":{\"@id\":\"https:\\\/\\\/www.oleaster.com.tr\\\/es\\\/#\\\/schema\\\/logo\\\/image\\\/\"}}]}<\/script>\n<!-- \/ Yoast SEO plugin. -->","yoast_head_json":{"title":"CITY LAND XL FLE - Oleaster","robots":{"index":"index","follow":"follow","max-snippet":"max-snippet:-1","max-image-preview":"max-image-preview:large","max-video-preview":"max-video-preview:-1"},"canonical":"https:\/\/www.oleaster.com.tr\/es\/urun\/city-land-xl-fle\/","og_locale":"es_ES","og_type":"article","og_title":"CITY LAND XL FLE - Oleaster","og_description":"El transporte p\u00fablico o masivo es el t\u00e9rmino general que engloba todos los sistemas de movilidad utilizados para desplazamientos sin veh\u00edculos personales.","og_url":"https:\/\/www.oleaster.com.tr\/es\/urun\/city-land-xl-fle\/","og_site_name":"Oleaster","article_modified_time":"2025-05-12T11:41:58+00:00","og_image":[{"width":2560,"height":1707,"url":"https:\/\/www.oleaster.com.tr\/wp-content\/uploads\/2025\/01\/City_Land_XL_FLE_001-scaled.webp","type":"image\/webp"}],"twitter_card":"summary_large_image","twitter_misc":{"Tiempo de lectura":"3 minutos"},"schema":{"@context":"https:\/\/schema.org","@graph":[{"@type":"WebPage","@id":"https:\/\/www.oleaster.com.tr\/es\/urun\/city-land-xl-fle\/","url":"https:\/\/www.oleaster.com.tr\/es\/urun\/city-land-xl-fle\/","name":"CITY LAND XL FLE - Oleaster","isPartOf":{"@id":"https:\/\/www.oleaster.com.tr\/es\/#website"},"primaryImageOfPage":{"@id":"https:\/\/www.oleaster.com.tr\/es\/urun\/city-land-xl-fle\/#primaryimage"},"image":{"@id":"https:\/\/www.oleaster.com.tr\/es\/urun\/city-land-xl-fle\/#primaryimage"},"thumbnailUrl":"https:\/\/www.oleaster.com.tr\/wp-content\/uploads\/2025\/01\/City_Land_XL_FLE_001-scaled.webp","datePublished":"2025-01-06T11:41:57+00:00","dateModified":"2025-05-12T11:41:58+00:00","breadcrumb":{"@id":"https:\/\/www.oleaster.com.tr\/es\/urun\/city-land-xl-fle\/#breadcrumb"},"inLanguage":"es","potentialAction":[{"@type":"ReadAction","target":["https:\/\/www.oleaster.com.tr\/es\/urun\/city-land-xl-fle\/"]}]},{"@type":"ImageObject","inLanguage":"es","@id":"https:\/\/www.oleaster.com.tr\/es\/urun\/city-land-xl-fle\/#primaryimage","url":"https:\/\/www.oleaster.com.tr\/wp-content\/uploads\/2025\/01\/City_Land_XL_FLE_001-scaled.webp","contentUrl":"https:\/\/www.oleaster.com.tr\/wp-content\/uploads\/2025\/01\/City_Land_XL_FLE_001-scaled.webp","width":2560,"height":1707},{"@type":"BreadcrumbList","@id":"https:\/\/www.oleaster.com.tr\/es\/urun\/city-land-xl-fle\/#breadcrumb","itemListElement":[{"@type":"ListItem","position":1,"name":"Anasayfa","item":"https:\/\/www.oleaster.com.tr\/es\/oleaster\/"},{"@type":"ListItem","position":2,"name":"Comercio","item":"https:\/\/www.oleaster.com.tr\/es\/shop\/"},{"@type":"ListItem","position":3,"name":"CITY LAND XL FLE"}]},{"@type":"WebSite","@id":"https:\/\/www.oleaster.com.tr\/es\/#website","url":"https:\/\/www.oleaster.com.tr\/es\/","name":"Oleaster","description":"Siz Hayal Edin, Biz Yapal\u0131m","publisher":{"@id":"https:\/\/www.oleaster.com.tr\/es\/#organization"},"potentialAction":[{"@type":"SearchAction","target":{"@type":"EntryPoint","urlTemplate":"https:\/\/www.oleaster.com.tr\/es\/?s={search_term_string}"},"query-input":{"@type":"PropertyValueSpecification","valueRequired":true,"valueName":"search_term_string"}}],"inLanguage":"es"},{"@type":"Organization","@id":"https:\/\/www.oleaster.com.tr\/es\/#organization","name":"Oleaster","url":"https:\/\/www.oleaster.com.tr\/es\/","logo":{"@type":"ImageObject","inLanguage":"es","@id":"https:\/\/www.oleaster.com.tr\/es\/#\/schema\/logo\/image\/","url":"https:\/\/www.oleaster.com.tr\/wp-content\/uploads\/2024\/12\/OLEASTER-scaled-1.webp","contentUrl":"https:\/\/www.oleaster.com.tr\/wp-content\/uploads\/2024\/12\/OLEASTER-scaled-1.webp","width":2560,"height":1778,"caption":"Oleaster"},"image":{"@id":"https:\/\/www.oleaster.com.tr\/es\/#\/schema\/logo\/image\/"}}]}},"_links":{"self":[{"href":"https:\/\/www.oleaster.com.tr\/es\/wp-json\/wp\/v2\/product\/27843","targetHints":{"allow":["GET"]}}],"collection":[{"href":"https:\/\/www.oleaster.com.tr\/es\/wp-json\/wp\/v2\/product"}],"about":[{"href":"https:\/\/www.oleaster.com.tr\/es\/wp-json\/wp\/v2\/types\/product"}],"version-history":[{"count":7,"href":"https:\/\/www.oleaster.com.tr\/es\/wp-json\/wp\/v2\/product\/27843\/revisions"}],"predecessor-version":[{"id":31729,"href":"https:\/\/www.oleaster.com.tr\/es\/wp-json\/wp\/v2\/product\/27843\/revisions\/31729"}],"wp:featuredmedia":[{"embeddable":true,"href":"https:\/\/www.oleaster.com.tr\/es\/wp-json\/wp\/v2\/media\/31507"}],"wp:attachment":[{"href":"https:\/\/www.oleaster.com.tr\/es\/wp-json\/wp\/v2\/media?parent=27843"}],"wp:term":[{"taxonomy":"product_brand","embeddable":true,"href":"https:\/\/www.oleaster.com.tr\/es\/wp-json\/wp\/v2\/product_brand?post=27843"},{"taxonomy":"product_cat","embeddable":true,"href":"https:\/\/www.oleaster.com.tr\/es\/wp-json\/wp\/v2\/product_cat?post=27843"},{"taxonomy":"product_tag","embeddable":true,"href":"https:\/\/www.oleaster.com.tr\/es\/wp-json\/wp\/v2\/product_tag?post=27843"}],"curies":[{"name":"wp","href":"https:\/\/api.w.org\/{rel}","templated":true}]}}