{"id":27180,"date":"2025-02-06T13:51:19","date_gmt":"2025-02-06T10:51:19","guid":{"rendered":"https:\/\/www.oleaster.com.tr\/urun\/school-land-xl-tanitim\/"},"modified":"2025-05-14T13:15:52","modified_gmt":"2025-05-14T10:15:52","slug":"school-land-xl-tanitim","status":"publish","type":"product","link":"https:\/\/www.oleaster.com.tr\/es\/urun\/school-land-xl-tanitim\/","title":{"rendered":"SCHOOL LAND XL"},"content":{"rendered":"\t\t<div data-elementor-type=\"wp-post\" data-elementor-id=\"27180\" class=\"elementor elementor-27180 elementor-17704\">\n\t\t\t\t<div class=\"wd-negative-gap elementor-element elementor-element-53eea44 e-flex e-con-boxed e-con e-parent\" data-id=\"53eea44\" data-element_type=\"container\" data-e-type=\"container\">\n\t\t\t\t\t<div class=\"e-con-inner\">\n\t\t<div class=\"elementor-element elementor-element-cc8e042 e-con-full e-flex e-con e-child\" data-id=\"cc8e042\" data-element_type=\"container\" data-e-type=\"container\">\n\t\t\t\t<div class=\"elementor-element elementor-element-4a8a87a elementor-widget elementor-widget-wd_text_block\" data-id=\"4a8a87a\" data-element_type=\"widget\" data-e-type=\"widget\" data-widget_type=\"wd_text_block.default\">\n\t\t\t\t<div class=\"elementor-widget-container\">\n\t\t\t\t\t\t\t<div class=\"wd-text-block reset-last-child text-left\">\n\t\t\t\n\t\t\t<p>Los veh\u00edculos escolares, tambi\u00e9n conocidos como transporte estudiantil o autobuses escolares, son veh\u00edculos especialmente dise\u00f1ados para transportar estudiantes de ida y vuelta a la escuela. El primer servicio de transporte escolar se introdujo en 1827 con un carruaje tirado por caballos, mientras que el primer veh\u00edculo escolar motorizado comenz\u00f3 a circular en 1914. Dise\u00f1amos y fabricamos nuestros veh\u00edculos escolares en cumplimiento con las normativas viales de cada pa\u00eds, aplicando nuestra avanzada experiencia en ingenier\u00eda y con la mentalidad de que transportamos a nuestros propios hijos. Considerando todas las expectativas del mercado, nos consolidamos como un socio confiable, ofreciendo diferentes configuraciones de asientos adaptadas a necesidades espec\u00edficas.<\/p><p>Nuestro modelo <span style=\"color: #ff0000;\"><strong><u>SCHOOL LAND XL<\/u><\/strong><\/span> est\u00e1 construido sobre un chasis Mercedes-Benz Sprinter, con un peso m\u00e1ximo de 5,0 toneladas. Viene de serie con transmisi\u00f3n autom\u00e1tica y ofrece dos opciones de motor: 170 HP o 190 HP. Seg\u00fan la configuraci\u00f3n elegida, el <span style=\"color: #ff0000;\"><strong><u>SCHOOL LAND XL<\/u><\/strong><\/span> puede transportar entre 15 y 34 pasajeros, incluyendo al conductor, un asistente docente y los estudiantes.<\/p><p>Dise\u00f1ado para garantizar un viaje seguro, c\u00f3modo y eficiente, este veh\u00edculo permite que los ni\u00f1os, el futuro de nuestro mundo, se desplacen entre su hogar y la escuela con el m\u00e1ximo nivel de seguridad y confort. Adem\u00e1s, atendemos solicitudes de opciones personalizadas de veh\u00edculos y modificaciones estructurales, ofreciendo una amplia gama de soluciones de transporte escolar a medida. Gracias a nuestra experiencia acumulada y nuestra s\u00f3lida base de ingenier\u00eda, seguimos siendo su socio de confianza para todas las necesidades de transporte escolar.<\/p>\n\t\t\t\t\t<\/div>\n\t\t\t\t\t\t<\/div>\n\t\t\t\t<\/div>\n\t\t\t\t<\/div>\n\t\t<div class=\"elementor-element elementor-element-738f371 e-con-full e-flex e-con e-child\" data-id=\"738f371\" data-element_type=\"container\" data-e-type=\"container\">\n\t\t\t\t<div class=\"elementor-element elementor-element-5586eab elementor-widget elementor-widget-wd_image_or_svg\" data-id=\"5586eab\" data-element_type=\"widget\" data-e-type=\"widget\" data-widget_type=\"wd_image_or_svg.default\">\n\t\t\t\t<div class=\"elementor-widget-container\">\n\t\t\t\t\t\n\t\t<div class=\"wd-image text-left\">\n\t\t\t\t\t\t\t\t<img loading=\"lazy\" decoding=\"async\" width=\"2560\" height=\"1707\" src=\"https:\/\/www.oleaster.com.tr\/wp-content\/uploads\/2025\/02\/DSC_3389-min-scaled.webp\" class=\"attachment-full size-full\" alt=\"\" srcset=\"https:\/\/www.oleaster.com.tr\/wp-content\/uploads\/2025\/02\/DSC_3389-min-scaled.webp 2560w, https:\/\/www.oleaster.com.tr\/wp-content\/uploads\/2025\/02\/DSC_3389-min-400x267.webp 400w, https:\/\/www.oleaster.com.tr\/wp-content\/uploads\/2025\/02\/DSC_3389-min-1200x800.webp 1200w, https:\/\/www.oleaster.com.tr\/wp-content\/uploads\/2025\/02\/DSC_3389-min-768x512.webp 768w, https:\/\/www.oleaster.com.tr\/wp-content\/uploads\/2025\/02\/DSC_3389-min-1536x1024.webp 1536w, https:\/\/www.oleaster.com.tr\/wp-content\/uploads\/2025\/02\/DSC_3389-min-2048x1365.webp 2048w, https:\/\/www.oleaster.com.tr\/wp-content\/uploads\/2025\/02\/DSC_3389-min-430x287.webp 430w, https:\/\/www.oleaster.com.tr\/wp-content\/uploads\/2025\/02\/DSC_3389-min-700x467.webp 700w, https:\/\/www.oleaster.com.tr\/wp-content\/uploads\/2025\/02\/DSC_3389-min-150x100.webp 150w\" sizes=\"auto, (max-width: 2560px) 100vw, 2560px\" \/>\t\t\t\t\t<\/div>\n\n\t\t\t\t\t\t<\/div>\n\t\t\t\t<\/div>\n\t\t\t\t<div class=\"elementor-element elementor-element-ae7adec elementor-widget elementor-widget-wd_image_or_svg\" data-id=\"ae7adec\" data-element_type=\"widget\" data-e-type=\"widget\" data-widget_type=\"wd_image_or_svg.default\">\n\t\t\t\t<div class=\"elementor-widget-container\">\n\t\t\t\t\t\n\t\t<div class=\"wd-image text-left\">\n\t\t\t\t\t\t\t\t<img loading=\"lazy\" decoding=\"async\" width=\"2560\" height=\"1707\" src=\"https:\/\/www.oleaster.com.tr\/wp-content\/uploads\/2025\/02\/DSC_3441-min-scaled.webp\" class=\"attachment-full size-full\" alt=\"\" srcset=\"https:\/\/www.oleaster.com.tr\/wp-content\/uploads\/2025\/02\/DSC_3441-min-scaled.webp 2560w, https:\/\/www.oleaster.com.tr\/wp-content\/uploads\/2025\/02\/DSC_3441-min-400x267.webp 400w, https:\/\/www.oleaster.com.tr\/wp-content\/uploads\/2025\/02\/DSC_3441-min-1200x800.webp 1200w, https:\/\/www.oleaster.com.tr\/wp-content\/uploads\/2025\/02\/DSC_3441-min-768x512.webp 768w, https:\/\/www.oleaster.com.tr\/wp-content\/uploads\/2025\/02\/DSC_3441-min-1536x1024.webp 1536w, https:\/\/www.oleaster.com.tr\/wp-content\/uploads\/2025\/02\/DSC_3441-min-2048x1365.webp 2048w, https:\/\/www.oleaster.com.tr\/wp-content\/uploads\/2025\/02\/DSC_3441-min-430x287.webp 430w, https:\/\/www.oleaster.com.tr\/wp-content\/uploads\/2025\/02\/DSC_3441-min-700x467.webp 700w, https:\/\/www.oleaster.com.tr\/wp-content\/uploads\/2025\/02\/DSC_3441-min-150x100.webp 150w\" sizes=\"auto, (max-width: 2560px) 100vw, 2560px\" \/>\t\t\t\t\t<\/div>\n\n\t\t\t\t\t\t<\/div>\n\t\t\t\t<\/div>\n\t\t\t\t<\/div>\n\t\t\t\t\t<\/div>\n\t\t\t\t<\/div>\n\t\t\t\t<\/div>\n\t\t","protected":false},"excerpt":{"rendered":"<div class=\"legal-notice\" data-v-a1c10375=\"\" data-test-id=\"emh-legal-notice__text\">\n<div class=\"tag\">Los veh\u00edculos escolares, tambi\u00e9n conocidos como transporte estudiantil o autobuses escolares, son veh\u00edculos especialmente dise\u00f1ados para transportar estudiantes de ida y vuelta a la escuela.<\/div>\n<\/div>\n","protected":false},"featured_media":33725,"template":"","meta":[],"product_brand":[],"product_cat":[370],"product_tag":[379],"class_list":{"0":"post-27180","1":"product","2":"type-product","3":"status-publish","4":"has-post-thumbnail","6":"product_cat-vehiculos-escolares","7":"product_tag-diseno-especial","9":"first","10":"instock","11":"shipping-taxable","12":"purchasable","13":"product-type-simple"},"yoast_head":"<!-- This site is optimized with the Yoast SEO plugin v27.4 - https:\/\/yoast.com\/product\/yoast-seo-wordpress\/ -->\n<title>SCHOOL LAND XL - Oleaster<\/title>\n<meta name=\"robots\" content=\"index, follow, max-snippet:-1, max-image-preview:large, max-video-preview:-1\" \/>\n<link rel=\"canonical\" href=\"https:\/\/www.oleaster.com.tr\/es\/urun\/school-land-xl-tanitim\/\" \/>\n<meta property=\"og:locale\" content=\"es_ES\" \/>\n<meta property=\"og:type\" content=\"article\" \/>\n<meta property=\"og:title\" content=\"SCHOOL LAND XL - Oleaster\" \/>\n<meta property=\"og:description\" content=\"Los veh\u00edculos escolares, tambi\u00e9n conocidos como transporte estudiantil o autobuses escolares, son veh\u00edculos especialmente dise\u00f1ados para transportar estudiantes de ida y vuelta a la escuela.\" \/>\n<meta property=\"og:url\" content=\"https:\/\/www.oleaster.com.tr\/es\/urun\/school-land-xl-tanitim\/\" \/>\n<meta property=\"og:site_name\" content=\"Oleaster\" \/>\n<meta property=\"article:modified_time\" content=\"2025-05-14T10:15:52+00:00\" \/>\n<meta property=\"og:image\" content=\"https:\/\/www.oleaster.com.tr\/wp-content\/uploads\/2025\/02\/DSC_3294-min-scaled.webp\" \/>\n\t<meta property=\"og:image:width\" content=\"2560\" \/>\n\t<meta property=\"og:image:height\" content=\"1707\" \/>\n\t<meta property=\"og:image:type\" content=\"image\/webp\" \/>\n<meta name=\"twitter:card\" content=\"summary_large_image\" \/>\n<meta name=\"twitter:label1\" content=\"Tiempo de lectura\" \/>\n\t<meta name=\"twitter:data1\" content=\"2 minutos\" \/>\n<script type=\"application\/ld+json\" class=\"yoast-schema-graph\">{\"@context\":\"https:\\\/\\\/schema.org\",\"@graph\":[{\"@type\":\"WebPage\",\"@id\":\"https:\\\/\\\/www.oleaster.com.tr\\\/es\\\/urun\\\/school-land-xl-tanitim\\\/\",\"url\":\"https:\\\/\\\/www.oleaster.com.tr\\\/es\\\/urun\\\/school-land-xl-tanitim\\\/\",\"name\":\"SCHOOL LAND XL - Oleaster\",\"isPartOf\":{\"@id\":\"https:\\\/\\\/www.oleaster.com.tr\\\/es\\\/#website\"},\"primaryImageOfPage\":{\"@id\":\"https:\\\/\\\/www.oleaster.com.tr\\\/es\\\/urun\\\/school-land-xl-tanitim\\\/#primaryimage\"},\"image\":{\"@id\":\"https:\\\/\\\/www.oleaster.com.tr\\\/es\\\/urun\\\/school-land-xl-tanitim\\\/#primaryimage\"},\"thumbnailUrl\":\"https:\\\/\\\/www.oleaster.com.tr\\\/wp-content\\\/uploads\\\/2025\\\/02\\\/school_land_XL_Okul_onu-min.webp\",\"datePublished\":\"2025-02-06T10:51:19+00:00\",\"dateModified\":\"2025-05-14T10:15:52+00:00\",\"breadcrumb\":{\"@id\":\"https:\\\/\\\/www.oleaster.com.tr\\\/es\\\/urun\\\/school-land-xl-tanitim\\\/#breadcrumb\"},\"inLanguage\":\"es\",\"potentialAction\":[{\"@type\":\"ReadAction\",\"target\":[\"https:\\\/\\\/www.oleaster.com.tr\\\/es\\\/urun\\\/school-land-xl-tanitim\\\/\"]}]},{\"@type\":\"ImageObject\",\"inLanguage\":\"es\",\"@id\":\"https:\\\/\\\/www.oleaster.com.tr\\\/es\\\/urun\\\/school-land-xl-tanitim\\\/#primaryimage\",\"url\":\"https:\\\/\\\/www.oleaster.com.tr\\\/wp-content\\\/uploads\\\/2025\\\/02\\\/school_land_XL_Okul_onu-min.webp\",\"contentUrl\":\"https:\\\/\\\/www.oleaster.com.tr\\\/wp-content\\\/uploads\\\/2025\\\/02\\\/school_land_XL_Okul_onu-min.webp\",\"width\":2496,\"height\":1664},{\"@type\":\"BreadcrumbList\",\"@id\":\"https:\\\/\\\/www.oleaster.com.tr\\\/es\\\/urun\\\/school-land-xl-tanitim\\\/#breadcrumb\",\"itemListElement\":[{\"@type\":\"ListItem\",\"position\":1,\"name\":\"Anasayfa\",\"item\":\"https:\\\/\\\/www.oleaster.com.tr\\\/es\\\/oleaster\\\/\"},{\"@type\":\"ListItem\",\"position\":2,\"name\":\"Comercio\",\"item\":\"https:\\\/\\\/www.oleaster.com.tr\\\/es\\\/shop\\\/\"},{\"@type\":\"ListItem\",\"position\":3,\"name\":\"SCHOOL LAND XL\"}]},{\"@type\":\"WebSite\",\"@id\":\"https:\\\/\\\/www.oleaster.com.tr\\\/es\\\/#website\",\"url\":\"https:\\\/\\\/www.oleaster.com.tr\\\/es\\\/\",\"name\":\"Oleaster\",\"description\":\"Siz Hayal Edin, Biz Yapal\u0131m\",\"publisher\":{\"@id\":\"https:\\\/\\\/www.oleaster.com.tr\\\/es\\\/#organization\"},\"potentialAction\":[{\"@type\":\"SearchAction\",\"target\":{\"@type\":\"EntryPoint\",\"urlTemplate\":\"https:\\\/\\\/www.oleaster.com.tr\\\/es\\\/?s={search_term_string}\"},\"query-input\":{\"@type\":\"PropertyValueSpecification\",\"valueRequired\":true,\"valueName\":\"search_term_string\"}}],\"inLanguage\":\"es\"},{\"@type\":\"Organization\",\"@id\":\"https:\\\/\\\/www.oleaster.com.tr\\\/es\\\/#organization\",\"name\":\"Oleaster\",\"url\":\"https:\\\/\\\/www.oleaster.com.tr\\\/es\\\/\",\"logo\":{\"@type\":\"ImageObject\",\"inLanguage\":\"es\",\"@id\":\"https:\\\/\\\/www.oleaster.com.tr\\\/es\\\/#\\\/schema\\\/logo\\\/image\\\/\",\"url\":\"https:\\\/\\\/www.oleaster.com.tr\\\/wp-content\\\/uploads\\\/2024\\\/12\\\/OLEASTER-scaled-1.webp\",\"contentUrl\":\"https:\\\/\\\/www.oleaster.com.tr\\\/wp-content\\\/uploads\\\/2024\\\/12\\\/OLEASTER-scaled-1.webp\",\"width\":2560,\"height\":1778,\"caption\":\"Oleaster\"},\"image\":{\"@id\":\"https:\\\/\\\/www.oleaster.com.tr\\\/es\\\/#\\\/schema\\\/logo\\\/image\\\/\"}}]}<\/script>\n<!-- \/ Yoast SEO plugin. -->","yoast_head_json":{"title":"SCHOOL LAND XL - Oleaster","robots":{"index":"index","follow":"follow","max-snippet":"max-snippet:-1","max-image-preview":"max-image-preview:large","max-video-preview":"max-video-preview:-1"},"canonical":"https:\/\/www.oleaster.com.tr\/es\/urun\/school-land-xl-tanitim\/","og_locale":"es_ES","og_type":"article","og_title":"SCHOOL LAND XL - Oleaster","og_description":"Los veh\u00edculos escolares, tambi\u00e9n conocidos como transporte estudiantil o autobuses escolares, son veh\u00edculos especialmente dise\u00f1ados para transportar estudiantes de ida y vuelta a la escuela.","og_url":"https:\/\/www.oleaster.com.tr\/es\/urun\/school-land-xl-tanitim\/","og_site_name":"Oleaster","article_modified_time":"2025-05-14T10:15:52+00:00","og_image":[{"width":2560,"height":1707,"url":"https:\/\/www.oleaster.com.tr\/wp-content\/uploads\/2025\/02\/DSC_3294-min-scaled.webp","type":"image\/webp"}],"twitter_card":"summary_large_image","twitter_misc":{"Tiempo de lectura":"2 minutos"},"schema":{"@context":"https:\/\/schema.org","@graph":[{"@type":"WebPage","@id":"https:\/\/www.oleaster.com.tr\/es\/urun\/school-land-xl-tanitim\/","url":"https:\/\/www.oleaster.com.tr\/es\/urun\/school-land-xl-tanitim\/","name":"SCHOOL LAND XL - Oleaster","isPartOf":{"@id":"https:\/\/www.oleaster.com.tr\/es\/#website"},"primaryImageOfPage":{"@id":"https:\/\/www.oleaster.com.tr\/es\/urun\/school-land-xl-tanitim\/#primaryimage"},"image":{"@id":"https:\/\/www.oleaster.com.tr\/es\/urun\/school-land-xl-tanitim\/#primaryimage"},"thumbnailUrl":"https:\/\/www.oleaster.com.tr\/wp-content\/uploads\/2025\/02\/school_land_XL_Okul_onu-min.webp","datePublished":"2025-02-06T10:51:19+00:00","dateModified":"2025-05-14T10:15:52+00:00","breadcrumb":{"@id":"https:\/\/www.oleaster.com.tr\/es\/urun\/school-land-xl-tanitim\/#breadcrumb"},"inLanguage":"es","potentialAction":[{"@type":"ReadAction","target":["https:\/\/www.oleaster.com.tr\/es\/urun\/school-land-xl-tanitim\/"]}]},{"@type":"ImageObject","inLanguage":"es","@id":"https:\/\/www.oleaster.com.tr\/es\/urun\/school-land-xl-tanitim\/#primaryimage","url":"https:\/\/www.oleaster.com.tr\/wp-content\/uploads\/2025\/02\/school_land_XL_Okul_onu-min.webp","contentUrl":"https:\/\/www.oleaster.com.tr\/wp-content\/uploads\/2025\/02\/school_land_XL_Okul_onu-min.webp","width":2496,"height":1664},{"@type":"BreadcrumbList","@id":"https:\/\/www.oleaster.com.tr\/es\/urun\/school-land-xl-tanitim\/#breadcrumb","itemListElement":[{"@type":"ListItem","position":1,"name":"Anasayfa","item":"https:\/\/www.oleaster.com.tr\/es\/oleaster\/"},{"@type":"ListItem","position":2,"name":"Comercio","item":"https:\/\/www.oleaster.com.tr\/es\/shop\/"},{"@type":"ListItem","position":3,"name":"SCHOOL LAND XL"}]},{"@type":"WebSite","@id":"https:\/\/www.oleaster.com.tr\/es\/#website","url":"https:\/\/www.oleaster.com.tr\/es\/","name":"Oleaster","description":"Siz Hayal Edin, Biz Yapal\u0131m","publisher":{"@id":"https:\/\/www.oleaster.com.tr\/es\/#organization"},"potentialAction":[{"@type":"SearchAction","target":{"@type":"EntryPoint","urlTemplate":"https:\/\/www.oleaster.com.tr\/es\/?s={search_term_string}"},"query-input":{"@type":"PropertyValueSpecification","valueRequired":true,"valueName":"search_term_string"}}],"inLanguage":"es"},{"@type":"Organization","@id":"https:\/\/www.oleaster.com.tr\/es\/#organization","name":"Oleaster","url":"https:\/\/www.oleaster.com.tr\/es\/","logo":{"@type":"ImageObject","inLanguage":"es","@id":"https:\/\/www.oleaster.com.tr\/es\/#\/schema\/logo\/image\/","url":"https:\/\/www.oleaster.com.tr\/wp-content\/uploads\/2024\/12\/OLEASTER-scaled-1.webp","contentUrl":"https:\/\/www.oleaster.com.tr\/wp-content\/uploads\/2024\/12\/OLEASTER-scaled-1.webp","width":2560,"height":1778,"caption":"Oleaster"},"image":{"@id":"https:\/\/www.oleaster.com.tr\/es\/#\/schema\/logo\/image\/"}}]}},"_links":{"self":[{"href":"https:\/\/www.oleaster.com.tr\/es\/wp-json\/wp\/v2\/product\/27180","targetHints":{"allow":["GET"]}}],"collection":[{"href":"https:\/\/www.oleaster.com.tr\/es\/wp-json\/wp\/v2\/product"}],"about":[{"href":"https:\/\/www.oleaster.com.tr\/es\/wp-json\/wp\/v2\/types\/product"}],"version-history":[{"count":10,"href":"https:\/\/www.oleaster.com.tr\/es\/wp-json\/wp\/v2\/product\/27180\/revisions"}],"predecessor-version":[{"id":31747,"href":"https:\/\/www.oleaster.com.tr\/es\/wp-json\/wp\/v2\/product\/27180\/revisions\/31747"}],"wp:featuredmedia":[{"embeddable":true,"href":"https:\/\/www.oleaster.com.tr\/es\/wp-json\/wp\/v2\/media\/33725"}],"wp:attachment":[{"href":"https:\/\/www.oleaster.com.tr\/es\/wp-json\/wp\/v2\/media?parent=27180"}],"wp:term":[{"taxonomy":"product_brand","embeddable":true,"href":"https:\/\/www.oleaster.com.tr\/es\/wp-json\/wp\/v2\/product_brand?post=27180"},{"taxonomy":"product_cat","embeddable":true,"href":"https:\/\/www.oleaster.com.tr\/es\/wp-json\/wp\/v2\/product_cat?post=27180"},{"taxonomy":"product_tag","embeddable":true,"href":"https:\/\/www.oleaster.com.tr\/es\/wp-json\/wp\/v2\/product_tag?post=27180"}],"curies":[{"name":"wp","href":"https:\/\/api.w.org\/{rel}","templated":true}]}}