{"id":27162,"date":"2025-02-10T12:52:21","date_gmt":"2025-02-10T09:52:21","guid":{"rendered":"https:\/\/www.oleaster.com.tr\/urun\/schooll-land-l\/"},"modified":"2025-03-17T14:22:33","modified_gmt":"2025-03-17T11:22:33","slug":"schooll-land-l","status":"publish","type":"product","link":"https:\/\/www.oleaster.com.tr\/es\/urun\/schooll-land-l\/","title":{"rendered":"SCHOOL LAND L"},"content":{"rendered":"\t\t<div data-elementor-type=\"wp-post\" data-elementor-id=\"27162\" class=\"elementor elementor-27162 elementor-17924\">\n\t\t\t\t<div class=\"wd-negative-gap elementor-element elementor-element-53eea44 e-flex e-con-boxed e-con e-parent\" data-id=\"53eea44\" data-element_type=\"container\" data-e-type=\"container\">\n\t\t\t\t\t<div class=\"e-con-inner\">\n\t\t<div class=\"elementor-element elementor-element-cc8e042 e-con-full e-flex e-con e-child\" data-id=\"cc8e042\" data-element_type=\"container\" data-e-type=\"container\">\n\t\t\t\t<div class=\"elementor-element elementor-element-4a8a87a elementor-widget elementor-widget-wd_text_block\" data-id=\"4a8a87a\" data-element_type=\"widget\" data-e-type=\"widget\" data-widget_type=\"wd_text_block.default\">\n\t\t\t\t<div class=\"elementor-widget-container\">\n\t\t\t\t\t\t\t<div class=\"wd-text-block reset-last-child text-left\">\n\t\t\t\n\t\t\t<p>Los veh\u00edculos escolares, tambi\u00e9n conocidos como transporte estudiantil o autobuses escolares, son veh\u00edculos especialmente dise\u00f1ados para transportar estudiantes de ida y vuelta a la escuela. El primer servicio de transporte escolar se introdujo en 1827 utilizando un carruaje tirado por caballos, mientras que el primer veh\u00edculo escolar motorizado entr\u00f3 en circulaci\u00f3n en 1914. Dise\u00f1amos y fabricamos nuestros veh\u00edculos escolares en cumplimiento con las regulaciones viales de cada pa\u00eds, aplicando nuestra avanzada experiencia en ingenier\u00eda y con la mentalidad de que transportamos a nuestros propios hijos. Considerando todas las expectativas del mercado, nos posicionamos como un socio confiable, ofreciendo diversas configuraciones de asientos adaptadas a cada necesidad.<\/p><p>Nuestro modelo <span style=\"color: #ff0000;\"><strong><u>SCHOOL LAND L<\/u><\/strong><\/span> est\u00e1 construido sobre un chasis Mercedes-Benz Sprinter, con un peso m\u00e1ximo de 4,1 toneladas y disponible con transmisi\u00f3n manual o autom\u00e1tica. Equipado con un motor de 170 HP, este veh\u00edculo garantiza un transporte seguro, c\u00f3modo y eficiente para los estudiantes.<\/p><p>Seg\u00fan la configuraci\u00f3n elegida, el <span style=\"color: #ff0000;\"><strong><u>SCHOOL LAND L<\/u><\/strong><\/span> puede transportar entre 16 y 24 pasajeros, incluyendo al conductor, un asistente docente y los estudiantes. Fabricamos estos veh\u00edculos con la misi\u00f3n de proporcionar a los ni\u00f1os, el futuro de nuestro mundo, un viaje seguro y confortable entre su hogar y la escuela. Adem\u00e1s, atendemos solicitudes de opciones personalizadas de veh\u00edculos y modificaciones en la carrocer\u00eda, ofreciendo una amplia gama de soluciones de transporte escolar a medida. Gracias a nuestra experiencia acumulada y nuestra s\u00f3lida base de ingenier\u00eda, seguimos siendo un socio de confianza en el sector del transporte escolar.<\/p>\n\t\t\t\t\t<\/div>\n\t\t\t\t\t\t<\/div>\n\t\t\t\t<\/div>\n\t\t\t\t<\/div>\n\t\t<div class=\"elementor-element elementor-element-738f371 e-con-full e-flex e-con e-child\" data-id=\"738f371\" data-element_type=\"container\" data-e-type=\"container\">\n\t\t\t\t<div class=\"elementor-element elementor-element-5586eab elementor-widget elementor-widget-wd_image_or_svg\" data-id=\"5586eab\" data-element_type=\"widget\" data-e-type=\"widget\" data-widget_type=\"wd_image_or_svg.default\">\n\t\t\t\t<div class=\"elementor-widget-container\">\n\t\t\t\t\t\n\t\t<div class=\"wd-image text-left\">\n\t\t\t\t\t\t\t\t<img loading=\"lazy\" decoding=\"async\" width=\"1999\" height=\"1333\" src=\"https:\/\/www.oleaster.com.tr\/wp-content\/uploads\/2025\/01\/SCHOOL-LAND-XL-\u2013-Access_07.jpg\" class=\"attachment-full size-full\" alt=\"\" srcset=\"https:\/\/www.oleaster.com.tr\/wp-content\/uploads\/2025\/01\/SCHOOL-LAND-XL-\u2013-Access_07.jpg 1999w, https:\/\/www.oleaster.com.tr\/wp-content\/uploads\/2025\/01\/SCHOOL-LAND-XL-\u2013-Access_07-400x267.jpg 400w, https:\/\/www.oleaster.com.tr\/wp-content\/uploads\/2025\/01\/SCHOOL-LAND-XL-\u2013-Access_07-1200x800.jpg 1200w, https:\/\/www.oleaster.com.tr\/wp-content\/uploads\/2025\/01\/SCHOOL-LAND-XL-\u2013-Access_07-768x512.jpg 768w, https:\/\/www.oleaster.com.tr\/wp-content\/uploads\/2025\/01\/SCHOOL-LAND-XL-\u2013-Access_07-1536x1024.jpg 1536w, https:\/\/www.oleaster.com.tr\/wp-content\/uploads\/2025\/01\/SCHOOL-LAND-XL-\u2013-Access_07-430x287.jpg 430w, https:\/\/www.oleaster.com.tr\/wp-content\/uploads\/2025\/01\/SCHOOL-LAND-XL-\u2013-Access_07-700x467.jpg 700w, https:\/\/www.oleaster.com.tr\/wp-content\/uploads\/2025\/01\/SCHOOL-LAND-XL-\u2013-Access_07-150x100.jpg 150w\" sizes=\"auto, (max-width: 1999px) 100vw, 1999px\" \/>\t\t\t\t\t<\/div>\n\n\t\t\t\t\t\t<\/div>\n\t\t\t\t<\/div>\n\t\t\t\t<\/div>\n\t\t\t\t\t<\/div>\n\t\t\t\t<\/div>\n\t\t\t\t<\/div>\n\t\t","protected":false},"excerpt":{"rendered":"<div class=\"legal-notice\" data-v-a1c10375=\"\" data-test-id=\"emh-legal-notice__text\">\n<div class=\"tag\">Los veh\u00edculos escolares, tambi\u00e9n conocidos como transporte estudiantil o autobuses escolares, son veh\u00edculos especialmente dise\u00f1ados para transportar estudiantes de ida y vuelta a la escuela.<\/div>\n<\/div>\n","protected":false},"featured_media":31177,"template":"","meta":[],"product_brand":[],"product_cat":[370],"product_tag":[379],"class_list":{"0":"post-27162","1":"product","2":"type-product","3":"status-publish","4":"has-post-thumbnail","6":"product_cat-vehiculos-escolares","7":"product_tag-diseno-especial","9":"first","10":"instock","11":"shipping-taxable","12":"purchasable","13":"product-type-simple"},"yoast_head":"<!-- This site is optimized with the Yoast SEO plugin v27.4 - https:\/\/yoast.com\/product\/yoast-seo-wordpress\/ -->\n<title>SCHOOL LAND L - Oleaster<\/title>\n<meta name=\"robots\" content=\"index, follow, max-snippet:-1, max-image-preview:large, max-video-preview:-1\" \/>\n<link rel=\"canonical\" href=\"https:\/\/www.oleaster.com.tr\/es\/urun\/schooll-land-l\/\" \/>\n<meta property=\"og:locale\" content=\"es_ES\" \/>\n<meta property=\"og:type\" content=\"article\" \/>\n<meta property=\"og:title\" content=\"SCHOOL LAND L - Oleaster\" \/>\n<meta property=\"og:description\" content=\"Los veh\u00edculos escolares, tambi\u00e9n conocidos como transporte estudiantil o autobuses escolares, son veh\u00edculos especialmente dise\u00f1ados para transportar estudiantes de ida y vuelta a la escuela.\" \/>\n<meta property=\"og:url\" content=\"https:\/\/www.oleaster.com.tr\/es\/urun\/schooll-land-l\/\" \/>\n<meta property=\"og:site_name\" content=\"Oleaster\" \/>\n<meta property=\"article:modified_time\" content=\"2025-03-17T11:22:33+00:00\" \/>\n<meta property=\"og:image\" content=\"https:\/\/www.oleaster.com.tr\/wp-content\/uploads\/2025\/01\/SCHOOL-LAND-XL-Access-scaled.webp\" \/>\n\t<meta property=\"og:image:width\" content=\"2560\" \/>\n\t<meta property=\"og:image:height\" content=\"1707\" \/>\n\t<meta property=\"og:image:type\" content=\"image\/webp\" \/>\n<meta name=\"twitter:card\" content=\"summary_large_image\" \/>\n<meta name=\"twitter:label1\" content=\"Tiempo de lectura\" \/>\n\t<meta name=\"twitter:data1\" content=\"2 minutos\" \/>\n<script type=\"application\/ld+json\" class=\"yoast-schema-graph\">{\"@context\":\"https:\\\/\\\/schema.org\",\"@graph\":[{\"@type\":\"WebPage\",\"@id\":\"https:\\\/\\\/www.oleaster.com.tr\\\/es\\\/urun\\\/schooll-land-l\\\/\",\"url\":\"https:\\\/\\\/www.oleaster.com.tr\\\/es\\\/urun\\\/schooll-land-l\\\/\",\"name\":\"SCHOOL LAND L - Oleaster\",\"isPartOf\":{\"@id\":\"https:\\\/\\\/www.oleaster.com.tr\\\/es\\\/#website\"},\"primaryImageOfPage\":{\"@id\":\"https:\\\/\\\/www.oleaster.com.tr\\\/es\\\/urun\\\/schooll-land-l\\\/#primaryimage\"},\"image\":{\"@id\":\"https:\\\/\\\/www.oleaster.com.tr\\\/es\\\/urun\\\/schooll-land-l\\\/#primaryimage\"},\"thumbnailUrl\":\"https:\\\/\\\/www.oleaster.com.tr\\\/wp-content\\\/uploads\\\/2025\\\/02\\\/DSC_3368-min-scaled.webp\",\"datePublished\":\"2025-02-10T09:52:21+00:00\",\"dateModified\":\"2025-03-17T11:22:33+00:00\",\"breadcrumb\":{\"@id\":\"https:\\\/\\\/www.oleaster.com.tr\\\/es\\\/urun\\\/schooll-land-l\\\/#breadcrumb\"},\"inLanguage\":\"es\",\"potentialAction\":[{\"@type\":\"ReadAction\",\"target\":[\"https:\\\/\\\/www.oleaster.com.tr\\\/es\\\/urun\\\/schooll-land-l\\\/\"]}]},{\"@type\":\"ImageObject\",\"inLanguage\":\"es\",\"@id\":\"https:\\\/\\\/www.oleaster.com.tr\\\/es\\\/urun\\\/schooll-land-l\\\/#primaryimage\",\"url\":\"https:\\\/\\\/www.oleaster.com.tr\\\/wp-content\\\/uploads\\\/2025\\\/02\\\/DSC_3368-min-scaled.webp\",\"contentUrl\":\"https:\\\/\\\/www.oleaster.com.tr\\\/wp-content\\\/uploads\\\/2025\\\/02\\\/DSC_3368-min-scaled.webp\",\"width\":2560,\"height\":1707},{\"@type\":\"BreadcrumbList\",\"@id\":\"https:\\\/\\\/www.oleaster.com.tr\\\/es\\\/urun\\\/schooll-land-l\\\/#breadcrumb\",\"itemListElement\":[{\"@type\":\"ListItem\",\"position\":1,\"name\":\"Anasayfa\",\"item\":\"https:\\\/\\\/www.oleaster.com.tr\\\/es\\\/oleaster\\\/\"},{\"@type\":\"ListItem\",\"position\":2,\"name\":\"Comercio\",\"item\":\"https:\\\/\\\/www.oleaster.com.tr\\\/es\\\/shop\\\/\"},{\"@type\":\"ListItem\",\"position\":3,\"name\":\"SCHOOL LAND L\"}]},{\"@type\":\"WebSite\",\"@id\":\"https:\\\/\\\/www.oleaster.com.tr\\\/es\\\/#website\",\"url\":\"https:\\\/\\\/www.oleaster.com.tr\\\/es\\\/\",\"name\":\"Oleaster\",\"description\":\"Siz Hayal Edin, Biz Yapal\u0131m\",\"publisher\":{\"@id\":\"https:\\\/\\\/www.oleaster.com.tr\\\/es\\\/#organization\"},\"potentialAction\":[{\"@type\":\"SearchAction\",\"target\":{\"@type\":\"EntryPoint\",\"urlTemplate\":\"https:\\\/\\\/www.oleaster.com.tr\\\/es\\\/?s={search_term_string}\"},\"query-input\":{\"@type\":\"PropertyValueSpecification\",\"valueRequired\":true,\"valueName\":\"search_term_string\"}}],\"inLanguage\":\"es\"},{\"@type\":\"Organization\",\"@id\":\"https:\\\/\\\/www.oleaster.com.tr\\\/es\\\/#organization\",\"name\":\"Oleaster\",\"url\":\"https:\\\/\\\/www.oleaster.com.tr\\\/es\\\/\",\"logo\":{\"@type\":\"ImageObject\",\"inLanguage\":\"es\",\"@id\":\"https:\\\/\\\/www.oleaster.com.tr\\\/es\\\/#\\\/schema\\\/logo\\\/image\\\/\",\"url\":\"https:\\\/\\\/www.oleaster.com.tr\\\/wp-content\\\/uploads\\\/2024\\\/12\\\/OLEASTER-scaled-1.webp\",\"contentUrl\":\"https:\\\/\\\/www.oleaster.com.tr\\\/wp-content\\\/uploads\\\/2024\\\/12\\\/OLEASTER-scaled-1.webp\",\"width\":2560,\"height\":1778,\"caption\":\"Oleaster\"},\"image\":{\"@id\":\"https:\\\/\\\/www.oleaster.com.tr\\\/es\\\/#\\\/schema\\\/logo\\\/image\\\/\"}}]}<\/script>\n<!-- \/ Yoast SEO plugin. -->","yoast_head_json":{"title":"SCHOOL LAND L - Oleaster","robots":{"index":"index","follow":"follow","max-snippet":"max-snippet:-1","max-image-preview":"max-image-preview:large","max-video-preview":"max-video-preview:-1"},"canonical":"https:\/\/www.oleaster.com.tr\/es\/urun\/schooll-land-l\/","og_locale":"es_ES","og_type":"article","og_title":"SCHOOL LAND L - Oleaster","og_description":"Los veh\u00edculos escolares, tambi\u00e9n conocidos como transporte estudiantil o autobuses escolares, son veh\u00edculos especialmente dise\u00f1ados para transportar estudiantes de ida y vuelta a la escuela.","og_url":"https:\/\/www.oleaster.com.tr\/es\/urun\/schooll-land-l\/","og_site_name":"Oleaster","article_modified_time":"2025-03-17T11:22:33+00:00","og_image":[{"width":2560,"height":1707,"url":"https:\/\/www.oleaster.com.tr\/wp-content\/uploads\/2025\/01\/SCHOOL-LAND-XL-Access-scaled.webp","type":"image\/webp"}],"twitter_card":"summary_large_image","twitter_misc":{"Tiempo de lectura":"2 minutos"},"schema":{"@context":"https:\/\/schema.org","@graph":[{"@type":"WebPage","@id":"https:\/\/www.oleaster.com.tr\/es\/urun\/schooll-land-l\/","url":"https:\/\/www.oleaster.com.tr\/es\/urun\/schooll-land-l\/","name":"SCHOOL LAND L - Oleaster","isPartOf":{"@id":"https:\/\/www.oleaster.com.tr\/es\/#website"},"primaryImageOfPage":{"@id":"https:\/\/www.oleaster.com.tr\/es\/urun\/schooll-land-l\/#primaryimage"},"image":{"@id":"https:\/\/www.oleaster.com.tr\/es\/urun\/schooll-land-l\/#primaryimage"},"thumbnailUrl":"https:\/\/www.oleaster.com.tr\/wp-content\/uploads\/2025\/02\/DSC_3368-min-scaled.webp","datePublished":"2025-02-10T09:52:21+00:00","dateModified":"2025-03-17T11:22:33+00:00","breadcrumb":{"@id":"https:\/\/www.oleaster.com.tr\/es\/urun\/schooll-land-l\/#breadcrumb"},"inLanguage":"es","potentialAction":[{"@type":"ReadAction","target":["https:\/\/www.oleaster.com.tr\/es\/urun\/schooll-land-l\/"]}]},{"@type":"ImageObject","inLanguage":"es","@id":"https:\/\/www.oleaster.com.tr\/es\/urun\/schooll-land-l\/#primaryimage","url":"https:\/\/www.oleaster.com.tr\/wp-content\/uploads\/2025\/02\/DSC_3368-min-scaled.webp","contentUrl":"https:\/\/www.oleaster.com.tr\/wp-content\/uploads\/2025\/02\/DSC_3368-min-scaled.webp","width":2560,"height":1707},{"@type":"BreadcrumbList","@id":"https:\/\/www.oleaster.com.tr\/es\/urun\/schooll-land-l\/#breadcrumb","itemListElement":[{"@type":"ListItem","position":1,"name":"Anasayfa","item":"https:\/\/www.oleaster.com.tr\/es\/oleaster\/"},{"@type":"ListItem","position":2,"name":"Comercio","item":"https:\/\/www.oleaster.com.tr\/es\/shop\/"},{"@type":"ListItem","position":3,"name":"SCHOOL LAND L"}]},{"@type":"WebSite","@id":"https:\/\/www.oleaster.com.tr\/es\/#website","url":"https:\/\/www.oleaster.com.tr\/es\/","name":"Oleaster","description":"Siz Hayal Edin, Biz Yapal\u0131m","publisher":{"@id":"https:\/\/www.oleaster.com.tr\/es\/#organization"},"potentialAction":[{"@type":"SearchAction","target":{"@type":"EntryPoint","urlTemplate":"https:\/\/www.oleaster.com.tr\/es\/?s={search_term_string}"},"query-input":{"@type":"PropertyValueSpecification","valueRequired":true,"valueName":"search_term_string"}}],"inLanguage":"es"},{"@type":"Organization","@id":"https:\/\/www.oleaster.com.tr\/es\/#organization","name":"Oleaster","url":"https:\/\/www.oleaster.com.tr\/es\/","logo":{"@type":"ImageObject","inLanguage":"es","@id":"https:\/\/www.oleaster.com.tr\/es\/#\/schema\/logo\/image\/","url":"https:\/\/www.oleaster.com.tr\/wp-content\/uploads\/2024\/12\/OLEASTER-scaled-1.webp","contentUrl":"https:\/\/www.oleaster.com.tr\/wp-content\/uploads\/2024\/12\/OLEASTER-scaled-1.webp","width":2560,"height":1778,"caption":"Oleaster"},"image":{"@id":"https:\/\/www.oleaster.com.tr\/es\/#\/schema\/logo\/image\/"}}]}},"_links":{"self":[{"href":"https:\/\/www.oleaster.com.tr\/es\/wp-json\/wp\/v2\/product\/27162","targetHints":{"allow":["GET"]}}],"collection":[{"href":"https:\/\/www.oleaster.com.tr\/es\/wp-json\/wp\/v2\/product"}],"about":[{"href":"https:\/\/www.oleaster.com.tr\/es\/wp-json\/wp\/v2\/types\/product"}],"version-history":[{"count":4,"href":"https:\/\/www.oleaster.com.tr\/es\/wp-json\/wp\/v2\/product\/27162\/revisions"}],"predecessor-version":[{"id":27171,"href":"https:\/\/www.oleaster.com.tr\/es\/wp-json\/wp\/v2\/product\/27162\/revisions\/27171"}],"wp:featuredmedia":[{"embeddable":true,"href":"https:\/\/www.oleaster.com.tr\/es\/wp-json\/wp\/v2\/media\/31177"}],"wp:attachment":[{"href":"https:\/\/www.oleaster.com.tr\/es\/wp-json\/wp\/v2\/media?parent=27162"}],"wp:term":[{"taxonomy":"product_brand","embeddable":true,"href":"https:\/\/www.oleaster.com.tr\/es\/wp-json\/wp\/v2\/product_brand?post=27162"},{"taxonomy":"product_cat","embeddable":true,"href":"https:\/\/www.oleaster.com.tr\/es\/wp-json\/wp\/v2\/product_cat?post=27162"},{"taxonomy":"product_tag","embeddable":true,"href":"https:\/\/www.oleaster.com.tr\/es\/wp-json\/wp\/v2\/product_tag?post=27162"}],"curies":[{"name":"wp","href":"https:\/\/api.w.org\/{rel}","templated":true}]}}