{"id":26041,"date":"2025-01-09T12:39:12","date_gmt":"2025-01-09T09:39:12","guid":{"rendered":"https:\/\/www.oleaster.com.tr\/kvkk-politikasi\/"},"modified":"2025-03-13T11:07:28","modified_gmt":"2025-03-13T08:07:28","slug":"politica-de-la-ley-de-proteccion-de-datos-personales","status":"publish","type":"page","link":"https:\/\/www.oleaster.com.tr\/es\/politica-de-la-ley-de-proteccion-de-datos-personales\/","title":{"rendered":"Pol\u00edtica de la Ley de Protecci\u00f3n de Datos Personales"},"content":{"rendered":"\t\t<div data-elementor-type=\"wp-page\" data-elementor-id=\"26041\" class=\"elementor elementor-26041 elementor-15\">\n\t\t\t\t<div class=\"wd-negative-gap elementor-element elementor-element-6980cefd e-flex e-con-boxed e-con e-parent\" data-id=\"6980cefd\" data-element_type=\"container\" data-e-type=\"container\">\n\t\t\t\t\t<div class=\"e-con-inner\">\n\t\t\t\t<div class=\"elementor-element elementor-element-44022577 color-scheme-inherit text-left elementor-widget elementor-widget-text-editor\" data-id=\"44022577\" data-element_type=\"widget\" data-e-type=\"widget\" data-widget_type=\"text-editor.default\">\n\t\t\t\t<div class=\"elementor-widget-container\">\n\t\t\t\t\t\t\t\t\t\n<p><strong>Pol\u00edtica de Protecci\u00f3n de Datos Personales<\/strong><\/p>\n<p>Este sitio web es operado y ubicado por Oleaster Otomotiv Sanayi ve Ticaret Anonim \u015eirketi Cumhuriyet, Eski E5 Yolu Cd. No:12, 39200 Babaeski\/K\u0131rklareli<\/p>\n<p>Antes de usar el sitio, lea atentamente estos t\u00e9rminos, que explican c\u00f3mo procesamos sus datos personales y c\u00f3mo utilizamos las cookies. Al usar este sitio, acepta los t\u00e9rminos.<\/p>\n<p>Tipos de datos procesados \u200b\u200b\/ Enlaces a otros sitios<\/p>\n<p>En Oleaster, la protecci\u00f3n de la informaci\u00f3n que usted proporciona es fundamental. Recopilamos y procesamos diferentes tipos de datos personales a trav\u00e9s de este sitio. Los datos que recopilamos son los siguientes:<\/p>\n<p>Informaci\u00f3n como nombre, direcci\u00f3n, correo electr\u00f3nico y archivos de imagen que usted sube como usuario al registrarse, solicitar un servicio o utilizar nuestros servicios y sitio web.<\/p>\n<p>Informaci\u00f3n que necesitamos para informar un problema con nuestro sitio.<br \/>Informaci\u00f3n recopilada a trav\u00e9s de cookies.<\/p>\n<p>Finalidad del Tratamiento de sus Datos Personales<br \/>Oleaster Otomotiv Sanayi ve Ticaret Anonim \u015eirketi trata sus datos personales con el fin de atender sus solicitudes en el marco de la ejecuci\u00f3n del contrato, cumplir las obligaciones derivadas de la legislaci\u00f3n aplicable y realizar estudios de mercado.<\/p>\n<p>La Empresa podr\u00e1 tratar sus datos personales recopilados para las siguientes finalidades, de conformidad con los principios b\u00e1sicos estipulados en la Ley y dentro de las condiciones y finalidades del tratamiento de datos personales especificadas en los art\u00edculos 5 y 6 de la Ley:<\/p>\n<p>Realizar las tareas necesarias por parte de nuestras unidades de negocio para que usted se beneficie de los productos y servicios que ofrece la Empresa y llevar a cabo los procesos comerciales pertinentes.<\/p>\n<p>Planificar y ejecutar las tareas y transacciones necesarias para recomendar y promocionar los productos y servicios que ofrece la Empresa, de acuerdo con sus h\u00e1bitos y necesidades de uso. Determinar e implementar las estrategias comerciales y empresariales de nuestra Compa\u00f1\u00eda.<\/p>\n<p>Partes a las que se transfieren sus datos personales y finalidades de la transferencia.<br \/>La Compa\u00f1\u00eda podr\u00e1 transferir sus datos personales recopilados a nuestros socios comerciales, instituciones p\u00fablicas legalmente autorizadas, particulares autorizados y terceros en Turqu\u00eda y en el extranjero, de conformidad con los principios b\u00e1sicos estipulados en la Ley y dentro del alcance de las condiciones de tratamiento de datos personales especificadas en los art\u00edculos 8 y 9 de la Ley, para las siguientes finalidades:<\/p>\n<p>Realizar las tareas necesarias por parte de nuestras unidades de negocio para que usted se beneficie de los productos y servicios que ofrece la Compa\u00f1\u00eda y llevar a cabo los procesos comerciales pertinentes.<br \/>Planificar y ejecutar las tareas y transacciones necesarias para recomendar y promocionar los productos y servicios que ofrece la Compa\u00f1\u00eda, de acuerdo con sus h\u00e1bitos y necesidades de uso.<\/p>\n<p>Determinar e implementar las estrategias comerciales y empresariales de nuestra Compa\u00f1\u00eda.<\/p>\n<p>M\u00e9todo de recopilaci\u00f3n de sus datos personales y fundamento jur\u00eddico.<br \/>La Compa\u00f1\u00eda recopila y trata sus datos personales a trav\u00e9s de diversos canales y con base en diferentes fundamentos jur\u00eddicos. Sus datos personales recopilados podr\u00e1n ser tratados y transferidos para las finalidades especificadas en este Texto Informativo, de conformidad con las condiciones y finalidades del tratamiento de datos personales especificadas en los art\u00edculos 5 y 6 de la Ley.<\/p>\n<p>Sus derechos como titular de datos personales, enumerados en el art\u00edculo 11 de la Ley<br \/>Le informamos que, como titular de datos personales, tiene los siguientes derechos, de conformidad con el art\u00edculo 11 de la Ley:<\/p>\n<p>Conocer si sus datos personales han sido tratados;<br \/>Solicitar informaci\u00f3n sobre sus datos personales, si han sido tratados;<br \/>Conocer la finalidad del tratamiento de sus datos personales y si se han utilizado de acuerdo con su finalidad;<br \/>Conocer a los terceros a quienes se han transferido sus datos personales, tanto a nivel nacional como internacional;<br \/>Solicitar la correcci\u00f3n de sus datos personales si han sido tratados de forma incompleta o incorrecta, y solicitar la notificaci\u00f3n de la transacci\u00f3n realizada en este sentido a los terceros a quienes se han transferido;<br \/>Solicitar la supresi\u00f3n o destrucci\u00f3n de sus datos personales si se han eliminado las razones que justificaron su tratamiento, a pesar de que hayan sido tratados de conformidad con la Ley y dem\u00e1s disposiciones legales pertinentes, y solicitar la notificaci\u00f3n de la transacci\u00f3n realizada en este sentido a los terceros a quienes se han transferido sus datos personales;<br \/>Oponerse si se produce un resultado en su contra como resultado del an\u00e1lisis de los datos tratados exclusivamente a trav\u00e9s de Sistemas automatizados.<br \/>En caso de sufrir da\u00f1os debido al tratamiento ilegal de sus datos personales, solicite una indemnizaci\u00f3n por da\u00f1os y perjuicios.<\/p>\n<p>Puede enviar sus solicitudes sobre los derechos mencionados anteriormente a oleaster@oleaster.com.tr. Dependiendo de la naturaleza de su solicitud, se procesar\u00e1n de forma gratuita a la mayor brevedad posible. Sin embargo, si el proceso implica un coste adicional, se le podr\u00e1 cobrar una tarifa seg\u00fan la tarifa establecida por la Junta de Protecci\u00f3n de Datos Personales.<\/p>\n\t\t\t\t\t\t\t\t<\/div>\n\t\t\t\t<\/div>\n\t\t\t\t\t<\/div>\n\t\t\t\t<\/div>\n\t\t\t\t<\/div>\n\t\t","protected":false},"excerpt":{"rendered":"<p>Pol\u00edtica de Protecci\u00f3n de Datos Personales Este sitio web es operado y ubicado por Oleaster Otomotiv Sanayi ve Ticaret Anonim<\/p>\n","protected":false},"author":1,"featured_media":0,"parent":0,"menu_order":0,"comment_status":"closed","ping_status":"closed","template":"","meta":{"footnotes":""},"class_list":["post-26041","page","type-page","status-publish","hentry"],"yoast_head":"<!-- This site is optimized with the Yoast SEO plugin v27.4 - https:\/\/yoast.com\/product\/yoast-seo-wordpress\/ -->\n<title>Pol\u00edtica de la Ley de Protecci\u00f3n de Datos Personales - Oleaster<\/title>\n<meta name=\"robots\" content=\"index, follow, max-snippet:-1, max-image-preview:large, max-video-preview:-1\" \/>\n<link rel=\"canonical\" href=\"https:\/\/www.oleaster.com.tr\/es\/politica-de-la-ley-de-proteccion-de-datos-personales\/\" \/>\n<meta property=\"og:locale\" content=\"es_ES\" \/>\n<meta property=\"og:type\" content=\"article\" \/>\n<meta property=\"og:title\" content=\"Pol\u00edtica de la Ley de Protecci\u00f3n de Datos Personales - Oleaster\" \/>\n<meta property=\"og:description\" content=\"Pol\u00edtica de Protecci\u00f3n de Datos Personales Este sitio web es operado y ubicado por Oleaster Otomotiv Sanayi ve Ticaret Anonim\" \/>\n<meta property=\"og:url\" content=\"https:\/\/www.oleaster.com.tr\/es\/politica-de-la-ley-de-proteccion-de-datos-personales\/\" \/>\n<meta property=\"og:site_name\" content=\"Oleaster\" \/>\n<meta property=\"article:modified_time\" content=\"2025-03-13T08:07:28+00:00\" \/>\n<meta name=\"twitter:card\" content=\"summary_large_image\" \/>\n<meta name=\"twitter:label1\" content=\"Tiempo de lectura\" \/>\n\t<meta name=\"twitter:data1\" content=\"4 minutos\" \/>\n<script type=\"application\/ld+json\" class=\"yoast-schema-graph\">{\"@context\":\"https:\\\/\\\/schema.org\",\"@graph\":[{\"@type\":\"WebPage\",\"@id\":\"https:\\\/\\\/www.oleaster.com.tr\\\/es\\\/politica-de-la-ley-de-proteccion-de-datos-personales\\\/\",\"url\":\"https:\\\/\\\/www.oleaster.com.tr\\\/es\\\/politica-de-la-ley-de-proteccion-de-datos-personales\\\/\",\"name\":\"Pol\u00edtica de la Ley de Protecci\u00f3n de Datos Personales - Oleaster\",\"isPartOf\":{\"@id\":\"https:\\\/\\\/www.oleaster.com.tr\\\/es\\\/#website\"},\"datePublished\":\"2025-01-09T09:39:12+00:00\",\"dateModified\":\"2025-03-13T08:07:28+00:00\",\"breadcrumb\":{\"@id\":\"https:\\\/\\\/www.oleaster.com.tr\\\/es\\\/politica-de-la-ley-de-proteccion-de-datos-personales\\\/#breadcrumb\"},\"inLanguage\":\"es\",\"potentialAction\":[{\"@type\":\"ReadAction\",\"target\":[\"https:\\\/\\\/www.oleaster.com.tr\\\/es\\\/politica-de-la-ley-de-proteccion-de-datos-personales\\\/\"]}]},{\"@type\":\"BreadcrumbList\",\"@id\":\"https:\\\/\\\/www.oleaster.com.tr\\\/es\\\/politica-de-la-ley-de-proteccion-de-datos-personales\\\/#breadcrumb\",\"itemListElement\":[{\"@type\":\"ListItem\",\"position\":1,\"name\":\"Anasayfa\",\"item\":\"https:\\\/\\\/www.oleaster.com.tr\\\/es\\\/oleaster\\\/\"},{\"@type\":\"ListItem\",\"position\":2,\"name\":\"Pol\u00edtica de la Ley de Protecci\u00f3n de Datos Personales\"}]},{\"@type\":\"WebSite\",\"@id\":\"https:\\\/\\\/www.oleaster.com.tr\\\/es\\\/#website\",\"url\":\"https:\\\/\\\/www.oleaster.com.tr\\\/es\\\/\",\"name\":\"Oleaster\",\"description\":\"Siz Hayal Edin, Biz Yapal\u0131m\",\"publisher\":{\"@id\":\"https:\\\/\\\/www.oleaster.com.tr\\\/es\\\/#organization\"},\"potentialAction\":[{\"@type\":\"SearchAction\",\"target\":{\"@type\":\"EntryPoint\",\"urlTemplate\":\"https:\\\/\\\/www.oleaster.com.tr\\\/es\\\/?s={search_term_string}\"},\"query-input\":{\"@type\":\"PropertyValueSpecification\",\"valueRequired\":true,\"valueName\":\"search_term_string\"}}],\"inLanguage\":\"es\"},{\"@type\":\"Organization\",\"@id\":\"https:\\\/\\\/www.oleaster.com.tr\\\/es\\\/#organization\",\"name\":\"Oleaster\",\"url\":\"https:\\\/\\\/www.oleaster.com.tr\\\/es\\\/\",\"logo\":{\"@type\":\"ImageObject\",\"inLanguage\":\"es\",\"@id\":\"https:\\\/\\\/www.oleaster.com.tr\\\/es\\\/#\\\/schema\\\/logo\\\/image\\\/\",\"url\":\"https:\\\/\\\/www.oleaster.com.tr\\\/wp-content\\\/uploads\\\/2024\\\/12\\\/OLEASTER-scaled-1.webp\",\"contentUrl\":\"https:\\\/\\\/www.oleaster.com.tr\\\/wp-content\\\/uploads\\\/2024\\\/12\\\/OLEASTER-scaled-1.webp\",\"width\":2560,\"height\":1778,\"caption\":\"Oleaster\"},\"image\":{\"@id\":\"https:\\\/\\\/www.oleaster.com.tr\\\/es\\\/#\\\/schema\\\/logo\\\/image\\\/\"}}]}<\/script>\n<!-- \/ Yoast SEO plugin. -->","yoast_head_json":{"title":"Pol\u00edtica de la Ley de Protecci\u00f3n de Datos Personales - Oleaster","robots":{"index":"index","follow":"follow","max-snippet":"max-snippet:-1","max-image-preview":"max-image-preview:large","max-video-preview":"max-video-preview:-1"},"canonical":"https:\/\/www.oleaster.com.tr\/es\/politica-de-la-ley-de-proteccion-de-datos-personales\/","og_locale":"es_ES","og_type":"article","og_title":"Pol\u00edtica de la Ley de Protecci\u00f3n de Datos Personales - Oleaster","og_description":"Pol\u00edtica de Protecci\u00f3n de Datos Personales Este sitio web es operado y ubicado por Oleaster Otomotiv Sanayi ve Ticaret Anonim","og_url":"https:\/\/www.oleaster.com.tr\/es\/politica-de-la-ley-de-proteccion-de-datos-personales\/","og_site_name":"Oleaster","article_modified_time":"2025-03-13T08:07:28+00:00","twitter_card":"summary_large_image","twitter_misc":{"Tiempo de lectura":"4 minutos"},"schema":{"@context":"https:\/\/schema.org","@graph":[{"@type":"WebPage","@id":"https:\/\/www.oleaster.com.tr\/es\/politica-de-la-ley-de-proteccion-de-datos-personales\/","url":"https:\/\/www.oleaster.com.tr\/es\/politica-de-la-ley-de-proteccion-de-datos-personales\/","name":"Pol\u00edtica de la Ley de Protecci\u00f3n de Datos Personales - Oleaster","isPartOf":{"@id":"https:\/\/www.oleaster.com.tr\/es\/#website"},"datePublished":"2025-01-09T09:39:12+00:00","dateModified":"2025-03-13T08:07:28+00:00","breadcrumb":{"@id":"https:\/\/www.oleaster.com.tr\/es\/politica-de-la-ley-de-proteccion-de-datos-personales\/#breadcrumb"},"inLanguage":"es","potentialAction":[{"@type":"ReadAction","target":["https:\/\/www.oleaster.com.tr\/es\/politica-de-la-ley-de-proteccion-de-datos-personales\/"]}]},{"@type":"BreadcrumbList","@id":"https:\/\/www.oleaster.com.tr\/es\/politica-de-la-ley-de-proteccion-de-datos-personales\/#breadcrumb","itemListElement":[{"@type":"ListItem","position":1,"name":"Anasayfa","item":"https:\/\/www.oleaster.com.tr\/es\/oleaster\/"},{"@type":"ListItem","position":2,"name":"Pol\u00edtica de la Ley de Protecci\u00f3n de Datos Personales"}]},{"@type":"WebSite","@id":"https:\/\/www.oleaster.com.tr\/es\/#website","url":"https:\/\/www.oleaster.com.tr\/es\/","name":"Oleaster","description":"Siz Hayal Edin, Biz Yapal\u0131m","publisher":{"@id":"https:\/\/www.oleaster.com.tr\/es\/#organization"},"potentialAction":[{"@type":"SearchAction","target":{"@type":"EntryPoint","urlTemplate":"https:\/\/www.oleaster.com.tr\/es\/?s={search_term_string}"},"query-input":{"@type":"PropertyValueSpecification","valueRequired":true,"valueName":"search_term_string"}}],"inLanguage":"es"},{"@type":"Organization","@id":"https:\/\/www.oleaster.com.tr\/es\/#organization","name":"Oleaster","url":"https:\/\/www.oleaster.com.tr\/es\/","logo":{"@type":"ImageObject","inLanguage":"es","@id":"https:\/\/www.oleaster.com.tr\/es\/#\/schema\/logo\/image\/","url":"https:\/\/www.oleaster.com.tr\/wp-content\/uploads\/2024\/12\/OLEASTER-scaled-1.webp","contentUrl":"https:\/\/www.oleaster.com.tr\/wp-content\/uploads\/2024\/12\/OLEASTER-scaled-1.webp","width":2560,"height":1778,"caption":"Oleaster"},"image":{"@id":"https:\/\/www.oleaster.com.tr\/es\/#\/schema\/logo\/image\/"}}]}},"_links":{"self":[{"href":"https:\/\/www.oleaster.com.tr\/es\/wp-json\/wp\/v2\/pages\/26041","targetHints":{"allow":["GET"]}}],"collection":[{"href":"https:\/\/www.oleaster.com.tr\/es\/wp-json\/wp\/v2\/pages"}],"about":[{"href":"https:\/\/www.oleaster.com.tr\/es\/wp-json\/wp\/v2\/types\/page"}],"author":[{"embeddable":true,"href":"https:\/\/www.oleaster.com.tr\/es\/wp-json\/wp\/v2\/users\/1"}],"replies":[{"embeddable":true,"href":"https:\/\/www.oleaster.com.tr\/es\/wp-json\/wp\/v2\/comments?post=26041"}],"version-history":[{"count":4,"href":"https:\/\/www.oleaster.com.tr\/es\/wp-json\/wp\/v2\/pages\/26041\/revisions"}],"predecessor-version":[{"id":26047,"href":"https:\/\/www.oleaster.com.tr\/es\/wp-json\/wp\/v2\/pages\/26041\/revisions\/26047"}],"wp:attachment":[{"href":"https:\/\/www.oleaster.com.tr\/es\/wp-json\/wp\/v2\/media?parent=26041"}],"curies":[{"name":"wp","href":"https:\/\/api.w.org\/{rel}","templated":true}]}}