{"id":21990,"date":"2025-01-06T15:18:45","date_gmt":"2025-01-06T12:18:45","guid":{"rendered":"https:\/\/www.oleaster.com.tr\/urun\/vip-land-xxl\/"},"modified":"2025-07-09T13:22:36","modified_gmt":"2025-07-09T10:22:36","slug":"vip-land-xxl","status":"publish","type":"product","link":"https:\/\/www.oleaster.com.tr\/de\/urun\/vip-land-xxl\/","title":{"rendered":"VIP LAND XXL"},"content":{"rendered":"\t\t<div data-elementor-type=\"wp-post\" data-elementor-id=\"21990\" class=\"elementor elementor-21990 elementor-16144\">\n\t\t\t\t<div class=\"wd-negative-gap elementor-element elementor-element-53eea44 e-flex e-con-boxed e-con e-parent\" data-id=\"53eea44\" data-element_type=\"container\" data-e-type=\"container\">\n\t\t\t\t\t<div class=\"e-con-inner\">\n\t\t<div class=\"elementor-element elementor-element-cc8e042 e-con-full e-flex e-con e-child\" data-id=\"cc8e042\" data-element_type=\"container\" data-e-type=\"container\">\n\t\t\t\t<div class=\"elementor-element elementor-element-4a8a87a elementor-widget elementor-widget-wd_text_block\" data-id=\"4a8a87a\" data-element_type=\"widget\" data-e-type=\"widget\" data-widget_type=\"wd_text_block.default\">\n\t\t\t\t<div class=\"elementor-widget-container\">\n\t\t\t\t\t\t\t<div class=\"wd-text-block reset-last-child text-left\">\n\t\t\t\n\t\t\t<p>Der Begriff \"VIP\" steht f\u00fcr \"Very Important Person\" (sehr wichtige Person). Wie auch der Name \"<span style=\"color: #ff0000;\"><strong>OLEASTER<\/strong><\/span>\" suggeriert, legen wir gr\u00f6\u00dften Wert darauf, dass sich bedeutende Pers\u00f6nlichkeiten besonders und privilegiert f\u00fchlen. Aus diesem Grund bieten wir Fahrzeuge an, die durch hohe Ingenieurskunst, Qualit\u00e4t, Sicherheit, Komfort und Bequemlichkeit bestechen.<\/p><p>Unser Modell <span style=\"color: #ff0000;\"><strong><u>VIP LAND XXL<\/u><\/strong><\/span> basiert auf dem Mercedes-Benz Sprinter 5,5 t mit einem Standard-Automatikgetriebe und 190 PS, das speziell f\u00fcr Fahrzeuge der L4H2-Karosseriegr\u00f6\u00dfe konzipiert und gefertigt wird. Unter Beibehaltung unserer hohen Ingenieurs- und Qualit\u00e4tsstandards haben wir dieses Modell gem\u00e4\u00df den Mercedes-Benz-Abnahmekriterien um 60 cm verl\u00e4ngert, um zus\u00e4tzliche Kundenw\u00fcnsche zu erf\u00fcllen, ohne Kompromisse bei der Leistung einzugehen. Der <span style=\"color: #ff0000;\"><strong><u>VIP LAND XXL<\/u><\/strong><\/span> bietet Platz f\u00fcr 10 bis 22 Personen, einschlie\u00dflich Fahrer, Hostess und Passagiere, und sorgt f\u00fcr eine komfortable, zuverl\u00e4ssige und sichere Bef\u00f6rderung. Das Fahrzeug kann vollst\u00e4ndig nach individuellen W\u00fcnschen angepasst werden \u2013 sei es als Besprechungsraum, B\u00fcro, Lounge, Spielbereich oder Wohnraum. So k\u00f6nnen Sie Ihre Reisen in gr\u00f6\u00dftem Komfort, Sicherheit und Stil genie\u00dfen. Jeder Kunde hat eigene W\u00fcnsche und Erwartungen. Einige sch\u00e4tzen den Luxus, andere bevorzugen eher schlichte Eleganz.<\/p><p>Der Hauptgrund, warum <span style=\"color: #ff0000;\"><strong>OLEASTER<\/strong> <\/span>bevorzugt wird, liegt in unserer F\u00e4higkeit, die W\u00fcnsche und Bed\u00fcrfnisse unserer Kunden genau zu verstehen und diese mit modernster Technologie sowie einer fundierten Ingenieursbasis zu kombinieren. Dies erm\u00f6glicht es uns, sowohl visuelle als auch f\u00fchlbare Qualit\u00e4t auf h\u00f6chstem Niveau zu bieten.<\/p><p>Mit dem <span style=\"color: #ff0000;\"><strong><u>VIP LAND XXL<\/u><\/strong><\/span> erleben Sie nicht nur eine au\u00dfergew\u00f6hnliche Fahrt, sondern f\u00fchlen sich in einem exklusiven, sicheren und komfortablen Ambiente \u2013 ein echtes Privileg f\u00fcr jeden, der das Besondere sucht.<\/p>\n\t\t\t\t\t<\/div>\n\t\t\t\t\t\t<\/div>\n\t\t\t\t<\/div>\n\t\t\t\t<\/div>\n\t\t<div class=\"elementor-element elementor-element-20e4c5a e-con-full e-flex e-con e-child\" data-id=\"20e4c5a\" data-element_type=\"container\" data-e-type=\"container\">\n\t\t\t\t<div class=\"elementor-element elementor-element-ad5cdf6 elementor-widget elementor-widget-wd_image_or_svg\" data-id=\"ad5cdf6\" data-element_type=\"widget\" data-e-type=\"widget\" data-widget_type=\"wd_image_or_svg.default\">\n\t\t\t\t<div class=\"elementor-widget-container\">\n\t\t\t\t\t\n\t\t<div class=\"wd-image text-left\">\n\t\t\t\t\t\t\t\t<img loading=\"lazy\" decoding=\"async\" width=\"768\" height=\"1152\" src=\"https:\/\/www.oleaster.com.tr\/wp-content\/uploads\/2025\/01\/VIP_Land_XXL_009-768x1152.webp\" class=\"attachment-medium_large size-medium_large\" alt=\"\" srcset=\"https:\/\/www.oleaster.com.tr\/wp-content\/uploads\/2025\/01\/VIP_Land_XXL_009-768x1152.webp 768w, https:\/\/www.oleaster.com.tr\/wp-content\/uploads\/2025\/01\/VIP_Land_XXL_009-200x300.webp 200w, https:\/\/www.oleaster.com.tr\/wp-content\/uploads\/2025\/01\/VIP_Land_XXL_009-533x800.webp 533w, https:\/\/www.oleaster.com.tr\/wp-content\/uploads\/2025\/01\/VIP_Land_XXL_009-1024x1536.webp 1024w, https:\/\/www.oleaster.com.tr\/wp-content\/uploads\/2025\/01\/VIP_Land_XXL_009-430x645.webp 430w, https:\/\/www.oleaster.com.tr\/wp-content\/uploads\/2025\/01\/VIP_Land_XXL_009-700x1050.webp 700w, https:\/\/www.oleaster.com.tr\/wp-content\/uploads\/2025\/01\/VIP_Land_XXL_009-150x225.webp 150w, https:\/\/www.oleaster.com.tr\/wp-content\/uploads\/2025\/01\/VIP_Land_XXL_009.webp 1344w\" sizes=\"auto, (max-width: 768px) 100vw, 768px\" \/>\t\t\t\t\t<\/div>\n\n\t\t\t\t\t\t<\/div>\n\t\t\t\t<\/div>\n\t\t\t\t<div class=\"elementor-element elementor-element-29e0ff4 elementor-widget elementor-widget-wd_image_or_svg\" data-id=\"29e0ff4\" data-element_type=\"widget\" data-e-type=\"widget\" data-widget_type=\"wd_image_or_svg.default\">\n\t\t\t\t<div class=\"elementor-widget-container\">\n\t\t\t\t\t\n\t\t<div class=\"wd-image text-left\">\n\t\t\t\t\t\t\t\t<img loading=\"lazy\" decoding=\"async\" width=\"768\" height=\"512\" src=\"https:\/\/www.oleaster.com.tr\/wp-content\/uploads\/2025\/01\/VIP_Land_XXL_020-min-768x512.webp\" class=\"attachment-medium_large size-medium_large\" alt=\"\" srcset=\"https:\/\/www.oleaster.com.tr\/wp-content\/uploads\/2025\/01\/VIP_Land_XXL_020-min-768x512.webp 768w, https:\/\/www.oleaster.com.tr\/wp-content\/uploads\/2025\/01\/VIP_Land_XXL_020-min-400x267.webp 400w, https:\/\/www.oleaster.com.tr\/wp-content\/uploads\/2025\/01\/VIP_Land_XXL_020-min-1200x800.webp 1200w, https:\/\/www.oleaster.com.tr\/wp-content\/uploads\/2025\/01\/VIP_Land_XXL_020-min-1536x1024.webp 1536w, https:\/\/www.oleaster.com.tr\/wp-content\/uploads\/2025\/01\/VIP_Land_XXL_020-min-2048x1365.webp 2048w, https:\/\/www.oleaster.com.tr\/wp-content\/uploads\/2025\/01\/VIP_Land_XXL_020-min-430x287.webp 430w, https:\/\/www.oleaster.com.tr\/wp-content\/uploads\/2025\/01\/VIP_Land_XXL_020-min-700x467.webp 700w, https:\/\/www.oleaster.com.tr\/wp-content\/uploads\/2025\/01\/VIP_Land_XXL_020-min-150x100.webp 150w\" sizes=\"auto, (max-width: 768px) 100vw, 768px\" \/>\t\t\t\t\t<\/div>\n\n\t\t\t\t\t\t<\/div>\n\t\t\t\t<\/div>\n\t\t\t\t<\/div>\n\t\t<div class=\"elementor-element elementor-element-e18bcac e-con-full e-flex e-con e-child\" data-id=\"e18bcac\" data-element_type=\"container\" data-e-type=\"container\">\n\t\t\t\t<div class=\"elementor-element elementor-element-a60d80d elementor-widget elementor-widget-wd_image_or_svg\" data-id=\"a60d80d\" data-element_type=\"widget\" data-e-type=\"widget\" data-widget_type=\"wd_image_or_svg.default\">\n\t\t\t\t<div class=\"elementor-widget-container\">\n\t\t\t\t\t\n\t\t<div class=\"wd-image text-left\">\n\t\t\t\t\t\t\t\t<img loading=\"lazy\" decoding=\"async\" width=\"768\" height=\"1152\" src=\"https:\/\/www.oleaster.com.tr\/wp-content\/uploads\/2025\/01\/VIP_Land_XXL_010-768x1152.webp\" class=\"attachment-medium_large size-medium_large\" alt=\"\" srcset=\"https:\/\/www.oleaster.com.tr\/wp-content\/uploads\/2025\/01\/VIP_Land_XXL_010-768x1152.webp 768w, https:\/\/www.oleaster.com.tr\/wp-content\/uploads\/2025\/01\/VIP_Land_XXL_010-200x300.webp 200w, https:\/\/www.oleaster.com.tr\/wp-content\/uploads\/2025\/01\/VIP_Land_XXL_010-533x800.webp 533w, https:\/\/www.oleaster.com.tr\/wp-content\/uploads\/2025\/01\/VIP_Land_XXL_010-1024x1536.webp 1024w, https:\/\/www.oleaster.com.tr\/wp-content\/uploads\/2025\/01\/VIP_Land_XXL_010-430x645.webp 430w, https:\/\/www.oleaster.com.tr\/wp-content\/uploads\/2025\/01\/VIP_Land_XXL_010-700x1050.webp 700w, https:\/\/www.oleaster.com.tr\/wp-content\/uploads\/2025\/01\/VIP_Land_XXL_010-150x225.webp 150w, https:\/\/www.oleaster.com.tr\/wp-content\/uploads\/2025\/01\/VIP_Land_XXL_010.webp 1344w\" sizes=\"auto, (max-width: 768px) 100vw, 768px\" \/>\t\t\t\t\t<\/div>\n\n\t\t\t\t\t\t<\/div>\n\t\t\t\t<\/div>\n\t\t\t\t<div class=\"elementor-element elementor-element-c2665f0 elementor-widget elementor-widget-wd_image_or_svg\" data-id=\"c2665f0\" data-element_type=\"widget\" data-e-type=\"widget\" data-widget_type=\"wd_image_or_svg.default\">\n\t\t\t\t<div class=\"elementor-widget-container\">\n\t\t\t\t\t\n\t\t<div class=\"wd-image text-left\">\n\t\t\t\t\t\t\t\t<img loading=\"lazy\" decoding=\"async\" width=\"768\" height=\"512\" src=\"https:\/\/www.oleaster.com.tr\/wp-content\/uploads\/2025\/01\/VIP_Land_XXL_043-min-768x512.webp\" class=\"attachment-medium_large size-medium_large\" alt=\"\" srcset=\"https:\/\/www.oleaster.com.tr\/wp-content\/uploads\/2025\/01\/VIP_Land_XXL_043-min-768x512.webp 768w, https:\/\/www.oleaster.com.tr\/wp-content\/uploads\/2025\/01\/VIP_Land_XXL_043-min-400x267.webp 400w, https:\/\/www.oleaster.com.tr\/wp-content\/uploads\/2025\/01\/VIP_Land_XXL_043-min-1200x800.webp 1200w, https:\/\/www.oleaster.com.tr\/wp-content\/uploads\/2025\/01\/VIP_Land_XXL_043-min-1536x1024.webp 1536w, https:\/\/www.oleaster.com.tr\/wp-content\/uploads\/2025\/01\/VIP_Land_XXL_043-min-2048x1365.webp 2048w, https:\/\/www.oleaster.com.tr\/wp-content\/uploads\/2025\/01\/VIP_Land_XXL_043-min-430x287.webp 430w, https:\/\/www.oleaster.com.tr\/wp-content\/uploads\/2025\/01\/VIP_Land_XXL_043-min-700x467.webp 700w, https:\/\/www.oleaster.com.tr\/wp-content\/uploads\/2025\/01\/VIP_Land_XXL_043-min-150x100.webp 150w\" sizes=\"auto, (max-width: 768px) 100vw, 768px\" \/>\t\t\t\t\t<\/div>\n\n\t\t\t\t\t\t<\/div>\n\t\t\t\t<\/div>\n\t\t\t\t<\/div>\n\t\t\t\t\t<\/div>\n\t\t\t\t<\/div>\n\t\t\t\t<\/div>\n\t\t","protected":false},"excerpt":{"rendered":"<div class=\"legal-notice\" data-v-a1c10375=\"\" data-test-id=\"emh-legal-notice__text\">\n<div class=\"tag\">Der Begriff VIP steht f\u00fcr Very Important Person (sehr wichtige Person). Wie auch der Name <span style=\"color: #ff0000;\"><strong>OLEASTER<\/strong>\u00a0<\/span>suggeriert, legen wir gr\u00f6\u00dften Wert darauf, dass sich bedeutende Pers\u00f6nlichkeiten besonders und privilegiert f\u00fchlen.<\/div>\n<\/div>\n","protected":false},"featured_media":32197,"template":"","meta":[],"product_brand":[],"product_cat":[146],"product_tag":[148],"class_list":{"0":"post-21990","1":"product","2":"type-product","3":"status-publish","4":"has-post-thumbnail","6":"product_cat-vehicules-vip","7":"product_tag-spezielles-design","9":"first","10":"instock","11":"shipping-taxable","12":"purchasable","13":"product-type-simple"},"yoast_head":"<!-- This site is optimized with the Yoast SEO plugin v27.4 - https:\/\/yoast.com\/product\/yoast-seo-wordpress\/ -->\n<title>VIP LAND XXL - Oleaster<\/title>\n<meta name=\"robots\" content=\"index, follow, max-snippet:-1, max-image-preview:large, max-video-preview:-1\" \/>\n<link rel=\"canonical\" href=\"https:\/\/www.oleaster.com.tr\/de\/urun\/vip-land-xxl\/\" \/>\n<meta property=\"og:locale\" content=\"de_DE\" \/>\n<meta property=\"og:type\" content=\"article\" \/>\n<meta property=\"og:title\" content=\"VIP LAND XXL - Oleaster\" \/>\n<meta property=\"og:description\" content=\"Der Begriff VIP steht f\u00fcr Very Important Person (sehr wichtige Person). Wie auch der Name OLEASTER\u00a0suggeriert, legen wir gr\u00f6\u00dften Wert darauf, dass sich bedeutende Pers\u00f6nlichkeiten besonders und privilegiert f\u00fchlen.\" \/>\n<meta property=\"og:url\" content=\"https:\/\/www.oleaster.com.tr\/de\/urun\/vip-land-xxl\/\" \/>\n<meta property=\"og:site_name\" content=\"Oleaster\" \/>\n<meta property=\"article:modified_time\" content=\"2025-07-09T10:22:36+00:00\" \/>\n<meta property=\"og:image\" content=\"https:\/\/www.oleaster.com.tr\/wp-content\/uploads\/2025\/01\/VIP_Land_XXL_008-e1751461276731.webp\" \/>\n\t<meta property=\"og:image:width\" content=\"2016\" \/>\n\t<meta property=\"og:image:height\" content=\"1344\" \/>\n\t<meta property=\"og:image:type\" content=\"image\/webp\" \/>\n<meta name=\"twitter:card\" content=\"summary_large_image\" \/>\n<meta name=\"twitter:label1\" content=\"Gesch\u00e4tzte Lesezeit\" \/>\n\t<meta name=\"twitter:data1\" content=\"3\u00a0Minuten\" \/>\n<script type=\"application\/ld+json\" class=\"yoast-schema-graph\">{\"@context\":\"https:\\\/\\\/schema.org\",\"@graph\":[{\"@type\":\"WebPage\",\"@id\":\"https:\\\/\\\/www.oleaster.com.tr\\\/de\\\/urun\\\/vip-land-xxl\\\/\",\"url\":\"https:\\\/\\\/www.oleaster.com.tr\\\/de\\\/urun\\\/vip-land-xxl\\\/\",\"name\":\"VIP LAND XXL - Oleaster\",\"isPartOf\":{\"@id\":\"https:\\\/\\\/www.oleaster.com.tr\\\/de\\\/#website\"},\"primaryImageOfPage\":{\"@id\":\"https:\\\/\\\/www.oleaster.com.tr\\\/de\\\/urun\\\/vip-land-xxl\\\/#primaryimage\"},\"image\":{\"@id\":\"https:\\\/\\\/www.oleaster.com.tr\\\/de\\\/urun\\\/vip-land-xxl\\\/#primaryimage\"},\"thumbnailUrl\":\"https:\\\/\\\/www.oleaster.com.tr\\\/wp-content\\\/uploads\\\/2025\\\/01\\\/VIP_Land_XXL_008-e1751461276731.webp\",\"datePublished\":\"2025-01-06T12:18:45+00:00\",\"dateModified\":\"2025-07-09T10:22:36+00:00\",\"breadcrumb\":{\"@id\":\"https:\\\/\\\/www.oleaster.com.tr\\\/de\\\/urun\\\/vip-land-xxl\\\/#breadcrumb\"},\"inLanguage\":\"de\",\"potentialAction\":[{\"@type\":\"ReadAction\",\"target\":[\"https:\\\/\\\/www.oleaster.com.tr\\\/de\\\/urun\\\/vip-land-xxl\\\/\"]}]},{\"@type\":\"ImageObject\",\"inLanguage\":\"de\",\"@id\":\"https:\\\/\\\/www.oleaster.com.tr\\\/de\\\/urun\\\/vip-land-xxl\\\/#primaryimage\",\"url\":\"https:\\\/\\\/www.oleaster.com.tr\\\/wp-content\\\/uploads\\\/2025\\\/01\\\/VIP_Land_XXL_008-e1751461276731.webp\",\"contentUrl\":\"https:\\\/\\\/www.oleaster.com.tr\\\/wp-content\\\/uploads\\\/2025\\\/01\\\/VIP_Land_XXL_008-e1751461276731.webp\",\"width\":2016,\"height\":1344},{\"@type\":\"BreadcrumbList\",\"@id\":\"https:\\\/\\\/www.oleaster.com.tr\\\/de\\\/urun\\\/vip-land-xxl\\\/#breadcrumb\",\"itemListElement\":[{\"@type\":\"ListItem\",\"position\":1,\"name\":\"Anasayfa\",\"item\":\"https:\\\/\\\/www.oleaster.com.tr\\\/de\\\/oleaster\\\/\"},{\"@type\":\"ListItem\",\"position\":2,\"name\":\"Shop\",\"item\":\"https:\\\/\\\/www.oleaster.com.tr\\\/de\\\/shop\\\/\"},{\"@type\":\"ListItem\",\"position\":3,\"name\":\"VIP LAND XXL\"}]},{\"@type\":\"WebSite\",\"@id\":\"https:\\\/\\\/www.oleaster.com.tr\\\/de\\\/#website\",\"url\":\"https:\\\/\\\/www.oleaster.com.tr\\\/de\\\/\",\"name\":\"Oleaster\",\"description\":\"Siz Hayal Edin, Biz Yapal\u0131m\",\"publisher\":{\"@id\":\"https:\\\/\\\/www.oleaster.com.tr\\\/de\\\/#organization\"},\"potentialAction\":[{\"@type\":\"SearchAction\",\"target\":{\"@type\":\"EntryPoint\",\"urlTemplate\":\"https:\\\/\\\/www.oleaster.com.tr\\\/de\\\/?s={search_term_string}\"},\"query-input\":{\"@type\":\"PropertyValueSpecification\",\"valueRequired\":true,\"valueName\":\"search_term_string\"}}],\"inLanguage\":\"de\"},{\"@type\":\"Organization\",\"@id\":\"https:\\\/\\\/www.oleaster.com.tr\\\/de\\\/#organization\",\"name\":\"Oleaster\",\"url\":\"https:\\\/\\\/www.oleaster.com.tr\\\/de\\\/\",\"logo\":{\"@type\":\"ImageObject\",\"inLanguage\":\"de\",\"@id\":\"https:\\\/\\\/www.oleaster.com.tr\\\/de\\\/#\\\/schema\\\/logo\\\/image\\\/\",\"url\":\"https:\\\/\\\/www.oleaster.com.tr\\\/wp-content\\\/uploads\\\/2024\\\/12\\\/OLEASTER-scaled-1.webp\",\"contentUrl\":\"https:\\\/\\\/www.oleaster.com.tr\\\/wp-content\\\/uploads\\\/2024\\\/12\\\/OLEASTER-scaled-1.webp\",\"width\":2560,\"height\":1778,\"caption\":\"Oleaster\"},\"image\":{\"@id\":\"https:\\\/\\\/www.oleaster.com.tr\\\/de\\\/#\\\/schema\\\/logo\\\/image\\\/\"}}]}<\/script>\n<!-- \/ Yoast SEO plugin. -->","yoast_head_json":{"title":"VIP LAND XXL - Oleaster","robots":{"index":"index","follow":"follow","max-snippet":"max-snippet:-1","max-image-preview":"max-image-preview:large","max-video-preview":"max-video-preview:-1"},"canonical":"https:\/\/www.oleaster.com.tr\/de\/urun\/vip-land-xxl\/","og_locale":"de_DE","og_type":"article","og_title":"VIP LAND XXL - Oleaster","og_description":"Der Begriff VIP steht f\u00fcr Very Important Person (sehr wichtige Person). Wie auch der Name OLEASTER\u00a0suggeriert, legen wir gr\u00f6\u00dften Wert darauf, dass sich bedeutende Pers\u00f6nlichkeiten besonders und privilegiert f\u00fchlen.","og_url":"https:\/\/www.oleaster.com.tr\/de\/urun\/vip-land-xxl\/","og_site_name":"Oleaster","article_modified_time":"2025-07-09T10:22:36+00:00","og_image":[{"width":2016,"height":1344,"url":"https:\/\/www.oleaster.com.tr\/wp-content\/uploads\/2025\/01\/VIP_Land_XXL_008-e1751461276731.webp","type":"image\/webp"}],"twitter_card":"summary_large_image","twitter_misc":{"Gesch\u00e4tzte Lesezeit":"3\u00a0Minuten"},"schema":{"@context":"https:\/\/schema.org","@graph":[{"@type":"WebPage","@id":"https:\/\/www.oleaster.com.tr\/de\/urun\/vip-land-xxl\/","url":"https:\/\/www.oleaster.com.tr\/de\/urun\/vip-land-xxl\/","name":"VIP LAND XXL - Oleaster","isPartOf":{"@id":"https:\/\/www.oleaster.com.tr\/de\/#website"},"primaryImageOfPage":{"@id":"https:\/\/www.oleaster.com.tr\/de\/urun\/vip-land-xxl\/#primaryimage"},"image":{"@id":"https:\/\/www.oleaster.com.tr\/de\/urun\/vip-land-xxl\/#primaryimage"},"thumbnailUrl":"https:\/\/www.oleaster.com.tr\/wp-content\/uploads\/2025\/01\/VIP_Land_XXL_008-e1751461276731.webp","datePublished":"2025-01-06T12:18:45+00:00","dateModified":"2025-07-09T10:22:36+00:00","breadcrumb":{"@id":"https:\/\/www.oleaster.com.tr\/de\/urun\/vip-land-xxl\/#breadcrumb"},"inLanguage":"de","potentialAction":[{"@type":"ReadAction","target":["https:\/\/www.oleaster.com.tr\/de\/urun\/vip-land-xxl\/"]}]},{"@type":"ImageObject","inLanguage":"de","@id":"https:\/\/www.oleaster.com.tr\/de\/urun\/vip-land-xxl\/#primaryimage","url":"https:\/\/www.oleaster.com.tr\/wp-content\/uploads\/2025\/01\/VIP_Land_XXL_008-e1751461276731.webp","contentUrl":"https:\/\/www.oleaster.com.tr\/wp-content\/uploads\/2025\/01\/VIP_Land_XXL_008-e1751461276731.webp","width":2016,"height":1344},{"@type":"BreadcrumbList","@id":"https:\/\/www.oleaster.com.tr\/de\/urun\/vip-land-xxl\/#breadcrumb","itemListElement":[{"@type":"ListItem","position":1,"name":"Anasayfa","item":"https:\/\/www.oleaster.com.tr\/de\/oleaster\/"},{"@type":"ListItem","position":2,"name":"Shop","item":"https:\/\/www.oleaster.com.tr\/de\/shop\/"},{"@type":"ListItem","position":3,"name":"VIP LAND XXL"}]},{"@type":"WebSite","@id":"https:\/\/www.oleaster.com.tr\/de\/#website","url":"https:\/\/www.oleaster.com.tr\/de\/","name":"Oleaster","description":"Siz Hayal Edin, Biz Yapal\u0131m","publisher":{"@id":"https:\/\/www.oleaster.com.tr\/de\/#organization"},"potentialAction":[{"@type":"SearchAction","target":{"@type":"EntryPoint","urlTemplate":"https:\/\/www.oleaster.com.tr\/de\/?s={search_term_string}"},"query-input":{"@type":"PropertyValueSpecification","valueRequired":true,"valueName":"search_term_string"}}],"inLanguage":"de"},{"@type":"Organization","@id":"https:\/\/www.oleaster.com.tr\/de\/#organization","name":"Oleaster","url":"https:\/\/www.oleaster.com.tr\/de\/","logo":{"@type":"ImageObject","inLanguage":"de","@id":"https:\/\/www.oleaster.com.tr\/de\/#\/schema\/logo\/image\/","url":"https:\/\/www.oleaster.com.tr\/wp-content\/uploads\/2024\/12\/OLEASTER-scaled-1.webp","contentUrl":"https:\/\/www.oleaster.com.tr\/wp-content\/uploads\/2024\/12\/OLEASTER-scaled-1.webp","width":2560,"height":1778,"caption":"Oleaster"},"image":{"@id":"https:\/\/www.oleaster.com.tr\/de\/#\/schema\/logo\/image\/"}}]}},"_links":{"self":[{"href":"https:\/\/www.oleaster.com.tr\/de\/wp-json\/wp\/v2\/product\/21990","targetHints":{"allow":["GET"]}}],"collection":[{"href":"https:\/\/www.oleaster.com.tr\/de\/wp-json\/wp\/v2\/product"}],"about":[{"href":"https:\/\/www.oleaster.com.tr\/de\/wp-json\/wp\/v2\/types\/product"}],"version-history":[{"count":11,"href":"https:\/\/www.oleaster.com.tr\/de\/wp-json\/wp\/v2\/product\/21990\/revisions"}],"predecessor-version":[{"id":32861,"href":"https:\/\/www.oleaster.com.tr\/de\/wp-json\/wp\/v2\/product\/21990\/revisions\/32861"}],"wp:featuredmedia":[{"embeddable":true,"href":"https:\/\/www.oleaster.com.tr\/de\/wp-json\/wp\/v2\/media\/32197"}],"wp:attachment":[{"href":"https:\/\/www.oleaster.com.tr\/de\/wp-json\/wp\/v2\/media?parent=21990"}],"wp:term":[{"taxonomy":"product_brand","embeddable":true,"href":"https:\/\/www.oleaster.com.tr\/de\/wp-json\/wp\/v2\/product_brand?post=21990"},{"taxonomy":"product_cat","embeddable":true,"href":"https:\/\/www.oleaster.com.tr\/de\/wp-json\/wp\/v2\/product_cat?post=21990"},{"taxonomy":"product_tag","embeddable":true,"href":"https:\/\/www.oleaster.com.tr\/de\/wp-json\/wp\/v2\/product_tag?post=21990"}],"curies":[{"name":"wp","href":"https:\/\/api.w.org\/{rel}","templated":true}]}}