{"id":21886,"date":"2025-01-06T15:37:14","date_gmt":"2025-01-06T12:37:14","guid":{"rendered":"https:\/\/www.oleaster.com.tr\/urun\/vip-land-m2-access\/"},"modified":"2025-03-05T10:06:08","modified_gmt":"2025-03-05T07:06:08","slug":"vip-land-m2-access","status":"publish","type":"product","link":"https:\/\/www.oleaster.com.tr\/de\/urun\/vip-land-m2-access\/","title":{"rendered":"VIP LAND M2 &#8211; Access"},"content":{"rendered":"\t\t<div data-elementor-type=\"wp-post\" data-elementor-id=\"21886\" class=\"elementor elementor-21886 elementor-16188\">\n\t\t\t\t<div class=\"wd-negative-gap elementor-element elementor-element-53eea44 e-flex e-con-boxed e-con e-parent\" data-id=\"53eea44\" data-element_type=\"container\" data-e-type=\"container\">\n\t\t\t\t\t<div class=\"e-con-inner\">\n\t\t<div class=\"elementor-element elementor-element-cc8e042 e-con-full e-flex e-con e-child\" data-id=\"cc8e042\" data-element_type=\"container\" data-e-type=\"container\">\n\t\t\t\t<div class=\"elementor-element elementor-element-4a8a87a elementor-widget elementor-widget-wd_text_block\" data-id=\"4a8a87a\" data-element_type=\"widget\" data-e-type=\"widget\" data-widget_type=\"wd_text_block.default\">\n\t\t\t\t<div class=\"elementor-widget-container\">\n\t\t\t\t\t\t\t<div class=\"wd-text-block reset-last-child text-left\">\n\t\t\t\n\t\t\t<p>Das Wort \"VIP\" bedeutet \"Very Important Person\", also eine sehr wichtige Person. Bei<span style=\"color: #ff0000;\"> <strong>OLEASTER <\/strong><\/span>legen wir gro\u00dfen Wert darauf, unseren VIP-Kunden zu erm\u00f6glichen, sich besonders und privilegiert zu f\u00fchlen, indem wir Fahrzeuge mit hohem Ingenieurwissen, Qualit\u00e4t, Sicherheit, Komfort und Bequemlichkeit zur Verf\u00fcgung stellen.<\/p><p>Unser<span style=\"color: #ff0000;\"><strong> <u>VIP LAND M2 Access<\/u><\/strong><\/span> Modell basiert auf dem Mercedes-Benz Sprinter 3.5t Fahrzeug, wurde als M1-Klasse konzipiert und bietet standardm\u00e4\u00dfig ein Automatikgetriebe mit 190 PS. <span style=\"color: #ff0000;\"><strong><u>VIP LAND M2 Access<\/u><\/strong> <\/span>hat die Karosseriegr\u00f6\u00dfe L2H2 und bietet Platz f\u00fcr insgesamt 8 Personen, einschlie\u00dflich Fahrer und Passagiere. Dieses Modell wurde entwickelt, um eine bequeme, sichere und komfortable Erfahrung f\u00fcr jede Reise zu gew\u00e4hrleisten.<\/p><p>Mit dem <span style=\"color: #ff0000;\"><strong><u>VIP LAND M2 Access<\/u><\/strong><\/span> Fahrzeug k\u00f6nnen Sie sich frei und ungehindert f\u00fchlen und \u00fcber die speziell gestalteten Eing\u00e4nge bequem zugreifen. Dank der verschiedenen Verbindungssysteme k\u00f6nnen Sie Ihre Reise komfortabel, sicher und angenehm gestalten. Jeder Mensch hat unterschiedliche Erwartungen. Manche bevorzugen Luxus, andere wiederum sch\u00e4tzen die Schlichtheit. Das<span style=\"color: #ff0000;\"><strong><u> VIP LAND M2 Access<\/u><\/strong><\/span> Fahrzeug kann v\u00f6llig individuell angepasst werden. Es kann als Besprechungsraum, Arbeitsb\u00fcro, Sitzbereich, Spielbereich oder Wohnraum gestaltet werden. Auf diese Weise wird jede Reise zu einer angenehmen, sicheren und komfortablen Erfahrung.<\/p><p>Der Hauptgrund, warum <span style=\"color: #ff0000;\"><strong>OLEASTER<\/strong><\/span> bevorzugt wird, liegt darin, dass wir die W\u00fcnsche unserer Kunden korrekt wahrnehmen und diese Erwartungen mit der richtigen Kombination aus Technologie und einer soliden Ingenieurbasis umsetzen, um sowohl visuelle als auch haptische Qualit\u00e4t zu betonen. Sich mit dem <strong><u>VIP LAND M2 Access<\/u><\/strong> speziell, bequem und sicher zu f\u00fchlen, ist ein Privileg.<\/p>\n\t\t\t\t\t<\/div>\n\t\t\t\t\t\t<\/div>\n\t\t\t\t<\/div>\n\t\t\t\t<\/div>\n\t\t<div class=\"elementor-element elementor-element-738f371 e-con-full e-flex e-con e-child\" data-id=\"738f371\" data-element_type=\"container\" data-e-type=\"container\">\n\t\t\t\t<div class=\"elementor-element elementor-element-5586eab elementor-widget elementor-widget-wd_image_or_svg\" data-id=\"5586eab\" data-element_type=\"widget\" data-e-type=\"widget\" data-widget_type=\"wd_image_or_svg.default\">\n\t\t\t\t<div class=\"elementor-widget-container\">\n\t\t\t\t\t\n\t\t<div class=\"wd-image text-left\">\n\t\t\t\t\t\t\t\t<img loading=\"lazy\" decoding=\"async\" width=\"528\" height=\"529\" src=\"https:\/\/www.oleaster.com.tr\/wp-content\/uploads\/2025\/01\/VIP-LAND-M-Access-e1736167129227.jpg\" class=\"attachment-full size-full\" alt=\"VIP LAND M Access\" srcset=\"https:\/\/www.oleaster.com.tr\/wp-content\/uploads\/2025\/01\/VIP-LAND-M-Access-e1736167129227.jpg 528w, https:\/\/www.oleaster.com.tr\/wp-content\/uploads\/2025\/01\/VIP-LAND-M-Access-e1736167129227-299x300.jpg 299w, https:\/\/www.oleaster.com.tr\/wp-content\/uploads\/2025\/01\/VIP-LAND-M-Access-e1736167129227-150x150.jpg 150w, https:\/\/www.oleaster.com.tr\/wp-content\/uploads\/2025\/01\/VIP-LAND-M-Access-e1736167129227-430x431.jpg 430w\" sizes=\"auto, (max-width: 528px) 100vw, 528px\" \/>\t\t\t\t\t<\/div>\n\n\t\t\t\t\t\t<\/div>\n\t\t\t\t<\/div>\n\t\t\t\t<\/div>\n\t\t\t\t\t<\/div>\n\t\t\t\t<\/div>\n\t\t\t\t<\/div>\n\t\t","protected":false},"excerpt":{"rendered":"<div class=\"legal-notice\" data-v-a1c10375=\"\" data-test-id=\"emh-legal-notice__text\">\n<div class=\"tag\">Das Wort VIP bedeutet Very Important Person, also eine sehr wichtige Person. Bei <strong><span style=\"color: #ff0000;\">OLEASTER<\/span> <\/strong>legen wir gro\u00dfen Wert darauf, unseren VIP-Kunden zu erm\u00f6glichen, sich besonders und privilegiert zu f\u00fchlen, indem wir Fahrzeuge mit hohem Ingenieurwissen, Qualit\u00e4t, Sicherheit, Komfort und Bequemlichkeit zur Verf\u00fcgung stellen.<\/div>\n<\/div>\n","protected":false},"featured_media":32185,"template":"","meta":[],"product_brand":[],"product_cat":[146],"product_tag":[148],"class_list":{"0":"post-21886","1":"product","2":"type-product","3":"status-publish","4":"has-post-thumbnail","6":"product_cat-vehicules-vip","7":"product_tag-spezielles-design","9":"first","10":"instock","11":"shipping-taxable","12":"purchasable","13":"product-type-simple"},"yoast_head":"<!-- This site is optimized with the Yoast SEO plugin v27.4 - https:\/\/yoast.com\/product\/yoast-seo-wordpress\/ -->\n<title>VIP LAND M2 - Access - Oleaster<\/title>\n<meta name=\"robots\" content=\"index, follow, max-snippet:-1, max-image-preview:large, max-video-preview:-1\" \/>\n<link rel=\"canonical\" href=\"https:\/\/www.oleaster.com.tr\/de\/urun\/vip-land-m2-access\/\" \/>\n<meta property=\"og:locale\" content=\"de_DE\" \/>\n<meta property=\"og:type\" content=\"article\" \/>\n<meta property=\"og:title\" content=\"VIP LAND M2 - Access - Oleaster\" \/>\n<meta property=\"og:description\" content=\"Das Wort VIP bedeutet Very Important Person, also eine sehr wichtige Person. Bei OLEASTER legen wir gro\u00dfen Wert darauf, unseren VIP-Kunden zu erm\u00f6glichen, sich besonders und privilegiert zu f\u00fchlen, indem wir Fahrzeuge mit hohem Ingenieurwissen, Qualit\u00e4t, Sicherheit, Komfort und Bequemlichkeit zur Verf\u00fcgung stellen.\" \/>\n<meta property=\"og:url\" content=\"https:\/\/www.oleaster.com.tr\/de\/urun\/vip-land-m2-access\/\" \/>\n<meta property=\"og:site_name\" content=\"Oleaster\" \/>\n<meta property=\"article:modified_time\" content=\"2025-03-05T07:06:08+00:00\" \/>\n<meta property=\"og:image\" content=\"https:\/\/www.oleaster.com.tr\/wp-content\/uploads\/2025\/01\/VIP-LAND-M-Access-e1736167129227.jpg\" \/>\n\t<meta property=\"og:image:width\" content=\"528\" \/>\n\t<meta property=\"og:image:height\" content=\"529\" \/>\n\t<meta property=\"og:image:type\" content=\"image\/jpeg\" \/>\n<meta name=\"twitter:card\" content=\"summary_large_image\" \/>\n<meta name=\"twitter:label1\" content=\"Gesch\u00e4tzte Lesezeit\" \/>\n\t<meta name=\"twitter:data1\" content=\"2\u00a0Minuten\" \/>\n<script type=\"application\/ld+json\" class=\"yoast-schema-graph\">{\"@context\":\"https:\\\/\\\/schema.org\",\"@graph\":[{\"@type\":\"WebPage\",\"@id\":\"https:\\\/\\\/www.oleaster.com.tr\\\/de\\\/urun\\\/vip-land-m2-access\\\/\",\"url\":\"https:\\\/\\\/www.oleaster.com.tr\\\/de\\\/urun\\\/vip-land-m2-access\\\/\",\"name\":\"VIP LAND M2 - Access - Oleaster\",\"isPartOf\":{\"@id\":\"https:\\\/\\\/www.oleaster.com.tr\\\/de\\\/#website\"},\"primaryImageOfPage\":{\"@id\":\"https:\\\/\\\/www.oleaster.com.tr\\\/de\\\/urun\\\/vip-land-m2-access\\\/#primaryimage\"},\"image\":{\"@id\":\"https:\\\/\\\/www.oleaster.com.tr\\\/de\\\/urun\\\/vip-land-m2-access\\\/#primaryimage\"},\"thumbnailUrl\":\"https:\\\/\\\/www.oleaster.com.tr\\\/wp-content\\\/uploads\\\/2025\\\/01\\\/VIP_Land_XXL_006.webp\",\"datePublished\":\"2025-01-06T12:37:14+00:00\",\"dateModified\":\"2025-03-05T07:06:08+00:00\",\"breadcrumb\":{\"@id\":\"https:\\\/\\\/www.oleaster.com.tr\\\/de\\\/urun\\\/vip-land-m2-access\\\/#breadcrumb\"},\"inLanguage\":\"de\",\"potentialAction\":[{\"@type\":\"ReadAction\",\"target\":[\"https:\\\/\\\/www.oleaster.com.tr\\\/de\\\/urun\\\/vip-land-m2-access\\\/\"]}]},{\"@type\":\"ImageObject\",\"inLanguage\":\"de\",\"@id\":\"https:\\\/\\\/www.oleaster.com.tr\\\/de\\\/urun\\\/vip-land-m2-access\\\/#primaryimage\",\"url\":\"https:\\\/\\\/www.oleaster.com.tr\\\/wp-content\\\/uploads\\\/2025\\\/01\\\/VIP_Land_XXL_006.webp\",\"contentUrl\":\"https:\\\/\\\/www.oleaster.com.tr\\\/wp-content\\\/uploads\\\/2025\\\/01\\\/VIP_Land_XXL_006.webp\",\"width\":2016,\"height\":1344},{\"@type\":\"BreadcrumbList\",\"@id\":\"https:\\\/\\\/www.oleaster.com.tr\\\/de\\\/urun\\\/vip-land-m2-access\\\/#breadcrumb\",\"itemListElement\":[{\"@type\":\"ListItem\",\"position\":1,\"name\":\"Anasayfa\",\"item\":\"https:\\\/\\\/www.oleaster.com.tr\\\/de\\\/oleaster\\\/\"},{\"@type\":\"ListItem\",\"position\":2,\"name\":\"Shop\",\"item\":\"https:\\\/\\\/www.oleaster.com.tr\\\/de\\\/shop\\\/\"},{\"@type\":\"ListItem\",\"position\":3,\"name\":\"VIP LAND M2 &#8211; Access\"}]},{\"@type\":\"WebSite\",\"@id\":\"https:\\\/\\\/www.oleaster.com.tr\\\/de\\\/#website\",\"url\":\"https:\\\/\\\/www.oleaster.com.tr\\\/de\\\/\",\"name\":\"Oleaster\",\"description\":\"Siz Hayal Edin, Biz Yapal\u0131m\",\"publisher\":{\"@id\":\"https:\\\/\\\/www.oleaster.com.tr\\\/de\\\/#organization\"},\"potentialAction\":[{\"@type\":\"SearchAction\",\"target\":{\"@type\":\"EntryPoint\",\"urlTemplate\":\"https:\\\/\\\/www.oleaster.com.tr\\\/de\\\/?s={search_term_string}\"},\"query-input\":{\"@type\":\"PropertyValueSpecification\",\"valueRequired\":true,\"valueName\":\"search_term_string\"}}],\"inLanguage\":\"de\"},{\"@type\":\"Organization\",\"@id\":\"https:\\\/\\\/www.oleaster.com.tr\\\/de\\\/#organization\",\"name\":\"Oleaster\",\"url\":\"https:\\\/\\\/www.oleaster.com.tr\\\/de\\\/\",\"logo\":{\"@type\":\"ImageObject\",\"inLanguage\":\"de\",\"@id\":\"https:\\\/\\\/www.oleaster.com.tr\\\/de\\\/#\\\/schema\\\/logo\\\/image\\\/\",\"url\":\"https:\\\/\\\/www.oleaster.com.tr\\\/wp-content\\\/uploads\\\/2024\\\/12\\\/OLEASTER-scaled-1.webp\",\"contentUrl\":\"https:\\\/\\\/www.oleaster.com.tr\\\/wp-content\\\/uploads\\\/2024\\\/12\\\/OLEASTER-scaled-1.webp\",\"width\":2560,\"height\":1778,\"caption\":\"Oleaster\"},\"image\":{\"@id\":\"https:\\\/\\\/www.oleaster.com.tr\\\/de\\\/#\\\/schema\\\/logo\\\/image\\\/\"}}]}<\/script>\n<!-- \/ Yoast SEO plugin. -->","yoast_head_json":{"title":"VIP LAND M2 - Access - Oleaster","robots":{"index":"index","follow":"follow","max-snippet":"max-snippet:-1","max-image-preview":"max-image-preview:large","max-video-preview":"max-video-preview:-1"},"canonical":"https:\/\/www.oleaster.com.tr\/de\/urun\/vip-land-m2-access\/","og_locale":"de_DE","og_type":"article","og_title":"VIP LAND M2 - Access - Oleaster","og_description":"Das Wort VIP bedeutet Very Important Person, also eine sehr wichtige Person. Bei OLEASTER legen wir gro\u00dfen Wert darauf, unseren VIP-Kunden zu erm\u00f6glichen, sich besonders und privilegiert zu f\u00fchlen, indem wir Fahrzeuge mit hohem Ingenieurwissen, Qualit\u00e4t, Sicherheit, Komfort und Bequemlichkeit zur Verf\u00fcgung stellen.","og_url":"https:\/\/www.oleaster.com.tr\/de\/urun\/vip-land-m2-access\/","og_site_name":"Oleaster","article_modified_time":"2025-03-05T07:06:08+00:00","og_image":[{"width":528,"height":529,"url":"https:\/\/www.oleaster.com.tr\/wp-content\/uploads\/2025\/01\/VIP-LAND-M-Access-e1736167129227.jpg","type":"image\/jpeg"}],"twitter_card":"summary_large_image","twitter_misc":{"Gesch\u00e4tzte Lesezeit":"2\u00a0Minuten"},"schema":{"@context":"https:\/\/schema.org","@graph":[{"@type":"WebPage","@id":"https:\/\/www.oleaster.com.tr\/de\/urun\/vip-land-m2-access\/","url":"https:\/\/www.oleaster.com.tr\/de\/urun\/vip-land-m2-access\/","name":"VIP LAND M2 - Access - Oleaster","isPartOf":{"@id":"https:\/\/www.oleaster.com.tr\/de\/#website"},"primaryImageOfPage":{"@id":"https:\/\/www.oleaster.com.tr\/de\/urun\/vip-land-m2-access\/#primaryimage"},"image":{"@id":"https:\/\/www.oleaster.com.tr\/de\/urun\/vip-land-m2-access\/#primaryimage"},"thumbnailUrl":"https:\/\/www.oleaster.com.tr\/wp-content\/uploads\/2025\/01\/VIP_Land_XXL_006.webp","datePublished":"2025-01-06T12:37:14+00:00","dateModified":"2025-03-05T07:06:08+00:00","breadcrumb":{"@id":"https:\/\/www.oleaster.com.tr\/de\/urun\/vip-land-m2-access\/#breadcrumb"},"inLanguage":"de","potentialAction":[{"@type":"ReadAction","target":["https:\/\/www.oleaster.com.tr\/de\/urun\/vip-land-m2-access\/"]}]},{"@type":"ImageObject","inLanguage":"de","@id":"https:\/\/www.oleaster.com.tr\/de\/urun\/vip-land-m2-access\/#primaryimage","url":"https:\/\/www.oleaster.com.tr\/wp-content\/uploads\/2025\/01\/VIP_Land_XXL_006.webp","contentUrl":"https:\/\/www.oleaster.com.tr\/wp-content\/uploads\/2025\/01\/VIP_Land_XXL_006.webp","width":2016,"height":1344},{"@type":"BreadcrumbList","@id":"https:\/\/www.oleaster.com.tr\/de\/urun\/vip-land-m2-access\/#breadcrumb","itemListElement":[{"@type":"ListItem","position":1,"name":"Anasayfa","item":"https:\/\/www.oleaster.com.tr\/de\/oleaster\/"},{"@type":"ListItem","position":2,"name":"Shop","item":"https:\/\/www.oleaster.com.tr\/de\/shop\/"},{"@type":"ListItem","position":3,"name":"VIP LAND M2 &#8211; Access"}]},{"@type":"WebSite","@id":"https:\/\/www.oleaster.com.tr\/de\/#website","url":"https:\/\/www.oleaster.com.tr\/de\/","name":"Oleaster","description":"Siz Hayal Edin, Biz Yapal\u0131m","publisher":{"@id":"https:\/\/www.oleaster.com.tr\/de\/#organization"},"potentialAction":[{"@type":"SearchAction","target":{"@type":"EntryPoint","urlTemplate":"https:\/\/www.oleaster.com.tr\/de\/?s={search_term_string}"},"query-input":{"@type":"PropertyValueSpecification","valueRequired":true,"valueName":"search_term_string"}}],"inLanguage":"de"},{"@type":"Organization","@id":"https:\/\/www.oleaster.com.tr\/de\/#organization","name":"Oleaster","url":"https:\/\/www.oleaster.com.tr\/de\/","logo":{"@type":"ImageObject","inLanguage":"de","@id":"https:\/\/www.oleaster.com.tr\/de\/#\/schema\/logo\/image\/","url":"https:\/\/www.oleaster.com.tr\/wp-content\/uploads\/2024\/12\/OLEASTER-scaled-1.webp","contentUrl":"https:\/\/www.oleaster.com.tr\/wp-content\/uploads\/2024\/12\/OLEASTER-scaled-1.webp","width":2560,"height":1778,"caption":"Oleaster"},"image":{"@id":"https:\/\/www.oleaster.com.tr\/de\/#\/schema\/logo\/image\/"}}]}},"_links":{"self":[{"href":"https:\/\/www.oleaster.com.tr\/de\/wp-json\/wp\/v2\/product\/21886","targetHints":{"allow":["GET"]}}],"collection":[{"href":"https:\/\/www.oleaster.com.tr\/de\/wp-json\/wp\/v2\/product"}],"about":[{"href":"https:\/\/www.oleaster.com.tr\/de\/wp-json\/wp\/v2\/types\/product"}],"version-history":[{"count":5,"href":"https:\/\/www.oleaster.com.tr\/de\/wp-json\/wp\/v2\/product\/21886\/revisions"}],"predecessor-version":[{"id":24791,"href":"https:\/\/www.oleaster.com.tr\/de\/wp-json\/wp\/v2\/product\/21886\/revisions\/24791"}],"wp:featuredmedia":[{"embeddable":true,"href":"https:\/\/www.oleaster.com.tr\/de\/wp-json\/wp\/v2\/media\/32185"}],"wp:attachment":[{"href":"https:\/\/www.oleaster.com.tr\/de\/wp-json\/wp\/v2\/media?parent=21886"}],"wp:term":[{"taxonomy":"product_brand","embeddable":true,"href":"https:\/\/www.oleaster.com.tr\/de\/wp-json\/wp\/v2\/product_brand?post=21886"},{"taxonomy":"product_cat","embeddable":true,"href":"https:\/\/www.oleaster.com.tr\/de\/wp-json\/wp\/v2\/product_cat?post=21886"},{"taxonomy":"product_tag","embeddable":true,"href":"https:\/\/www.oleaster.com.tr\/de\/wp-json\/wp\/v2\/product_tag?post=21886"}],"curies":[{"name":"wp","href":"https:\/\/api.w.org\/{rel}","templated":true}]}}