{"id":21834,"date":"2025-02-12T10:17:48","date_gmt":"2025-02-12T07:17:48","guid":{"rendered":"https:\/\/www.oleaster.com.tr\/urun\/vip-land-m1-access-4x4\/"},"modified":"2025-02-21T16:54:48","modified_gmt":"2025-02-21T13:54:48","slug":"vip-land-m1-access-4x4","status":"publish","type":"product","link":"https:\/\/www.oleaster.com.tr\/de\/urun\/vip-land-m1-access-4x4\/","title":{"rendered":"VIP LAND\u00a0M1 &#8211; Access 4&#215;4"},"content":{"rendered":"\t\t<div data-elementor-type=\"wp-post\" data-elementor-id=\"21834\" class=\"elementor elementor-21834 elementor-18182\">\n\t\t\t\t<div class=\"wd-negative-gap elementor-element elementor-element-53eea44 e-flex e-con-boxed e-con e-parent\" data-id=\"53eea44\" data-element_type=\"container\" data-e-type=\"container\">\n\t\t\t\t\t<div class=\"e-con-inner\">\n\t\t<div class=\"elementor-element elementor-element-cc8e042 e-con-full e-flex e-con e-child\" data-id=\"cc8e042\" data-element_type=\"container\" data-e-type=\"container\">\n\t\t\t\t<div class=\"elementor-element elementor-element-4a8a87a elementor-widget elementor-widget-wd_text_block\" data-id=\"4a8a87a\" data-element_type=\"widget\" data-e-type=\"widget\" data-widget_type=\"wd_text_block.default\">\n\t\t\t\t<div class=\"elementor-widget-container\">\n\t\t\t\t\t\t\t<div class=\"wd-text-block reset-last-child text-left\">\n\t\t\t\n\t\t\t<p>Das Wort \"VIP\" steht f\u00fcr \"Very Important Person\" \u2013 eine sehr wichtige Person. Bei <span style=\"color: #ff0000;\"><strong>OLEASTER<\/strong><\/span> legen wir gro\u00dfen Wert darauf, diesen besonderen Personen ein exklusives und au\u00dfergew\u00f6hnliches Erlebnis zu bieten. Wir stellen Fahrzeuge mit h\u00f6chster Ingenieurskunst, Qualit\u00e4t, Sicherheit, Komfort und Bequemlichkeit zur Verf\u00fcgung, um sicherzustellen, dass sich diese wichtigen Personen besonders und privilegiert f\u00fchlen.<\/p><p>Das Modell <strong><u><span style=\"color: #ff0000;\">VIP LAND M1 Access 4x4<\/span> <\/u><\/strong>basiert auf dem Mercedes-Benz Sprinter mit einem zul\u00e4ssigen Gesamtgewicht von 3,5 t. Es wird als M1-Klasse-Fahrzeug gefertigt, ist mit einem 190 PS starken Motor und einem automatischen Getriebe ausgestattet und kommt in der L2H1-Kastenvariante. <span style=\"color: #ff0000;\"><strong><u>VIP LAND M1 Access 4x4 <\/u><\/strong><\/span>ist besonders geeignet f\u00fcr Reisen in bergige Regionen und f\u00fcr Personen, die gerne in unzug\u00e4nglicheren Gebieten leben oder ihre Hobbys ohne Probleme aus\u00fcben m\u00f6chten.<\/p><p>Der <span style=\"color: #ff0000;\"><strong><u>VIP LAND M1 Access 4x4 <\/u><\/strong><\/span>bietet Platz f\u00fcr bis zu 8 Personen, einschlie\u00dflich Fahrer und Passagiere. Dank speziell entwickelter, barrierefreier Zug\u00e4nge und Verbindungssysteme k\u00f6nnen Sie sich in diesem Fahrzeug bequem und sicher f\u00fchlen. Es wurde so konzipiert, dass es Menschen mit unterschiedlichen Bed\u00fcrfnissen und Anforderungen gerecht wird. Das Fahrzeug l\u00e4sst sich ganz nach den W\u00fcnschen des Kunden gestalten \u2013 sei es als Besprechungsraum, Arbeitsb\u00fcro, Lounge, Spielbereich oder Wohnraum. So wird jede Reise zu einem komfortablen, sicheren und angenehmen Erlebnis, das ganz auf die individuellen Bed\u00fcrfnisse abgestimmt ist. Da jeder Mensch unterschiedliche W\u00fcnsche und Erwartungen hat, ist es unser Ziel, diese genau zu verstehen und zu erf\u00fcllen.<\/p><p><span style=\"color: #ff0000;\"><strong>OLEASTER <\/strong><\/span>wird besonders gesch\u00e4tzt, weil wir die Erwartungen unserer Kunden pr\u00e4zise wahrnehmen und mit der richtigen Technologie kombinieren, um durch starke Ingenieurarbeit visuelle und haptische Qualit\u00e4t zu liefern. Sich in einem Fahrzeug wie dem <span style=\"color: #ff0000;\"><strong><u>VIP LAND M1 Access 4x4<\/u><\/strong><\/span> sicher, komfortabel und exklusiv zu f\u00fchlen, ist ein wahrer Luxus.<\/p>\n\t\t\t\t\t<\/div>\n\t\t\t\t\t\t<\/div>\n\t\t\t\t<\/div>\n\t\t\t\t<\/div>\n\t\t<div class=\"elementor-element elementor-element-738f371 e-con-full e-flex e-con e-child\" data-id=\"738f371\" data-element_type=\"container\" data-e-type=\"container\">\n\t\t\t\t<div class=\"elementor-element elementor-element-5586eab elementor-widget elementor-widget-wd_image_or_svg\" data-id=\"5586eab\" data-element_type=\"widget\" data-e-type=\"widget\" data-widget_type=\"wd_image_or_svg.default\">\n\t\t\t\t<div class=\"elementor-widget-container\">\n\t\t\t\t\t\n\t\t<div class=\"wd-image text-left\">\n\t\t\t\t\t\t\t\t<img loading=\"lazy\" decoding=\"async\" width=\"933\" height=\"933\" src=\"https:\/\/www.oleaster.com.tr\/wp-content\/uploads\/2025\/01\/VIP-LAND-M-e1736166809795.jpg\" class=\"attachment-full size-full\" alt=\"VIP LAND\u00a0M\" srcset=\"https:\/\/www.oleaster.com.tr\/wp-content\/uploads\/2025\/01\/VIP-LAND-M-e1736166809795.jpg 933w, https:\/\/www.oleaster.com.tr\/wp-content\/uploads\/2025\/01\/VIP-LAND-M-e1736166809795-300x300.jpg 300w, https:\/\/www.oleaster.com.tr\/wp-content\/uploads\/2025\/01\/VIP-LAND-M-e1736166809795-800x800.jpg 800w, https:\/\/www.oleaster.com.tr\/wp-content\/uploads\/2025\/01\/VIP-LAND-M-e1736166809795-150x150.jpg 150w, https:\/\/www.oleaster.com.tr\/wp-content\/uploads\/2025\/01\/VIP-LAND-M-e1736166809795-768x768.jpg 768w, https:\/\/www.oleaster.com.tr\/wp-content\/uploads\/2025\/01\/VIP-LAND-M-e1736166809795-430x430.jpg 430w, https:\/\/www.oleaster.com.tr\/wp-content\/uploads\/2025\/01\/VIP-LAND-M-e1736166809795-700x700.jpg 700w\" sizes=\"auto, (max-width: 933px) 100vw, 933px\" \/>\t\t\t\t\t<\/div>\n\n\t\t\t\t\t\t<\/div>\n\t\t\t\t<\/div>\n\t\t\t\t<\/div>\n\t\t\t\t\t<\/div>\n\t\t\t\t<\/div>\n\t\t\t\t<\/div>\n\t\t","protected":false},"excerpt":{"rendered":"<div class=\"legal-notice\" data-v-a1c10375=\"\" data-test-id=\"emh-legal-notice__text\">\n<div class=\"tag\">Das Wort VIP steht f\u00fcr Very Important Person \u2013 eine sehr wichtige Person. Bei <span style=\"color: #ff0000;\"><strong>OLEASTER<\/strong> <\/span>legen wir gro\u00dfen Wert darauf, diesen besonderen Personen ein exklusives und au\u00dfergew\u00f6hnliches Erlebnis zu bieten. Wir stellen Fahrzeuge mit h\u00f6chster Ingenieurskunst, Qualit\u00e4t, Sicherheit, Komfort und Bequemlichkeit zur Verf\u00fcgung, um sicherzustellen, dass sich diese wichtigen Personen besonders und privilegiert f\u00fchlen.<\/div>\n<\/div>\n","protected":false},"featured_media":33579,"template":"","meta":[],"product_brand":[],"product_cat":[146],"product_tag":[148],"class_list":{"0":"post-21834","1":"product","2":"type-product","3":"status-publish","4":"has-post-thumbnail","6":"product_cat-vehicules-vip","7":"product_tag-spezielles-design","9":"first","10":"instock","11":"shipping-taxable","12":"purchasable","13":"product-type-simple"},"yoast_head":"<!-- This site is optimized with the Yoast SEO plugin v27.4 - https:\/\/yoast.com\/product\/yoast-seo-wordpress\/ -->\n<title>VIP LAND\u00a0M1 - Access 4x4 - Oleaster<\/title>\n<meta name=\"robots\" content=\"index, follow, max-snippet:-1, max-image-preview:large, max-video-preview:-1\" \/>\n<link rel=\"canonical\" href=\"https:\/\/www.oleaster.com.tr\/de\/urun\/vip-land-m1-access-4x4\/\" \/>\n<meta property=\"og:locale\" content=\"de_DE\" \/>\n<meta property=\"og:type\" content=\"article\" \/>\n<meta property=\"og:title\" content=\"VIP LAND\u00a0M1 - Access 4x4 - Oleaster\" \/>\n<meta property=\"og:description\" content=\"Das Wort VIP steht f\u00fcr Very Important Person \u2013 eine sehr wichtige Person. Bei OLEASTER legen wir gro\u00dfen Wert darauf, diesen besonderen Personen ein exklusives und au\u00dfergew\u00f6hnliches Erlebnis zu bieten. Wir stellen Fahrzeuge mit h\u00f6chster Ingenieurskunst, Qualit\u00e4t, Sicherheit, Komfort und Bequemlichkeit zur Verf\u00fcgung, um sicherzustellen, dass sich diese wichtigen Personen besonders und privilegiert f\u00fchlen.\" \/>\n<meta property=\"og:url\" content=\"https:\/\/www.oleaster.com.tr\/de\/urun\/vip-land-m1-access-4x4\/\" \/>\n<meta property=\"og:site_name\" content=\"Oleaster\" \/>\n<meta property=\"article:modified_time\" content=\"2025-02-21T13:54:48+00:00\" \/>\n<meta property=\"og:image\" content=\"https:\/\/www.oleaster.com.tr\/wp-content\/uploads\/2025\/01\/VIP-LAND-M-e1736166809795.jpg\" \/>\n\t<meta property=\"og:image:width\" content=\"933\" \/>\n\t<meta property=\"og:image:height\" content=\"933\" \/>\n\t<meta property=\"og:image:type\" content=\"image\/jpeg\" \/>\n<meta name=\"twitter:card\" content=\"summary_large_image\" \/>\n<meta name=\"twitter:label1\" content=\"Gesch\u00e4tzte Lesezeit\" \/>\n\t<meta name=\"twitter:data1\" content=\"2\u00a0Minuten\" \/>\n<script type=\"application\/ld+json\" class=\"yoast-schema-graph\">{\"@context\":\"https:\\\/\\\/schema.org\",\"@graph\":[{\"@type\":\"WebPage\",\"@id\":\"https:\\\/\\\/www.oleaster.com.tr\\\/de\\\/urun\\\/vip-land-m1-access-4x4\\\/\",\"url\":\"https:\\\/\\\/www.oleaster.com.tr\\\/de\\\/urun\\\/vip-land-m1-access-4x4\\\/\",\"name\":\"VIP LAND\u00a0M1 - Access 4x4 - Oleaster\",\"isPartOf\":{\"@id\":\"https:\\\/\\\/www.oleaster.com.tr\\\/de\\\/#website\"},\"primaryImageOfPage\":{\"@id\":\"https:\\\/\\\/www.oleaster.com.tr\\\/de\\\/urun\\\/vip-land-m1-access-4x4\\\/#primaryimage\"},\"image\":{\"@id\":\"https:\\\/\\\/www.oleaster.com.tr\\\/de\\\/urun\\\/vip-land-m1-access-4x4\\\/#primaryimage\"},\"thumbnailUrl\":\"https:\\\/\\\/www.oleaster.com.tr\\\/wp-content\\\/uploads\\\/2025\\\/01\\\/Tour_Land_XL_020-min-scaled.webp\",\"datePublished\":\"2025-02-12T07:17:48+00:00\",\"dateModified\":\"2025-02-21T13:54:48+00:00\",\"breadcrumb\":{\"@id\":\"https:\\\/\\\/www.oleaster.com.tr\\\/de\\\/urun\\\/vip-land-m1-access-4x4\\\/#breadcrumb\"},\"inLanguage\":\"de\",\"potentialAction\":[{\"@type\":\"ReadAction\",\"target\":[\"https:\\\/\\\/www.oleaster.com.tr\\\/de\\\/urun\\\/vip-land-m1-access-4x4\\\/\"]}]},{\"@type\":\"ImageObject\",\"inLanguage\":\"de\",\"@id\":\"https:\\\/\\\/www.oleaster.com.tr\\\/de\\\/urun\\\/vip-land-m1-access-4x4\\\/#primaryimage\",\"url\":\"https:\\\/\\\/www.oleaster.com.tr\\\/wp-content\\\/uploads\\\/2025\\\/01\\\/Tour_Land_XL_020-min-scaled.webp\",\"contentUrl\":\"https:\\\/\\\/www.oleaster.com.tr\\\/wp-content\\\/uploads\\\/2025\\\/01\\\/Tour_Land_XL_020-min-scaled.webp\",\"width\":2560,\"height\":1920},{\"@type\":\"BreadcrumbList\",\"@id\":\"https:\\\/\\\/www.oleaster.com.tr\\\/de\\\/urun\\\/vip-land-m1-access-4x4\\\/#breadcrumb\",\"itemListElement\":[{\"@type\":\"ListItem\",\"position\":1,\"name\":\"Anasayfa\",\"item\":\"https:\\\/\\\/www.oleaster.com.tr\\\/de\\\/oleaster\\\/\"},{\"@type\":\"ListItem\",\"position\":2,\"name\":\"Shop\",\"item\":\"https:\\\/\\\/www.oleaster.com.tr\\\/de\\\/shop\\\/\"},{\"@type\":\"ListItem\",\"position\":3,\"name\":\"VIP LAND\u00a0M1 &#8211; Access 4&#215;4\"}]},{\"@type\":\"WebSite\",\"@id\":\"https:\\\/\\\/www.oleaster.com.tr\\\/de\\\/#website\",\"url\":\"https:\\\/\\\/www.oleaster.com.tr\\\/de\\\/\",\"name\":\"Oleaster\",\"description\":\"Siz Hayal Edin, Biz Yapal\u0131m\",\"publisher\":{\"@id\":\"https:\\\/\\\/www.oleaster.com.tr\\\/de\\\/#organization\"},\"potentialAction\":[{\"@type\":\"SearchAction\",\"target\":{\"@type\":\"EntryPoint\",\"urlTemplate\":\"https:\\\/\\\/www.oleaster.com.tr\\\/de\\\/?s={search_term_string}\"},\"query-input\":{\"@type\":\"PropertyValueSpecification\",\"valueRequired\":true,\"valueName\":\"search_term_string\"}}],\"inLanguage\":\"de\"},{\"@type\":\"Organization\",\"@id\":\"https:\\\/\\\/www.oleaster.com.tr\\\/de\\\/#organization\",\"name\":\"Oleaster\",\"url\":\"https:\\\/\\\/www.oleaster.com.tr\\\/de\\\/\",\"logo\":{\"@type\":\"ImageObject\",\"inLanguage\":\"de\",\"@id\":\"https:\\\/\\\/www.oleaster.com.tr\\\/de\\\/#\\\/schema\\\/logo\\\/image\\\/\",\"url\":\"https:\\\/\\\/www.oleaster.com.tr\\\/wp-content\\\/uploads\\\/2024\\\/12\\\/OLEASTER-scaled-1.webp\",\"contentUrl\":\"https:\\\/\\\/www.oleaster.com.tr\\\/wp-content\\\/uploads\\\/2024\\\/12\\\/OLEASTER-scaled-1.webp\",\"width\":2560,\"height\":1778,\"caption\":\"Oleaster\"},\"image\":{\"@id\":\"https:\\\/\\\/www.oleaster.com.tr\\\/de\\\/#\\\/schema\\\/logo\\\/image\\\/\"}}]}<\/script>\n<!-- \/ Yoast SEO plugin. -->","yoast_head_json":{"title":"VIP LAND\u00a0M1 - Access 4x4 - Oleaster","robots":{"index":"index","follow":"follow","max-snippet":"max-snippet:-1","max-image-preview":"max-image-preview:large","max-video-preview":"max-video-preview:-1"},"canonical":"https:\/\/www.oleaster.com.tr\/de\/urun\/vip-land-m1-access-4x4\/","og_locale":"de_DE","og_type":"article","og_title":"VIP LAND\u00a0M1 - Access 4x4 - Oleaster","og_description":"Das Wort VIP steht f\u00fcr Very Important Person \u2013 eine sehr wichtige Person. Bei OLEASTER legen wir gro\u00dfen Wert darauf, diesen besonderen Personen ein exklusives und au\u00dfergew\u00f6hnliches Erlebnis zu bieten. Wir stellen Fahrzeuge mit h\u00f6chster Ingenieurskunst, Qualit\u00e4t, Sicherheit, Komfort und Bequemlichkeit zur Verf\u00fcgung, um sicherzustellen, dass sich diese wichtigen Personen besonders und privilegiert f\u00fchlen.","og_url":"https:\/\/www.oleaster.com.tr\/de\/urun\/vip-land-m1-access-4x4\/","og_site_name":"Oleaster","article_modified_time":"2025-02-21T13:54:48+00:00","og_image":[{"width":933,"height":933,"url":"https:\/\/www.oleaster.com.tr\/wp-content\/uploads\/2025\/01\/VIP-LAND-M-e1736166809795.jpg","type":"image\/jpeg"}],"twitter_card":"summary_large_image","twitter_misc":{"Gesch\u00e4tzte Lesezeit":"2\u00a0Minuten"},"schema":{"@context":"https:\/\/schema.org","@graph":[{"@type":"WebPage","@id":"https:\/\/www.oleaster.com.tr\/de\/urun\/vip-land-m1-access-4x4\/","url":"https:\/\/www.oleaster.com.tr\/de\/urun\/vip-land-m1-access-4x4\/","name":"VIP LAND\u00a0M1 - Access 4x4 - Oleaster","isPartOf":{"@id":"https:\/\/www.oleaster.com.tr\/de\/#website"},"primaryImageOfPage":{"@id":"https:\/\/www.oleaster.com.tr\/de\/urun\/vip-land-m1-access-4x4\/#primaryimage"},"image":{"@id":"https:\/\/www.oleaster.com.tr\/de\/urun\/vip-land-m1-access-4x4\/#primaryimage"},"thumbnailUrl":"https:\/\/www.oleaster.com.tr\/wp-content\/uploads\/2025\/01\/Tour_Land_XL_020-min-scaled.webp","datePublished":"2025-02-12T07:17:48+00:00","dateModified":"2025-02-21T13:54:48+00:00","breadcrumb":{"@id":"https:\/\/www.oleaster.com.tr\/de\/urun\/vip-land-m1-access-4x4\/#breadcrumb"},"inLanguage":"de","potentialAction":[{"@type":"ReadAction","target":["https:\/\/www.oleaster.com.tr\/de\/urun\/vip-land-m1-access-4x4\/"]}]},{"@type":"ImageObject","inLanguage":"de","@id":"https:\/\/www.oleaster.com.tr\/de\/urun\/vip-land-m1-access-4x4\/#primaryimage","url":"https:\/\/www.oleaster.com.tr\/wp-content\/uploads\/2025\/01\/Tour_Land_XL_020-min-scaled.webp","contentUrl":"https:\/\/www.oleaster.com.tr\/wp-content\/uploads\/2025\/01\/Tour_Land_XL_020-min-scaled.webp","width":2560,"height":1920},{"@type":"BreadcrumbList","@id":"https:\/\/www.oleaster.com.tr\/de\/urun\/vip-land-m1-access-4x4\/#breadcrumb","itemListElement":[{"@type":"ListItem","position":1,"name":"Anasayfa","item":"https:\/\/www.oleaster.com.tr\/de\/oleaster\/"},{"@type":"ListItem","position":2,"name":"Shop","item":"https:\/\/www.oleaster.com.tr\/de\/shop\/"},{"@type":"ListItem","position":3,"name":"VIP LAND\u00a0M1 &#8211; Access 4&#215;4"}]},{"@type":"WebSite","@id":"https:\/\/www.oleaster.com.tr\/de\/#website","url":"https:\/\/www.oleaster.com.tr\/de\/","name":"Oleaster","description":"Siz Hayal Edin, Biz Yapal\u0131m","publisher":{"@id":"https:\/\/www.oleaster.com.tr\/de\/#organization"},"potentialAction":[{"@type":"SearchAction","target":{"@type":"EntryPoint","urlTemplate":"https:\/\/www.oleaster.com.tr\/de\/?s={search_term_string}"},"query-input":{"@type":"PropertyValueSpecification","valueRequired":true,"valueName":"search_term_string"}}],"inLanguage":"de"},{"@type":"Organization","@id":"https:\/\/www.oleaster.com.tr\/de\/#organization","name":"Oleaster","url":"https:\/\/www.oleaster.com.tr\/de\/","logo":{"@type":"ImageObject","inLanguage":"de","@id":"https:\/\/www.oleaster.com.tr\/de\/#\/schema\/logo\/image\/","url":"https:\/\/www.oleaster.com.tr\/wp-content\/uploads\/2024\/12\/OLEASTER-scaled-1.webp","contentUrl":"https:\/\/www.oleaster.com.tr\/wp-content\/uploads\/2024\/12\/OLEASTER-scaled-1.webp","width":2560,"height":1778,"caption":"Oleaster"},"image":{"@id":"https:\/\/www.oleaster.com.tr\/de\/#\/schema\/logo\/image\/"}}]}},"_links":{"self":[{"href":"https:\/\/www.oleaster.com.tr\/de\/wp-json\/wp\/v2\/product\/21834","targetHints":{"allow":["GET"]}}],"collection":[{"href":"https:\/\/www.oleaster.com.tr\/de\/wp-json\/wp\/v2\/product"}],"about":[{"href":"https:\/\/www.oleaster.com.tr\/de\/wp-json\/wp\/v2\/types\/product"}],"version-history":[{"count":13,"href":"https:\/\/www.oleaster.com.tr\/de\/wp-json\/wp\/v2\/product\/21834\/revisions"}],"predecessor-version":[{"id":21878,"href":"https:\/\/www.oleaster.com.tr\/de\/wp-json\/wp\/v2\/product\/21834\/revisions\/21878"}],"wp:featuredmedia":[{"embeddable":true,"href":"https:\/\/www.oleaster.com.tr\/de\/wp-json\/wp\/v2\/media\/33579"}],"wp:attachment":[{"href":"https:\/\/www.oleaster.com.tr\/de\/wp-json\/wp\/v2\/media?parent=21834"}],"wp:term":[{"taxonomy":"product_brand","embeddable":true,"href":"https:\/\/www.oleaster.com.tr\/de\/wp-json\/wp\/v2\/product_brand?post=21834"},{"taxonomy":"product_cat","embeddable":true,"href":"https:\/\/www.oleaster.com.tr\/de\/wp-json\/wp\/v2\/product_cat?post=21834"},{"taxonomy":"product_tag","embeddable":true,"href":"https:\/\/www.oleaster.com.tr\/de\/wp-json\/wp\/v2\/product_tag?post=21834"}],"curies":[{"name":"wp","href":"https:\/\/api.w.org\/{rel}","templated":true}]}}