{"id":21708,"date":"2025-01-20T13:36:00","date_gmt":"2025-01-20T10:36:00","guid":{"rendered":"https:\/\/www.oleaster.com.tr\/urun\/vip-land-m2\/"},"modified":"2025-03-03T13:42:16","modified_gmt":"2025-03-03T10:42:16","slug":"vip-land-m2","status":"publish","type":"product","link":"https:\/\/www.oleaster.com.tr\/de\/urun\/vip-land-m2\/","title":{"rendered":"VIP LAND\u00a0M2"},"content":{"rendered":"\t\t<div data-elementor-type=\"wp-post\" data-elementor-id=\"21708\" class=\"elementor elementor-21708 elementor-16842\">\n\t\t\t\t<div class=\"wd-negative-gap elementor-element elementor-element-53eea44 e-flex e-con-boxed e-con e-parent\" data-id=\"53eea44\" data-element_type=\"container\" data-e-type=\"container\">\n\t\t\t\t\t<div class=\"e-con-inner\">\n\t\t<div class=\"elementor-element elementor-element-cc8e042 e-con-full e-flex e-con e-child\" data-id=\"cc8e042\" data-element_type=\"container\" data-e-type=\"container\">\n\t\t\t\t<div class=\"elementor-element elementor-element-4a8a87a elementor-widget elementor-widget-wd_text_block\" data-id=\"4a8a87a\" data-element_type=\"widget\" data-e-type=\"widget\" data-widget_type=\"wd_text_block.default\">\n\t\t\t\t<div class=\"elementor-widget-container\">\n\t\t\t\t\t\t\t<div class=\"wd-text-block reset-last-child text-left\">\n\t\t\t\n\t\t\t<p>Das Wort \"VIP\" steht f\u00fcr \u201eVery Important Person\u201c, also eine sehr wichtige Person. Bei<span style=\"color: #ff0000;\"><strong> OLEASTER<\/strong><\/span> legen wir gro\u00dfen Wert darauf, dass sich besonders wichtige Personen durch unsere Fahrzeuge besonders und privilegiert f\u00fchlen. Unsere Fahrzeuge zeichnen sich durch hohe Ingenieurkunst, Qualit\u00e4t, Sicherheit, Komfort und Bequemlichkeit aus.<\/p><p>Das <span style=\"color: #ff0000;\"><strong><u>VIP LAND M2 <\/u><\/strong><\/span>Modell basiert auf dem Mercedes-Benz Sprinter 3.5t Fahrzeug und wurde als M1-Klasse mit einem Standard-Automatikgetriebe und 190 PS konzipiert. Das Fahrzeug hat die Karosseriegr\u00f6\u00dfe L2H2 und bietet Platz f\u00fcr insgesamt 8 Personen, einschlie\u00dflich Fahrer und Passagiere. Das <span style=\"color: #ff0000;\"><strong><u>VIP LAND M2<\/u><\/strong><\/span> Fahrzeug kann vollst\u00e4ndig nach Ihren W\u00fcnschen angepasst werden. Es kann als Besprechungsraum, Arbeitsb\u00fcro, Sitzbereich, Spielbereich oder Wohnraum gestaltet werden, sodass Ihre Reisen komfortabel, sicher und angenehm werden. Jeder Mensch hat unterschiedliche Erwartungen. Manche bevorzugen Luxus, w\u00e4hrend andere die Schlichtheit sch\u00e4tzen.<\/p><p>Der Hauptgrund, warum <span style=\"color: #ff0000;\"><strong>OLEASTER <\/strong><\/span>bevorzugt wird, liegt darin, dass wir die W\u00fcnsche und Erwartungen unserer Kunden genau verstehen und diese durch eine perfekte Kombination von Technologie und starker Ingenieurbasis umsetzen. Dies sorgt f\u00fcr eine hohe visuelle und haptische Qualit\u00e4t. Sich mit dem <span style=\"color: #ff0000;\"><strong><u>VIP LAND M2<\/u><\/strong> <\/span>speziell, komfortabel und sicher zu f\u00fchlen, ist ein wahres Privileg.<\/p>\n\t\t\t\t\t<\/div>\n\t\t\t\t\t\t<\/div>\n\t\t\t\t<\/div>\n\t\t\t\t<\/div>\n\t\t<div class=\"elementor-element elementor-element-738f371 e-con-full e-flex e-con e-child\" data-id=\"738f371\" data-element_type=\"container\" data-e-type=\"container\">\n\t\t\t\t<div class=\"elementor-element elementor-element-5586eab elementor-widget elementor-widget-wd_image_or_svg\" data-id=\"5586eab\" data-element_type=\"widget\" data-e-type=\"widget\" data-widget_type=\"wd_image_or_svg.default\">\n\t\t\t\t<div class=\"elementor-widget-container\">\n\t\t\t\t\t\n\t\t<div class=\"wd-image text-left\">\n\t\t\t\t\t\t\t\t<img loading=\"lazy\" decoding=\"async\" width=\"933\" height=\"933\" src=\"https:\/\/www.oleaster.com.tr\/wp-content\/uploads\/2025\/01\/VIP-LAND-M-e1736166809795.jpg\" class=\"attachment-full size-full\" alt=\"VIP LAND\u00a0M\" srcset=\"https:\/\/www.oleaster.com.tr\/wp-content\/uploads\/2025\/01\/VIP-LAND-M-e1736166809795.jpg 933w, https:\/\/www.oleaster.com.tr\/wp-content\/uploads\/2025\/01\/VIP-LAND-M-e1736166809795-300x300.jpg 300w, https:\/\/www.oleaster.com.tr\/wp-content\/uploads\/2025\/01\/VIP-LAND-M-e1736166809795-800x800.jpg 800w, https:\/\/www.oleaster.com.tr\/wp-content\/uploads\/2025\/01\/VIP-LAND-M-e1736166809795-150x150.jpg 150w, https:\/\/www.oleaster.com.tr\/wp-content\/uploads\/2025\/01\/VIP-LAND-M-e1736166809795-768x768.jpg 768w, https:\/\/www.oleaster.com.tr\/wp-content\/uploads\/2025\/01\/VIP-LAND-M-e1736166809795-430x430.jpg 430w, https:\/\/www.oleaster.com.tr\/wp-content\/uploads\/2025\/01\/VIP-LAND-M-e1736166809795-700x700.jpg 700w\" sizes=\"auto, (max-width: 933px) 100vw, 933px\" \/>\t\t\t\t\t<\/div>\n\n\t\t\t\t\t\t<\/div>\n\t\t\t\t<\/div>\n\t\t\t\t<\/div>\n\t\t\t\t\t<\/div>\n\t\t\t\t<\/div>\n\t\t\t\t<\/div>\n\t\t","protected":false},"excerpt":{"rendered":"<div class=\"legal-notice\" data-v-a1c10375=\"\" data-test-id=\"emh-legal-notice__text\">\n<div class=\"tag\">Das Wort VIP steht f\u00fcr Very Important Person, also eine sehr wichtige Person. Bei<strong> OLEASTER<\/strong> legen wir gro\u00dfen Wert darauf, dass sich besonders wichtige Personen durch unsere Fahrzeuge besonders und privilegiert f\u00fchlen.<\/div>\n<\/div>\n","protected":false},"featured_media":19840,"template":"","meta":[],"product_brand":[],"product_cat":[146],"product_tag":[148],"class_list":{"0":"post-21708","1":"product","2":"type-product","3":"status-publish","4":"has-post-thumbnail","6":"product_cat-vehicules-vip","7":"product_tag-spezielles-design","9":"first","10":"instock","11":"shipping-taxable","12":"purchasable","13":"product-type-simple"},"yoast_head":"<!-- This site is optimized with the Yoast SEO plugin v27.4 - https:\/\/yoast.com\/product\/yoast-seo-wordpress\/ -->\n<title>VIP LAND\u00a0M2 - Oleaster<\/title>\n<meta name=\"robots\" content=\"index, follow, max-snippet:-1, max-image-preview:large, max-video-preview:-1\" \/>\n<link rel=\"canonical\" href=\"https:\/\/www.oleaster.com.tr\/de\/urun\/vip-land-m2\/\" \/>\n<meta property=\"og:locale\" content=\"de_DE\" \/>\n<meta property=\"og:type\" content=\"article\" \/>\n<meta property=\"og:title\" content=\"VIP LAND\u00a0M2 - Oleaster\" \/>\n<meta property=\"og:description\" content=\"Das Wort VIP steht f\u00fcr Very Important Person, also eine sehr wichtige Person. Bei OLEASTER legen wir gro\u00dfen Wert darauf, dass sich besonders wichtige Personen durch unsere Fahrzeuge besonders und privilegiert f\u00fchlen.\" \/>\n<meta property=\"og:url\" content=\"https:\/\/www.oleaster.com.tr\/de\/urun\/vip-land-m2\/\" \/>\n<meta property=\"og:site_name\" content=\"Oleaster\" \/>\n<meta property=\"article:modified_time\" content=\"2025-03-03T10:42:16+00:00\" \/>\n<meta property=\"og:image\" content=\"https:\/\/www.oleaster.com.tr\/wp-content\/uploads\/2025\/01\/VIP-LAND-M-e1736166809795.jpg\" \/>\n\t<meta property=\"og:image:width\" content=\"933\" \/>\n\t<meta property=\"og:image:height\" content=\"933\" \/>\n\t<meta property=\"og:image:type\" content=\"image\/jpeg\" \/>\n<meta name=\"twitter:card\" content=\"summary_large_image\" \/>\n<meta name=\"twitter:label1\" content=\"Gesch\u00e4tzte Lesezeit\" \/>\n\t<meta name=\"twitter:data1\" content=\"2\u00a0Minuten\" \/>\n<script type=\"application\/ld+json\" class=\"yoast-schema-graph\">{\"@context\":\"https:\\\/\\\/schema.org\",\"@graph\":[{\"@type\":\"WebPage\",\"@id\":\"https:\\\/\\\/www.oleaster.com.tr\\\/de\\\/urun\\\/vip-land-m2\\\/\",\"url\":\"https:\\\/\\\/www.oleaster.com.tr\\\/de\\\/urun\\\/vip-land-m2\\\/\",\"name\":\"VIP LAND\u00a0M2 - Oleaster\",\"isPartOf\":{\"@id\":\"https:\\\/\\\/www.oleaster.com.tr\\\/de\\\/#website\"},\"primaryImageOfPage\":{\"@id\":\"https:\\\/\\\/www.oleaster.com.tr\\\/de\\\/urun\\\/vip-land-m2\\\/#primaryimage\"},\"image\":{\"@id\":\"https:\\\/\\\/www.oleaster.com.tr\\\/de\\\/urun\\\/vip-land-m2\\\/#primaryimage\"},\"thumbnailUrl\":\"https:\\\/\\\/www.oleaster.com.tr\\\/wp-content\\\/uploads\\\/2025\\\/01\\\/VIP-LAND-M-e1736166809795.jpg\",\"datePublished\":\"2025-01-20T10:36:00+00:00\",\"dateModified\":\"2025-03-03T10:42:16+00:00\",\"breadcrumb\":{\"@id\":\"https:\\\/\\\/www.oleaster.com.tr\\\/de\\\/urun\\\/vip-land-m2\\\/#breadcrumb\"},\"inLanguage\":\"de\",\"potentialAction\":[{\"@type\":\"ReadAction\",\"target\":[\"https:\\\/\\\/www.oleaster.com.tr\\\/de\\\/urun\\\/vip-land-m2\\\/\"]}]},{\"@type\":\"ImageObject\",\"inLanguage\":\"de\",\"@id\":\"https:\\\/\\\/www.oleaster.com.tr\\\/de\\\/urun\\\/vip-land-m2\\\/#primaryimage\",\"url\":\"https:\\\/\\\/www.oleaster.com.tr\\\/wp-content\\\/uploads\\\/2025\\\/01\\\/VIP-LAND-M-e1736166809795.jpg\",\"contentUrl\":\"https:\\\/\\\/www.oleaster.com.tr\\\/wp-content\\\/uploads\\\/2025\\\/01\\\/VIP-LAND-M-e1736166809795.jpg\",\"width\":933,\"height\":933},{\"@type\":\"BreadcrumbList\",\"@id\":\"https:\\\/\\\/www.oleaster.com.tr\\\/de\\\/urun\\\/vip-land-m2\\\/#breadcrumb\",\"itemListElement\":[{\"@type\":\"ListItem\",\"position\":1,\"name\":\"Anasayfa\",\"item\":\"https:\\\/\\\/www.oleaster.com.tr\\\/de\\\/oleaster\\\/\"},{\"@type\":\"ListItem\",\"position\":2,\"name\":\"Shop\",\"item\":\"https:\\\/\\\/www.oleaster.com.tr\\\/de\\\/shop\\\/\"},{\"@type\":\"ListItem\",\"position\":3,\"name\":\"VIP LAND\u00a0M2\"}]},{\"@type\":\"WebSite\",\"@id\":\"https:\\\/\\\/www.oleaster.com.tr\\\/de\\\/#website\",\"url\":\"https:\\\/\\\/www.oleaster.com.tr\\\/de\\\/\",\"name\":\"Oleaster\",\"description\":\"Siz Hayal Edin, Biz Yapal\u0131m\",\"publisher\":{\"@id\":\"https:\\\/\\\/www.oleaster.com.tr\\\/de\\\/#organization\"},\"potentialAction\":[{\"@type\":\"SearchAction\",\"target\":{\"@type\":\"EntryPoint\",\"urlTemplate\":\"https:\\\/\\\/www.oleaster.com.tr\\\/de\\\/?s={search_term_string}\"},\"query-input\":{\"@type\":\"PropertyValueSpecification\",\"valueRequired\":true,\"valueName\":\"search_term_string\"}}],\"inLanguage\":\"de\"},{\"@type\":\"Organization\",\"@id\":\"https:\\\/\\\/www.oleaster.com.tr\\\/de\\\/#organization\",\"name\":\"Oleaster\",\"url\":\"https:\\\/\\\/www.oleaster.com.tr\\\/de\\\/\",\"logo\":{\"@type\":\"ImageObject\",\"inLanguage\":\"de\",\"@id\":\"https:\\\/\\\/www.oleaster.com.tr\\\/de\\\/#\\\/schema\\\/logo\\\/image\\\/\",\"url\":\"https:\\\/\\\/www.oleaster.com.tr\\\/wp-content\\\/uploads\\\/2024\\\/12\\\/OLEASTER-scaled-1.webp\",\"contentUrl\":\"https:\\\/\\\/www.oleaster.com.tr\\\/wp-content\\\/uploads\\\/2024\\\/12\\\/OLEASTER-scaled-1.webp\",\"width\":2560,\"height\":1778,\"caption\":\"Oleaster\"},\"image\":{\"@id\":\"https:\\\/\\\/www.oleaster.com.tr\\\/de\\\/#\\\/schema\\\/logo\\\/image\\\/\"}}]}<\/script>\n<!-- \/ Yoast SEO plugin. -->","yoast_head_json":{"title":"VIP LAND\u00a0M2 - Oleaster","robots":{"index":"index","follow":"follow","max-snippet":"max-snippet:-1","max-image-preview":"max-image-preview:large","max-video-preview":"max-video-preview:-1"},"canonical":"https:\/\/www.oleaster.com.tr\/de\/urun\/vip-land-m2\/","og_locale":"de_DE","og_type":"article","og_title":"VIP LAND\u00a0M2 - Oleaster","og_description":"Das Wort VIP steht f\u00fcr Very Important Person, also eine sehr wichtige Person. Bei OLEASTER legen wir gro\u00dfen Wert darauf, dass sich besonders wichtige Personen durch unsere Fahrzeuge besonders und privilegiert f\u00fchlen.","og_url":"https:\/\/www.oleaster.com.tr\/de\/urun\/vip-land-m2\/","og_site_name":"Oleaster","article_modified_time":"2025-03-03T10:42:16+00:00","og_image":[{"width":933,"height":933,"url":"https:\/\/www.oleaster.com.tr\/wp-content\/uploads\/2025\/01\/VIP-LAND-M-e1736166809795.jpg","type":"image\/jpeg"}],"twitter_card":"summary_large_image","twitter_misc":{"Gesch\u00e4tzte Lesezeit":"2\u00a0Minuten"},"schema":{"@context":"https:\/\/schema.org","@graph":[{"@type":"WebPage","@id":"https:\/\/www.oleaster.com.tr\/de\/urun\/vip-land-m2\/","url":"https:\/\/www.oleaster.com.tr\/de\/urun\/vip-land-m2\/","name":"VIP LAND\u00a0M2 - Oleaster","isPartOf":{"@id":"https:\/\/www.oleaster.com.tr\/de\/#website"},"primaryImageOfPage":{"@id":"https:\/\/www.oleaster.com.tr\/de\/urun\/vip-land-m2\/#primaryimage"},"image":{"@id":"https:\/\/www.oleaster.com.tr\/de\/urun\/vip-land-m2\/#primaryimage"},"thumbnailUrl":"https:\/\/www.oleaster.com.tr\/wp-content\/uploads\/2025\/01\/VIP-LAND-M-e1736166809795.jpg","datePublished":"2025-01-20T10:36:00+00:00","dateModified":"2025-03-03T10:42:16+00:00","breadcrumb":{"@id":"https:\/\/www.oleaster.com.tr\/de\/urun\/vip-land-m2\/#breadcrumb"},"inLanguage":"de","potentialAction":[{"@type":"ReadAction","target":["https:\/\/www.oleaster.com.tr\/de\/urun\/vip-land-m2\/"]}]},{"@type":"ImageObject","inLanguage":"de","@id":"https:\/\/www.oleaster.com.tr\/de\/urun\/vip-land-m2\/#primaryimage","url":"https:\/\/www.oleaster.com.tr\/wp-content\/uploads\/2025\/01\/VIP-LAND-M-e1736166809795.jpg","contentUrl":"https:\/\/www.oleaster.com.tr\/wp-content\/uploads\/2025\/01\/VIP-LAND-M-e1736166809795.jpg","width":933,"height":933},{"@type":"BreadcrumbList","@id":"https:\/\/www.oleaster.com.tr\/de\/urun\/vip-land-m2\/#breadcrumb","itemListElement":[{"@type":"ListItem","position":1,"name":"Anasayfa","item":"https:\/\/www.oleaster.com.tr\/de\/oleaster\/"},{"@type":"ListItem","position":2,"name":"Shop","item":"https:\/\/www.oleaster.com.tr\/de\/shop\/"},{"@type":"ListItem","position":3,"name":"VIP LAND\u00a0M2"}]},{"@type":"WebSite","@id":"https:\/\/www.oleaster.com.tr\/de\/#website","url":"https:\/\/www.oleaster.com.tr\/de\/","name":"Oleaster","description":"Siz Hayal Edin, Biz Yapal\u0131m","publisher":{"@id":"https:\/\/www.oleaster.com.tr\/de\/#organization"},"potentialAction":[{"@type":"SearchAction","target":{"@type":"EntryPoint","urlTemplate":"https:\/\/www.oleaster.com.tr\/de\/?s={search_term_string}"},"query-input":{"@type":"PropertyValueSpecification","valueRequired":true,"valueName":"search_term_string"}}],"inLanguage":"de"},{"@type":"Organization","@id":"https:\/\/www.oleaster.com.tr\/de\/#organization","name":"Oleaster","url":"https:\/\/www.oleaster.com.tr\/de\/","logo":{"@type":"ImageObject","inLanguage":"de","@id":"https:\/\/www.oleaster.com.tr\/de\/#\/schema\/logo\/image\/","url":"https:\/\/www.oleaster.com.tr\/wp-content\/uploads\/2024\/12\/OLEASTER-scaled-1.webp","contentUrl":"https:\/\/www.oleaster.com.tr\/wp-content\/uploads\/2024\/12\/OLEASTER-scaled-1.webp","width":2560,"height":1778,"caption":"Oleaster"},"image":{"@id":"https:\/\/www.oleaster.com.tr\/de\/#\/schema\/logo\/image\/"}}]}},"_links":{"self":[{"href":"https:\/\/www.oleaster.com.tr\/de\/wp-json\/wp\/v2\/product\/21708","targetHints":{"allow":["GET"]}}],"collection":[{"href":"https:\/\/www.oleaster.com.tr\/de\/wp-json\/wp\/v2\/product"}],"about":[{"href":"https:\/\/www.oleaster.com.tr\/de\/wp-json\/wp\/v2\/types\/product"}],"version-history":[{"count":6,"href":"https:\/\/www.oleaster.com.tr\/de\/wp-json\/wp\/v2\/product\/21708\/revisions"}],"predecessor-version":[{"id":24445,"href":"https:\/\/www.oleaster.com.tr\/de\/wp-json\/wp\/v2\/product\/21708\/revisions\/24445"}],"wp:featuredmedia":[{"embeddable":true,"href":"https:\/\/www.oleaster.com.tr\/de\/wp-json\/wp\/v2\/media\/19840"}],"wp:attachment":[{"href":"https:\/\/www.oleaster.com.tr\/de\/wp-json\/wp\/v2\/media?parent=21708"}],"wp:term":[{"taxonomy":"product_brand","embeddable":true,"href":"https:\/\/www.oleaster.com.tr\/de\/wp-json\/wp\/v2\/product_brand?post=21708"},{"taxonomy":"product_cat","embeddable":true,"href":"https:\/\/www.oleaster.com.tr\/de\/wp-json\/wp\/v2\/product_cat?post=21708"},{"taxonomy":"product_tag","embeddable":true,"href":"https:\/\/www.oleaster.com.tr\/de\/wp-json\/wp\/v2\/product_tag?post=21708"}],"curies":[{"name":"wp","href":"https:\/\/api.w.org\/{rel}","templated":true}]}}