{"id":21426,"date":"2025-01-06T14:26:01","date_gmt":"2025-01-06T11:26:01","guid":{"rendered":"https:\/\/www.oleaster.com.tr\/urun\/city-land-xxl-flere\/"},"modified":"2025-07-08T17:42:35","modified_gmt":"2025-07-08T14:42:35","slug":"city-land-xxl-flere","status":"publish","type":"product","link":"https:\/\/www.oleaster.com.tr\/de\/urun\/city-land-xxl-flere\/","title":{"rendered":"CITY LAND XXL FLERE"},"content":{"rendered":"\t\t<div data-elementor-type=\"wp-post\" data-elementor-id=\"21426\" class=\"elementor elementor-21426 elementor-16097\">\n\t\t\t\t<div class=\"wd-negative-gap elementor-element elementor-element-53eea44 e-flex e-con-boxed e-con e-parent\" data-id=\"53eea44\" data-element_type=\"container\" data-e-type=\"container\">\n\t\t\t\t\t<div class=\"e-con-inner\">\n\t\t<div class=\"elementor-element elementor-element-cc8e042 e-con-full e-flex e-con e-child\" data-id=\"cc8e042\" data-element_type=\"container\" data-e-type=\"container\">\n\t\t\t\t<div class=\"elementor-element elementor-element-4a8a87a elementor-widget elementor-widget-wd_text_block\" data-id=\"4a8a87a\" data-element_type=\"widget\" data-e-type=\"widget\" data-widget_type=\"wd_text_block.default\">\n\t\t\t\t<div class=\"elementor-widget-container\">\n\t\t\t\t\t\t\t<div class=\"wd-text-block reset-last-child text-left\">\n\t\t\t\n\t\t\t<p>\u00d6ffentliche Verkehrsmittel oder Nahverkehr umfassen alle Transportsysteme, bei denen keine privaten Fahrzeuge genutzt werden. Eine der gr\u00f6\u00dften globalen Herausforderungen der heutigen Zeit ist die Erderw\u00e4rmung, die zu einem erheblichen Teil durch die Emissionen von Fahrzeugabgasen verursacht wird. W\u00e4hrend traditionelle \u00f6ffentliche Verkehrsmittel h\u00e4ufig durch gro\u00dfe Busse angeboten werden, ist es au\u00dferhalb von Metropolen fast unm\u00f6glich, solche gro\u00dfen Fahrzeuge dauerhaft effizient zu nutzen. Daher w\u00e4chst die Bedeutung von Fahrzeugen mit kompakteren Dimensionen, die f\u00fcr den Personentransport konzipiert sind \u2013 sowohl in Metropolen als auch in l\u00e4ndlicheren Gebieten. Diese Fahrzeuge sind umweltfreundlicher und tragen zur Minimierung der Verkehrsdichte bei. In der heutigen Arbeitswelt, in der Zeit von unsch\u00e4tzbarem Wert ist, bietet <span style=\"color: #ff0000;\"><strong>OLEASTER<\/strong> <\/span>mit seiner herausragenden Ingenieurkompetenz Fahrzeuge, die auf die Bed\u00fcrfnisse von Berufspendlern und Reisenden zugeschnitten sind. Diese Fahrzeuge bieten nicht nur eine schnelle Verbindung f\u00fcr Gesch\u00e4ftsangelegenheiten, sondern auch den Komfort einer angenehmen Reise.<\/p><p><span style=\"color: #ff0000;\"><strong>OLEASTER <\/strong><\/span>ist die bevorzugte Wahl f\u00fcr diejenigen, die den Wert der Zeit sch\u00e4tzen und diesen Vorteil, w\u00e4hrend ihrer Reisen nutzen m\u00f6chten. Der<span style=\"color: #ff0000;\"><u> <strong>CITY LAND XXL FLERE<\/strong><\/u><\/span> bietet eine bew\u00e4hrte Fahrwerksstruktur mit einem barrierefreien Zugang durch eine vorne abgesenkte Fahrgastzelle. Das speziell entwickelte, doppelfl\u00fcgelige Schiebet\u00fcrsystem vorne und das einfl\u00fcgelige Schiebet\u00fcrsystem hinten mit integrierten Sicherheitsmechanismen erm\u00f6glichen einen besonders einfachen und bequemen Ein- und Ausstieg, was den Fahrkomfort erheblich steigert. Dieses Modell wurde unter Beibehaltung h\u00f6chster Ingenieurstandards und Qualit\u00e4t unter Ber\u00fccksichtigung der Mercedes-Benz-Zulassungskriterien um 60 cm verl\u00e4ngert, um zus\u00e4tzliche Anforderungen zu erf\u00fcllen.<\/p><p>Der<span style=\"color: #ff0000;\"><u> <strong>CITY LAND XXL FLERE<\/strong> <\/u><\/span>bietet verschiedene Sitzkonfigurationen, die den gesetzlichen Vorschriften und Bestimmungen der jeweiligen L\u00e4nder entsprechen. Je nach Konfiguration kann das Fahrzeug 16 bis 25 Passagiere, einschlie\u00dflich Fahrer und Hosters, bef\u00f6rdern. Zus\u00e4tzlich bieten wir L\u00f6sungen f\u00fcr die Bef\u00f6rderung von stehenden Passagieren, die ebenfalls den nationalen Vorschriften entsprechen. Dar\u00fcber hinaus verf\u00fcgen alle unsere Fahrzeuge \u00fcber innovative, barrierefreie Zugangssysteme, die speziell entwickelt wurden, um Passagieren mit besonderen Bed\u00fcrfnissen einen einfachen und sicheren Zugang zu erm\u00f6glichen. Durch unsere ma\u00dfgeschneiderten Sicherheitssysteme k\u00f6nnen auch Fahrg\u00e4ste mit eingeschr\u00e4nkter Mobilit\u00e4t problemlos einsteigen und eine komfortable und sichere Reise genie\u00dfen.<\/p><p>Bei <span style=\"color: #ff0000;\"><strong>OLEASTER<\/strong> <\/span>ist es unser Anliegen, stets umweltbewusst und verantwortungsbewusst zu handeln. Wir setzen diese Werte in unseren Designs um und sind stolz darauf, sie als Kernprinzip in unserer Arbeit zu leben.<\/p>\n\t\t\t\t\t<\/div>\n\t\t\t\t\t\t<\/div>\n\t\t\t\t<\/div>\n\t\t\t\t<\/div>\n\t\t<div class=\"elementor-element elementor-element-738f371 e-con-full e-flex e-con e-child\" data-id=\"738f371\" data-element_type=\"container\" data-e-type=\"container\">\n\t\t\t\t<div class=\"elementor-element elementor-element-5586eab elementor-widget elementor-widget-wd_image_or_svg\" data-id=\"5586eab\" data-element_type=\"widget\" data-e-type=\"widget\" data-widget_type=\"wd_image_or_svg.default\">\n\t\t\t\t<div class=\"elementor-widget-container\">\n\t\t\t\t\t\n\t\t<div class=\"wd-image text-left\">\n\t\t\t\t\t\t\t\t<img loading=\"lazy\" decoding=\"async\" width=\"900\" height=\"900\" src=\"https:\/\/www.oleaster.com.tr\/wp-content\/uploads\/2025\/01\/CITY-LAND-XXL-FLFRE-e1736162868741.jpg\" class=\"attachment-full size-full\" alt=\"CITY LAND XXL FLERE\" srcset=\"https:\/\/www.oleaster.com.tr\/wp-content\/uploads\/2025\/01\/CITY-LAND-XXL-FLFRE-e1736162868741.jpg 900w, https:\/\/www.oleaster.com.tr\/wp-content\/uploads\/2025\/01\/CITY-LAND-XXL-FLFRE-e1736162868741-300x300.jpg 300w, https:\/\/www.oleaster.com.tr\/wp-content\/uploads\/2025\/01\/CITY-LAND-XXL-FLFRE-e1736162868741-800x800.jpg 800w, https:\/\/www.oleaster.com.tr\/wp-content\/uploads\/2025\/01\/CITY-LAND-XXL-FLFRE-e1736162868741-150x150.jpg 150w, https:\/\/www.oleaster.com.tr\/wp-content\/uploads\/2025\/01\/CITY-LAND-XXL-FLFRE-e1736162868741-768x768.jpg 768w, https:\/\/www.oleaster.com.tr\/wp-content\/uploads\/2025\/01\/CITY-LAND-XXL-FLFRE-e1736162868741-430x430.jpg 430w, https:\/\/www.oleaster.com.tr\/wp-content\/uploads\/2025\/01\/CITY-LAND-XXL-FLFRE-e1736162868741-700x700.jpg 700w\" sizes=\"auto, (max-width: 900px) 100vw, 900px\" \/>\t\t\t\t\t<\/div>\n\n\t\t\t\t\t\t<\/div>\n\t\t\t\t<\/div>\n\t\t\t\t<\/div>\n\t\t\t\t\t<\/div>\n\t\t\t\t<\/div>\n\t\t\t\t<\/div>\n\t\t","protected":false},"excerpt":{"rendered":"<div class=\"legal-notice\" data-v-a1c10375=\"\" data-test-id=\"emh-legal-notice__text\">\n<div class=\"tag\">\u00d6ffentliche Verkehrsmittel oder Nahverkehr umfassen alle Transportsysteme, bei denen keine privaten Fahrzeuge genutzt werden.<\/div>\n<\/div>\n","protected":false},"featured_media":19804,"template":"","meta":[],"product_brand":[],"product_cat":[144],"product_tag":[148],"class_list":{"0":"post-21426","1":"product","2":"type-product","3":"status-publish","4":"has-post-thumbnail","6":"product_cat-vehicules-urbains","7":"product_tag-spezielles-design","9":"first","10":"instock","11":"shipping-taxable","12":"purchasable","13":"product-type-simple"},"yoast_head":"<!-- This site is optimized with the Yoast SEO plugin v27.4 - https:\/\/yoast.com\/product\/yoast-seo-wordpress\/ -->\n<title>CITY LAND XXL FLERE - Oleaster<\/title>\n<meta name=\"robots\" content=\"index, follow, max-snippet:-1, max-image-preview:large, max-video-preview:-1\" \/>\n<link rel=\"canonical\" href=\"https:\/\/www.oleaster.com.tr\/de\/urun\/city-land-xxl-flere\/\" \/>\n<meta property=\"og:locale\" content=\"de_DE\" \/>\n<meta property=\"og:type\" content=\"article\" \/>\n<meta property=\"og:title\" content=\"CITY LAND XXL FLERE - Oleaster\" \/>\n<meta property=\"og:description\" content=\"\u00d6ffentliche Verkehrsmittel oder Nahverkehr umfassen alle Transportsysteme, bei denen keine privaten Fahrzeuge genutzt werden.\" \/>\n<meta property=\"og:url\" content=\"https:\/\/www.oleaster.com.tr\/de\/urun\/city-land-xxl-flere\/\" \/>\n<meta property=\"og:site_name\" content=\"Oleaster\" \/>\n<meta property=\"article:modified_time\" content=\"2025-07-08T14:42:35+00:00\" \/>\n<meta property=\"og:image\" content=\"https:\/\/www.oleaster.com.tr\/wp-content\/uploads\/2025\/01\/CITY-LAND-XXL-FLFRE-e1736162868741.jpg\" \/>\n\t<meta property=\"og:image:width\" content=\"900\" \/>\n\t<meta property=\"og:image:height\" content=\"900\" \/>\n\t<meta property=\"og:image:type\" content=\"image\/jpeg\" \/>\n<meta name=\"twitter:card\" content=\"summary_large_image\" \/>\n<meta name=\"twitter:label1\" content=\"Gesch\u00e4tzte Lesezeit\" \/>\n\t<meta name=\"twitter:data1\" content=\"3\u00a0Minuten\" \/>\n<script type=\"application\/ld+json\" class=\"yoast-schema-graph\">{\"@context\":\"https:\\\/\\\/schema.org\",\"@graph\":[{\"@type\":\"WebPage\",\"@id\":\"https:\\\/\\\/www.oleaster.com.tr\\\/de\\\/urun\\\/city-land-xxl-flere\\\/\",\"url\":\"https:\\\/\\\/www.oleaster.com.tr\\\/de\\\/urun\\\/city-land-xxl-flere\\\/\",\"name\":\"CITY LAND XXL FLERE - Oleaster\",\"isPartOf\":{\"@id\":\"https:\\\/\\\/www.oleaster.com.tr\\\/de\\\/#website\"},\"primaryImageOfPage\":{\"@id\":\"https:\\\/\\\/www.oleaster.com.tr\\\/de\\\/urun\\\/city-land-xxl-flere\\\/#primaryimage\"},\"image\":{\"@id\":\"https:\\\/\\\/www.oleaster.com.tr\\\/de\\\/urun\\\/city-land-xxl-flere\\\/#primaryimage\"},\"thumbnailUrl\":\"https:\\\/\\\/www.oleaster.com.tr\\\/wp-content\\\/uploads\\\/2025\\\/01\\\/CITY-LAND-XXL-FLFRE-e1736162868741.jpg\",\"datePublished\":\"2025-01-06T11:26:01+00:00\",\"dateModified\":\"2025-07-08T14:42:35+00:00\",\"breadcrumb\":{\"@id\":\"https:\\\/\\\/www.oleaster.com.tr\\\/de\\\/urun\\\/city-land-xxl-flere\\\/#breadcrumb\"},\"inLanguage\":\"de\",\"potentialAction\":[{\"@type\":\"ReadAction\",\"target\":[\"https:\\\/\\\/www.oleaster.com.tr\\\/de\\\/urun\\\/city-land-xxl-flere\\\/\"]}]},{\"@type\":\"ImageObject\",\"inLanguage\":\"de\",\"@id\":\"https:\\\/\\\/www.oleaster.com.tr\\\/de\\\/urun\\\/city-land-xxl-flere\\\/#primaryimage\",\"url\":\"https:\\\/\\\/www.oleaster.com.tr\\\/wp-content\\\/uploads\\\/2025\\\/01\\\/CITY-LAND-XXL-FLFRE-e1736162868741.jpg\",\"contentUrl\":\"https:\\\/\\\/www.oleaster.com.tr\\\/wp-content\\\/uploads\\\/2025\\\/01\\\/CITY-LAND-XXL-FLFRE-e1736162868741.jpg\",\"width\":900,\"height\":900},{\"@type\":\"BreadcrumbList\",\"@id\":\"https:\\\/\\\/www.oleaster.com.tr\\\/de\\\/urun\\\/city-land-xxl-flere\\\/#breadcrumb\",\"itemListElement\":[{\"@type\":\"ListItem\",\"position\":1,\"name\":\"Anasayfa\",\"item\":\"https:\\\/\\\/www.oleaster.com.tr\\\/de\\\/oleaster\\\/\"},{\"@type\":\"ListItem\",\"position\":2,\"name\":\"Shop\",\"item\":\"https:\\\/\\\/www.oleaster.com.tr\\\/de\\\/shop\\\/\"},{\"@type\":\"ListItem\",\"position\":3,\"name\":\"CITY LAND XXL FLERE\"}]},{\"@type\":\"WebSite\",\"@id\":\"https:\\\/\\\/www.oleaster.com.tr\\\/de\\\/#website\",\"url\":\"https:\\\/\\\/www.oleaster.com.tr\\\/de\\\/\",\"name\":\"Oleaster\",\"description\":\"Siz Hayal Edin, Biz Yapal\u0131m\",\"publisher\":{\"@id\":\"https:\\\/\\\/www.oleaster.com.tr\\\/de\\\/#organization\"},\"potentialAction\":[{\"@type\":\"SearchAction\",\"target\":{\"@type\":\"EntryPoint\",\"urlTemplate\":\"https:\\\/\\\/www.oleaster.com.tr\\\/de\\\/?s={search_term_string}\"},\"query-input\":{\"@type\":\"PropertyValueSpecification\",\"valueRequired\":true,\"valueName\":\"search_term_string\"}}],\"inLanguage\":\"de\"},{\"@type\":\"Organization\",\"@id\":\"https:\\\/\\\/www.oleaster.com.tr\\\/de\\\/#organization\",\"name\":\"Oleaster\",\"url\":\"https:\\\/\\\/www.oleaster.com.tr\\\/de\\\/\",\"logo\":{\"@type\":\"ImageObject\",\"inLanguage\":\"de\",\"@id\":\"https:\\\/\\\/www.oleaster.com.tr\\\/de\\\/#\\\/schema\\\/logo\\\/image\\\/\",\"url\":\"https:\\\/\\\/www.oleaster.com.tr\\\/wp-content\\\/uploads\\\/2024\\\/12\\\/OLEASTER-scaled-1.webp\",\"contentUrl\":\"https:\\\/\\\/www.oleaster.com.tr\\\/wp-content\\\/uploads\\\/2024\\\/12\\\/OLEASTER-scaled-1.webp\",\"width\":2560,\"height\":1778,\"caption\":\"Oleaster\"},\"image\":{\"@id\":\"https:\\\/\\\/www.oleaster.com.tr\\\/de\\\/#\\\/schema\\\/logo\\\/image\\\/\"}}]}<\/script>\n<!-- \/ Yoast SEO plugin. -->","yoast_head_json":{"title":"CITY LAND XXL FLERE - Oleaster","robots":{"index":"index","follow":"follow","max-snippet":"max-snippet:-1","max-image-preview":"max-image-preview:large","max-video-preview":"max-video-preview:-1"},"canonical":"https:\/\/www.oleaster.com.tr\/de\/urun\/city-land-xxl-flere\/","og_locale":"de_DE","og_type":"article","og_title":"CITY LAND XXL FLERE - Oleaster","og_description":"\u00d6ffentliche Verkehrsmittel oder Nahverkehr umfassen alle Transportsysteme, bei denen keine privaten Fahrzeuge genutzt werden.","og_url":"https:\/\/www.oleaster.com.tr\/de\/urun\/city-land-xxl-flere\/","og_site_name":"Oleaster","article_modified_time":"2025-07-08T14:42:35+00:00","og_image":[{"width":900,"height":900,"url":"https:\/\/www.oleaster.com.tr\/wp-content\/uploads\/2025\/01\/CITY-LAND-XXL-FLFRE-e1736162868741.jpg","type":"image\/jpeg"}],"twitter_card":"summary_large_image","twitter_misc":{"Gesch\u00e4tzte Lesezeit":"3\u00a0Minuten"},"schema":{"@context":"https:\/\/schema.org","@graph":[{"@type":"WebPage","@id":"https:\/\/www.oleaster.com.tr\/de\/urun\/city-land-xxl-flere\/","url":"https:\/\/www.oleaster.com.tr\/de\/urun\/city-land-xxl-flere\/","name":"CITY LAND XXL FLERE - Oleaster","isPartOf":{"@id":"https:\/\/www.oleaster.com.tr\/de\/#website"},"primaryImageOfPage":{"@id":"https:\/\/www.oleaster.com.tr\/de\/urun\/city-land-xxl-flere\/#primaryimage"},"image":{"@id":"https:\/\/www.oleaster.com.tr\/de\/urun\/city-land-xxl-flere\/#primaryimage"},"thumbnailUrl":"https:\/\/www.oleaster.com.tr\/wp-content\/uploads\/2025\/01\/CITY-LAND-XXL-FLFRE-e1736162868741.jpg","datePublished":"2025-01-06T11:26:01+00:00","dateModified":"2025-07-08T14:42:35+00:00","breadcrumb":{"@id":"https:\/\/www.oleaster.com.tr\/de\/urun\/city-land-xxl-flere\/#breadcrumb"},"inLanguage":"de","potentialAction":[{"@type":"ReadAction","target":["https:\/\/www.oleaster.com.tr\/de\/urun\/city-land-xxl-flere\/"]}]},{"@type":"ImageObject","inLanguage":"de","@id":"https:\/\/www.oleaster.com.tr\/de\/urun\/city-land-xxl-flere\/#primaryimage","url":"https:\/\/www.oleaster.com.tr\/wp-content\/uploads\/2025\/01\/CITY-LAND-XXL-FLFRE-e1736162868741.jpg","contentUrl":"https:\/\/www.oleaster.com.tr\/wp-content\/uploads\/2025\/01\/CITY-LAND-XXL-FLFRE-e1736162868741.jpg","width":900,"height":900},{"@type":"BreadcrumbList","@id":"https:\/\/www.oleaster.com.tr\/de\/urun\/city-land-xxl-flere\/#breadcrumb","itemListElement":[{"@type":"ListItem","position":1,"name":"Anasayfa","item":"https:\/\/www.oleaster.com.tr\/de\/oleaster\/"},{"@type":"ListItem","position":2,"name":"Shop","item":"https:\/\/www.oleaster.com.tr\/de\/shop\/"},{"@type":"ListItem","position":3,"name":"CITY LAND XXL FLERE"}]},{"@type":"WebSite","@id":"https:\/\/www.oleaster.com.tr\/de\/#website","url":"https:\/\/www.oleaster.com.tr\/de\/","name":"Oleaster","description":"Siz Hayal Edin, Biz Yapal\u0131m","publisher":{"@id":"https:\/\/www.oleaster.com.tr\/de\/#organization"},"potentialAction":[{"@type":"SearchAction","target":{"@type":"EntryPoint","urlTemplate":"https:\/\/www.oleaster.com.tr\/de\/?s={search_term_string}"},"query-input":{"@type":"PropertyValueSpecification","valueRequired":true,"valueName":"search_term_string"}}],"inLanguage":"de"},{"@type":"Organization","@id":"https:\/\/www.oleaster.com.tr\/de\/#organization","name":"Oleaster","url":"https:\/\/www.oleaster.com.tr\/de\/","logo":{"@type":"ImageObject","inLanguage":"de","@id":"https:\/\/www.oleaster.com.tr\/de\/#\/schema\/logo\/image\/","url":"https:\/\/www.oleaster.com.tr\/wp-content\/uploads\/2024\/12\/OLEASTER-scaled-1.webp","contentUrl":"https:\/\/www.oleaster.com.tr\/wp-content\/uploads\/2024\/12\/OLEASTER-scaled-1.webp","width":2560,"height":1778,"caption":"Oleaster"},"image":{"@id":"https:\/\/www.oleaster.com.tr\/de\/#\/schema\/logo\/image\/"}}]}},"_links":{"self":[{"href":"https:\/\/www.oleaster.com.tr\/de\/wp-json\/wp\/v2\/product\/21426","targetHints":{"allow":["GET"]}}],"collection":[{"href":"https:\/\/www.oleaster.com.tr\/de\/wp-json\/wp\/v2\/product"}],"about":[{"href":"https:\/\/www.oleaster.com.tr\/de\/wp-json\/wp\/v2\/types\/product"}],"version-history":[{"count":11,"href":"https:\/\/www.oleaster.com.tr\/de\/wp-json\/wp\/v2\/product\/21426\/revisions"}],"predecessor-version":[{"id":32749,"href":"https:\/\/www.oleaster.com.tr\/de\/wp-json\/wp\/v2\/product\/21426\/revisions\/32749"}],"wp:featuredmedia":[{"embeddable":true,"href":"https:\/\/www.oleaster.com.tr\/de\/wp-json\/wp\/v2\/media\/19804"}],"wp:attachment":[{"href":"https:\/\/www.oleaster.com.tr\/de\/wp-json\/wp\/v2\/media?parent=21426"}],"wp:term":[{"taxonomy":"product_brand","embeddable":true,"href":"https:\/\/www.oleaster.com.tr\/de\/wp-json\/wp\/v2\/product_brand?post=21426"},{"taxonomy":"product_cat","embeddable":true,"href":"https:\/\/www.oleaster.com.tr\/de\/wp-json\/wp\/v2\/product_cat?post=21426"},{"taxonomy":"product_tag","embeddable":true,"href":"https:\/\/www.oleaster.com.tr\/de\/wp-json\/wp\/v2\/product_tag?post=21426"}],"curies":[{"name":"wp","href":"https:\/\/api.w.org\/{rel}","templated":true}]}}