{"id":21238,"date":"2025-01-06T13:57:24","date_gmt":"2025-01-06T10:57:24","guid":{"rendered":"https:\/\/www.oleaster.com.tr\/urun\/school-land-xxl-access\/"},"modified":"2025-10-13T18:01:30","modified_gmt":"2025-10-13T15:01:30","slug":"school-land-xxl-access","status":"publish","type":"product","link":"https:\/\/www.oleaster.com.tr\/de\/urun\/school-land-xxl-access\/","title":{"rendered":"SCHOOL  LAND XXL &#8211; Access"},"content":{"rendered":"\t\t<div data-elementor-type=\"wp-post\" data-elementor-id=\"21238\" class=\"elementor elementor-21238 elementor-16071\">\n\t\t\t\t<div class=\"wd-negative-gap elementor-element elementor-element-315d0ef e-flex e-con-boxed e-con e-parent\" data-id=\"315d0ef\" data-element_type=\"container\" data-e-type=\"container\">\n\t\t\t\t\t<div class=\"e-con-inner\">\n\t\t<div class=\"elementor-element elementor-element-cc8e042 e-con-full e-flex e-con e-child\" data-id=\"cc8e042\" data-element_type=\"container\" data-e-type=\"container\">\n\t\t\t\t<div class=\"elementor-element elementor-element-4a8a87a elementor-widget elementor-widget-wd_text_block\" data-id=\"4a8a87a\" data-element_type=\"widget\" data-e-type=\"widget\" data-widget_type=\"wd_text_block.default\">\n\t\t\t\t<div class=\"elementor-widget-container\">\n\t\t\t\t\t\t\t<div class=\"wd-text-block reset-last-child text-left\">\n\t\t\t\n\t\t\t<p>Schulfahrzeuge, auch bekannt als Sch\u00fclertransporte oder Schulbusse, sind speziell ausgestattete Fahrzeuge, die dazu dienen, Sch\u00fcler sicher von zu Hause zur Schule und zur\u00fcck zu bef\u00f6rdern. Der erste Schultransport wurde 1827 mit einer Pferdekutsche durchgef\u00fchrt, und der erste motorisierte Schulbus nahm 1914 seinen Betrieb auf. Unsere Schulbusse werden mit h\u00f6chster Ingenieurskunst entwickelt und erf\u00fcllen die jeweiligen nationalen Verkehrsvorschriften. Dabei haben wir stets im Blick, dass wir unsere Sch\u00fcler mit derselben Sorgfalt transportieren, wie wir es f\u00fcr unsere eigenen Kinder tun w\u00fcrden. Wir bieten eine Vielzahl von Sitzkonfigurationen, die den unterschiedlichen Anforderungen und W\u00fcnschen unserer Kunden gerecht werden.<\/p><p>Das Modell <span style=\"color: #ff0000;\"><strong>SCHOOL LAND XXL<\/strong> Access<\/span> basiert auf dem Mercedes-Benz Sprinter mit einem maximalen Gesamtgewicht von 5,5 Tonnen. Das Fahrzeug ist serienm\u00e4\u00dfig mit einem automatischen Getriebe ausgestattet und bietet die Wahl zwischen zwei Motoroptionen mit 170 PS oder 190 PS. Mit unserem innovativen Ansatz und<br \/>einer erstklassigen Verarbeitung nach den h\u00f6chsten Industriestandards erweitern wir dieses Modell, um den Bed\u00fcrfnissen der modernen Schulbef\u00f6rderung gerecht zu werden.<\/p><p>Der <span style=\"color: #ff0000;\"><strong>SCHOOL LAND XXL Access<\/strong><\/span> bietet Platz f\u00fcr insgesamt 15 bis 38 Personen, einschlie\u00dflich Fahrer, Lehrassistenten und Sch\u00fcler, je nach gew\u00e4hlter Variante. Diese Busse sind darauf ausgelegt, den Kindern eine sichere, komfortable und angenehme Fahrt von zu Hause zur Schule und zur\u00fcck zu erm\u00f6glichen. Dar\u00fcber<br \/>hinaus haben wir als Oleaster auch an Kinder gedacht, die aufgrund von k\u00f6rperlichen Einschr\u00e4nkungen besondere Bed\u00fcrfnisse haben. Mit unseren rollstuhlgerechten Varianten k\u00f6nnen wir bei <span style=\"color: #ff0000;\"><strong>SCHOOL LAND XXL Access<\/strong><\/span> zwischen <strong><span style=\"color: #ff0000;\">1<\/span><\/strong> und <strong><span style=\"color: #ff0000;\">6<\/span><\/strong> Kindern mit Mobilit\u00e4tseinschr\u00e4nkungen eine bequeme und sichere Reise erm\u00f6glichen neben den Standardoptionen bieten wir ma\u00dfgeschneiderteL\u00f6sungen f\u00fcr spezielle Anforderungen und W\u00fcnsche, um den individuellen Bed\u00fcrfnissen unserer Kunden gerecht zu werden. Wir sind Ihr zuverl\u00e4ssiger Partner f\u00fcr die Entwicklung und Produktion von ma\u00dfgeschneiderten Schulfahrzeugen. Dank unserer langj\u00e4hrigen Erfahrung und soliden Ingenieurbasis k\u00f6nnen wir Ihnen stets passgenaue L\u00f6sungen bieten, die Ihre Erwartungen \u00fcbertreffen.<\/p>\n\t\t\t\t\t<\/div>\n\t\t\t\t\t\t<\/div>\n\t\t\t\t<\/div>\n\t\t\t\t<\/div>\n\t\t<div class=\"elementor-element elementor-element-5adc94e e-con-full e-flex e-con e-child\" data-id=\"5adc94e\" data-element_type=\"container\" data-e-type=\"container\">\n\t\t\t\t<div class=\"elementor-element elementor-element-78e8068 elementor-widget elementor-widget-wd_image_or_svg\" data-id=\"78e8068\" data-element_type=\"widget\" data-e-type=\"widget\" data-widget_type=\"wd_image_or_svg.default\">\n\t\t\t\t<div class=\"elementor-widget-container\">\n\t\t\t\t\t\n\t\t<div class=\"wd-image text-left\">\n\t\t\t\t\t\t\t\t<img loading=\"lazy\" decoding=\"async\" width=\"768\" height=\"1024\" src=\"https:\/\/www.oleaster.com.tr\/wp-content\/uploads\/2025\/01\/IMG_5054-min-768x1024.webp\" class=\"attachment-medium_large size-medium_large\" alt=\"\" srcset=\"https:\/\/www.oleaster.com.tr\/wp-content\/uploads\/2025\/01\/IMG_5054-min-768x1024.webp 768w, https:\/\/www.oleaster.com.tr\/wp-content\/uploads\/2025\/01\/IMG_5054-min-225x300.webp 225w, https:\/\/www.oleaster.com.tr\/wp-content\/uploads\/2025\/01\/IMG_5054-min-600x800.webp 600w, https:\/\/www.oleaster.com.tr\/wp-content\/uploads\/2025\/01\/IMG_5054-min-1152x1536.webp 1152w, https:\/\/www.oleaster.com.tr\/wp-content\/uploads\/2025\/01\/IMG_5054-min-1536x2048.webp 1536w, https:\/\/www.oleaster.com.tr\/wp-content\/uploads\/2025\/01\/IMG_5054-min-430x573.webp 430w, https:\/\/www.oleaster.com.tr\/wp-content\/uploads\/2025\/01\/IMG_5054-min-700x933.webp 700w, https:\/\/www.oleaster.com.tr\/wp-content\/uploads\/2025\/01\/IMG_5054-min-150x200.webp 150w, https:\/\/www.oleaster.com.tr\/wp-content\/uploads\/2025\/01\/IMG_5054-min-scaled.webp 1920w\" sizes=\"auto, (max-width: 768px) 100vw, 768px\" \/>\t\t\t\t\t<\/div>\n\n\t\t\t\t\t\t<\/div>\n\t\t\t\t<\/div>\n\t\t\t\t<div class=\"elementor-element elementor-element-85024b4 elementor-widget elementor-widget-wd_image_or_svg\" data-id=\"85024b4\" data-element_type=\"widget\" data-e-type=\"widget\" data-widget_type=\"wd_image_or_svg.default\">\n\t\t\t\t<div class=\"elementor-widget-container\">\n\t\t\t\t\t\n\t\t<div class=\"wd-image text-left\">\n\t\t\t\t\t\t\t\t<img loading=\"lazy\" decoding=\"async\" width=\"768\" height=\"512\" src=\"https:\/\/www.oleaster.com.tr\/wp-content\/uploads\/2025\/01\/IMG_5072-min-scaled-e1760363903639-768x512.webp\" class=\"attachment-medium_large size-medium_large\" alt=\"\" srcset=\"https:\/\/www.oleaster.com.tr\/wp-content\/uploads\/2025\/01\/IMG_5072-min-scaled-e1760363903639-768x512.webp 768w, https:\/\/www.oleaster.com.tr\/wp-content\/uploads\/2025\/01\/IMG_5072-min-scaled-e1760363903639-400x267.webp 400w, https:\/\/www.oleaster.com.tr\/wp-content\/uploads\/2025\/01\/IMG_5072-min-scaled-e1760363903639-1200x800.webp 1200w, https:\/\/www.oleaster.com.tr\/wp-content\/uploads\/2025\/01\/IMG_5072-min-scaled-e1760363903639-1536x1024.webp 1536w, https:\/\/www.oleaster.com.tr\/wp-content\/uploads\/2025\/01\/IMG_5072-min-scaled-e1760363903639-2048x1366.webp 2048w, https:\/\/www.oleaster.com.tr\/wp-content\/uploads\/2025\/01\/IMG_5072-min-scaled-e1760363903639-430x287.webp 430w, https:\/\/www.oleaster.com.tr\/wp-content\/uploads\/2025\/01\/IMG_5072-min-scaled-e1760363903639-700x467.webp 700w, https:\/\/www.oleaster.com.tr\/wp-content\/uploads\/2025\/01\/IMG_5072-min-scaled-e1760363903639-150x100.webp 150w\" sizes=\"auto, (max-width: 768px) 100vw, 768px\" \/>\t\t\t\t\t<\/div>\n\n\t\t\t\t\t\t<\/div>\n\t\t\t\t<\/div>\n\t\t\t\t<\/div>\n\t\t<div class=\"elementor-element elementor-element-8b8d96e e-con-full e-flex e-con e-child\" data-id=\"8b8d96e\" data-element_type=\"container\" data-e-type=\"container\">\n\t\t\t\t<div class=\"elementor-element elementor-element-1bd1b42 elementor-widget elementor-widget-wd_image_or_svg\" data-id=\"1bd1b42\" data-element_type=\"widget\" data-e-type=\"widget\" data-widget_type=\"wd_image_or_svg.default\">\n\t\t\t\t<div class=\"elementor-widget-container\">\n\t\t\t\t\t\n\t\t<div class=\"wd-image text-left\">\n\t\t\t\t\t\t\t\t<img loading=\"lazy\" decoding=\"async\" width=\"768\" height=\"1024\" src=\"https:\/\/www.oleaster.com.tr\/wp-content\/uploads\/2025\/01\/IMG_5142-min-768x1024.webp\" class=\"attachment-medium_large size-medium_large\" alt=\"\" srcset=\"https:\/\/www.oleaster.com.tr\/wp-content\/uploads\/2025\/01\/IMG_5142-min-768x1024.webp 768w, https:\/\/www.oleaster.com.tr\/wp-content\/uploads\/2025\/01\/IMG_5142-min-225x300.webp 225w, https:\/\/www.oleaster.com.tr\/wp-content\/uploads\/2025\/01\/IMG_5142-min-600x800.webp 600w, https:\/\/www.oleaster.com.tr\/wp-content\/uploads\/2025\/01\/IMG_5142-min-1152x1536.webp 1152w, https:\/\/www.oleaster.com.tr\/wp-content\/uploads\/2025\/01\/IMG_5142-min-1536x2048.webp 1536w, https:\/\/www.oleaster.com.tr\/wp-content\/uploads\/2025\/01\/IMG_5142-min-430x573.webp 430w, https:\/\/www.oleaster.com.tr\/wp-content\/uploads\/2025\/01\/IMG_5142-min-700x933.webp 700w, https:\/\/www.oleaster.com.tr\/wp-content\/uploads\/2025\/01\/IMG_5142-min-150x200.webp 150w, https:\/\/www.oleaster.com.tr\/wp-content\/uploads\/2025\/01\/IMG_5142-min-scaled.webp 1920w\" sizes=\"auto, (max-width: 768px) 100vw, 768px\" \/>\t\t\t\t\t<\/div>\n\n\t\t\t\t\t\t<\/div>\n\t\t\t\t<\/div>\n\t\t\t\t<div class=\"elementor-element elementor-element-fb79ecd elementor-widget elementor-widget-wd_image_or_svg\" data-id=\"fb79ecd\" data-element_type=\"widget\" data-e-type=\"widget\" data-widget_type=\"wd_image_or_svg.default\">\n\t\t\t\t<div class=\"elementor-widget-container\">\n\t\t\t\t\t\n\t\t<div class=\"wd-image text-left\">\n\t\t\t\t\t\t\t\t<img loading=\"lazy\" decoding=\"async\" width=\"768\" height=\"512\" src=\"https:\/\/www.oleaster.com.tr\/wp-content\/uploads\/2025\/01\/IMG_5013-min-scaled-e1760363982693-768x512.webp\" class=\"attachment-medium_large size-medium_large\" alt=\"\" srcset=\"https:\/\/www.oleaster.com.tr\/wp-content\/uploads\/2025\/01\/IMG_5013-min-scaled-e1760363982693-768x512.webp 768w, https:\/\/www.oleaster.com.tr\/wp-content\/uploads\/2025\/01\/IMG_5013-min-scaled-e1760363982693-400x267.webp 400w, https:\/\/www.oleaster.com.tr\/wp-content\/uploads\/2025\/01\/IMG_5013-min-scaled-e1760363982693-1200x800.webp 1200w, https:\/\/www.oleaster.com.tr\/wp-content\/uploads\/2025\/01\/IMG_5013-min-scaled-e1760363982693-1536x1024.webp 1536w, https:\/\/www.oleaster.com.tr\/wp-content\/uploads\/2025\/01\/IMG_5013-min-scaled-e1760363982693-2048x1366.webp 2048w, https:\/\/www.oleaster.com.tr\/wp-content\/uploads\/2025\/01\/IMG_5013-min-scaled-e1760363982693-430x287.webp 430w, https:\/\/www.oleaster.com.tr\/wp-content\/uploads\/2025\/01\/IMG_5013-min-scaled-e1760363982693-700x467.webp 700w, https:\/\/www.oleaster.com.tr\/wp-content\/uploads\/2025\/01\/IMG_5013-min-scaled-e1760363982693-150x100.webp 150w\" sizes=\"auto, (max-width: 768px) 100vw, 768px\" \/>\t\t\t\t\t<\/div>\n\n\t\t\t\t\t\t<\/div>\n\t\t\t\t<\/div>\n\t\t\t\t<\/div>\n\t\t\t\t\t<\/div>\n\t\t\t\t<\/div>\n\t\t\t\t<\/div>\n\t\t","protected":false},"excerpt":{"rendered":"<div class=\"legal-notice\" data-v-a1c10375=\"\" data-test-id=\"emh-legal-notice__text\">\n<div class=\"tag\">Schulfahrzeuge, auch bekannt als Sch\u00fclertransporte oder Schulbusse, sind speziell ausgestattete Fahrzeuge, die dazu dienen, Sch\u00fcler sicher von zu Hause zur Schule und zur\u00fcck zu bef\u00f6rdern.<\/div>\n<\/div>\n","protected":false},"featured_media":35075,"template":"","meta":[],"product_brand":[],"product_cat":[143],"product_tag":[148],"class_list":{"0":"post-21238","1":"product","2":"type-product","3":"status-publish","4":"has-post-thumbnail","6":"product_cat-vehicules-scolaires","7":"product_tag-spezielles-design","9":"first","10":"instock","11":"shipping-taxable","12":"purchasable","13":"product-type-simple"},"yoast_head":"<!-- This site is optimized with the Yoast SEO plugin v27.4 - https:\/\/yoast.com\/product\/yoast-seo-wordpress\/ -->\n<title>SCHOOL LAND XXL - Access - Oleaster<\/title>\n<meta name=\"robots\" content=\"index, follow, max-snippet:-1, max-image-preview:large, max-video-preview:-1\" \/>\n<link rel=\"canonical\" href=\"https:\/\/www.oleaster.com.tr\/de\/urun\/school-land-xxl-access\/\" \/>\n<meta property=\"og:locale\" content=\"de_DE\" \/>\n<meta property=\"og:type\" content=\"article\" \/>\n<meta property=\"og:title\" content=\"SCHOOL LAND XXL - Access - Oleaster\" \/>\n<meta property=\"og:description\" content=\"Schulfahrzeuge, auch bekannt als Sch\u00fclertransporte oder Schulbusse, sind speziell ausgestattete Fahrzeuge, die dazu dienen, Sch\u00fcler sicher von zu Hause zur Schule und zur\u00fcck zu bef\u00f6rdern.\" \/>\n<meta property=\"og:url\" content=\"https:\/\/www.oleaster.com.tr\/de\/urun\/school-land-xxl-access\/\" \/>\n<meta property=\"og:site_name\" content=\"Oleaster\" \/>\n<meta property=\"article:modified_time\" content=\"2025-10-13T15:01:30+00:00\" \/>\n<meta property=\"og:image\" content=\"https:\/\/www.oleaster.com.tr\/wp-content\/uploads\/2025\/01\/IMG_5189-min-scaled-e1760362918797.webp\" \/>\n\t<meta property=\"og:image:width\" content=\"2560\" \/>\n\t<meta property=\"og:image:height\" content=\"1920\" \/>\n\t<meta property=\"og:image:type\" content=\"image\/webp\" \/>\n<meta name=\"twitter:card\" content=\"summary_large_image\" \/>\n<meta name=\"twitter:label1\" content=\"Gesch\u00e4tzte Lesezeit\" \/>\n\t<meta name=\"twitter:data1\" content=\"3\u00a0Minuten\" \/>\n<script type=\"application\/ld+json\" class=\"yoast-schema-graph\">{\"@context\":\"https:\\\/\\\/schema.org\",\"@graph\":[{\"@type\":\"WebPage\",\"@id\":\"https:\\\/\\\/www.oleaster.com.tr\\\/de\\\/urun\\\/school-land-xxl-access\\\/\",\"url\":\"https:\\\/\\\/www.oleaster.com.tr\\\/de\\\/urun\\\/school-land-xxl-access\\\/\",\"name\":\"SCHOOL LAND XXL - Access - Oleaster\",\"isPartOf\":{\"@id\":\"https:\\\/\\\/www.oleaster.com.tr\\\/de\\\/#website\"},\"primaryImageOfPage\":{\"@id\":\"https:\\\/\\\/www.oleaster.com.tr\\\/de\\\/urun\\\/school-land-xxl-access\\\/#primaryimage\"},\"image\":{\"@id\":\"https:\\\/\\\/www.oleaster.com.tr\\\/de\\\/urun\\\/school-land-xxl-access\\\/#primaryimage\"},\"thumbnailUrl\":\"https:\\\/\\\/www.oleaster.com.tr\\\/wp-content\\\/uploads\\\/2025\\\/01\\\/IMG_5189-min-scaled-e1760362918797.webp\",\"datePublished\":\"2025-01-06T10:57:24+00:00\",\"dateModified\":\"2025-10-13T15:01:30+00:00\",\"breadcrumb\":{\"@id\":\"https:\\\/\\\/www.oleaster.com.tr\\\/de\\\/urun\\\/school-land-xxl-access\\\/#breadcrumb\"},\"inLanguage\":\"de\",\"potentialAction\":[{\"@type\":\"ReadAction\",\"target\":[\"https:\\\/\\\/www.oleaster.com.tr\\\/de\\\/urun\\\/school-land-xxl-access\\\/\"]}]},{\"@type\":\"ImageObject\",\"inLanguage\":\"de\",\"@id\":\"https:\\\/\\\/www.oleaster.com.tr\\\/de\\\/urun\\\/school-land-xxl-access\\\/#primaryimage\",\"url\":\"https:\\\/\\\/www.oleaster.com.tr\\\/wp-content\\\/uploads\\\/2025\\\/01\\\/IMG_5189-min-scaled-e1760362918797.webp\",\"contentUrl\":\"https:\\\/\\\/www.oleaster.com.tr\\\/wp-content\\\/uploads\\\/2025\\\/01\\\/IMG_5189-min-scaled-e1760362918797.webp\",\"width\":2560,\"height\":1920},{\"@type\":\"BreadcrumbList\",\"@id\":\"https:\\\/\\\/www.oleaster.com.tr\\\/de\\\/urun\\\/school-land-xxl-access\\\/#breadcrumb\",\"itemListElement\":[{\"@type\":\"ListItem\",\"position\":1,\"name\":\"Anasayfa\",\"item\":\"https:\\\/\\\/www.oleaster.com.tr\\\/de\\\/oleaster\\\/\"},{\"@type\":\"ListItem\",\"position\":2,\"name\":\"Shop\",\"item\":\"https:\\\/\\\/www.oleaster.com.tr\\\/de\\\/shop\\\/\"},{\"@type\":\"ListItem\",\"position\":3,\"name\":\"SCHOOL LAND XXL &#8211; Access\"}]},{\"@type\":\"WebSite\",\"@id\":\"https:\\\/\\\/www.oleaster.com.tr\\\/de\\\/#website\",\"url\":\"https:\\\/\\\/www.oleaster.com.tr\\\/de\\\/\",\"name\":\"Oleaster\",\"description\":\"Siz Hayal Edin, Biz Yapal\u0131m\",\"publisher\":{\"@id\":\"https:\\\/\\\/www.oleaster.com.tr\\\/de\\\/#organization\"},\"potentialAction\":[{\"@type\":\"SearchAction\",\"target\":{\"@type\":\"EntryPoint\",\"urlTemplate\":\"https:\\\/\\\/www.oleaster.com.tr\\\/de\\\/?s={search_term_string}\"},\"query-input\":{\"@type\":\"PropertyValueSpecification\",\"valueRequired\":true,\"valueName\":\"search_term_string\"}}],\"inLanguage\":\"de\"},{\"@type\":\"Organization\",\"@id\":\"https:\\\/\\\/www.oleaster.com.tr\\\/de\\\/#organization\",\"name\":\"Oleaster\",\"url\":\"https:\\\/\\\/www.oleaster.com.tr\\\/de\\\/\",\"logo\":{\"@type\":\"ImageObject\",\"inLanguage\":\"de\",\"@id\":\"https:\\\/\\\/www.oleaster.com.tr\\\/de\\\/#\\\/schema\\\/logo\\\/image\\\/\",\"url\":\"https:\\\/\\\/www.oleaster.com.tr\\\/wp-content\\\/uploads\\\/2024\\\/12\\\/OLEASTER-scaled-1.webp\",\"contentUrl\":\"https:\\\/\\\/www.oleaster.com.tr\\\/wp-content\\\/uploads\\\/2024\\\/12\\\/OLEASTER-scaled-1.webp\",\"width\":2560,\"height\":1778,\"caption\":\"Oleaster\"},\"image\":{\"@id\":\"https:\\\/\\\/www.oleaster.com.tr\\\/de\\\/#\\\/schema\\\/logo\\\/image\\\/\"}}]}<\/script>\n<!-- \/ Yoast SEO plugin. -->","yoast_head_json":{"title":"SCHOOL LAND XXL - Access - Oleaster","robots":{"index":"index","follow":"follow","max-snippet":"max-snippet:-1","max-image-preview":"max-image-preview:large","max-video-preview":"max-video-preview:-1"},"canonical":"https:\/\/www.oleaster.com.tr\/de\/urun\/school-land-xxl-access\/","og_locale":"de_DE","og_type":"article","og_title":"SCHOOL LAND XXL - Access - Oleaster","og_description":"Schulfahrzeuge, auch bekannt als Sch\u00fclertransporte oder Schulbusse, sind speziell ausgestattete Fahrzeuge, die dazu dienen, Sch\u00fcler sicher von zu Hause zur Schule und zur\u00fcck zu bef\u00f6rdern.","og_url":"https:\/\/www.oleaster.com.tr\/de\/urun\/school-land-xxl-access\/","og_site_name":"Oleaster","article_modified_time":"2025-10-13T15:01:30+00:00","og_image":[{"width":2560,"height":1920,"url":"https:\/\/www.oleaster.com.tr\/wp-content\/uploads\/2025\/01\/IMG_5189-min-scaled-e1760362918797.webp","type":"image\/webp"}],"twitter_card":"summary_large_image","twitter_misc":{"Gesch\u00e4tzte Lesezeit":"3\u00a0Minuten"},"schema":{"@context":"https:\/\/schema.org","@graph":[{"@type":"WebPage","@id":"https:\/\/www.oleaster.com.tr\/de\/urun\/school-land-xxl-access\/","url":"https:\/\/www.oleaster.com.tr\/de\/urun\/school-land-xxl-access\/","name":"SCHOOL LAND XXL - Access - Oleaster","isPartOf":{"@id":"https:\/\/www.oleaster.com.tr\/de\/#website"},"primaryImageOfPage":{"@id":"https:\/\/www.oleaster.com.tr\/de\/urun\/school-land-xxl-access\/#primaryimage"},"image":{"@id":"https:\/\/www.oleaster.com.tr\/de\/urun\/school-land-xxl-access\/#primaryimage"},"thumbnailUrl":"https:\/\/www.oleaster.com.tr\/wp-content\/uploads\/2025\/01\/IMG_5189-min-scaled-e1760362918797.webp","datePublished":"2025-01-06T10:57:24+00:00","dateModified":"2025-10-13T15:01:30+00:00","breadcrumb":{"@id":"https:\/\/www.oleaster.com.tr\/de\/urun\/school-land-xxl-access\/#breadcrumb"},"inLanguage":"de","potentialAction":[{"@type":"ReadAction","target":["https:\/\/www.oleaster.com.tr\/de\/urun\/school-land-xxl-access\/"]}]},{"@type":"ImageObject","inLanguage":"de","@id":"https:\/\/www.oleaster.com.tr\/de\/urun\/school-land-xxl-access\/#primaryimage","url":"https:\/\/www.oleaster.com.tr\/wp-content\/uploads\/2025\/01\/IMG_5189-min-scaled-e1760362918797.webp","contentUrl":"https:\/\/www.oleaster.com.tr\/wp-content\/uploads\/2025\/01\/IMG_5189-min-scaled-e1760362918797.webp","width":2560,"height":1920},{"@type":"BreadcrumbList","@id":"https:\/\/www.oleaster.com.tr\/de\/urun\/school-land-xxl-access\/#breadcrumb","itemListElement":[{"@type":"ListItem","position":1,"name":"Anasayfa","item":"https:\/\/www.oleaster.com.tr\/de\/oleaster\/"},{"@type":"ListItem","position":2,"name":"Shop","item":"https:\/\/www.oleaster.com.tr\/de\/shop\/"},{"@type":"ListItem","position":3,"name":"SCHOOL LAND XXL &#8211; Access"}]},{"@type":"WebSite","@id":"https:\/\/www.oleaster.com.tr\/de\/#website","url":"https:\/\/www.oleaster.com.tr\/de\/","name":"Oleaster","description":"Siz Hayal Edin, Biz Yapal\u0131m","publisher":{"@id":"https:\/\/www.oleaster.com.tr\/de\/#organization"},"potentialAction":[{"@type":"SearchAction","target":{"@type":"EntryPoint","urlTemplate":"https:\/\/www.oleaster.com.tr\/de\/?s={search_term_string}"},"query-input":{"@type":"PropertyValueSpecification","valueRequired":true,"valueName":"search_term_string"}}],"inLanguage":"de"},{"@type":"Organization","@id":"https:\/\/www.oleaster.com.tr\/de\/#organization","name":"Oleaster","url":"https:\/\/www.oleaster.com.tr\/de\/","logo":{"@type":"ImageObject","inLanguage":"de","@id":"https:\/\/www.oleaster.com.tr\/de\/#\/schema\/logo\/image\/","url":"https:\/\/www.oleaster.com.tr\/wp-content\/uploads\/2024\/12\/OLEASTER-scaled-1.webp","contentUrl":"https:\/\/www.oleaster.com.tr\/wp-content\/uploads\/2024\/12\/OLEASTER-scaled-1.webp","width":2560,"height":1778,"caption":"Oleaster"},"image":{"@id":"https:\/\/www.oleaster.com.tr\/de\/#\/schema\/logo\/image\/"}}]}},"_links":{"self":[{"href":"https:\/\/www.oleaster.com.tr\/de\/wp-json\/wp\/v2\/product\/21238","targetHints":{"allow":["GET"]}}],"collection":[{"href":"https:\/\/www.oleaster.com.tr\/de\/wp-json\/wp\/v2\/product"}],"about":[{"href":"https:\/\/www.oleaster.com.tr\/de\/wp-json\/wp\/v2\/types\/product"}],"version-history":[{"count":15,"href":"https:\/\/www.oleaster.com.tr\/de\/wp-json\/wp\/v2\/product\/21238\/revisions"}],"predecessor-version":[{"id":35174,"href":"https:\/\/www.oleaster.com.tr\/de\/wp-json\/wp\/v2\/product\/21238\/revisions\/35174"}],"wp:featuredmedia":[{"embeddable":true,"href":"https:\/\/www.oleaster.com.tr\/de\/wp-json\/wp\/v2\/media\/35075"}],"wp:attachment":[{"href":"https:\/\/www.oleaster.com.tr\/de\/wp-json\/wp\/v2\/media?parent=21238"}],"wp:term":[{"taxonomy":"product_brand","embeddable":true,"href":"https:\/\/www.oleaster.com.tr\/de\/wp-json\/wp\/v2\/product_brand?post=21238"},{"taxonomy":"product_cat","embeddable":true,"href":"https:\/\/www.oleaster.com.tr\/de\/wp-json\/wp\/v2\/product_cat?post=21238"},{"taxonomy":"product_tag","embeddable":true,"href":"https:\/\/www.oleaster.com.tr\/de\/wp-json\/wp\/v2\/product_tag?post=21238"}],"curies":[{"name":"wp","href":"https:\/\/api.w.org\/{rel}","templated":true}]}}