{"id":21226,"date":"2025-02-06T13:51:19","date_gmt":"2025-02-06T10:51:19","guid":{"rendered":"https:\/\/www.oleaster.com.tr\/urun\/school-land-xl-tanitim\/"},"modified":"2025-05-14T13:06:20","modified_gmt":"2025-05-14T10:06:20","slug":"school-land-xl-tanitim","status":"publish","type":"product","link":"https:\/\/www.oleaster.com.tr\/de\/urun\/school-land-xl-tanitim\/","title":{"rendered":"SCHOOL LAND XL"},"content":{"rendered":"\t\t<div data-elementor-type=\"wp-post\" data-elementor-id=\"21226\" class=\"elementor elementor-21226 elementor-17704\">\n\t\t\t\t<div class=\"wd-negative-gap elementor-element elementor-element-53eea44 e-flex e-con-boxed e-con e-parent\" data-id=\"53eea44\" data-element_type=\"container\" data-e-type=\"container\">\n\t\t\t\t\t<div class=\"e-con-inner\">\n\t\t<div class=\"elementor-element elementor-element-cc8e042 e-con-full e-flex e-con e-child\" data-id=\"cc8e042\" data-element_type=\"container\" data-e-type=\"container\">\n\t\t\t\t<div class=\"elementor-element elementor-element-4a8a87a elementor-widget elementor-widget-wd_text_block\" data-id=\"4a8a87a\" data-element_type=\"widget\" data-e-type=\"widget\" data-widget_type=\"wd_text_block.default\">\n\t\t\t\t<div class=\"elementor-widget-container\">\n\t\t\t\t\t\t\t<div class=\"wd-text-block reset-last-child text-left\">\n\t\t\t\n\t\t\t<p>Schulfahrzeuge, auch bekannt als Sch\u00fclertransporte oder Schulbusse, sind speziell ausgestattete Fahrzeuge, die f\u00fcr den sicheren Transport von Sch\u00fclern zur Schule und zur\u00fcck verwendet werden. Der erste Schultransport erfolgte 1827 mit einer Pferdekutsche, und der erste motorisierte Schulbus fuhr 1914. Unsere Schulfahrzeuge werden gem\u00e4\u00df den Stra\u00dfenverkehrsbestimmungen jedes Landes mit h\u00f6chster Ingenieurskunst entwickelt, wobei wir stets die Sicherheit und das Wohlbefinden der Sch\u00fcler im Auge behalten \u2013 so, als w\u00fcrden wir unsere eigenen Kinder transportieren. Als L\u00f6sungsanbieter bieten wir eine Vielzahl von Sitzkonfigurationen an, um allen Marktanforderungen gerecht zu werden.<\/p><p>Das Modell <strong><span style=\"color: #ff0000;\">SCHOOL LAND XL<\/span><\/strong> basiert auf dem Mercedes-Benz Sprinter und hat ein maximales zul\u00e4ssiges Gesamtgewicht von 5,0 Tonnen. Es ist standardm\u00e4\u00dfig mit einem automatischen Getriebe ausgestattet und wird mit zwei Motoroptionen von 170 PS oder 190 PS angeboten. Die <strong><span style=\"color: #ff0000;\">SCHOOL LAND XL<\/span><\/strong> Fahrzeuge bieten eine Sitzkapazit\u00e4t zwischen 15 und 34 Personen, einschlie\u00dflich Fahrer, Lehrassistent und Sch\u00fcler, je nach Modell. Diese Fahrzeuge sind speziell daf\u00fcr konzipiert, unseren Kindern eine sichere, komfortable und bequeme Reise von zu Hause zur Schule und zur\u00fcck zu erm\u00f6glichen.<\/p><p>Zus\u00e4tzlich bieten wir ma\u00dfgeschneiderte L\u00f6sungen f\u00fcr spezielle Anforderungen und Fahrzeugaufbauten an, um den individuellen Bed\u00fcrfnissen unserer Kunden gerecht zu werden. Dank unserer langj\u00e4hrigen Erfahrung und einer soliden Ingenieurbasis sind wir stets Ihr zuverl\u00e4ssiger Partner f\u00fcr die Gestaltung und Produktion von Schultransportl\u00f6sungen.<\/p>\n\t\t\t\t\t<\/div>\n\t\t\t\t\t\t<\/div>\n\t\t\t\t<\/div>\n\t\t\t\t<\/div>\n\t\t<div class=\"elementor-element elementor-element-738f371 e-con-full e-flex e-con e-child\" data-id=\"738f371\" data-element_type=\"container\" data-e-type=\"container\">\n\t\t\t\t<div class=\"elementor-element elementor-element-5586eab elementor-widget elementor-widget-wd_image_or_svg\" data-id=\"5586eab\" data-element_type=\"widget\" data-e-type=\"widget\" data-widget_type=\"wd_image_or_svg.default\">\n\t\t\t\t<div class=\"elementor-widget-container\">\n\t\t\t\t\t\n\t\t<div class=\"wd-image text-left\">\n\t\t\t\t\t\t\t\t<img loading=\"lazy\" decoding=\"async\" width=\"2560\" height=\"1707\" src=\"https:\/\/www.oleaster.com.tr\/wp-content\/uploads\/2025\/02\/DSC_3389-min-scaled.webp\" class=\"attachment-full size-full\" alt=\"\" srcset=\"https:\/\/www.oleaster.com.tr\/wp-content\/uploads\/2025\/02\/DSC_3389-min-scaled.webp 2560w, https:\/\/www.oleaster.com.tr\/wp-content\/uploads\/2025\/02\/DSC_3389-min-400x267.webp 400w, https:\/\/www.oleaster.com.tr\/wp-content\/uploads\/2025\/02\/DSC_3389-min-1200x800.webp 1200w, https:\/\/www.oleaster.com.tr\/wp-content\/uploads\/2025\/02\/DSC_3389-min-768x512.webp 768w, https:\/\/www.oleaster.com.tr\/wp-content\/uploads\/2025\/02\/DSC_3389-min-1536x1024.webp 1536w, https:\/\/www.oleaster.com.tr\/wp-content\/uploads\/2025\/02\/DSC_3389-min-2048x1365.webp 2048w, https:\/\/www.oleaster.com.tr\/wp-content\/uploads\/2025\/02\/DSC_3389-min-430x287.webp 430w, https:\/\/www.oleaster.com.tr\/wp-content\/uploads\/2025\/02\/DSC_3389-min-700x467.webp 700w, https:\/\/www.oleaster.com.tr\/wp-content\/uploads\/2025\/02\/DSC_3389-min-150x100.webp 150w\" sizes=\"auto, (max-width: 2560px) 100vw, 2560px\" \/>\t\t\t\t\t<\/div>\n\n\t\t\t\t\t\t<\/div>\n\t\t\t\t<\/div>\n\t\t\t\t<div class=\"elementor-element elementor-element-ae7adec elementor-widget elementor-widget-wd_image_or_svg\" data-id=\"ae7adec\" data-element_type=\"widget\" data-e-type=\"widget\" data-widget_type=\"wd_image_or_svg.default\">\n\t\t\t\t<div class=\"elementor-widget-container\">\n\t\t\t\t\t\n\t\t<div class=\"wd-image text-left\">\n\t\t\t\t\t\t\t\t<img loading=\"lazy\" decoding=\"async\" width=\"2560\" height=\"1707\" src=\"https:\/\/www.oleaster.com.tr\/wp-content\/uploads\/2025\/02\/DSC_3441-min-scaled.webp\" class=\"attachment-full size-full\" alt=\"\" srcset=\"https:\/\/www.oleaster.com.tr\/wp-content\/uploads\/2025\/02\/DSC_3441-min-scaled.webp 2560w, https:\/\/www.oleaster.com.tr\/wp-content\/uploads\/2025\/02\/DSC_3441-min-400x267.webp 400w, https:\/\/www.oleaster.com.tr\/wp-content\/uploads\/2025\/02\/DSC_3441-min-1200x800.webp 1200w, https:\/\/www.oleaster.com.tr\/wp-content\/uploads\/2025\/02\/DSC_3441-min-768x512.webp 768w, https:\/\/www.oleaster.com.tr\/wp-content\/uploads\/2025\/02\/DSC_3441-min-1536x1024.webp 1536w, https:\/\/www.oleaster.com.tr\/wp-content\/uploads\/2025\/02\/DSC_3441-min-2048x1365.webp 2048w, https:\/\/www.oleaster.com.tr\/wp-content\/uploads\/2025\/02\/DSC_3441-min-430x287.webp 430w, https:\/\/www.oleaster.com.tr\/wp-content\/uploads\/2025\/02\/DSC_3441-min-700x467.webp 700w, https:\/\/www.oleaster.com.tr\/wp-content\/uploads\/2025\/02\/DSC_3441-min-150x100.webp 150w\" sizes=\"auto, (max-width: 2560px) 100vw, 2560px\" \/>\t\t\t\t\t<\/div>\n\n\t\t\t\t\t\t<\/div>\n\t\t\t\t<\/div>\n\t\t\t\t<\/div>\n\t\t\t\t\t<\/div>\n\t\t\t\t<\/div>\n\t\t\t\t<\/div>\n\t\t","protected":false},"excerpt":{"rendered":"<div class=\"legal-notice\" data-v-a1c10375=\"\" data-test-id=\"emh-legal-notice__text\">\n<div class=\"tag\">Schulfahrzeuge, auch bekannt als Sch\u00fclertransporte oder Schulbusse, sind speziell ausgestattete Fahrzeuge, die f\u00fcr den sicheren Transport von Sch\u00fclern zur Schule und zur\u00fcck verwendet werden.<\/div>\n<\/div>\n","protected":false},"featured_media":33723,"template":"","meta":[],"product_brand":[],"product_cat":[143],"product_tag":[148],"class_list":{"0":"post-21226","1":"product","2":"type-product","3":"status-publish","4":"has-post-thumbnail","6":"product_cat-vehicules-scolaires","7":"product_tag-spezielles-design","9":"first","10":"instock","11":"shipping-taxable","12":"purchasable","13":"product-type-simple"},"yoast_head":"<!-- This site is optimized with the Yoast SEO plugin v27.4 - https:\/\/yoast.com\/product\/yoast-seo-wordpress\/ -->\n<title>SCHOOL LAND XL - Oleaster<\/title>\n<meta name=\"robots\" content=\"index, follow, max-snippet:-1, max-image-preview:large, max-video-preview:-1\" \/>\n<link rel=\"canonical\" href=\"https:\/\/www.oleaster.com.tr\/de\/urun\/school-land-xl-tanitim\/\" \/>\n<meta property=\"og:locale\" content=\"de_DE\" \/>\n<meta property=\"og:type\" content=\"article\" \/>\n<meta property=\"og:title\" content=\"SCHOOL LAND XL - Oleaster\" \/>\n<meta property=\"og:description\" content=\"Schulfahrzeuge, auch bekannt als Sch\u00fclertransporte oder Schulbusse, sind speziell ausgestattete Fahrzeuge, die f\u00fcr den sicheren Transport von Sch\u00fclern zur Schule und zur\u00fcck verwendet werden.\" \/>\n<meta property=\"og:url\" content=\"https:\/\/www.oleaster.com.tr\/de\/urun\/school-land-xl-tanitim\/\" \/>\n<meta property=\"og:site_name\" content=\"Oleaster\" \/>\n<meta property=\"article:modified_time\" content=\"2025-05-14T10:06:20+00:00\" \/>\n<meta property=\"og:image\" content=\"https:\/\/www.oleaster.com.tr\/wp-content\/uploads\/2025\/02\/DSC_3294-min-scaled.webp\" \/>\n\t<meta property=\"og:image:width\" content=\"2560\" \/>\n\t<meta property=\"og:image:height\" content=\"1707\" \/>\n\t<meta property=\"og:image:type\" content=\"image\/webp\" \/>\n<meta name=\"twitter:card\" content=\"summary_large_image\" \/>\n<meta name=\"twitter:label1\" content=\"Gesch\u00e4tzte Lesezeit\" \/>\n\t<meta name=\"twitter:data1\" content=\"2\u00a0Minuten\" \/>\n<script type=\"application\/ld+json\" class=\"yoast-schema-graph\">{\"@context\":\"https:\\\/\\\/schema.org\",\"@graph\":[{\"@type\":\"WebPage\",\"@id\":\"https:\\\/\\\/www.oleaster.com.tr\\\/de\\\/urun\\\/school-land-xl-tanitim\\\/\",\"url\":\"https:\\\/\\\/www.oleaster.com.tr\\\/de\\\/urun\\\/school-land-xl-tanitim\\\/\",\"name\":\"SCHOOL LAND XL - Oleaster\",\"isPartOf\":{\"@id\":\"https:\\\/\\\/www.oleaster.com.tr\\\/de\\\/#website\"},\"primaryImageOfPage\":{\"@id\":\"https:\\\/\\\/www.oleaster.com.tr\\\/de\\\/urun\\\/school-land-xl-tanitim\\\/#primaryimage\"},\"image\":{\"@id\":\"https:\\\/\\\/www.oleaster.com.tr\\\/de\\\/urun\\\/school-land-xl-tanitim\\\/#primaryimage\"},\"thumbnailUrl\":\"https:\\\/\\\/www.oleaster.com.tr\\\/wp-content\\\/uploads\\\/2025\\\/02\\\/school_land_XL_Okul_onu-min.webp\",\"datePublished\":\"2025-02-06T10:51:19+00:00\",\"dateModified\":\"2025-05-14T10:06:20+00:00\",\"breadcrumb\":{\"@id\":\"https:\\\/\\\/www.oleaster.com.tr\\\/de\\\/urun\\\/school-land-xl-tanitim\\\/#breadcrumb\"},\"inLanguage\":\"de\",\"potentialAction\":[{\"@type\":\"ReadAction\",\"target\":[\"https:\\\/\\\/www.oleaster.com.tr\\\/de\\\/urun\\\/school-land-xl-tanitim\\\/\"]}]},{\"@type\":\"ImageObject\",\"inLanguage\":\"de\",\"@id\":\"https:\\\/\\\/www.oleaster.com.tr\\\/de\\\/urun\\\/school-land-xl-tanitim\\\/#primaryimage\",\"url\":\"https:\\\/\\\/www.oleaster.com.tr\\\/wp-content\\\/uploads\\\/2025\\\/02\\\/school_land_XL_Okul_onu-min.webp\",\"contentUrl\":\"https:\\\/\\\/www.oleaster.com.tr\\\/wp-content\\\/uploads\\\/2025\\\/02\\\/school_land_XL_Okul_onu-min.webp\",\"width\":2496,\"height\":1664},{\"@type\":\"BreadcrumbList\",\"@id\":\"https:\\\/\\\/www.oleaster.com.tr\\\/de\\\/urun\\\/school-land-xl-tanitim\\\/#breadcrumb\",\"itemListElement\":[{\"@type\":\"ListItem\",\"position\":1,\"name\":\"Anasayfa\",\"item\":\"https:\\\/\\\/www.oleaster.com.tr\\\/de\\\/oleaster\\\/\"},{\"@type\":\"ListItem\",\"position\":2,\"name\":\"Shop\",\"item\":\"https:\\\/\\\/www.oleaster.com.tr\\\/de\\\/shop\\\/\"},{\"@type\":\"ListItem\",\"position\":3,\"name\":\"SCHOOL LAND XL\"}]},{\"@type\":\"WebSite\",\"@id\":\"https:\\\/\\\/www.oleaster.com.tr\\\/de\\\/#website\",\"url\":\"https:\\\/\\\/www.oleaster.com.tr\\\/de\\\/\",\"name\":\"Oleaster\",\"description\":\"Siz Hayal Edin, Biz Yapal\u0131m\",\"publisher\":{\"@id\":\"https:\\\/\\\/www.oleaster.com.tr\\\/de\\\/#organization\"},\"potentialAction\":[{\"@type\":\"SearchAction\",\"target\":{\"@type\":\"EntryPoint\",\"urlTemplate\":\"https:\\\/\\\/www.oleaster.com.tr\\\/de\\\/?s={search_term_string}\"},\"query-input\":{\"@type\":\"PropertyValueSpecification\",\"valueRequired\":true,\"valueName\":\"search_term_string\"}}],\"inLanguage\":\"de\"},{\"@type\":\"Organization\",\"@id\":\"https:\\\/\\\/www.oleaster.com.tr\\\/de\\\/#organization\",\"name\":\"Oleaster\",\"url\":\"https:\\\/\\\/www.oleaster.com.tr\\\/de\\\/\",\"logo\":{\"@type\":\"ImageObject\",\"inLanguage\":\"de\",\"@id\":\"https:\\\/\\\/www.oleaster.com.tr\\\/de\\\/#\\\/schema\\\/logo\\\/image\\\/\",\"url\":\"https:\\\/\\\/www.oleaster.com.tr\\\/wp-content\\\/uploads\\\/2024\\\/12\\\/OLEASTER-scaled-1.webp\",\"contentUrl\":\"https:\\\/\\\/www.oleaster.com.tr\\\/wp-content\\\/uploads\\\/2024\\\/12\\\/OLEASTER-scaled-1.webp\",\"width\":2560,\"height\":1778,\"caption\":\"Oleaster\"},\"image\":{\"@id\":\"https:\\\/\\\/www.oleaster.com.tr\\\/de\\\/#\\\/schema\\\/logo\\\/image\\\/\"}}]}<\/script>\n<!-- \/ Yoast SEO plugin. -->","yoast_head_json":{"title":"SCHOOL LAND XL - Oleaster","robots":{"index":"index","follow":"follow","max-snippet":"max-snippet:-1","max-image-preview":"max-image-preview:large","max-video-preview":"max-video-preview:-1"},"canonical":"https:\/\/www.oleaster.com.tr\/de\/urun\/school-land-xl-tanitim\/","og_locale":"de_DE","og_type":"article","og_title":"SCHOOL LAND XL - Oleaster","og_description":"Schulfahrzeuge, auch bekannt als Sch\u00fclertransporte oder Schulbusse, sind speziell ausgestattete Fahrzeuge, die f\u00fcr den sicheren Transport von Sch\u00fclern zur Schule und zur\u00fcck verwendet werden.","og_url":"https:\/\/www.oleaster.com.tr\/de\/urun\/school-land-xl-tanitim\/","og_site_name":"Oleaster","article_modified_time":"2025-05-14T10:06:20+00:00","og_image":[{"width":2560,"height":1707,"url":"https:\/\/www.oleaster.com.tr\/wp-content\/uploads\/2025\/02\/DSC_3294-min-scaled.webp","type":"image\/webp"}],"twitter_card":"summary_large_image","twitter_misc":{"Gesch\u00e4tzte Lesezeit":"2\u00a0Minuten"},"schema":{"@context":"https:\/\/schema.org","@graph":[{"@type":"WebPage","@id":"https:\/\/www.oleaster.com.tr\/de\/urun\/school-land-xl-tanitim\/","url":"https:\/\/www.oleaster.com.tr\/de\/urun\/school-land-xl-tanitim\/","name":"SCHOOL LAND XL - Oleaster","isPartOf":{"@id":"https:\/\/www.oleaster.com.tr\/de\/#website"},"primaryImageOfPage":{"@id":"https:\/\/www.oleaster.com.tr\/de\/urun\/school-land-xl-tanitim\/#primaryimage"},"image":{"@id":"https:\/\/www.oleaster.com.tr\/de\/urun\/school-land-xl-tanitim\/#primaryimage"},"thumbnailUrl":"https:\/\/www.oleaster.com.tr\/wp-content\/uploads\/2025\/02\/school_land_XL_Okul_onu-min.webp","datePublished":"2025-02-06T10:51:19+00:00","dateModified":"2025-05-14T10:06:20+00:00","breadcrumb":{"@id":"https:\/\/www.oleaster.com.tr\/de\/urun\/school-land-xl-tanitim\/#breadcrumb"},"inLanguage":"de","potentialAction":[{"@type":"ReadAction","target":["https:\/\/www.oleaster.com.tr\/de\/urun\/school-land-xl-tanitim\/"]}]},{"@type":"ImageObject","inLanguage":"de","@id":"https:\/\/www.oleaster.com.tr\/de\/urun\/school-land-xl-tanitim\/#primaryimage","url":"https:\/\/www.oleaster.com.tr\/wp-content\/uploads\/2025\/02\/school_land_XL_Okul_onu-min.webp","contentUrl":"https:\/\/www.oleaster.com.tr\/wp-content\/uploads\/2025\/02\/school_land_XL_Okul_onu-min.webp","width":2496,"height":1664},{"@type":"BreadcrumbList","@id":"https:\/\/www.oleaster.com.tr\/de\/urun\/school-land-xl-tanitim\/#breadcrumb","itemListElement":[{"@type":"ListItem","position":1,"name":"Anasayfa","item":"https:\/\/www.oleaster.com.tr\/de\/oleaster\/"},{"@type":"ListItem","position":2,"name":"Shop","item":"https:\/\/www.oleaster.com.tr\/de\/shop\/"},{"@type":"ListItem","position":3,"name":"SCHOOL LAND XL"}]},{"@type":"WebSite","@id":"https:\/\/www.oleaster.com.tr\/de\/#website","url":"https:\/\/www.oleaster.com.tr\/de\/","name":"Oleaster","description":"Siz Hayal Edin, Biz Yapal\u0131m","publisher":{"@id":"https:\/\/www.oleaster.com.tr\/de\/#organization"},"potentialAction":[{"@type":"SearchAction","target":{"@type":"EntryPoint","urlTemplate":"https:\/\/www.oleaster.com.tr\/de\/?s={search_term_string}"},"query-input":{"@type":"PropertyValueSpecification","valueRequired":true,"valueName":"search_term_string"}}],"inLanguage":"de"},{"@type":"Organization","@id":"https:\/\/www.oleaster.com.tr\/de\/#organization","name":"Oleaster","url":"https:\/\/www.oleaster.com.tr\/de\/","logo":{"@type":"ImageObject","inLanguage":"de","@id":"https:\/\/www.oleaster.com.tr\/de\/#\/schema\/logo\/image\/","url":"https:\/\/www.oleaster.com.tr\/wp-content\/uploads\/2024\/12\/OLEASTER-scaled-1.webp","contentUrl":"https:\/\/www.oleaster.com.tr\/wp-content\/uploads\/2024\/12\/OLEASTER-scaled-1.webp","width":2560,"height":1778,"caption":"Oleaster"},"image":{"@id":"https:\/\/www.oleaster.com.tr\/de\/#\/schema\/logo\/image\/"}}]}},"_links":{"self":[{"href":"https:\/\/www.oleaster.com.tr\/de\/wp-json\/wp\/v2\/product\/21226","targetHints":{"allow":["GET"]}}],"collection":[{"href":"https:\/\/www.oleaster.com.tr\/de\/wp-json\/wp\/v2\/product"}],"about":[{"href":"https:\/\/www.oleaster.com.tr\/de\/wp-json\/wp\/v2\/types\/product"}],"version-history":[{"count":12,"href":"https:\/\/www.oleaster.com.tr\/de\/wp-json\/wp\/v2\/product\/21226\/revisions"}],"predecessor-version":[{"id":31738,"href":"https:\/\/www.oleaster.com.tr\/de\/wp-json\/wp\/v2\/product\/21226\/revisions\/31738"}],"wp:featuredmedia":[{"embeddable":true,"href":"https:\/\/www.oleaster.com.tr\/de\/wp-json\/wp\/v2\/media\/33723"}],"wp:attachment":[{"href":"https:\/\/www.oleaster.com.tr\/de\/wp-json\/wp\/v2\/media?parent=21226"}],"wp:term":[{"taxonomy":"product_brand","embeddable":true,"href":"https:\/\/www.oleaster.com.tr\/de\/wp-json\/wp\/v2\/product_brand?post=21226"},{"taxonomy":"product_cat","embeddable":true,"href":"https:\/\/www.oleaster.com.tr\/de\/wp-json\/wp\/v2\/product_cat?post=21226"},{"taxonomy":"product_tag","embeddable":true,"href":"https:\/\/www.oleaster.com.tr\/de\/wp-json\/wp\/v2\/product_tag?post=21226"}],"curies":[{"name":"wp","href":"https:\/\/api.w.org\/{rel}","templated":true}]}}