{"id":22115,"date":"2025-01-14T12:32:58","date_gmt":"2025-01-14T09:32:58","guid":{"rendered":"https:\/\/www.oleaster.com.tr\/?page_id=22115"},"modified":"2025-10-20T13:10:38","modified_gmt":"2025-10-20T10:10:38","slug":"bus-world-europe","status":"publish","type":"page","link":"https:\/\/www.oleaster.com.tr\/de\/bus-world-europe\/","title":{"rendered":"BUS WORLD EUROPE"},"content":{"rendered":"\t\t<div data-elementor-type=\"wp-page\" data-elementor-id=\"22115\" class=\"elementor elementor-22115 elementor-16431\">\n\t\t\t\t\t\t<section class=\"elementor-section elementor-top-section elementor-element elementor-element-3747f13 wd-section-stretch-content elementor-section-boxed elementor-section-height-default elementor-section-height-default\" data-id=\"3747f13\" data-element_type=\"section\" data-e-type=\"section\">\n\t\t\t\t\t\t<div class=\"elementor-container elementor-column-gap-default\">\n\t\t\t\t\t<div class=\"elementor-column elementor-col-50 elementor-top-column elementor-element elementor-element-7882c6d\" data-id=\"7882c6d\" data-element_type=\"column\" data-e-type=\"column\" data-settings=\"{&quot;background_background&quot;:&quot;classic&quot;}\">\n\t\t\t<div class=\"elementor-widget-wrap elementor-element-populated\">\n\t\t\t\t\t\t<div class=\"elementor-element elementor-element-f0d5057 wd-parallax-on-scroll wd_scroll_y_-80 wd_scroll_smoothness_30 elementor-widget elementor-widget-wd_image_or_svg\" data-id=\"f0d5057\" data-element_type=\"widget\" data-e-type=\"widget\" data-widget_type=\"wd_image_or_svg.default\">\n\t\t\t\t<div class=\"elementor-widget-container\">\n\t\t\t\t\t\n\t\t<div class=\"wd-image text-right\">\n\t\t\t\t\t\t\t\t<img loading=\"lazy\" decoding=\"async\" width=\"966\" height=\"591\" src=\"https:\/\/www.oleaster.com.tr\/wp-content\/uploads\/2025\/10\/bus_world-2026.webp\" class=\"attachment-full size-full\" alt=\"\" srcset=\"https:\/\/www.oleaster.com.tr\/wp-content\/uploads\/2025\/10\/bus_world-2026.webp 966w, https:\/\/www.oleaster.com.tr\/wp-content\/uploads\/2025\/10\/bus_world-2026-400x245.webp 400w, https:\/\/www.oleaster.com.tr\/wp-content\/uploads\/2025\/10\/bus_world-2026-768x470.webp 768w, https:\/\/www.oleaster.com.tr\/wp-content\/uploads\/2025\/10\/bus_world-2026-430x263.webp 430w, https:\/\/www.oleaster.com.tr\/wp-content\/uploads\/2025\/10\/bus_world-2026-700x428.webp 700w, https:\/\/www.oleaster.com.tr\/wp-content\/uploads\/2025\/10\/bus_world-2026-150x92.webp 150w\" sizes=\"auto, (max-width: 966px) 100vw, 966px\" \/>\t\t\t\t\t<\/div>\n\n\t\t\t\t\t\t<\/div>\n\t\t\t\t<\/div>\n\t\t\t\t\t<\/div>\n\t\t<\/div>\n\t\t\t\t<div class=\"elementor-column elementor-col-50 elementor-top-column elementor-element elementor-element-c4b24c9 wd_scroll_x_0 wd_scroll_y_80 wd_scroll_z_0 wd-parallax-on-scroll wd_scroll_smoothness_30\" data-id=\"c4b24c9\" data-element_type=\"column\" data-e-type=\"column\">\n\t\t\t<div class=\"elementor-widget-wrap elementor-element-populated\">\n\t\t\t\t\t\t<div class=\"elementor-element elementor-element-8022bd6 elementor-hidden-mobile elementor-widget elementor-widget-wd_text_block\" data-id=\"8022bd6\" data-element_type=\"widget\" data-e-type=\"widget\" data-widget_type=\"wd_text_block.default\">\n\t\t\t\t<div class=\"elementor-widget-container\">\n\t\t\t\t\t\t\t<div class=\"wd-text-block reset-last-child text-right\">\n\t\t\t\n\t\t\t\n\t\t\t\t\t<\/div>\n\t\t\t\t\t\t<\/div>\n\t\t\t\t<\/div>\n\t\t\t\t<div class=\"elementor-element elementor-element-a818c7d wd-width-100 elementor-widget elementor-widget-wd_title\" data-id=\"a818c7d\" data-element_type=\"widget\" data-e-type=\"widget\" data-widget_type=\"wd_title.default\">\n\t\t\t\t<div class=\"elementor-widget-container\">\n\t\t\t\t\t\t\t<div class=\"title-wrapper wd-set-mb reset-last-child wd-title-color-default wd-title-style-default wd-title-size-extra-large text-left\">\n\n\t\t\t\t\t\t\t\t\t\t\t<div class=\"title-subtitle subtitle-color-default subtitle-style-default wd-fontsize-m\">\n\t\t\t\t\t17.\u201319. Juni 2026\t\t\t\t<\/div>\n\t\t\t\n\t\t\t<div class=\"liner-continer\">\n\t\t\t\t<h4 class=\"woodmart-title-container title wd-fontsize-xxxl wd-underline-colored\">Busworld Europe 2026 \u2013 ISTANBUL<\/h4> \n\t\t\t\t\t\t\t<\/div>\n\n\t\t\t\t\t<\/div>\n\t\t\t\t\t\t<\/div>\n\t\t\t\t<\/div>\n\t\t\t\t<div class=\"elementor-element elementor-element-a544ed1 elementor-widget elementor-widget-wd_text_block\" data-id=\"a544ed1\" data-element_type=\"widget\" data-e-type=\"widget\" data-widget_type=\"wd_text_block.default\">\n\t\t\t\t<div class=\"elementor-widget-container\">\n\t\t\t\t\t\t\t<div class=\"wd-text-block reset-last-child text-left\">\n\t\t\t\n\t\t\t<p>Wir freuen uns, Sie an unserem Oleaster-Stand auf der Busworld Europe begr\u00fc\u00dfen zu d\u00fcrfen, die vom 17. bis 19. Juni 2026 in Istanbul stattfindet.<\/p>\n\t\t\t\t\t<\/div>\n\t\t\t\t\t\t<\/div>\n\t\t\t\t<\/div>\n\t\t\t\t\t<\/div>\n\t\t<\/div>\n\t\t\t\t\t<\/div>\n\t\t<\/section>\n\t\t\t\t<\/div>\n\t\t","protected":false},"excerpt":{"rendered":"<p>17.\u201319. Juni 2026 Busworld Europe 2026 \u2013 ISTANBUL Wir freuen uns, Sie an unserem Oleaster-Stand auf der Busworld Europe begr\u00fc\u00dfen<\/p>\n","protected":false},"author":1,"featured_media":0,"parent":0,"menu_order":0,"comment_status":"closed","ping_status":"closed","template":"","meta":{"footnotes":""},"class_list":["post-22115","page","type-page","status-publish","hentry"],"yoast_head":"<!-- This site is optimized with the Yoast SEO plugin v27.4 - https:\/\/yoast.com\/product\/yoast-seo-wordpress\/ -->\n<title>BUS WORLD EUROPE - Oleaster<\/title>\n<meta name=\"description\" content=\"BUS WORLD EUROPE\" \/>\n<meta name=\"robots\" content=\"index, follow, max-snippet:-1, max-image-preview:large, max-video-preview:-1\" \/>\n<link rel=\"canonical\" href=\"https:\/\/www.oleaster.com.tr\/de\/bus-world-europe\/\" \/>\n<meta property=\"og:locale\" content=\"de_DE\" \/>\n<meta property=\"og:type\" content=\"article\" \/>\n<meta property=\"og:title\" content=\"BUS WORLD EUROPE - Oleaster\" \/>\n<meta property=\"og:description\" content=\"BUS WORLD EUROPE\" \/>\n<meta property=\"og:url\" content=\"https:\/\/www.oleaster.com.tr\/de\/bus-world-europe\/\" \/>\n<meta property=\"og:site_name\" content=\"Oleaster\" \/>\n<meta property=\"article:modified_time\" content=\"2025-10-20T10:10:38+00:00\" \/>\n<meta property=\"og:image\" content=\"https:\/\/www.oleaster.com.tr\/wp-content\/uploads\/2025\/10\/bus_world-2026.webp\" \/>\n<meta name=\"twitter:card\" content=\"summary_large_image\" \/>\n<meta name=\"twitter:label1\" content=\"Gesch\u00e4tzte Lesezeit\" \/>\n\t<meta name=\"twitter:data1\" content=\"1\u00a0Minute\" \/>\n<script type=\"application\/ld+json\" class=\"yoast-schema-graph\">{\"@context\":\"https:\\\/\\\/schema.org\",\"@graph\":[{\"@type\":\"WebPage\",\"@id\":\"https:\\\/\\\/www.oleaster.com.tr\\\/de\\\/bus-world-europe\\\/\",\"url\":\"https:\\\/\\\/www.oleaster.com.tr\\\/de\\\/bus-world-europe\\\/\",\"name\":\"BUS WORLD EUROPE - Oleaster\",\"isPartOf\":{\"@id\":\"https:\\\/\\\/www.oleaster.com.tr\\\/de\\\/#website\"},\"primaryImageOfPage\":{\"@id\":\"https:\\\/\\\/www.oleaster.com.tr\\\/de\\\/bus-world-europe\\\/#primaryimage\"},\"image\":{\"@id\":\"https:\\\/\\\/www.oleaster.com.tr\\\/de\\\/bus-world-europe\\\/#primaryimage\"},\"thumbnailUrl\":\"https:\\\/\\\/www.oleaster.com.tr\\\/wp-content\\\/uploads\\\/2025\\\/10\\\/bus_world-2026.webp\",\"datePublished\":\"2025-01-14T09:32:58+00:00\",\"dateModified\":\"2025-10-20T10:10:38+00:00\",\"description\":\"BUS WORLD EUROPE\",\"breadcrumb\":{\"@id\":\"https:\\\/\\\/www.oleaster.com.tr\\\/de\\\/bus-world-europe\\\/#breadcrumb\"},\"inLanguage\":\"de\",\"potentialAction\":[{\"@type\":\"ReadAction\",\"target\":[\"https:\\\/\\\/www.oleaster.com.tr\\\/de\\\/bus-world-europe\\\/\"]}]},{\"@type\":\"ImageObject\",\"inLanguage\":\"de\",\"@id\":\"https:\\\/\\\/www.oleaster.com.tr\\\/de\\\/bus-world-europe\\\/#primaryimage\",\"url\":\"https:\\\/\\\/www.oleaster.com.tr\\\/wp-content\\\/uploads\\\/2025\\\/10\\\/bus_world-2026.webp\",\"contentUrl\":\"https:\\\/\\\/www.oleaster.com.tr\\\/wp-content\\\/uploads\\\/2025\\\/10\\\/bus_world-2026.webp\"},{\"@type\":\"BreadcrumbList\",\"@id\":\"https:\\\/\\\/www.oleaster.com.tr\\\/de\\\/bus-world-europe\\\/#breadcrumb\",\"itemListElement\":[{\"@type\":\"ListItem\",\"position\":1,\"name\":\"Anasayfa\",\"item\":\"https:\\\/\\\/www.oleaster.com.tr\\\/de\\\/oleaster\\\/\"},{\"@type\":\"ListItem\",\"position\":2,\"name\":\"BUS WORLD EUROPE\"}]},{\"@type\":\"WebSite\",\"@id\":\"https:\\\/\\\/www.oleaster.com.tr\\\/de\\\/#website\",\"url\":\"https:\\\/\\\/www.oleaster.com.tr\\\/de\\\/\",\"name\":\"Oleaster\",\"description\":\"Siz Hayal Edin, Biz Yapal\u0131m\",\"publisher\":{\"@id\":\"https:\\\/\\\/www.oleaster.com.tr\\\/de\\\/#organization\"},\"potentialAction\":[{\"@type\":\"SearchAction\",\"target\":{\"@type\":\"EntryPoint\",\"urlTemplate\":\"https:\\\/\\\/www.oleaster.com.tr\\\/de\\\/?s={search_term_string}\"},\"query-input\":{\"@type\":\"PropertyValueSpecification\",\"valueRequired\":true,\"valueName\":\"search_term_string\"}}],\"inLanguage\":\"de\"},{\"@type\":\"Organization\",\"@id\":\"https:\\\/\\\/www.oleaster.com.tr\\\/de\\\/#organization\",\"name\":\"Oleaster\",\"url\":\"https:\\\/\\\/www.oleaster.com.tr\\\/de\\\/\",\"logo\":{\"@type\":\"ImageObject\",\"inLanguage\":\"de\",\"@id\":\"https:\\\/\\\/www.oleaster.com.tr\\\/de\\\/#\\\/schema\\\/logo\\\/image\\\/\",\"url\":\"https:\\\/\\\/www.oleaster.com.tr\\\/wp-content\\\/uploads\\\/2024\\\/12\\\/OLEASTER-scaled-1.webp\",\"contentUrl\":\"https:\\\/\\\/www.oleaster.com.tr\\\/wp-content\\\/uploads\\\/2024\\\/12\\\/OLEASTER-scaled-1.webp\",\"width\":2560,\"height\":1778,\"caption\":\"Oleaster\"},\"image\":{\"@id\":\"https:\\\/\\\/www.oleaster.com.tr\\\/de\\\/#\\\/schema\\\/logo\\\/image\\\/\"}}]}<\/script>\n<!-- \/ Yoast SEO plugin. -->","yoast_head_json":{"title":"BUS WORLD EUROPE - Oleaster","description":"BUS WORLD EUROPE","robots":{"index":"index","follow":"follow","max-snippet":"max-snippet:-1","max-image-preview":"max-image-preview:large","max-video-preview":"max-video-preview:-1"},"canonical":"https:\/\/www.oleaster.com.tr\/de\/bus-world-europe\/","og_locale":"de_DE","og_type":"article","og_title":"BUS WORLD EUROPE - Oleaster","og_description":"BUS WORLD EUROPE","og_url":"https:\/\/www.oleaster.com.tr\/de\/bus-world-europe\/","og_site_name":"Oleaster","article_modified_time":"2025-10-20T10:10:38+00:00","og_image":[{"url":"https:\/\/www.oleaster.com.tr\/wp-content\/uploads\/2025\/10\/bus_world-2026.webp","type":"","width":"","height":""}],"twitter_card":"summary_large_image","twitter_misc":{"Gesch\u00e4tzte Lesezeit":"1\u00a0Minute"},"schema":{"@context":"https:\/\/schema.org","@graph":[{"@type":"WebPage","@id":"https:\/\/www.oleaster.com.tr\/de\/bus-world-europe\/","url":"https:\/\/www.oleaster.com.tr\/de\/bus-world-europe\/","name":"BUS WORLD EUROPE - Oleaster","isPartOf":{"@id":"https:\/\/www.oleaster.com.tr\/de\/#website"},"primaryImageOfPage":{"@id":"https:\/\/www.oleaster.com.tr\/de\/bus-world-europe\/#primaryimage"},"image":{"@id":"https:\/\/www.oleaster.com.tr\/de\/bus-world-europe\/#primaryimage"},"thumbnailUrl":"https:\/\/www.oleaster.com.tr\/wp-content\/uploads\/2025\/10\/bus_world-2026.webp","datePublished":"2025-01-14T09:32:58+00:00","dateModified":"2025-10-20T10:10:38+00:00","description":"BUS WORLD EUROPE","breadcrumb":{"@id":"https:\/\/www.oleaster.com.tr\/de\/bus-world-europe\/#breadcrumb"},"inLanguage":"de","potentialAction":[{"@type":"ReadAction","target":["https:\/\/www.oleaster.com.tr\/de\/bus-world-europe\/"]}]},{"@type":"ImageObject","inLanguage":"de","@id":"https:\/\/www.oleaster.com.tr\/de\/bus-world-europe\/#primaryimage","url":"https:\/\/www.oleaster.com.tr\/wp-content\/uploads\/2025\/10\/bus_world-2026.webp","contentUrl":"https:\/\/www.oleaster.com.tr\/wp-content\/uploads\/2025\/10\/bus_world-2026.webp"},{"@type":"BreadcrumbList","@id":"https:\/\/www.oleaster.com.tr\/de\/bus-world-europe\/#breadcrumb","itemListElement":[{"@type":"ListItem","position":1,"name":"Anasayfa","item":"https:\/\/www.oleaster.com.tr\/de\/oleaster\/"},{"@type":"ListItem","position":2,"name":"BUS WORLD EUROPE"}]},{"@type":"WebSite","@id":"https:\/\/www.oleaster.com.tr\/de\/#website","url":"https:\/\/www.oleaster.com.tr\/de\/","name":"Oleaster","description":"Siz Hayal Edin, Biz Yapal\u0131m","publisher":{"@id":"https:\/\/www.oleaster.com.tr\/de\/#organization"},"potentialAction":[{"@type":"SearchAction","target":{"@type":"EntryPoint","urlTemplate":"https:\/\/www.oleaster.com.tr\/de\/?s={search_term_string}"},"query-input":{"@type":"PropertyValueSpecification","valueRequired":true,"valueName":"search_term_string"}}],"inLanguage":"de"},{"@type":"Organization","@id":"https:\/\/www.oleaster.com.tr\/de\/#organization","name":"Oleaster","url":"https:\/\/www.oleaster.com.tr\/de\/","logo":{"@type":"ImageObject","inLanguage":"de","@id":"https:\/\/www.oleaster.com.tr\/de\/#\/schema\/logo\/image\/","url":"https:\/\/www.oleaster.com.tr\/wp-content\/uploads\/2024\/12\/OLEASTER-scaled-1.webp","contentUrl":"https:\/\/www.oleaster.com.tr\/wp-content\/uploads\/2024\/12\/OLEASTER-scaled-1.webp","width":2560,"height":1778,"caption":"Oleaster"},"image":{"@id":"https:\/\/www.oleaster.com.tr\/de\/#\/schema\/logo\/image\/"}}]}},"_links":{"self":[{"href":"https:\/\/www.oleaster.com.tr\/de\/wp-json\/wp\/v2\/pages\/22115","targetHints":{"allow":["GET"]}}],"collection":[{"href":"https:\/\/www.oleaster.com.tr\/de\/wp-json\/wp\/v2\/pages"}],"about":[{"href":"https:\/\/www.oleaster.com.tr\/de\/wp-json\/wp\/v2\/types\/page"}],"author":[{"embeddable":true,"href":"https:\/\/www.oleaster.com.tr\/de\/wp-json\/wp\/v2\/users\/1"}],"replies":[{"embeddable":true,"href":"https:\/\/www.oleaster.com.tr\/de\/wp-json\/wp\/v2\/comments?post=22115"}],"version-history":[{"count":9,"href":"https:\/\/www.oleaster.com.tr\/de\/wp-json\/wp\/v2\/pages\/22115\/revisions"}],"predecessor-version":[{"id":35698,"href":"https:\/\/www.oleaster.com.tr\/de\/wp-json\/wp\/v2\/pages\/22115\/revisions\/35698"}],"wp:attachment":[{"href":"https:\/\/www.oleaster.com.tr\/de\/wp-json\/wp\/v2\/media?parent=22115"}],"curies":[{"name":"wp","href":"https:\/\/api.w.org\/{rel}","templated":true}]}}